{"id":5124,"date":"2023-08-05T05:30:15","date_gmt":"2023-08-05T05:30:15","guid":{"rendered":"https:\/\/yume-silm.com\/?post_type=product&#038;p=5124"},"modified":"2024-11-06T02:06:23","modified_gmt":"2024-11-06T02:06:23","slug":"fajas-de-talle-alto-para-control-de-abdomen-con-culo-falso-de-una-pieza","status":"publish","type":"product","link":"https:\/\/yume-silm.com\/es\/producto-2\/fajas-de-talle-alto-para-control-de-abdomen-con-culo-falso-de-una-pieza\/","title":{"rendered":"Venta al por mayor de fajas con control de abdomen de gran altura: dise\u00f1o que no deja marcas"},"content":{"rendered":"<h5>Caracteristicas de dise\u00f1o<\/h5>\n<ul>\n<li><strong>CONTROL DE BARRIGA DE CINTURA ALTA PARA UN CONTORNO SUAVE:<\/strong> La cintura alta de esta faja moldeadora de vientre para mujer proporciona un excelente control del abdomen y esculpe suavemente el abdomen. Al comprimir suavemente la cintura, ayuda a lograr una apariencia suave y el\u00e1stica, ideal para prendas ajustadas.<\/li>\n<li><strong>LEVANTAMIENTO NATURAL DE Gl\u00fateos CONECTADO:<\/strong> Los gl\u00fateos conectados inteligentemente dise\u00f1ados levantan la parte posterior de los gl\u00fateos para una apariencia m\u00e1s completa y natural. El dise\u00f1o contorneado de la faja moldeadora de cintura alta realza la l\u00ednea de la cadera y a\u00f1ade confianza a tu zancada.<\/li>\n<li><strong>MATERIAL DE ALTA ESTIRAMIENTO PARA M\u00c1XIMA COMODIDAD:<\/strong> Esta ropa interior para controlar la barriga est\u00e1 hecha de tela muy el\u00e1stica que abraza tu cuerpo sin restringir tu movimiento. Ya sea que asista a un evento especial o simplemente salga por el d\u00eda, proporciona una prenda c\u00f3moda y favorecedora durante todo el d\u00eda.<\/li>\n<li><strong>DISE\u00d1O SIN RAYAS:<\/strong> El dise\u00f1o sin costuras garantiza que la ropa interior moldeadora del cuerpo sin costuras sea invisible dentro de la prenda. Sin l\u00edneas ni marcas visibles, combina a la perfecci\u00f3n con cualquier outfit y se convierte en una prenda de armario vers\u00e1til.<\/li>\n<li><strong>F\u00c1CIL DE USAR Y VERS\u00c1TIL:<\/strong> Esta prenda moldeadora de cintura alta de talla grande de una sola pieza es f\u00e1cil de usar y adecuada para todas las ocasiones. Ya sea que lo combine con vestidos de c\u00f3ctel o ropa de oficina, brinda soporte y mejora continuos para crear una apariencia general y mejorar su comportamiento.<\/li>\n<\/ul>\n<h6><em>Fajas de cintura alta para mujer, control de barriga, levantamiento de gl\u00fateos, ropa interior moldeadora de cuerpo sin costuras<\/em><\/h6>\n<ul>\n<li>Experimente el efecto transformador de nuestra faja moldeadora de talle alto para controlar el abdomen. Con su innovador culo falso de una sola pieza y su tejido muy el\u00e1stico que no deja marcas, puedes disfrutar de una apariencia m\u00e1s contorneada y segura sin sacrificar la comodidad o el estilo.<\/li>\n<\/ul>\n<div class=\"ast-oembed-container\" style=\"height: 100%;\"><iframe title=\"B\u00f3xer moldeador sin costuras de cintura alta, ligero y transpirable\" width=\"500\" height=\"375\" src=\"https:\/\/www.youtube.com\/embed\/-3-7sFojWFA?feature=oembed\" frameborder=\"0\" allow=\"accelerometer; autoplay; clipboard-write; encrypted-media; gyroscope; picture-in-picture; web-share\" referrerpolicy=\"strict-origin-when-cross-origin\" allowfullscreen><\/iframe><\/div>","protected":false},"excerpt":{"rendered":"<p>Mejora tu silueta sin esfuerzo con nuestra faja moldeadora de talle alto para controlar el abdomen. Dise\u00f1ada con un trasero falso de una sola pieza y confeccionada con un material muy el\u00e1stico que no deja marcas, esta pieza sin costuras ofrece un aspecto esculpido y natural para cualquier conjunto.<\/p>","protected":false},"featured_media":5140,"comment_status":"open","ping_status":"closed","template":"","meta":{"site-sidebar-layout":"default","site-content-layout":"default","ast-site-content-layout":"default","site-content-style":"default","site-sidebar-style":"default","ast-global-header-display":"","ast-banner-title-visibility":"","ast-main-header-display":"","ast-hfb-above-header-display":"","ast-hfb-below-header-display":"","ast-hfb-mobile-header-display":"","site-post-title":"","ast-breadcrumbs-content":"","ast-featured-img":"","footer-sml-layout":"","ast-disable-related-posts":"","theme-transparent-header-meta":"default","adv-header-id-meta":"","stick-header-meta":"default","header-above-stick-meta":"","header-main-stick-meta":"","header-below-stick-meta":"","astra-migrate-meta-layouts":"set","ast-page-background-enabled":"default","ast-page-background-meta":{"desktop":{"background-color":"","background-image":"","background-repeat":"repeat","background-position":"center center","background-size":"auto","background-attachment":"scroll","background-type":"","background-media":"","overlay-type":"","overlay-color":"","overlay-opacity":"","overlay-gradient":""},"tablet":{"background-color":"","background-image":"","background-repeat":"repeat","background-position":"center center","background-size":"auto","background-attachment":"scroll","background-type":"","background-media":"","overlay-type":"","overlay-color":"","overlay-opacity":"","overlay-gradient":""},"mobile":{"background-color":"","background-image":"","background-repeat":"repeat","background-position":"center center","background-size":"auto","background-attachment":"scroll","background-type":"","background-media":"","overlay-type":"","overlay-color":"","overlay-opacity":"","overlay-gradient":""}},"ast-content-background-meta":{"desktop":{"background-color":"var(--ast-global-color-5)","background-image":"","background-repeat":"repeat","background-position":"center center","background-size":"auto","background-attachment":"scroll","background-type":"","background-media":"","overlay-type":"","overlay-color":"","overlay-opacity":"","overlay-gradient":""},"tablet":{"background-color":"var(--ast-global-color-5)","background-image":"","background-repeat":"repeat","background-position":"center center","background-size":"auto","background-attachment":"scroll","background-type":"","background-media":"","overlay-type":"","overlay-color":"","overlay-opacity":"","overlay-gradient":""},"mobile":{"background-color":"var(--ast-global-color-5)","background-image":"","background-repeat":"repeat","background-position":"center center","background-size":"auto","background-attachment":"scroll","background-type":"","background-media":"","overlay-type":"","overlay-color":"","overlay-opacity":"","overlay-gradient":""}}},"product_brand":[],"product_cat":[76,65,77,79,80],"product_tag":[136,139,148],"class_list":{"0":"post-5124","1":"product","2":"type-product","3":"status-publish","4":"has-post-thumbnail","6":"product_cat-new-arrivels","7":"product_cat-best-sellers","8":"product_cat-wholesale-womens-shapewear","9":"product_cat-wholesale-seemless-shaperwear","10":"product_cat-wholesale-butt-lift-underwear","11":"product_tag-bridal","12":"product_tag-high-waist","13":"product_tag-one-piece","14":"pa_color-beige","15":"pa_color-black","16":"pa_size-l","17":"pa_size-m","18":"pa_size-s","19":"pa_size-xl","20":"pa_size-xxl","21":"pa_size-xxxl","22":"desktop-align-center","23":"tablet-align-left","24":"mobile-align-left","25":"ast-product-gallery-layout-horizontal-slider","26":"ast-product-single-variable","27":"ast-product-tabs-layout-horizontal","28":"ast-qv-on-image","30":"first","31":"instock","32":"shipping-taxable","33":"purchasable","34":"product-type-variable"},"tiered_pricing_type":"fixed","tiered_pricing_fixed_rules":{"2":5.79,"30":5.39,"100":4.49},"tiered_pricing_product_settings":{"layout":"default","base_unit_name":{"singular":null,"plural":null},"default_variation":null},"tiered_pricing_minimum_quantity":null,"tiered_pricing_roles_data":[],"tiered_pricing_percentage_rules":[],"_links":{"self":[{"href":"https:\/\/yume-silm.com\/es\/wp-json\/wp\/v2\/product\/5124","targetHints":{"allow":["GET"]}}],"collection":[{"href":"https:\/\/yume-silm.com\/es\/wp-json\/wp\/v2\/product"}],"about":[{"href":"https:\/\/yume-silm.com\/es\/wp-json\/wp\/v2\/types\/product"}],"replies":[{"embeddable":true,"href":"https:\/\/yume-silm.com\/es\/wp-json\/wp\/v2\/comments?post=5124"}],"wp:featuredmedia":[{"embeddable":true,"href":"https:\/\/yume-silm.com\/es\/wp-json\/wp\/v2\/media\/5140"}],"wp:attachment":[{"href":"https:\/\/yume-silm.com\/es\/wp-json\/wp\/v2\/media?parent=5124"}],"wp:term":[{"taxonomy":"product_brand","embeddable":true,"href":"https:\/\/yume-silm.com\/es\/wp-json\/wp\/v2\/product_brand?post=5124"},{"taxonomy":"product_cat","embeddable":true,"href":"https:\/\/yume-silm.com\/es\/wp-json\/wp\/v2\/product_cat?post=5124"},{"taxonomy":"product_tag","embeddable":true,"href":"https:\/\/yume-silm.com\/es\/wp-json\/wp\/v2\/product_tag?post=5124"}],"curies":[{"name":"wp","href":"https:\/\/api.w.org\/{rel}","templated":true}]}}