{"id":5172,"date":"2023-08-05T06:09:23","date_gmt":"2023-08-05T06:09:23","guid":{"rendered":"https:\/\/yume-silm.com\/?post_type=product&#038;p=5172"},"modified":"2023-12-21T06:00:47","modified_gmt":"2023-12-21T06:00:47","slug":"fajas-de-cuerpo-entero-sin-costuras-ajustables-altamente-elasticas","status":"publish","type":"product","link":"https:\/\/yume-silm.com\/es\/producto-2\/fajas-de-cuerpo-entero-sin-costuras-ajustables-altamente-elasticas\/","title":{"rendered":"Venta al por mayor Fajas sin costuras de cuerpo completo: Dise\u00f1o altamente el\u00e1stico"},"content":{"rendered":"<h5>Caracteristicas de dise\u00f1o<\/h5>\n<ul>\n<li><strong>DISE\u00d1O INCONS\u00daTIL, FORMA SUAVE:<\/strong> La faja moldeadora de cuerpo completo sin costuras tiene un dise\u00f1o sin costuras que garantiza una silueta suave e ininterrumpida. No hay l\u00edneas ni protuberancias, s\u00f3lo una hermosa silueta que enfatiza tu belleza natural.<\/li>\n<li><strong>CORREAS DE LLAVE AJUSTABLES PARA UN AJUSTE PERSONALIZADO:<\/strong> Los tirantes finos de este body moldeador son f\u00e1cilmente ajustables y se pueden personalizar para adaptarse perfectamente a tu cuerpo. Ya sea que necesite un ajuste m\u00e1s ajustado o m\u00e1s holgado, el ajuste es muy f\u00e1cil y conveniente.<\/li>\n<li><strong>TEJIDO MUY ESTIRADO PARA UNA FORMA C\u00d3MODA:<\/strong> El uso de tejido muy el\u00e1stico significa que esta prenda moldeadora sin costuras para mujer se mueve contigo y moldea tu cuerpo sin oprimirlo. El tejido el\u00e1stico se adapta suavemente a tus curvas y brinda soporte sin sacrificar la comodidad.<\/li>\n<li><strong>MATERIAL TRANSPIRABLE PARA USO TODO EL D\u00cdA:<\/strong> El tejido de esta prenda moldeadora adelgazante ha sido dise\u00f1ado teniendo en cuenta la transpirabilidad, lo que permite una circulaci\u00f3n total del aire. Esto significa que permanecer\u00e1 fresco y c\u00f3modo incluso despu\u00e9s de largos per\u00edodos de uso.<\/li>\n<li><strong>PARA CADA OCASI\u00d3N:<\/strong> Ya sea que te est\u00e9s vistiendo para un evento especial o simplemente quieras lucir lo mejor posible todos los d\u00edas, el moldeador interior seguro del cuerpo es tu compa\u00f1ero vers\u00e1til. Con su dise\u00f1o elegante y ajuste c\u00f3modo, es perfecto para cualquier conjunto u ocasi\u00f3n.<\/li>\n<\/ul>\n<h6><em>Body moldeador sin costuras de talla grande para mujer, levantador de gl\u00fateos con control de barriga altamente el\u00e1stico <\/em><\/h6>\n<ul>\n<li>Elija prendas moldeadoras de cuerpo completo sin costuras para disfrutar de una experiencia elevada tanto en comodidad como en estilo. Su dise\u00f1o sin costuras, sumado a tirantes ajustables y tejido altamente el\u00e1stico y transpirable, redefinir\u00e1 c\u00f3mo te sientes en tu propia piel. Perfecciona tu look con esta pieza esencial, dise\u00f1ada pensando en tu belleza y comodidad.<\/li>\n<\/ul>\n<div class=\"ast-oembed-container\" style=\"height: 100%;\"><iframe title=\"Fajas de cuerpo completo: sin costuras, ajustables y muy el\u00e1sticas\" width=\"500\" height=\"281\" src=\"https:\/\/www.youtube.com\/embed\/C9FoQGgbIi4?feature=oembed\" frameborder=\"0\" allow=\"accelerometer; autoplay; clipboard-write; encrypted-media; gyroscope; picture-in-picture; web-share\" referrerpolicy=\"strict-origin-when-cross-origin\" allowfullscreen><\/iframe><\/div>","protected":false},"excerpt":{"rendered":"<p>Presentamos prendas moldeadoras de cuerpo completo sin costuras: dise\u00f1o altamente el\u00e1stico, elaborado por expertos para m\u00e1xima comodidad y estilo. El dise\u00f1o sin costuras, los tirantes finos ajustables y el tejido altamente el\u00e1stico y transpirable se unen para crear tu prenda ideal para una silueta impecable.<\/p>","protected":false},"featured_media":5199,"comment_status":"open","ping_status":"closed","template":"","meta":{"site-sidebar-layout":"default","site-content-layout":"default","ast-site-content-layout":"default","site-content-style":"default","site-sidebar-style":"default","ast-global-header-display":"","ast-banner-title-visibility":"","ast-main-header-display":"","ast-hfb-above-header-display":"","ast-hfb-below-header-display":"","ast-hfb-mobile-header-display":"","site-post-title":"","ast-breadcrumbs-content":"","ast-featured-img":"","footer-sml-layout":"","ast-disable-related-posts":"","theme-transparent-header-meta":"default","adv-header-id-meta":"","stick-header-meta":"default","header-above-stick-meta":"","header-main-stick-meta":"","header-below-stick-meta":"","astra-migrate-meta-layouts":"set","ast-page-background-enabled":"default","ast-page-background-meta":{"desktop":{"background-color":"","background-image":"","background-repeat":"repeat","background-position":"center center","background-size":"auto","background-attachment":"scroll","background-type":"","background-media":"","overlay-type":"","overlay-color":"","overlay-opacity":"","overlay-gradient":""},"tablet":{"background-color":"","background-image":"","background-repeat":"repeat","background-position":"center center","background-size":"auto","background-attachment":"scroll","background-type":"","background-media":"","overlay-type":"","overlay-color":"","overlay-opacity":"","overlay-gradient":""},"mobile":{"background-color":"","background-image":"","background-repeat":"repeat","background-position":"center center","background-size":"auto","background-attachment":"scroll","background-type":"","background-media":"","overlay-type":"","overlay-color":"","overlay-opacity":"","overlay-gradient":""}},"ast-content-background-meta":{"desktop":{"background-color":"var(--ast-global-color-5)","background-image":"","background-repeat":"repeat","background-position":"center center","background-size":"auto","background-attachment":"scroll","background-type":"","background-media":"","overlay-type":"","overlay-color":"","overlay-opacity":"","overlay-gradient":""},"tablet":{"background-color":"var(--ast-global-color-5)","background-image":"","background-repeat":"repeat","background-position":"center center","background-size":"auto","background-attachment":"scroll","background-type":"","background-media":"","overlay-type":"","overlay-color":"","overlay-opacity":"","overlay-gradient":""},"mobile":{"background-color":"var(--ast-global-color-5)","background-image":"","background-repeat":"repeat","background-position":"center center","background-size":"auto","background-attachment":"scroll","background-type":"","background-media":"","overlay-type":"","overlay-color":"","overlay-opacity":"","overlay-gradient":""}}},"product_brand":[],"product_cat":[76,77,79,78],"product_tag":[135,136,137,148],"class_list":{"0":"post-5172","1":"product","2":"type-product","3":"status-publish","4":"has-post-thumbnail","6":"product_cat-new-arrivels","7":"product_cat-wholesale-womens-shapewear","8":"product_cat-wholesale-seemless-shaperwear","9":"product_cat-wholesale-full-body-shaper","10":"product_tag-all-in-one","11":"product_tag-bridal","12":"product_tag-butt-lift","13":"product_tag-one-piece","14":"pa_color-beige","15":"pa_color-black","16":"pa_color-brown","17":"pa_size-l","18":"pa_size-m","19":"pa_size-s","20":"pa_size-xl","21":"pa_size-xxl","22":"pa_size-xxxl","23":"desktop-align-center","24":"tablet-align-left","25":"mobile-align-left","26":"ast-product-gallery-layout-horizontal-slider","27":"ast-product-single-variable","28":"ast-product-tabs-layout-horizontal","29":"ast-qv-on-image","31":"first","32":"instock","33":"shipping-taxable","34":"purchasable","35":"product-type-variable"},"tiered_pricing_type":"fixed","tiered_pricing_fixed_rules":{"2":5.09,"30":4.79,"500":3.99},"tiered_pricing_product_settings":{"layout":"default","base_unit_name":{"singular":null,"plural":null},"default_variation":null},"tiered_pricing_minimum_quantity":null,"tiered_pricing_roles_data":[],"tiered_pricing_percentage_rules":[],"_links":{"self":[{"href":"https:\/\/yume-silm.com\/es\/wp-json\/wp\/v2\/product\/5172","targetHints":{"allow":["GET"]}}],"collection":[{"href":"https:\/\/yume-silm.com\/es\/wp-json\/wp\/v2\/product"}],"about":[{"href":"https:\/\/yume-silm.com\/es\/wp-json\/wp\/v2\/types\/product"}],"replies":[{"embeddable":true,"href":"https:\/\/yume-silm.com\/es\/wp-json\/wp\/v2\/comments?post=5172"}],"wp:featuredmedia":[{"embeddable":true,"href":"https:\/\/yume-silm.com\/es\/wp-json\/wp\/v2\/media\/5199"}],"wp:attachment":[{"href":"https:\/\/yume-silm.com\/es\/wp-json\/wp\/v2\/media?parent=5172"}],"wp:term":[{"taxonomy":"product_brand","embeddable":true,"href":"https:\/\/yume-silm.com\/es\/wp-json\/wp\/v2\/product_brand?post=5172"},{"taxonomy":"product_cat","embeddable":true,"href":"https:\/\/yume-silm.com\/es\/wp-json\/wp\/v2\/product_cat?post=5172"},{"taxonomy":"product_tag","embeddable":true,"href":"https:\/\/yume-silm.com\/es\/wp-json\/wp\/v2\/product_tag?post=5172"}],"curies":[{"name":"wp","href":"https:\/\/api.w.org\/{rel}","templated":true}]}}