{"id":5203,"date":"2023-08-05T06:29:30","date_gmt":"2023-08-05T06:29:30","guid":{"rendered":"https:\/\/yume-silm.com\/?post_type=product&#038;p=5203"},"modified":"2023-12-21T05:37:33","modified_gmt":"2023-12-21T05:37:33","slug":"fajas-de-cintura-alta-tanga-levantamiento-de-nalgas-diseno-sin-costuras","status":"publish","type":"product","link":"https:\/\/yume-silm.com\/es\/producto-2\/fajas-de-cintura-alta-tanga-levantamiento-de-nalgas-diseno-sin-costuras\/","title":{"rendered":"Venta al por mayor Tanga moldeadora de cintura alta: Dise\u00f1o de levantamiento de gl\u00fateos"},"content":{"rendered":"<h5>Caracteristicas de dise\u00f1o<\/h5>\n<ul>\n<li>DISE\u00d1O DE CINTURA ALTA PARA EL CONTROL DE LA BARRIGA: La tanga moldeadora de cintura alta est\u00e1 dise\u00f1ada con un dise\u00f1o de cintura alta para controlar la grasa del vientre. Suaviza y da forma a tu barriga, haci\u00e9ndote lucir m\u00e1s suave y sofisticada, haci\u00e9ndote sentir segura y confiada.<\/li>\n<li>SILICONA ANTIDESLIZANTE, AJUSTE SEGURO: Nunca m\u00e1s te preocupes por que las prendas moldeadoras se muevan a lo largo del d\u00eda. Esta tanga moldeadora para mujer est\u00e1 dise\u00f1ada con silicona antideslizante para permanecer firmemente en su lugar y brindar soporte continuo sin ninguna molestia ni necesidad de ajuste.<\/li>\n<li>TECNOLOG\u00cdA DE LEVANTAMIENTO DE Gl\u00fateos PARA UNA PLENITUD NATURAL: Con tecnolog\u00eda de levantamiento de gl\u00fateos especialmente dise\u00f1ada para mejorar sus curvas naturales. Esta prenda moldeadora ayuda a levantar y dar forma a los gl\u00fateos para lograr una apariencia juvenil y favorecedora sin relleno.<\/li>\n<li>DISE\u00d1O SIN COSTURAS PARA UN USO INVISIBLE: La construcci\u00f3n sin costuras de esta tanga moldeadora de cintura alta: el dise\u00f1o de levantamiento de gl\u00fateos significa que apenas se nota debajo de la ropa. Puedes usarlo con tus atuendos favoritos, ya que brinda soporte sin l\u00edneas ni bultos visibles.<\/li>\n<li>VERS\u00c1TIL Y C\u00d3MODO PARA EL USO DIARIO: Ya sea que vayas a un evento especial o simplemente quieras lucir lo mejor posible todos los d\u00edas, el tanga moldeador de cintura alta es perfecto para cualquier ocasi\u00f3n. Su c\u00f3modo dise\u00f1o y versatilidad lo convierten en un imprescindible en el armario de todas.<\/li>\n<\/ul>\n<h6>Tangas moldeadoras sin costuras con realce de cadera para mujer<\/h6>\n<ul>\n<li>El tanga moldeador de cintura alta cambia las reglas del juego en el contorno del cuerpo. Con caracter\u00edsticas innovadoras como control de abdomen en cintura alta, agarre antideslizante de silicona, tecnolog\u00eda de levantamiento de gl\u00fateos y un dise\u00f1o sin costuras, ofrece soporte y comodidad incomparables. Eleva tu estilo y confianza con esta prenda moldeadora esencial.<\/li>\n<\/ul>\n<div class=\"ast-oembed-container\" style=\"height: 100%;\"><iframe title=\"Faja moldeadora de cintura alta, dise\u00f1o sin costuras y levantamiento de gl\u00fateos\" width=\"500\" height=\"281\" src=\"https:\/\/www.youtube.com\/embed\/pMNCBpZ7BKg?feature=oembed\" frameborder=\"0\" allow=\"accelerometer; autoplay; clipboard-write; encrypted-media; gyroscope; picture-in-picture; web-share\" referrerpolicy=\"strict-origin-when-cross-origin\" allowfullscreen><\/iframe><\/div>","protected":false},"excerpt":{"rendered":"<p>Experimenta confianza y comodidad con tanga moldeadora de cintura alta: dise\u00f1o de levantamiento de gl\u00fateos. Dise\u00f1ado con cintura alta, agarre antideslizante de silicona, tecnolog\u00eda de levantamiento de gl\u00fateos y construcci\u00f3n sin costuras, es la soluci\u00f3n perfecta para una silueta elegante.<\/p>","protected":false},"featured_media":5225,"comment_status":"open","ping_status":"closed","template":"","meta":{"site-sidebar-layout":"default","site-content-layout":"default","ast-site-content-layout":"default","site-content-style":"default","site-sidebar-style":"default","ast-global-header-display":"","ast-banner-title-visibility":"","ast-main-header-display":"","ast-hfb-above-header-display":"","ast-hfb-below-header-display":"","ast-hfb-mobile-header-display":"","site-post-title":"","ast-breadcrumbs-content":"","ast-featured-img":"","footer-sml-layout":"","ast-disable-related-posts":"","theme-transparent-header-meta":"default","adv-header-id-meta":"","stick-header-meta":"default","header-above-stick-meta":"","header-main-stick-meta":"","header-below-stick-meta":"","astra-migrate-meta-layouts":"set","ast-page-background-enabled":"default","ast-page-background-meta":{"desktop":{"background-color":"","background-image":"","background-repeat":"repeat","background-position":"center center","background-size":"auto","background-attachment":"scroll","background-type":"","background-media":"","overlay-type":"","overlay-color":"","overlay-opacity":"","overlay-gradient":""},"tablet":{"background-color":"","background-image":"","background-repeat":"repeat","background-position":"center center","background-size":"auto","background-attachment":"scroll","background-type":"","background-media":"","overlay-type":"","overlay-color":"","overlay-opacity":"","overlay-gradient":""},"mobile":{"background-color":"","background-image":"","background-repeat":"repeat","background-position":"center center","background-size":"auto","background-attachment":"scroll","background-type":"","background-media":"","overlay-type":"","overlay-color":"","overlay-opacity":"","overlay-gradient":""}},"ast-content-background-meta":{"desktop":{"background-color":"var(--ast-global-color-5)","background-image":"","background-repeat":"repeat","background-position":"center center","background-size":"auto","background-attachment":"scroll","background-type":"","background-media":"","overlay-type":"","overlay-color":"","overlay-opacity":"","overlay-gradient":""},"tablet":{"background-color":"var(--ast-global-color-5)","background-image":"","background-repeat":"repeat","background-position":"center center","background-size":"auto","background-attachment":"scroll","background-type":"","background-media":"","overlay-type":"","overlay-color":"","overlay-opacity":"","overlay-gradient":""},"mobile":{"background-color":"var(--ast-global-color-5)","background-image":"","background-repeat":"repeat","background-position":"center center","background-size":"auto","background-attachment":"scroll","background-type":"","background-media":"","overlay-type":"","overlay-color":"","overlay-opacity":"","overlay-gradient":""}}},"product_brand":[],"product_cat":[76,77,79,80],"product_tag":[137,139,148,144],"class_list":{"0":"post-5203","1":"product","2":"type-product","3":"status-publish","4":"has-post-thumbnail","6":"product_cat-new-arrivels","7":"product_cat-wholesale-womens-shapewear","8":"product_cat-wholesale-seemless-shaperwear","9":"product_cat-wholesale-butt-lift-underwear","10":"product_tag-butt-lift","11":"product_tag-high-waist","12":"product_tag-one-piece","13":"product_tag-slip","14":"pa_color-beige","15":"pa_color-black","16":"pa_color-brown","17":"pa_size-4xl","18":"pa_size-m-l","19":"pa_size-s","20":"pa_size-xl-xxl","21":"pa_size-xxxl","22":"desktop-align-center","23":"tablet-align-left","24":"mobile-align-left","25":"ast-product-gallery-layout-horizontal-slider","26":"ast-product-single-variable","27":"ast-product-tabs-layout-horizontal","28":"ast-qv-on-image","30":"first","31":"instock","32":"shipping-taxable","33":"purchasable","34":"product-type-variable"},"tiered_pricing_type":"fixed","tiered_pricing_fixed_rules":{"2":3.29,"30":3.09,"500":2.59},"tiered_pricing_product_settings":{"layout":"default","base_unit_name":{"singular":null,"plural":null},"default_variation":null},"tiered_pricing_minimum_quantity":null,"tiered_pricing_roles_data":[],"tiered_pricing_percentage_rules":[],"_links":{"self":[{"href":"https:\/\/yume-silm.com\/es\/wp-json\/wp\/v2\/product\/5203","targetHints":{"allow":["GET"]}}],"collection":[{"href":"https:\/\/yume-silm.com\/es\/wp-json\/wp\/v2\/product"}],"about":[{"href":"https:\/\/yume-silm.com\/es\/wp-json\/wp\/v2\/types\/product"}],"replies":[{"embeddable":true,"href":"https:\/\/yume-silm.com\/es\/wp-json\/wp\/v2\/comments?post=5203"}],"wp:featuredmedia":[{"embeddable":true,"href":"https:\/\/yume-silm.com\/es\/wp-json\/wp\/v2\/media\/5225"}],"wp:attachment":[{"href":"https:\/\/yume-silm.com\/es\/wp-json\/wp\/v2\/media?parent=5203"}],"wp:term":[{"taxonomy":"product_brand","embeddable":true,"href":"https:\/\/yume-silm.com\/es\/wp-json\/wp\/v2\/product_brand?post=5203"},{"taxonomy":"product_cat","embeddable":true,"href":"https:\/\/yume-silm.com\/es\/wp-json\/wp\/v2\/product_cat?post=5203"},{"taxonomy":"product_tag","embeddable":true,"href":"https:\/\/yume-silm.com\/es\/wp-json\/wp\/v2\/product_tag?post=5203"}],"curies":[{"name":"wp","href":"https:\/\/api.w.org\/{rel}","templated":true}]}}