{"id":5310,"date":"2023-08-08T04:01:12","date_gmt":"2023-08-08T04:01:12","guid":{"rendered":"https:\/\/yume-silm.com\/?post_type=product&#038;p=5310"},"modified":"2023-12-14T06:11:44","modified_gmt":"2023-12-14T06:11:44","slug":"2-en-1-cuerpo-moldeador-falda-con-tirador-con-entrepierna-abierta-almohadilla-en-el-pecho","status":"publish","type":"product","link":"https:\/\/yume-silm.com\/es\/producto-2\/2-en-1-cuerpo-moldeador-falda-con-tirador-con-entrepierna-abierta-almohadilla-en-el-pecho\/","title":{"rendered":"Vestido con tirantes 2 en 1 al por mayor con almohadillas para el pecho"},"content":{"rendered":"<h5>Caracteristicas de dise\u00f1o<\/h5>\n<ul>\n<li><strong>DISE\u00d1O DOS EN UNO:<\/strong> El exclusivo dise\u00f1o dos en uno del vestido moldeador te permite usarlo como camisola o prenda moldeadora. Esta flexibilidad le brinda m\u00e1s opciones para su armario y garantiza que siempre luzca genial.<\/li>\n<li><strong>ALMOHADILLAS DE SOST\u00c9N INTEGRADA:<\/strong> Los sexy vestidos de cintura alta con tirantes ajustados est\u00e1n dise\u00f1ados con almohadillas de sujetador integradas para mejorar tus curvas naturales. Esta caracter\u00edstica proporciona la cantidad justa de elevaci\u00f3n y soporte para una silueta favorecedora sin necesidad de un sost\u00e9n adicional.<\/li>\n<li><strong>CONVENIENCIA DE ENTREPIEZA ABIERTA:<\/strong> El dise\u00f1o de entrepierna abierta se ha dise\u00f1ado pensando en su comodidad para garantizar la facilidad de uso, especialmente en emergencias. Ahora puedes disfrutar de tu d\u00eda con nuestra falda larga ajustada con tirantes y entrepierna abierta sin la lucha habitual para quit\u00e1rtela.<\/li>\n<li><strong>MIRADA CON ESTILO Y ELEGANTE:<\/strong> El dise\u00f1o de vestidos tipo body no solo proporciona una excelente forma del cuerpo sino que tambi\u00e9n agrega un toque de elegancia a su atuendo. Ya sea que lo uses en ocasiones especiales o todos los d\u00edas, te har\u00e1 sentir sofisticada y chic.<\/li>\n<li><strong>TEJIDO DE ALTA CALIDAD, M\u00c1XIMO CONFORT:<\/strong> El vestido moldeador 2 en 1 con tirantes y almohadillas para el pecho est\u00e1 confeccionado con un tejido de alta calidad que es suave al tacto, transpirable y se ajusta perfectamente. Es tu primera opci\u00f3n para comodidad y moda en uno.<\/li>\n<\/ul>\n<h6><em>Nuevos vestidos sexys con tirantes ajustados.<\/em><\/h6>\n<ul>\n<li>El vestido moldeador 2 en 1 con tirantes y almohadillas para el pecho es un complemento \u00fanico para cualquier armario. El dise\u00f1o vers\u00e1til y el aspecto elegante de la faja la hacen adecuada tanto para ocasiones informales como formales. Con caracter\u00edsticas como entrepierna abierta y almohadilla para el busto de una sola pieza, prioriza la comodidad y el estilo.<\/li>\n<\/ul>","protected":false},"excerpt":{"rendered":"<p>Presentamos un revolucionario vestido moldeador con tirantes y almohadillas para el pecho que combina sin esfuerzo estilo con funcionalidad. Con una entrepierna abierta para mayor comodidad y una almohadilla para el pecho incorporada para mayor soporte, es la mejor opci\u00f3n en cuanto a elegancia y comodidad.<\/p>","protected":false},"featured_media":5329,"comment_status":"open","ping_status":"closed","template":"","meta":{"site-sidebar-layout":"default","site-content-layout":"default","ast-site-content-layout":"default","site-content-style":"default","site-sidebar-style":"default","ast-global-header-display":"","ast-banner-title-visibility":"","ast-main-header-display":"","ast-hfb-above-header-display":"","ast-hfb-below-header-display":"","ast-hfb-mobile-header-display":"","site-post-title":"","ast-breadcrumbs-content":"","ast-featured-img":"","footer-sml-layout":"","ast-disable-related-posts":"","theme-transparent-header-meta":"default","adv-header-id-meta":"","stick-header-meta":"default","header-above-stick-meta":"","header-main-stick-meta":"","header-below-stick-meta":"","astra-migrate-meta-layouts":"set","ast-page-background-enabled":"default","ast-page-background-meta":{"desktop":{"background-color":"","background-image":"","background-repeat":"repeat","background-position":"center center","background-size":"auto","background-attachment":"scroll","background-type":"","background-media":"","overlay-type":"","overlay-color":"","overlay-opacity":"","overlay-gradient":""},"tablet":{"background-color":"","background-image":"","background-repeat":"repeat","background-position":"center center","background-size":"auto","background-attachment":"scroll","background-type":"","background-media":"","overlay-type":"","overlay-color":"","overlay-opacity":"","overlay-gradient":""},"mobile":{"background-color":"","background-image":"","background-repeat":"repeat","background-position":"center center","background-size":"auto","background-attachment":"scroll","background-type":"","background-media":"","overlay-type":"","overlay-color":"","overlay-opacity":"","overlay-gradient":""}},"ast-content-background-meta":{"desktop":{"background-color":"var(--ast-global-color-5)","background-image":"","background-repeat":"repeat","background-position":"center center","background-size":"auto","background-attachment":"scroll","background-type":"","background-media":"","overlay-type":"","overlay-color":"","overlay-opacity":"","overlay-gradient":""},"tablet":{"background-color":"var(--ast-global-color-5)","background-image":"","background-repeat":"repeat","background-position":"center center","background-size":"auto","background-attachment":"scroll","background-type":"","background-media":"","overlay-type":"","overlay-color":"","overlay-opacity":"","overlay-gradient":""},"mobile":{"background-color":"var(--ast-global-color-5)","background-image":"","background-repeat":"repeat","background-position":"center center","background-size":"auto","background-attachment":"scroll","background-type":"","background-media":"","overlay-type":"","overlay-color":"","overlay-opacity":"","overlay-gradient":""}}},"product_brand":[],"product_cat":[76,77,78,82],"product_tag":[187,136,137,141,427],"class_list":{"0":"post-5310","1":"product","2":"type-product","3":"status-publish","4":"has-post-thumbnail","6":"product_cat-new-arrivels","7":"product_cat-wholesale-womens-shapewear","8":"product_cat-wholesale-full-body-shaper","9":"product_cat-wholesale-shapewear-bodysuit","10":"product_tag-2-in-1","11":"product_tag-bridal","12":"product_tag-butt-lift","13":"product_tag-plus-size","14":"product_tag-shaping-bodysuit-dress","15":"pa_color-black","16":"pa_size-l","17":"pa_size-m","18":"pa_size-s","19":"pa_size-xl","20":"pa_size-xxl","21":"pa_size-xxxl","22":"desktop-align-center","23":"tablet-align-left","24":"mobile-align-left","25":"ast-product-gallery-layout-horizontal-slider","26":"ast-product-single-variable","27":"ast-product-tabs-layout-horizontal","28":"ast-qv-on-image","30":"first","31":"instock","32":"shipping-taxable","33":"purchasable","34":"product-type-variable"},"tiered_pricing_type":"fixed","tiered_pricing_fixed_rules":{"2":18.89,"30":17.69,"500":14.69},"tiered_pricing_product_settings":{"layout":"default","base_unit_name":{"singular":null,"plural":null},"default_variation":{}},"tiered_pricing_minimum_quantity":null,"tiered_pricing_roles_data":[],"tiered_pricing_percentage_rules":[],"_links":{"self":[{"href":"https:\/\/yume-silm.com\/es\/wp-json\/wp\/v2\/product\/5310","targetHints":{"allow":["GET"]}}],"collection":[{"href":"https:\/\/yume-silm.com\/es\/wp-json\/wp\/v2\/product"}],"about":[{"href":"https:\/\/yume-silm.com\/es\/wp-json\/wp\/v2\/types\/product"}],"replies":[{"embeddable":true,"href":"https:\/\/yume-silm.com\/es\/wp-json\/wp\/v2\/comments?post=5310"}],"wp:featuredmedia":[{"embeddable":true,"href":"https:\/\/yume-silm.com\/es\/wp-json\/wp\/v2\/media\/5329"}],"wp:attachment":[{"href":"https:\/\/yume-silm.com\/es\/wp-json\/wp\/v2\/media?parent=5310"}],"wp:term":[{"taxonomy":"product_brand","embeddable":true,"href":"https:\/\/yume-silm.com\/es\/wp-json\/wp\/v2\/product_brand?post=5310"},{"taxonomy":"product_cat","embeddable":true,"href":"https:\/\/yume-silm.com\/es\/wp-json\/wp\/v2\/product_cat?post=5310"},{"taxonomy":"product_tag","embeddable":true,"href":"https:\/\/yume-silm.com\/es\/wp-json\/wp\/v2\/product_tag?post=5310"}],"curies":[{"name":"wp","href":"https:\/\/api.w.org\/{rel}","templated":true}]}}