{"id":5332,"date":"2023-08-08T05:57:28","date_gmt":"2023-08-08T05:57:28","guid":{"rendered":"https:\/\/yume-silm.com\/?post_type=product&#038;p=5332"},"modified":"2025-05-26T00:36:49","modified_gmt":"2025-05-26T00:36:49","slug":"falda-moldeadora-2-en-1-con-tirantes-anchos","status":"publish","type":"product","link":"https:\/\/yume-silm.com\/es\/producto-2\/falda-moldeadora-2-en-1-con-tirantes-anchos\/","title":{"rendered":"Venta al por mayor Vestido moldeador 2 en 1 Tallas grandes"},"content":{"rendered":"<h5>Caracteristicas de dise\u00f1o<\/h5>\n<ul>\n<li><strong>VERSATILIDAD 2 EN 1:<\/strong> El moldeador corporal se puede utilizar como un vestido elegante que es a la vez funcional y moderno. Comb\u00ednalo con diferentes tops para lograr un look \u00fanico o \u00fasalo solo para lograr un efecto moldeador.<\/li>\n<li><strong>CORREAS ANCHAS:<\/strong> Los tirantes anchos del vestido largo moldeador halter est\u00e1n dise\u00f1ados para distribuir c\u00f3modamente el peso de manera uniforme sobre los hombros, reduciendo los puntos de presi\u00f3n para usarlo durante todo el d\u00eda.<\/li>\n<li><strong>TEJIDO DE MALLA TRANSPIRABLE DE ALTA ESTIRAMIENTO:<\/strong> La falda moldeadora de vestido est\u00e1 hecha de tela de malla de alta elasticidad. Al brindar una experiencia de uso c\u00f3moda y transpirable, se puede mover para lograr un movimiento natural mientras se moldea una figura de curvas.<\/li>\n<li><strong>CONTROL DE FORMA:<\/strong> Fabricada con atenci\u00f3n al detalle, la falda moldeadora de cadera y abdomen se adapta a tu cuerpo y proporciona control de modelado para realzar tus curvas naturales y aumentar tu confianza.<\/li>\n<li><strong>VERS\u00c1TIL Y DE MODA:<\/strong> Elegantemente dise\u00f1ado y vers\u00e1til, este vestido moldeador 2 en 1 de talla grande se puede combinar f\u00e1cilmente con una variedad de conjuntos. Desde ropa informal hasta formal, es imprescindible en tu arsenal de moda.<\/li>\n<\/ul>\n<h6><em>Vestidos de mujer con forma halter de talla grande<\/em><\/h6>\n<ul>\n<li>El body moldeador 2 en 1 de talla grande viene con tirantes anchos y tejido de malla transpirable altamente el\u00e1stico para dar forma y estilo en forma de S simult\u00e1neamente. Es el compa\u00f1ero perfecto para cualquier ocasi\u00f3n, apoyando cada uno de tus movimientos y mejorando tu comportamiento. Pru\u00e9belo hoy y abrace un mundo de comodidad y elegancia.<\/li>\n<\/ul>\n<div class=\"ast-oembed-container\" style=\"height: 100%;\"><iframe title=\"Falda moldeadora 2 en 1 con tirantes anchos y malla transpirable de alta elasticidad\" width=\"500\" height=\"281\" src=\"https:\/\/www.youtube.com\/embed\/wEOpKPXBRWs?feature=oembed\" frameborder=\"0\" allow=\"accelerometer; autoplay; clipboard-write; encrypted-media; gyroscope; picture-in-picture; web-share\" referrerpolicy=\"strict-origin-when-cross-origin\" allowfullscreen><\/iframe><\/div>","protected":false},"excerpt":{"rendered":"<p>Revela un nuevo nivel de elegancia con nuestro body moldeador 2 en 1 de talla grande. Con tirantes anchos y un interior de malla transpirable, esta prenda combina a la perfecci\u00f3n estilo y comodidad para una silueta impecable.<\/p>","protected":false},"featured_media":5346,"comment_status":"open","ping_status":"closed","template":"","meta":{"site-sidebar-layout":"default","site-content-layout":"default","ast-site-content-layout":"default","site-content-style":"default","site-sidebar-style":"default","ast-global-header-display":"","ast-banner-title-visibility":"","ast-main-header-display":"","ast-hfb-above-header-display":"","ast-hfb-below-header-display":"","ast-hfb-mobile-header-display":"","site-post-title":"","ast-breadcrumbs-content":"","ast-featured-img":"","footer-sml-layout":"","ast-disable-related-posts":"","theme-transparent-header-meta":"default","adv-header-id-meta":"","stick-header-meta":"default","header-above-stick-meta":"","header-main-stick-meta":"","header-below-stick-meta":"","astra-migrate-meta-layouts":"set","ast-page-background-enabled":"default","ast-page-background-meta":{"desktop":{"background-color":"","background-image":"","background-repeat":"repeat","background-position":"center center","background-size":"auto","background-attachment":"scroll","background-type":"","background-media":"","overlay-type":"","overlay-color":"","overlay-opacity":"","overlay-gradient":""},"tablet":{"background-color":"","background-image":"","background-repeat":"repeat","background-position":"center center","background-size":"auto","background-attachment":"scroll","background-type":"","background-media":"","overlay-type":"","overlay-color":"","overlay-opacity":"","overlay-gradient":""},"mobile":{"background-color":"","background-image":"","background-repeat":"repeat","background-position":"center center","background-size":"auto","background-attachment":"scroll","background-type":"","background-media":"","overlay-type":"","overlay-color":"","overlay-opacity":"","overlay-gradient":""}},"ast-content-background-meta":{"desktop":{"background-color":"var(--ast-global-color-5)","background-image":"","background-repeat":"repeat","background-position":"center center","background-size":"auto","background-attachment":"scroll","background-type":"","background-media":"","overlay-type":"","overlay-color":"","overlay-opacity":"","overlay-gradient":""},"tablet":{"background-color":"var(--ast-global-color-5)","background-image":"","background-repeat":"repeat","background-position":"center center","background-size":"auto","background-attachment":"scroll","background-type":"","background-media":"","overlay-type":"","overlay-color":"","overlay-opacity":"","overlay-gradient":""},"mobile":{"background-color":"var(--ast-global-color-5)","background-image":"","background-repeat":"repeat","background-position":"center center","background-size":"auto","background-attachment":"scroll","background-type":"","background-media":"","overlay-type":"","overlay-color":"","overlay-opacity":"","overlay-gradient":""}}},"product_brand":[],"product_cat":[76,77,79,78],"product_tag":[187,135,136,488,148,427,213],"class_list":{"0":"post-5332","1":"product","2":"type-product","3":"status-publish","4":"has-post-thumbnail","6":"product_cat-new-arrivels","7":"product_cat-wholesale-womens-shapewear","8":"product_cat-wholesale-seemless-shaperwear","9":"product_cat-wholesale-full-body-shaper","10":"product_tag-2-in-1","11":"product_tag-all-in-one","12":"product_tag-bridal","13":"product_tag-halter-dress","14":"product_tag-one-piece","15":"product_tag-shaping-bodysuit-dress","16":"product_tag-sleeveless","17":"pa_color-black","18":"pa_size-l","19":"pa_size-m","20":"pa_size-s","21":"pa_size-xl","22":"pa_size-xxl","23":"pa_size-xxxl","24":"desktop-align-center","25":"tablet-align-left","26":"mobile-align-left","27":"ast-product-gallery-layout-horizontal-slider","28":"ast-product-single-variable","29":"ast-product-tabs-layout-horizontal","30":"ast-qv-on-image","32":"first","33":"instock","34":"shipping-taxable","35":"purchasable","36":"product-type-variable"},"tiered_pricing_type":"fixed","tiered_pricing_fixed_rules":{"2":17.59,"30":16.49,"500":13.69},"tiered_pricing_product_settings":{"layout":"default","base_unit_name":{"singular":null,"plural":null},"default_variation":null},"tiered_pricing_minimum_quantity":null,"tiered_pricing_roles_data":[],"tiered_pricing_percentage_rules":[],"_links":{"self":[{"href":"https:\/\/yume-silm.com\/es\/wp-json\/wp\/v2\/product\/5332","targetHints":{"allow":["GET"]}}],"collection":[{"href":"https:\/\/yume-silm.com\/es\/wp-json\/wp\/v2\/product"}],"about":[{"href":"https:\/\/yume-silm.com\/es\/wp-json\/wp\/v2\/types\/product"}],"replies":[{"embeddable":true,"href":"https:\/\/yume-silm.com\/es\/wp-json\/wp\/v2\/comments?post=5332"}],"wp:featuredmedia":[{"embeddable":true,"href":"https:\/\/yume-silm.com\/es\/wp-json\/wp\/v2\/media\/5346"}],"wp:attachment":[{"href":"https:\/\/yume-silm.com\/es\/wp-json\/wp\/v2\/media?parent=5332"}],"wp:term":[{"taxonomy":"product_brand","embeddable":true,"href":"https:\/\/yume-silm.com\/es\/wp-json\/wp\/v2\/product_brand?post=5332"},{"taxonomy":"product_cat","embeddable":true,"href":"https:\/\/yume-silm.com\/es\/wp-json\/wp\/v2\/product_cat?post=5332"},{"taxonomy":"product_tag","embeddable":true,"href":"https:\/\/yume-silm.com\/es\/wp-json\/wp\/v2\/product_tag?post=5332"}],"curies":[{"name":"wp","href":"https:\/\/api.w.org\/{rel}","templated":true}]}}