{"id":5349,"date":"2023-08-08T06:40:51","date_gmt":"2023-08-08T06:40:51","guid":{"rendered":"https:\/\/yume-silm.com\/?post_type=product&#038;p=5349"},"modified":"2024-11-06T01:48:56","modified_gmt":"2024-11-06T01:48:56","slug":"fajas-manga-larga-2-en-1-con-falda-envolvente-de-la-cadera","status":"publish","type":"product","link":"https:\/\/yume-silm.com\/es\/producto-2\/fajas-manga-larga-2-en-1-con-falda-envolvente-de-la-cadera\/","title":{"rendered":"Vestido De Doble Capa De Manga Larga De Talla Grande al por mayor"},"content":{"rendered":"<h5>Caracteristicas de dise\u00f1o<\/h5>\n<ul>\n<li>Tela suave y favorecedora: el vestido de doble capa de manga larga de talla grande est\u00e1 hecho de tela modal, las fibras modales son suaves, brillantes y coloridas, la tela se siente excepcionalmente suave y tiene una gran textura drapeada, es una tela mercerizada natural.<\/li>\n<li>VERSATILIDAD 8 en 1: La faja incorporada da forma al instante a todo el cuerpo y resalta las curvas perfectas del cuerpo. Consigue realzar el busto y las caderas, adem\u00e1s de alisar mejor el abdomen para una silueta favorecedora. El escote cuadrado del vestido casual est\u00e1 dise\u00f1ado para lucir la l\u00ednea del cuello y los hombros, haci\u00e9ndolo m\u00e1s generoso y hermoso.<\/li>\n<li>SUJETADOR INTEGRADO: Este es un vestido sexy. El tejido agradable para la piel utilizado en la faja incorporada es ligero y transpirable. Te har\u00e1 sentir c\u00f3modo y c\u00f3modo incluso si lo usas todo el d\u00eda.<\/li>\n<li>DISE\u00d1O DE FORMA ABIERTA: El cors\u00e9 moldeador de cuerpo tiene un dise\u00f1o de entrepierna abierta maniobrable que agrega practicidad y es muy favorecedor. Te permite ir al ba\u00f1o sin tener que quitarte todo el vestido.<\/li>\n<li>USO DE MODA VERS\u00c1TIL: El vestido cruzado a la cadera no solo se puede usar simplemente como un vestido cruzado de moda, sino que la faja moldeadora de abdomen ajustada incorporada tambi\u00e9n se puede combinar con otros blazers, jeans y vestidos elegantes de moda. El vestido sexy para mujer te facilita crear una variedad de conjuntos durante una semana. Use un vestido de doble capa de manga larga de talla grande para causar sensaci\u00f3n en su cita, gala, fiesta, club y m\u00e1s.<\/li>\n<\/ul>\n<h6><em>Vestido body moldeador con sujetador incorporado<\/em><\/h6>\n<div class=\"ast-oembed-container\" style=\"height: 100%;\"><iframe title=\"Faja 2 en 1 de manga larga con falda cruzada a la cadera y malla transpirable\" width=\"500\" height=\"281\" src=\"https:\/\/www.youtube.com\/embed\/v4qhRhvceok?feature=oembed\" frameborder=\"0\" allow=\"accelerometer; autoplay; clipboard-write; encrypted-media; gyroscope; picture-in-picture; web-share\" referrerpolicy=\"strict-origin-when-cross-origin\" allowfullscreen><\/iframe><\/div>","protected":false},"excerpt":{"rendered":"<p>Nuestro vestido de doble capa de manga larga de talla grande es m\u00e1s que una simple prenda de vestir, es una declaraci\u00f3n de elegancia y fuerza. El dise\u00f1o innovador combina forma, estilo y comodidad. \u00a1Actualiza tu guardarropa hoy!<\/p>","protected":false},"featured_media":5361,"comment_status":"open","ping_status":"closed","template":"","meta":{"site-sidebar-layout":"default","site-content-layout":"default","ast-site-content-layout":"default","site-content-style":"default","site-sidebar-style":"default","ast-global-header-display":"","ast-banner-title-visibility":"","ast-main-header-display":"","ast-hfb-above-header-display":"","ast-hfb-below-header-display":"","ast-hfb-mobile-header-display":"","site-post-title":"","ast-breadcrumbs-content":"","ast-featured-img":"","footer-sml-layout":"","ast-disable-related-posts":"","theme-transparent-header-meta":"default","adv-header-id-meta":"","stick-header-meta":"default","header-above-stick-meta":"","header-main-stick-meta":"","header-below-stick-meta":"","astra-migrate-meta-layouts":"set","ast-page-background-enabled":"default","ast-page-background-meta":{"desktop":{"background-color":"","background-image":"","background-repeat":"repeat","background-position":"center center","background-size":"auto","background-attachment":"scroll","background-type":"","background-media":"","overlay-type":"","overlay-color":"","overlay-opacity":"","overlay-gradient":""},"tablet":{"background-color":"","background-image":"","background-repeat":"repeat","background-position":"center center","background-size":"auto","background-attachment":"scroll","background-type":"","background-media":"","overlay-type":"","overlay-color":"","overlay-opacity":"","overlay-gradient":""},"mobile":{"background-color":"","background-image":"","background-repeat":"repeat","background-position":"center center","background-size":"auto","background-attachment":"scroll","background-type":"","background-media":"","overlay-type":"","overlay-color":"","overlay-opacity":"","overlay-gradient":""}},"ast-content-background-meta":{"desktop":{"background-color":"var(--ast-global-color-5)","background-image":"","background-repeat":"repeat","background-position":"center center","background-size":"auto","background-attachment":"scroll","background-type":"","background-media":"","overlay-type":"","overlay-color":"","overlay-opacity":"","overlay-gradient":""},"tablet":{"background-color":"var(--ast-global-color-5)","background-image":"","background-repeat":"repeat","background-position":"center center","background-size":"auto","background-attachment":"scroll","background-type":"","background-media":"","overlay-type":"","overlay-color":"","overlay-opacity":"","overlay-gradient":""},"mobile":{"background-color":"var(--ast-global-color-5)","background-image":"","background-repeat":"repeat","background-position":"center center","background-size":"auto","background-attachment":"scroll","background-type":"","background-media":"","overlay-type":"","overlay-color":"","overlay-opacity":"","overlay-gradient":""}}},"product_brand":[],"product_cat":[76,77,79,78],"product_tag":[187,135,136,426,183,415,427],"class_list":{"0":"post-5349","1":"product","2":"type-product","3":"status-publish","4":"has-post-thumbnail","6":"product_cat-new-arrivels","7":"product_cat-wholesale-womens-shapewear","8":"product_cat-wholesale-seemless-shaperwear","9":"product_cat-wholesale-full-body-shaper","10":"product_tag-2-in-1","11":"product_tag-all-in-one","12":"product_tag-bridal","13":"product_tag-jumpsuit","14":"product_tag-long-sleeve","15":"product_tag-lose-weight","16":"product_tag-shaping-bodysuit-dress","17":"pa_color-black","18":"pa_size-l","19":"pa_size-m","20":"pa_size-s","21":"pa_size-xl","22":"pa_size-xxl","23":"pa_size-xxxl","24":"desktop-align-center","25":"tablet-align-left","26":"mobile-align-left","27":"ast-product-gallery-layout-horizontal-slider","28":"ast-product-single-variable","29":"ast-product-tabs-layout-horizontal","30":"ast-qv-on-image","32":"first","33":"instock","34":"shipping-taxable","35":"purchasable","36":"product-type-variable"},"tiered_pricing_type":"fixed","tiered_pricing_fixed_rules":{"2":19.59,"30":18.29,"500":15.29},"tiered_pricing_product_settings":{"layout":"default","base_unit_name":{"singular":null,"plural":null},"default_variation":null},"tiered_pricing_minimum_quantity":null,"tiered_pricing_roles_data":[],"tiered_pricing_percentage_rules":[],"_links":{"self":[{"href":"https:\/\/yume-silm.com\/es\/wp-json\/wp\/v2\/product\/5349","targetHints":{"allow":["GET"]}}],"collection":[{"href":"https:\/\/yume-silm.com\/es\/wp-json\/wp\/v2\/product"}],"about":[{"href":"https:\/\/yume-silm.com\/es\/wp-json\/wp\/v2\/types\/product"}],"replies":[{"embeddable":true,"href":"https:\/\/yume-silm.com\/es\/wp-json\/wp\/v2\/comments?post=5349"}],"wp:featuredmedia":[{"embeddable":true,"href":"https:\/\/yume-silm.com\/es\/wp-json\/wp\/v2\/media\/5361"}],"wp:attachment":[{"href":"https:\/\/yume-silm.com\/es\/wp-json\/wp\/v2\/media?parent=5349"}],"wp:term":[{"taxonomy":"product_brand","embeddable":true,"href":"https:\/\/yume-silm.com\/es\/wp-json\/wp\/v2\/product_brand?post=5349"},{"taxonomy":"product_cat","embeddable":true,"href":"https:\/\/yume-silm.com\/es\/wp-json\/wp\/v2\/product_cat?post=5349"},{"taxonomy":"product_tag","embeddable":true,"href":"https:\/\/yume-silm.com\/es\/wp-json\/wp\/v2\/product_tag?post=5349"}],"curies":[{"name":"wp","href":"https:\/\/api.w.org\/{rel}","templated":true}]}}