{"id":5933,"date":"2023-09-14T06:48:37","date_gmt":"2023-09-14T06:48:37","guid":{"rendered":"https:\/\/yume-silm.com\/?post_type=product&#038;p=5933"},"modified":"2024-05-11T06:21:39","modified_gmt":"2024-05-11T06:21:39","slug":"al-por-mayor-exquisito-sujetador-de-encaje-e-cup-para-la-mujer-moderna","status":"publish","type":"product","link":"https:\/\/yume-silm.com\/es\/producto-2\/al-por-mayor-exquisito-sujetador-de-encaje-e-cup-para-la-mujer-moderna\/","title":{"rendered":"Sujetador con copa E de encaje fino de talla grande para mujer al por mayor"},"content":{"rendered":"<h5>Caracteristicas de dise\u00f1o<\/h5>\n<ul>\n<li><strong>SUJETADOR DISE\u00d1ADO PARA E-CUPS:<\/strong> Dise\u00f1ada para abrazar todas las curvas de una mujer de Copa E, esta colecci\u00f3n de lencer\u00eda femenina nuestra est\u00e1 cuidadosamente personalizada seg\u00fan la forma del cuerpo, desde los aros hasta la silueta, para abrazar y sostener un busto m\u00e1s lleno.<\/li>\n<li><strong>DISE\u00d1O PUSH-UP PARA LEVANTAMIENTO DE SENOS:<\/strong> La suave funci\u00f3n de realce del sujetador de acero de copa completa le da a tus senos un realce adicional, agregando m\u00e1s confianza a tu d\u00eda.<\/li>\n<li><strong>AJUSTE C\u00d3MODO:<\/strong> La retracci\u00f3n ajustable del pecho del sujetador con aros de acero impreso proporciona un apoyo favorecedor para mejorar a\u00fan m\u00e1s tu silueta y al mismo tiempo proporciona la comodidad que anhelas.<\/li>\n<li><strong>DISE\u00d1O DE ENCAJE ELEGANTE:<\/strong> El delicado dise\u00f1o de encaje a\u00f1ade un toque de elegancia y sensualidad a esta elegante ropa interior de talla grande, haci\u00e9ndola no s\u00f3lo pr\u00e1ctica sino tambi\u00e9n sexy, definitivamente un art\u00edculo imprescindible para ti.<\/li>\n<li><strong>MULTIFUNCIONAL AJUSTABLE:<\/strong> \u00a1Este sencillo sujetador de encaje de talla grande tiene tirantes ajustables para un ajuste perfecto en todo momento!<\/li>\n<\/ul>\n<h6><em>Colecci\u00f3n de pechos laterales ajustables de encaje de gran tama\u00f1o sexy con ropa interior de anillo de acero<\/em><\/h6>\n<ul>\n<li>\u00a1Artesan\u00eda, comodidad y carisma, todo en uno! Siente y ve la diferencia tan pronto como te pongas este sujetador de copa E de encaje fino de talla grande para mujer. Se acab\u00f3 hacer concesiones a la hora de elegir tu lencer\u00eda; \u00a1Abraza algo que celebre qui\u00e9n eres!<\/li>\n<\/ul>","protected":false},"excerpt":{"rendered":"<p>Dise\u00f1ado para acentuar la belleza natural del busto con copa E, este sujetador con copa E de encaje fino de talla grande para mujer ofrece comodidad, belleza y funcionalidad a la vez que brinda apoyo y sensualidad a las mujeres con busto m\u00e1s grande.<\/p>","protected":false},"featured_media":5976,"comment_status":"open","ping_status":"closed","template":"","meta":{"site-sidebar-layout":"default","site-content-layout":"","ast-site-content-layout":"default","site-content-style":"default","site-sidebar-style":"default","ast-global-header-display":"","ast-banner-title-visibility":"","ast-main-header-display":"","ast-hfb-above-header-display":"","ast-hfb-below-header-display":"","ast-hfb-mobile-header-display":"","site-post-title":"","ast-breadcrumbs-content":"","ast-featured-img":"","footer-sml-layout":"","ast-disable-related-posts":"","theme-transparent-header-meta":"default","adv-header-id-meta":"","stick-header-meta":"default","header-above-stick-meta":"","header-main-stick-meta":"","header-below-stick-meta":"","astra-migrate-meta-layouts":"set","ast-page-background-enabled":"default","ast-page-background-meta":{"desktop":{"background-color":"","background-image":"","background-repeat":"repeat","background-position":"center center","background-size":"auto","background-attachment":"scroll","background-type":"","background-media":"","overlay-type":"","overlay-color":"","overlay-opacity":"","overlay-gradient":""},"tablet":{"background-color":"","background-image":"","background-repeat":"repeat","background-position":"center center","background-size":"auto","background-attachment":"scroll","background-type":"","background-media":"","overlay-type":"","overlay-color":"","overlay-opacity":"","overlay-gradient":""},"mobile":{"background-color":"","background-image":"","background-repeat":"repeat","background-position":"center center","background-size":"auto","background-attachment":"scroll","background-type":"","background-media":"","overlay-type":"","overlay-color":"","overlay-opacity":"","overlay-gradient":""}},"ast-content-background-meta":{"desktop":{"background-color":"var(--ast-global-color-5)","background-image":"","background-repeat":"repeat","background-position":"center center","background-size":"auto","background-attachment":"scroll","background-type":"","background-media":"","overlay-type":"","overlay-color":"","overlay-opacity":"","overlay-gradient":""},"tablet":{"background-color":"var(--ast-global-color-5)","background-image":"","background-repeat":"repeat","background-position":"center center","background-size":"auto","background-attachment":"scroll","background-type":"","background-media":"","overlay-type":"","overlay-color":"","overlay-opacity":"","overlay-gradient":""},"mobile":{"background-color":"var(--ast-global-color-5)","background-image":"","background-repeat":"repeat","background-position":"center center","background-size":"auto","background-attachment":"scroll","background-type":"","background-media":"","overlay-type":"","overlay-color":"","overlay-opacity":"","overlay-gradient":""}}},"product_brand":[],"product_cat":[259,583],"product_tag":[473,400,397,402,434],"class_list":{"0":"post-5933","1":"product","2":"type-product","3":"status-publish","4":"has-post-thumbnail","6":"product_cat-lingerie","7":"product_cat-plus-size-underwear","8":"product_tag-lace","9":"product_tag-plus-size-bra","10":"product_tag-plus-size-underwear","11":"product_tag-womens-bra","12":"product_tag-womens-full-cup-bra","13":"pa_color-beige","14":"pa_color-black","15":"pa_color-gray","16":"pa_color-pink","17":"pa_color-purple","18":"pa_color-white","19":"pa_size-36-80e","20":"pa_size-38-85e","21":"pa_size-40-90e","22":"pa_size-42-95e","23":"pa_size-44-100e","24":"pa_size-46-105e","25":"desktop-align-center","26":"tablet-align-left","27":"mobile-align-left","28":"ast-product-gallery-layout-horizontal-slider","29":"ast-product-single-variable","30":"ast-product-tabs-layout-horizontal","31":"ast-qv-on-image","33":"first","34":"instock","35":"shipping-taxable","36":"purchasable","37":"product-type-variable"},"tiered_pricing_type":"fixed","tiered_pricing_fixed_rules":{"2":4.39,"30":3.79,"100":3.29},"tiered_pricing_product_settings":{"layout":"default","base_unit_name":{"singular":null,"plural":null},"default_variation":null},"tiered_pricing_minimum_quantity":null,"tiered_pricing_roles_data":[],"tiered_pricing_percentage_rules":[],"_links":{"self":[{"href":"https:\/\/yume-silm.com\/es\/wp-json\/wp\/v2\/product\/5933","targetHints":{"allow":["GET"]}}],"collection":[{"href":"https:\/\/yume-silm.com\/es\/wp-json\/wp\/v2\/product"}],"about":[{"href":"https:\/\/yume-silm.com\/es\/wp-json\/wp\/v2\/types\/product"}],"replies":[{"embeddable":true,"href":"https:\/\/yume-silm.com\/es\/wp-json\/wp\/v2\/comments?post=5933"}],"wp:featuredmedia":[{"embeddable":true,"href":"https:\/\/yume-silm.com\/es\/wp-json\/wp\/v2\/media\/5976"}],"wp:attachment":[{"href":"https:\/\/yume-silm.com\/es\/wp-json\/wp\/v2\/media?parent=5933"}],"wp:term":[{"taxonomy":"product_brand","embeddable":true,"href":"https:\/\/yume-silm.com\/es\/wp-json\/wp\/v2\/product_brand?post=5933"},{"taxonomy":"product_cat","embeddable":true,"href":"https:\/\/yume-silm.com\/es\/wp-json\/wp\/v2\/product_cat?post=5933"},{"taxonomy":"product_tag","embeddable":true,"href":"https:\/\/yume-silm.com\/es\/wp-json\/wp\/v2\/product_tag?post=5933"}],"curies":[{"name":"wp","href":"https:\/\/api.w.org\/{rel}","templated":true}]}}