{"id":5985,"date":"2023-09-14T07:13:07","date_gmt":"2023-09-14T07:13:07","guid":{"rendered":"https:\/\/yume-silm.com\/?post_type=product&#038;p=5985"},"modified":"2024-05-11T06:24:20","modified_gmt":"2024-05-11T06:24:20","slug":"mayor-elegancia-impresa-e-cup-the-ultimate-illusion-bra","status":"publish","type":"product","link":"https:\/\/yume-silm.com\/es\/producto-2\/mayor-elegancia-impresa-e-cup-the-ultimate-illusion-bra\/","title":{"rendered":"Venta al por mayor Impreso Elegance E-Cup Plus Size Bra"},"content":{"rendered":"<h5>Caracteristicas de dise\u00f1o<\/h5>\n<ul>\n<li><strong>COPA E:<\/strong> Los sujetadores de talla grande para mujer vienen en una variedad de tama\u00f1os y est\u00e1n dise\u00f1ados para sostener, levantar y acentuar cada curva de quien usa la copa E mientras hacen que los senos parezcan m\u00e1s peque\u00f1os.<\/li>\n<li><strong>APOYO:<\/strong> Este sujetador de copa E de talla grande con estampado elegante y sutil soporte push-up proporciona la cantidad justa de realce para acentuar los contornos naturales del cuerpo para lograr la m\u00e1xima comodidad y confianza.<\/li>\n<li><strong>IMPRIMIR:<\/strong> Los estampados modernos de lencer\u00eda elegante para mujer a\u00f1aden un toque elegante y tambi\u00e9n ayudan a minimizar el busto.<\/li>\n<li><strong>LIGERO Y C\u00d3MODO:<\/strong> Esta ropa interior para mujer con dise\u00f1o estampado est\u00e1 hecha de materiales transpirables que brindan comodidad durante todo el d\u00eda.<\/li>\n<\/ul>\n<h6><em>Sujetador de sujeci\u00f3n estampado de talla grande para mujer para tallas de copa grandes<\/em><\/h6>\n<ul>\n<li><span data-slate-fragment=\"JTVCJTdCJTIydHlwZSUyMiUzQSUyMnBhcmFncmFwaCUyMiUyQyUyMmNoaWxkcmVuJTIyJTNBJTVCJTdCJTIydGV4dCUyMiUzQSUyMlRoZSUyMHByaW50ZWQlMjBlbGVnYW5jZSUyMGUtY3VwJTIwcGx1cyUyMHNpemUlMjBicmElMjBhbGxvd3MlMjB5b3UlMjB0byUyMGVudGVyJTIwYSUyMHdvcmxkJTIwb2YlMjBmYXNoaW9uJTIwYW5kJTIwc3Vic3RhbmNlLiUyMFRoaXMlMjB3b21lbidzJTIwbGluZ2VyaWUlMjBjb2xsZWN0aW9uJTIwd2lsbCUyMHJldm9sdXRpb25pemUlMjB5b3VyJTIwbGluZ2VyaWUlMjB3ZWFyaW5nJTIwZXhwZXJpZW5jZSUyMGFuZCUyMG1ha2UlMjB5b3UlMjBsb29rJTIweW91ciUyMGJlc3QuJTIwRW5qb3klMjB0d28lMjB3b3JsZHMlM0ElMjB0aGUlMjBwZXJmZWN0JTIwY29tYmluYXRpb24lMjBvZiUyMHVwbGlmdCUyMGFuZCUyMGVsZWdhbnQlMjBwcmludHMhJTIyJTdEJTVEJTdEJTVE\">El sujetador de talla grande con copa electr\u00f3nica Elegance estampado te permite entrar en un mundo de moda y sustancia. Esta colecci\u00f3n de lencer\u00eda para mujer revolucionar\u00e1 tu experiencia de uso de lencer\u00eda y te har\u00e1 lucir lo mejor posible. Disfruta de dos mundos: \u00a1la combinaci\u00f3n perfecta de estampados alegres y elegantes!<\/span><\/li>\n<\/ul>","protected":false},"excerpt":{"rendered":"<p>Sum\u00e9rgete en el mundo del estilo y la sofisticaci\u00f3n con el sujetador \u201cPrinted Elegance E-Cup\u201d. Especialmente dise\u00f1ado para crear la ilusi\u00f3n de senos m\u00e1s peque\u00f1os, el elegante sujetador estampado con copa E de talla grande combina un lujoso soporte push-up con un llamativo patr\u00f3n de estampado para una apariencia irresistiblemente elegante que los usuarios de copa E pueden abrazar para una apariencia elegante y discreta.<\/p>","protected":false},"featured_media":6012,"comment_status":"open","ping_status":"closed","template":"","meta":{"site-sidebar-layout":"default","site-content-layout":"","ast-site-content-layout":"default","site-content-style":"default","site-sidebar-style":"default","ast-global-header-display":"","ast-banner-title-visibility":"","ast-main-header-display":"","ast-hfb-above-header-display":"","ast-hfb-below-header-display":"","ast-hfb-mobile-header-display":"","site-post-title":"","ast-breadcrumbs-content":"","ast-featured-img":"","footer-sml-layout":"","ast-disable-related-posts":"","theme-transparent-header-meta":"default","adv-header-id-meta":"","stick-header-meta":"default","header-above-stick-meta":"","header-main-stick-meta":"","header-below-stick-meta":"","astra-migrate-meta-layouts":"set","ast-page-background-enabled":"default","ast-page-background-meta":{"desktop":{"background-color":"","background-image":"","background-repeat":"repeat","background-position":"center center","background-size":"auto","background-attachment":"scroll","background-type":"","background-media":"","overlay-type":"","overlay-color":"","overlay-opacity":"","overlay-gradient":""},"tablet":{"background-color":"","background-image":"","background-repeat":"repeat","background-position":"center center","background-size":"auto","background-attachment":"scroll","background-type":"","background-media":"","overlay-type":"","overlay-color":"","overlay-opacity":"","overlay-gradient":""},"mobile":{"background-color":"","background-image":"","background-repeat":"repeat","background-position":"center center","background-size":"auto","background-attachment":"scroll","background-type":"","background-media":"","overlay-type":"","overlay-color":"","overlay-opacity":"","overlay-gradient":""}},"ast-content-background-meta":{"desktop":{"background-color":"var(--ast-global-color-5)","background-image":"","background-repeat":"repeat","background-position":"center center","background-size":"auto","background-attachment":"scroll","background-type":"","background-media":"","overlay-type":"","overlay-color":"","overlay-opacity":"","overlay-gradient":""},"tablet":{"background-color":"var(--ast-global-color-5)","background-image":"","background-repeat":"repeat","background-position":"center center","background-size":"auto","background-attachment":"scroll","background-type":"","background-media":"","overlay-type":"","overlay-color":"","overlay-opacity":"","overlay-gradient":""},"mobile":{"background-color":"var(--ast-global-color-5)","background-image":"","background-repeat":"repeat","background-position":"center center","background-size":"auto","background-attachment":"scroll","background-type":"","background-media":"","overlay-type":"","overlay-color":"","overlay-opacity":"","overlay-gradient":""}}},"product_brand":[],"product_cat":[259,583],"product_tag":[407,400,397,472,402,396],"class_list":{"0":"post-5985","1":"product","2":"type-product","3":"status-publish","4":"has-post-thumbnail","6":"product_cat-lingerie","7":"product_cat-plus-size-underwear","8":"product_tag-full-cup-bra","9":"product_tag-plus-size-bra","10":"product_tag-plus-size-underwear","11":"product_tag-printing","12":"product_tag-womens-bra","13":"product_tag-womens-underwear","14":"pa_color-black","15":"pa_color-blue","16":"pa_color-khaki","17":"pa_color-pink","18":"pa_size-38e-85e","19":"pa_size-40e-90e","20":"pa_size-42e-95e","21":"pa_size-44e-100e","22":"pa_size-46e-105e","23":"pa_size-48e-110e","24":"desktop-align-center","25":"tablet-align-left","26":"mobile-align-left","27":"ast-product-gallery-layout-horizontal-slider","28":"ast-product-single-variable","29":"ast-product-tabs-layout-horizontal","30":"ast-qv-on-image","32":"first","33":"instock","34":"shipping-taxable","35":"purchasable","36":"product-type-variable"},"tiered_pricing_type":"fixed","tiered_pricing_fixed_rules":{"2":4.19,"30":3.59,"100":3.09},"tiered_pricing_product_settings":{"layout":"default","base_unit_name":{"singular":null,"plural":null},"default_variation":null},"tiered_pricing_minimum_quantity":null,"tiered_pricing_roles_data":[],"tiered_pricing_percentage_rules":[],"_links":{"self":[{"href":"https:\/\/yume-silm.com\/es\/wp-json\/wp\/v2\/product\/5985","targetHints":{"allow":["GET"]}}],"collection":[{"href":"https:\/\/yume-silm.com\/es\/wp-json\/wp\/v2\/product"}],"about":[{"href":"https:\/\/yume-silm.com\/es\/wp-json\/wp\/v2\/types\/product"}],"replies":[{"embeddable":true,"href":"https:\/\/yume-silm.com\/es\/wp-json\/wp\/v2\/comments?post=5985"}],"wp:featuredmedia":[{"embeddable":true,"href":"https:\/\/yume-silm.com\/es\/wp-json\/wp\/v2\/media\/6012"}],"wp:attachment":[{"href":"https:\/\/yume-silm.com\/es\/wp-json\/wp\/v2\/media?parent=5985"}],"wp:term":[{"taxonomy":"product_brand","embeddable":true,"href":"https:\/\/yume-silm.com\/es\/wp-json\/wp\/v2\/product_brand?post=5985"},{"taxonomy":"product_cat","embeddable":true,"href":"https:\/\/yume-silm.com\/es\/wp-json\/wp\/v2\/product_cat?post=5985"},{"taxonomy":"product_tag","embeddable":true,"href":"https:\/\/yume-silm.com\/es\/wp-json\/wp\/v2\/product_tag?post=5985"}],"curies":[{"name":"wp","href":"https:\/\/api.w.org\/{rel}","templated":true}]}}