{"id":6023,"date":"2023-09-14T07:55:32","date_gmt":"2023-09-14T07:55:32","guid":{"rendered":"https:\/\/yume-silm.com\/?post_type=product&#038;p=6023"},"modified":"2024-05-11T06:27:09","modified_gmt":"2024-05-11T06:27:09","slug":"conjunto-de-tanga-sujetador-ultra-delgado-talla-grande-de-encaje-al-por-mayor","status":"publish","type":"product","link":"https:\/\/yume-silm.com\/es\/producto-2\/conjunto-de-tanga-sujetador-ultra-delgado-talla-grande-de-encaje-al-por-mayor\/","title":{"rendered":"Conjuntos de sujetador y bragas de talla grande de encaje de algod\u00f3n al por mayor"},"content":{"rendered":"<h5>Caracteristicas de dise\u00f1o<\/h5>\n<ul>\n<li><strong>DISE\u00d1ADO PARA TAMA\u00d1O GRANDE:<\/strong> El conjunto de sujetador y braguita de encaje de algod\u00f3n de talla grande est\u00e1 dise\u00f1ado para figuras de talla grande, puede recortar cada curva y ajustarse perfectamente para resaltar y lucir tu figura.<\/li>\n<li><strong>DECORACI\u00d3N DE ENCAJE EXQUISITA:<\/strong> El patr\u00f3n de encaje de la colecci\u00f3n de lencer\u00eda Sexy para mujer encarna la sensualidad y la sofisticaci\u00f3n, lo que no s\u00f3lo es atractivo sino que tambi\u00e9n a\u00f1ade un toque de elegancia atemporal al conjunto de lencer\u00eda.<\/li>\n<li><strong>ULTRAFINO Y C\u00d3MODO:<\/strong> El conjunto de sujetador de talla grande est\u00e1 hecho de tela de algod\u00f3n c\u00f3moda y transpirable, el dise\u00f1o ultrafino garantiza la m\u00e1xima comodidad sin sacrificar el estilo, haci\u00e9ndote sentir tan bien como te ves.<\/li>\n<li><strong>VERS\u00c1TIL Y AJUSTABLE:<\/strong> Nuestro conjunto de sujetador y braguita fruncidos para mujer viene con correas ajustables y cierres de seguridad para garantizar un ajuste personalizado, mientras que el tanga de algod\u00f3n ofrece comodidad el\u00e1stica para adaptarse a una variedad de formas corporales.<\/li>\n<li><strong>CONFIANZA MEJORADA:<\/strong> El conjunto de encaje de algod\u00f3n de copa completa no solo te hace lucir mejor, sino que tambi\u00e9n te hace sentir m\u00e1s empoderada. Aumente su confianza y si\u00e9ntase empoderado cada vez que actualice esta lujosa colecci\u00f3n de lencer\u00eda.<\/li>\n<\/ul>\n<h6><em>Conjunto de sujetador y braguita de encaje de algod\u00f3n de talla grande para mujer<\/em><\/h6>\n<ul>\n<li>Ad\u00e9ntrate en el mundo de la seducci\u00f3n del encaje, donde comodidad y sensualidad van de la mano. Perfecto para ocasiones especiales o como un regalo para ti misma, este conjunto de sujetador y braguita de encaje de algod\u00f3n de talla grande te har\u00e1 sentir tan impresionante como te ves. Redesc\u00fabrete a ti mismo y abraza tus curvas con gracia y generosidad.<\/li>\n<\/ul>\n<div class=\"ast-oembed-container\" style=\"height: 100%;\"><iframe title=\"Conjunto De Tanga Y Sujetador Ultrafino De Talla Grande De Encaje Al Por Mayor\" width=\"500\" height=\"281\" src=\"https:\/\/www.youtube.com\/embed\/H7xZbXL_8V8?feature=oembed\" frameborder=\"0\" allow=\"accelerometer; autoplay; clipboard-write; encrypted-media; gyroscope; picture-in-picture; web-share\" referrerpolicy=\"strict-origin-when-cross-origin\" allowfullscreen><\/iframe><\/div>","protected":false},"excerpt":{"rendered":"<p>Libera tu tentadora de encaje interior con el \u00faltimo lanzamiento, un tentador conjunto de tanga y sujetador extragrande. Dise\u00f1ado para bellezas de figura completa, este conjunto de sujetador y braguita de talla grande con encaje de algod\u00f3n ultrafino redefine la elegancia y la comodidad y es imprescindible en la colecci\u00f3n de lencer\u00eda de toda mujer con curvas.<\/p>","protected":false},"featured_media":6062,"comment_status":"open","ping_status":"closed","template":"","meta":{"site-sidebar-layout":"default","site-content-layout":"","ast-site-content-layout":"default","site-content-style":"default","site-sidebar-style":"default","ast-global-header-display":"","ast-banner-title-visibility":"","ast-main-header-display":"","ast-hfb-above-header-display":"","ast-hfb-below-header-display":"","ast-hfb-mobile-header-display":"","site-post-title":"","ast-breadcrumbs-content":"","ast-featured-img":"","footer-sml-layout":"","ast-disable-related-posts":"","theme-transparent-header-meta":"default","adv-header-id-meta":"","stick-header-meta":"default","header-above-stick-meta":"","header-main-stick-meta":"","header-below-stick-meta":"","astra-migrate-meta-layouts":"set","ast-page-background-enabled":"default","ast-page-background-meta":{"desktop":{"background-color":"","background-image":"","background-repeat":"repeat","background-position":"center center","background-size":"auto","background-attachment":"scroll","background-type":"","background-media":"","overlay-type":"","overlay-color":"","overlay-opacity":"","overlay-gradient":""},"tablet":{"background-color":"","background-image":"","background-repeat":"repeat","background-position":"center center","background-size":"auto","background-attachment":"scroll","background-type":"","background-media":"","overlay-type":"","overlay-color":"","overlay-opacity":"","overlay-gradient":""},"mobile":{"background-color":"","background-image":"","background-repeat":"repeat","background-position":"center center","background-size":"auto","background-attachment":"scroll","background-type":"","background-media":"","overlay-type":"","overlay-color":"","overlay-opacity":"","overlay-gradient":""}},"ast-content-background-meta":{"desktop":{"background-color":"var(--ast-global-color-5)","background-image":"","background-repeat":"repeat","background-position":"center center","background-size":"auto","background-attachment":"scroll","background-type":"","background-media":"","overlay-type":"","overlay-color":"","overlay-opacity":"","overlay-gradient":""},"tablet":{"background-color":"var(--ast-global-color-5)","background-image":"","background-repeat":"repeat","background-position":"center center","background-size":"auto","background-attachment":"scroll","background-type":"","background-media":"","overlay-type":"","overlay-color":"","overlay-opacity":"","overlay-gradient":""},"mobile":{"background-color":"var(--ast-global-color-5)","background-image":"","background-repeat":"repeat","background-position":"center center","background-size":"auto","background-attachment":"scroll","background-type":"","background-media":"","overlay-type":"","overlay-color":"","overlay-opacity":"","overlay-gradient":""}}},"product_brand":[],"product_cat":[259,583],"product_tag":[399,433,432,141,474,471],"class_list":{"0":"post-6023","1":"product","2":"type-product","3":"status-publish","4":"has-post-thumbnail","6":"product_cat-lingerie","7":"product_cat-plus-size-underwear","8":"product_tag-cotton-lace-bra","9":"product_tag-cotton-underwear","10":"product_tag-lace-lingerie","11":"product_tag-plus-size","12":"product_tag-underwear-set","13":"product_tag-women-sexy-underwear","14":"pa_color-black","15":"pa_color-blue","16":"pa_color-khaki","17":"pa_color-pink","18":"pa_color-red","19":"pa_color-white","20":"pa_size-100d3xl","21":"pa_size-105d4xl","22":"pa_size-110d5xl","23":"pa_size-85dxl","24":"pa_size-90d1xl","25":"pa_size-95d2xl","26":"desktop-align-center","27":"tablet-align-left","28":"mobile-align-left","29":"ast-product-gallery-layout-horizontal-slider","30":"ast-product-single-variable","31":"ast-product-tabs-layout-horizontal","32":"ast-qv-on-image","34":"first","35":"instock","36":"shipping-taxable","37":"purchasable","38":"product-type-variable"},"tiered_pricing_type":"fixed","tiered_pricing_fixed_rules":{"2":6.99,"30":5.99,"100":5.19},"tiered_pricing_product_settings":{"layout":"default","base_unit_name":{"singular":null,"plural":null},"default_variation":null},"tiered_pricing_minimum_quantity":null,"tiered_pricing_roles_data":[],"tiered_pricing_percentage_rules":[],"_links":{"self":[{"href":"https:\/\/yume-silm.com\/es\/wp-json\/wp\/v2\/product\/6023","targetHints":{"allow":["GET"]}}],"collection":[{"href":"https:\/\/yume-silm.com\/es\/wp-json\/wp\/v2\/product"}],"about":[{"href":"https:\/\/yume-silm.com\/es\/wp-json\/wp\/v2\/types\/product"}],"replies":[{"embeddable":true,"href":"https:\/\/yume-silm.com\/es\/wp-json\/wp\/v2\/comments?post=6023"}],"wp:featuredmedia":[{"embeddable":true,"href":"https:\/\/yume-silm.com\/es\/wp-json\/wp\/v2\/media\/6062"}],"wp:attachment":[{"href":"https:\/\/yume-silm.com\/es\/wp-json\/wp\/v2\/media?parent=6023"}],"wp:term":[{"taxonomy":"product_brand","embeddable":true,"href":"https:\/\/yume-silm.com\/es\/wp-json\/wp\/v2\/product_brand?post=6023"},{"taxonomy":"product_cat","embeddable":true,"href":"https:\/\/yume-silm.com\/es\/wp-json\/wp\/v2\/product_cat?post=6023"},{"taxonomy":"product_tag","embeddable":true,"href":"https:\/\/yume-silm.com\/es\/wp-json\/wp\/v2\/product_tag?post=6023"}],"curies":[{"name":"wp","href":"https:\/\/api.w.org\/{rel}","templated":true}]}}