{"id":6132,"date":"2023-09-15T02:15:13","date_gmt":"2023-09-15T02:15:13","guid":{"rendered":"https:\/\/yume-silm.com\/?post_type=product&#038;p=6132"},"modified":"2024-11-09T03:56:43","modified_gmt":"2024-11-09T03:56:43","slug":"conjunto-de-bragas-de-media-cintura-con-sujetador-de-malla-transparente-al-por-mayor","status":"publish","type":"product","link":"https:\/\/yume-silm.com\/es\/producto-2\/conjunto-de-bragas-de-media-cintura-con-sujetador-de-malla-transparente-al-por-mayor\/","title":{"rendered":"Conjunto de lencer\u00eda de encaje ultrafino sexy para mujer al por mayor"},"content":{"rendered":"<h5>Caracteristicas de dise\u00f1o<\/h5>\n<ul>\n<li><strong>SET DE LENCER\u00cdA DE ENCAJE DE DOS PIEZAS:<\/strong> Presentamos este sexy conjunto de lencer\u00eda de encaje ultrafino para mujer. Los finos tirantes del sujetador de encaje est\u00e1n dise\u00f1ados para delinear la l\u00ednea del cuello y los hombros y la curva del busto. El encaje y los peque\u00f1os lazos est\u00e1n elaboradamente decorados y se vuelven sexys y encantadores al instante.<\/li>\n<li><strong>C\u00d3MODO Y ATRACTIVO:<\/strong> El sujetador sexy para mujer est\u00e1 dise\u00f1ado para brindar soporte y realzar los senos sin dejar de ser visualmente atractivo y suave al tacto. Un sost\u00e9n de encaje de copa completa y unas bragas de encaje que se ajustan a las caderas contribuir\u00e1n a la sensaci\u00f3n conservadora. Estimula la visi\u00f3n general y resulta m\u00e1s atractivo y seductor.<\/li>\n<li><strong>TEJIDO TRANSPIRABLE Y SUAVE:<\/strong> Este conjunto de ropa interior de encaje de talla grande est\u00e1 hecho de material de alta calidad, compatible con la comodidad y el glamour. El tejido de malla transpirable permite que el aire circule libremente a tu alrededor y el encaje suave garantiza un contacto cercano con tu piel.<\/li>\n<li><strong>CONJUNTO DE Lenceria DE ENCAJE:<\/strong> Ropa interior de encaje de talla grande para mujer, disponible en una variedad de tallas para que elijas. Con una silueta glamorosa que combina con tus curvas naturales, \u00a1aseg\u00farate de que nuestra colecci\u00f3n de lencer\u00eda te mantendr\u00e1 segura y hermosa durante todo el d\u00eda! F\u00e1cil de socializar sin estr\u00e9s.<\/li>\n<\/ul>\n<h6><em>Conjunto de lencer\u00eda sexy de encaje para mujer de talla grande<\/em><\/h6>\n<ul>\n<li>\u00a1El sexy conjunto de lencer\u00eda de encaje ultrafino te permite entrar en un mundo de elegancia y comodidad! \u00a1Se convertir\u00e1 en una parte indispensable de tu armario, revitalizando la feminidad! \u00a1Este conjunto verdaderamente elegante te dar\u00e1 un toque femenino como ning\u00fan otro!<\/li>\n<\/ul>\n<div class=\"ast-oembed-container\" style=\"height: 100%;\"><iframe title=\"Conjunto De Sujetador De Malla Transparente Y Calzoncillos De Cintura Media Al Por Mayor\" width=\"500\" height=\"281\" src=\"https:\/\/www.youtube.com\/embed\/onQHgUYbM2Y?feature=oembed\" frameborder=\"0\" allow=\"accelerometer; autoplay; clipboard-write; encrypted-media; gyroscope; picture-in-picture; web-share\" referrerpolicy=\"strict-origin-when-cross-origin\" allowfullscreen><\/iframe><\/div>","protected":false},"excerpt":{"rendered":"<p>Descubre la magia de Lace Mirage, un sexy conjunto de lencer\u00eda de encaje ultrafino combinado con exquisitas braguitas de cintura media adornadas con intrincados dise\u00f1os de encaje que prometen belleza y un ajuste que no se hunde, haci\u00e9ndote sentir hermosa por dentro y por fuera.<\/p>","protected":false},"featured_media":6172,"comment_status":"open","ping_status":"closed","template":"","meta":{"site-sidebar-layout":"default","site-content-layout":"","ast-site-content-layout":"default","site-content-style":"default","site-sidebar-style":"default","ast-global-header-display":"","ast-banner-title-visibility":"","ast-main-header-display":"","ast-hfb-above-header-display":"","ast-hfb-below-header-display":"","ast-hfb-mobile-header-display":"","site-post-title":"","ast-breadcrumbs-content":"","ast-featured-img":"","footer-sml-layout":"","ast-disable-related-posts":"","theme-transparent-header-meta":"default","adv-header-id-meta":"","stick-header-meta":"default","header-above-stick-meta":"","header-main-stick-meta":"","header-below-stick-meta":"","astra-migrate-meta-layouts":"set","ast-page-background-enabled":"default","ast-page-background-meta":{"desktop":{"background-color":"","background-image":"","background-repeat":"repeat","background-position":"center center","background-size":"auto","background-attachment":"scroll","background-type":"","background-media":"","overlay-type":"","overlay-color":"","overlay-opacity":"","overlay-gradient":""},"tablet":{"background-color":"","background-image":"","background-repeat":"repeat","background-position":"center center","background-size":"auto","background-attachment":"scroll","background-type":"","background-media":"","overlay-type":"","overlay-color":"","overlay-opacity":"","overlay-gradient":""},"mobile":{"background-color":"","background-image":"","background-repeat":"repeat","background-position":"center center","background-size":"auto","background-attachment":"scroll","background-type":"","background-media":"","overlay-type":"","overlay-color":"","overlay-opacity":"","overlay-gradient":""}},"ast-content-background-meta":{"desktop":{"background-color":"var(--ast-global-color-5)","background-image":"","background-repeat":"repeat","background-position":"center center","background-size":"auto","background-attachment":"scroll","background-type":"","background-media":"","overlay-type":"","overlay-color":"","overlay-opacity":"","overlay-gradient":""},"tablet":{"background-color":"var(--ast-global-color-5)","background-image":"","background-repeat":"repeat","background-position":"center center","background-size":"auto","background-attachment":"scroll","background-type":"","background-media":"","overlay-type":"","overlay-color":"","overlay-opacity":"","overlay-gradient":""},"mobile":{"background-color":"var(--ast-global-color-5)","background-image":"","background-repeat":"repeat","background-position":"center center","background-size":"auto","background-attachment":"scroll","background-type":"","background-media":"","overlay-type":"","overlay-color":"","overlay-opacity":"","overlay-gradient":""}}},"product_brand":[],"product_cat":[259,583],"product_tag":[439,397,438],"class_list":{"0":"post-6132","1":"product","2":"type-product","3":"status-publish","4":"has-post-thumbnail","6":"product_cat-lingerie","7":"product_cat-plus-size-underwear","8":"product_tag-lace-underwear","9":"product_tag-plus-size-underwear","10":"product_tag-sexy-lingerie","11":"pa_color-beige","12":"pa_color-black","13":"pa_color-red","14":"pa_size-38-85c-0xl","15":"pa_size-40-90c-1xl","16":"pa_size-42-95c-2xl","17":"pa_size-42-95d-2xl","18":"pa_size-44-100c-3xl","19":"pa_size-44-100d-3xl","20":"pa_size-46-105d-4xl","21":"pa_size-48-110d-5xl","22":"desktop-align-center","23":"tablet-align-left","24":"mobile-align-left","25":"ast-product-gallery-layout-horizontal-slider","26":"ast-product-single-variable","27":"ast-product-tabs-layout-horizontal","28":"ast-qv-on-image","30":"first","31":"outofstock","32":"shipping-taxable","33":"purchasable","34":"product-type-variable"},"tiered_pricing_type":"fixed","tiered_pricing_fixed_rules":{"2":6.69,"30":5.79,"100":4.99},"tiered_pricing_product_settings":{"layout":"default","base_unit_name":{"singular":null,"plural":null},"default_variation":null},"tiered_pricing_minimum_quantity":null,"tiered_pricing_roles_data":[],"tiered_pricing_percentage_rules":[],"_links":{"self":[{"href":"https:\/\/yume-silm.com\/es\/wp-json\/wp\/v2\/product\/6132","targetHints":{"allow":["GET"]}}],"collection":[{"href":"https:\/\/yume-silm.com\/es\/wp-json\/wp\/v2\/product"}],"about":[{"href":"https:\/\/yume-silm.com\/es\/wp-json\/wp\/v2\/types\/product"}],"replies":[{"embeddable":true,"href":"https:\/\/yume-silm.com\/es\/wp-json\/wp\/v2\/comments?post=6132"}],"wp:featuredmedia":[{"embeddable":true,"href":"https:\/\/yume-silm.com\/es\/wp-json\/wp\/v2\/media\/6172"}],"wp:attachment":[{"href":"https:\/\/yume-silm.com\/es\/wp-json\/wp\/v2\/media?parent=6132"}],"wp:term":[{"taxonomy":"product_brand","embeddable":true,"href":"https:\/\/yume-silm.com\/es\/wp-json\/wp\/v2\/product_brand?post=6132"},{"taxonomy":"product_cat","embeddable":true,"href":"https:\/\/yume-silm.com\/es\/wp-json\/wp\/v2\/product_cat?post=6132"},{"taxonomy":"product_tag","embeddable":true,"href":"https:\/\/yume-silm.com\/es\/wp-json\/wp\/v2\/product_tag?post=6132"}],"curies":[{"name":"wp","href":"https:\/\/api.w.org\/{rel}","templated":true}]}}