{"id":6176,"date":"2023-09-15T03:29:17","date_gmt":"2023-09-15T03:29:17","guid":{"rendered":"https:\/\/yume-silm.com\/?post_type=product&#038;p=6176"},"modified":"2024-05-11T06:35:19","modified_gmt":"2024-05-11T06:35:19","slug":"conjunto-de-sujetador-de-encaje-ultra-fino-al-por-mayor-elegancia-talla-grande","status":"publish","type":"product","link":"https:\/\/yume-silm.com\/es\/producto-2\/conjunto-de-sujetador-de-encaje-ultra-fino-al-por-mayor-elegancia-talla-grande\/","title":{"rendered":"Conjunto De Ropa Interior De Talla Grande De Algod\u00f3n De Encaje al por mayor"},"content":{"rendered":"<h5>Caracteristicas de dise\u00f1o<\/h5>\n<ul>\n<li><strong>CONJUNTO DE ROPA INTERIOR SEXY DE DOS PIEZAS:<\/strong> Conjunto de lencer\u00eda de dos piezas para mujer, favorecedor y c\u00f3modo, el dise\u00f1o de encaje semitransparente tiene la cantidad justa para tocar las fibras del coraz\u00f3n y el algod\u00f3n es agradable para la piel para mejorar mejor la transpirabilidad de la piel. Esta colecci\u00f3n de ropa interior de encaje de algod\u00f3n de dos piezas para mujer es una combinaci\u00f3n perfecta de modestia y seducci\u00f3n.<\/li>\n<li><strong>LENCER\u00cdA PARA MUJERES DE TALLA GRANDE:<\/strong> Nuestra ropa interior a juego de copa completa satisface las necesidades \u00fanicas de las mujeres de talla grande con una amplia gama de tallas para elegir. Se amolda f\u00e1cilmente a tus curvas naturales, a\u00f1adiendo confianza y sensualidad a cualquier look o outfit.<\/li>\n<li><strong>COMODIDAD Y SOPORTE:<\/strong> Nuestro conjunto de sujetador y ropa interior de talla grande te permite experimentar el lujo y la naturaleza. Proporciona un soporte suave y pr\u00e1cticamente ingr\u00e1vido al mismo tiempo que proporciona una amortiguaci\u00f3n esencial para una comodidad incomparable.<\/li>\n<li><strong>DISPONIBILIDAD AL POR MAYOR:<\/strong> Para las empresas y los minoristas, el hecho de que ahora est\u00e9n disponibles las compras al por mayor es un testimonio de nuestro compromiso de brindar productos de lencer\u00eda de calidad a cada mujer que los busque. \u00a1Ven a pedir tu propio conjunto de ropa interior de talla grande de algod\u00f3n con encaje!<\/li>\n<\/ul>\n<h6><em>Conjunto de ropa interior de encaje de talla grande para mujer.<\/em><\/h6>\n<ul>\n<li>Con copas ultrafinas, este conjunto de ropa interior de encaje de algod\u00f3n de talla grande no solo es c\u00f3modo, sino que tambi\u00e9n tiene un atractivo dise\u00f1o de encaje. Dise\u00f1ado para satisfacer las necesidades de la mujer moderna de talla grande. Se niegan a sacrificar el estilo o la comodidad por la moda o la apariencia. \u00a1Te sumergir\u00e1s en un mundo de lujo y confianza con cada uso!<\/li>\n<\/ul>","protected":false},"excerpt":{"rendered":"<p>\u00a1Experimente la m\u00e1xima sofisticaci\u00f3n con el conjunto de ropa interior de encaje de algod\u00f3n de talla grande! Con una copa ultrafina y un seductor dise\u00f1o de encaje semitransparente, este conjunto no solo irradia un encanto inigualable sino que tambi\u00e9n proporciona una reducci\u00f3n secundaria de senos para una silueta est\u00e9ticamente agradable, \u00a1lo que hace que este conjunto sea perfecto para mujeres que buscan estilo y comodidad por igual!<\/p>","protected":false},"featured_media":6191,"comment_status":"open","ping_status":"closed","template":"","meta":{"site-sidebar-layout":"default","site-content-layout":"","ast-site-content-layout":"default","site-content-style":"default","site-sidebar-style":"default","ast-global-header-display":"","ast-banner-title-visibility":"","ast-main-header-display":"","ast-hfb-above-header-display":"","ast-hfb-below-header-display":"","ast-hfb-mobile-header-display":"","site-post-title":"","ast-breadcrumbs-content":"","ast-featured-img":"","footer-sml-layout":"","ast-disable-related-posts":"","theme-transparent-header-meta":"default","adv-header-id-meta":"","stick-header-meta":"default","header-above-stick-meta":"","header-main-stick-meta":"","header-below-stick-meta":"","astra-migrate-meta-layouts":"set","ast-page-background-enabled":"default","ast-page-background-meta":{"desktop":{"background-color":"","background-image":"","background-repeat":"repeat","background-position":"center center","background-size":"auto","background-attachment":"scroll","background-type":"","background-media":"","overlay-type":"","overlay-color":"","overlay-opacity":"","overlay-gradient":""},"tablet":{"background-color":"","background-image":"","background-repeat":"repeat","background-position":"center center","background-size":"auto","background-attachment":"scroll","background-type":"","background-media":"","overlay-type":"","overlay-color":"","overlay-opacity":"","overlay-gradient":""},"mobile":{"background-color":"","background-image":"","background-repeat":"repeat","background-position":"center center","background-size":"auto","background-attachment":"scroll","background-type":"","background-media":"","overlay-type":"","overlay-color":"","overlay-opacity":"","overlay-gradient":""}},"ast-content-background-meta":{"desktop":{"background-color":"var(--ast-global-color-5)","background-image":"","background-repeat":"repeat","background-position":"center center","background-size":"auto","background-attachment":"scroll","background-type":"","background-media":"","overlay-type":"","overlay-color":"","overlay-opacity":"","overlay-gradient":""},"tablet":{"background-color":"var(--ast-global-color-5)","background-image":"","background-repeat":"repeat","background-position":"center center","background-size":"auto","background-attachment":"scroll","background-type":"","background-media":"","overlay-type":"","overlay-color":"","overlay-opacity":"","overlay-gradient":""},"mobile":{"background-color":"var(--ast-global-color-5)","background-image":"","background-repeat":"repeat","background-position":"center center","background-size":"auto","background-attachment":"scroll","background-type":"","background-media":"","overlay-type":"","overlay-color":"","overlay-opacity":"","overlay-gradient":""}}},"product_brand":[],"product_cat":[259,583],"product_tag":[397,438],"class_list":{"0":"post-6176","1":"product","2":"type-product","3":"status-publish","4":"has-post-thumbnail","6":"product_cat-lingerie","7":"product_cat-plus-size-underwear","8":"product_tag-plus-size-underwear","9":"product_tag-sexy-lingerie","10":"pa_color-black","11":"pa_color-red","12":"pa_size-38-85d","13":"pa_size-40-90d","14":"pa_size-42-95d","15":"pa_size-44-100d","16":"pa_size-46-105d","17":"pa_size-48-110d","18":"desktop-align-center","19":"tablet-align-left","20":"mobile-align-left","21":"ast-product-gallery-layout-horizontal-slider","22":"ast-product-single-variable","23":"ast-product-tabs-layout-horizontal","24":"ast-qv-on-image","26":"first","27":"instock","28":"shipping-taxable","29":"purchasable","30":"product-type-variable"},"tiered_pricing_type":"fixed","tiered_pricing_fixed_rules":{"2":7.19,"30":6.19,"100":5.39},"tiered_pricing_product_settings":{"layout":"default","base_unit_name":{"singular":null,"plural":null},"default_variation":null},"tiered_pricing_minimum_quantity":null,"tiered_pricing_roles_data":[],"tiered_pricing_percentage_rules":[],"_links":{"self":[{"href":"https:\/\/yume-silm.com\/es\/wp-json\/wp\/v2\/product\/6176","targetHints":{"allow":["GET"]}}],"collection":[{"href":"https:\/\/yume-silm.com\/es\/wp-json\/wp\/v2\/product"}],"about":[{"href":"https:\/\/yume-silm.com\/es\/wp-json\/wp\/v2\/types\/product"}],"replies":[{"embeddable":true,"href":"https:\/\/yume-silm.com\/es\/wp-json\/wp\/v2\/comments?post=6176"}],"wp:featuredmedia":[{"embeddable":true,"href":"https:\/\/yume-silm.com\/es\/wp-json\/wp\/v2\/media\/6191"}],"wp:attachment":[{"href":"https:\/\/yume-silm.com\/es\/wp-json\/wp\/v2\/media?parent=6176"}],"wp:term":[{"taxonomy":"product_brand","embeddable":true,"href":"https:\/\/yume-silm.com\/es\/wp-json\/wp\/v2\/product_brand?post=6176"},{"taxonomy":"product_cat","embeddable":true,"href":"https:\/\/yume-silm.com\/es\/wp-json\/wp\/v2\/product_cat?post=6176"},{"taxonomy":"product_tag","embeddable":true,"href":"https:\/\/yume-silm.com\/es\/wp-json\/wp\/v2\/product_tag?post=6176"}],"curies":[{"name":"wp","href":"https:\/\/api.w.org\/{rel}","templated":true}]}}