{"id":6416,"date":"2023-09-22T06:23:46","date_gmt":"2023-09-22T06:23:46","guid":{"rendered":"https:\/\/yume-silm.com\/?post_type=product&#038;p=6416"},"modified":"2024-05-11T06:41:28","modified_gmt":"2024-05-11T06:41:28","slug":"venta-al-por-mayor-sujetador-sedoso-elegante-brillante-de-talla-grande-para-copa-ghij","status":"publish","type":"product","link":"https:\/\/yume-silm.com\/es\/producto-2\/venta-al-por-mayor-sujetador-sedoso-elegante-brillante-de-talla-grande-para-copa-ghij\/","title":{"rendered":"Sujetador de talla grande brillante ultradelgado al por mayor para copa GHIJ"},"content":{"rendered":"<h5>Caracteristicas de dise\u00f1o<\/h5>\n<ul>\n<li><strong>BRILLANTE ULTRA DELGADO:<\/strong> Nuestros sujetadores ultrafinos de talla grande, fabricados principalmente de poli\u00e9ster, son sedosos y brillantes sin los altos costos de mantenimiento. El sujetador ultrafino se puede usar c\u00f3modamente durante todo el d\u00eda, haci\u00e9ndote sentir relajado y libre de estr\u00e9s todo el tiempo. Las copas delgadas tambi\u00e9n brindan soporte, lo que garantiza que est\u00e9s c\u00f3modo y bellamente acunado durante todo el d\u00eda. A\u00f1ade un elemento de sofisticaci\u00f3n a tu colecci\u00f3n de lencer\u00eda para que te sientas m\u00e1s elegante cada vez que la uses.<\/li>\n<li><strong>PERSONALIZADO PARA COPAS GHIJ:<\/strong> La lencer\u00eda est\u00e1 dise\u00f1ada para copas extragrandes para satisfacer las necesidades \u00fanicas de las mujeres de talla grande, asegurando que las mujeres con pechos m\u00e1s grandes no tengan que hacer concesiones entre estilo y ajuste. Una colecci\u00f3n de lencer\u00eda para mujer que se adapta perfectamente a los senos m\u00e1s grandes sin sentirlos apretados. S\u00e9 tu yo m\u00e1s radiante.<\/li>\n<li><strong>LIGERO Y C\u00d3MODO:<\/strong> La colecci\u00f3n de sujetadores de copa completa para mujer es ligera y c\u00f3moda de llevar, absorbe la humedad y es transpirable, y se adapta a tus hermosos pechos. Los sujetadores fruncidos tambi\u00e9n tienen cierta elasticidad y son ajustables para a\u00f1adir m\u00e1s posibilidades.<\/li>\n<li><strong>ELECCI\u00d3N DE TAMA\u00d1O M\u00daLTIPLE:<\/strong> Nuestro sujetador de talla grande, ultrafino, brillante, sencillo y natural para mujer, satisface las necesidades de mujeres con diferentes tama\u00f1os de senos y ofrece una amplia gama de tama\u00f1os para elegir.<\/li>\n<\/ul>\n<h6><em>Ropa interior de sujetador de gran tama\u00f1o, suave y ultrafina para mujer<\/em><\/h6>\n<ul>\n<li>Nuestros sujetadores ultrafinos y brillantes de talla grande combinan comodidad, sujeci\u00f3n y elegancia atemporal para mujeres con gustos \u00fanicos y pechos m\u00e1s llenos, permiti\u00e9ndole disfrutar del mundo del lujo. Cada curva merece llevar el mejor sujetador.<\/li>\n<\/ul>","protected":false},"excerpt":{"rendered":"<p>Disfrute del atractivo lustroso de nuestro sujetador de seda sint\u00e9tica, dise\u00f1ado especialmente para los exquisitos tama\u00f1os de copa GHIJ. Este sujetador ultrafino y brillante de talla grande ofrece una apariencia y sensaci\u00f3n de lujo, envolvi\u00e9ndote en elegancia y comodidad sin concesiones.<\/p>","protected":false},"featured_media":6472,"comment_status":"open","ping_status":"closed","template":"","meta":{"site-sidebar-layout":"default","site-content-layout":"","ast-site-content-layout":"default","site-content-style":"default","site-sidebar-style":"default","ast-global-header-display":"","ast-banner-title-visibility":"","ast-main-header-display":"","ast-hfb-above-header-display":"","ast-hfb-below-header-display":"","ast-hfb-mobile-header-display":"","site-post-title":"","ast-breadcrumbs-content":"","ast-featured-img":"","footer-sml-layout":"","ast-disable-related-posts":"","theme-transparent-header-meta":"default","adv-header-id-meta":"","stick-header-meta":"default","header-above-stick-meta":"","header-main-stick-meta":"","header-below-stick-meta":"","astra-migrate-meta-layouts":"set","ast-page-background-enabled":"default","ast-page-background-meta":{"desktop":{"background-color":"","background-image":"","background-repeat":"repeat","background-position":"center center","background-size":"auto","background-attachment":"scroll","background-type":"","background-media":"","overlay-type":"","overlay-color":"","overlay-opacity":"","overlay-gradient":""},"tablet":{"background-color":"","background-image":"","background-repeat":"repeat","background-position":"center center","background-size":"auto","background-attachment":"scroll","background-type":"","background-media":"","overlay-type":"","overlay-color":"","overlay-opacity":"","overlay-gradient":""},"mobile":{"background-color":"","background-image":"","background-repeat":"repeat","background-position":"center center","background-size":"auto","background-attachment":"scroll","background-type":"","background-media":"","overlay-type":"","overlay-color":"","overlay-opacity":"","overlay-gradient":""}},"ast-content-background-meta":{"desktop":{"background-color":"var(--ast-global-color-5)","background-image":"","background-repeat":"repeat","background-position":"center center","background-size":"auto","background-attachment":"scroll","background-type":"","background-media":"","overlay-type":"","overlay-color":"","overlay-opacity":"","overlay-gradient":""},"tablet":{"background-color":"var(--ast-global-color-5)","background-image":"","background-repeat":"repeat","background-position":"center center","background-size":"auto","background-attachment":"scroll","background-type":"","background-media":"","overlay-type":"","overlay-color":"","overlay-opacity":"","overlay-gradient":""},"mobile":{"background-color":"var(--ast-global-color-5)","background-image":"","background-repeat":"repeat","background-position":"center center","background-size":"auto","background-attachment":"scroll","background-type":"","background-media":"","overlay-type":"","overlay-color":"","overlay-opacity":"","overlay-gradient":""}}},"product_brand":[],"product_cat":[65,259,583],"product_tag":[435,400,434],"class_list":{"0":"post-6416","1":"product","2":"type-product","3":"status-publish","4":"has-post-thumbnail","6":"product_cat-best-sellers","7":"product_cat-lingerie","8":"product_cat-plus-size-underwear","9":"product_tag-glossy-underwear","10":"product_tag-plus-size-bra","11":"product_tag-womens-full-cup-bra","12":"pa_color-beige","13":"pa_color-black","14":"pa_size-100g","15":"pa_size-100h","16":"pa_size-100i","17":"pa_size-100j","18":"pa_size-105h","19":"pa_size-105i","20":"pa_size-105j","21":"pa_size-110g","22":"pa_size-110h","23":"pa_size-110i","24":"pa_size-110j","25":"pa_size-75i","26":"pa_size-75j","27":"pa_size-80h","28":"pa_size-80i","29":"pa_size-80j","30":"pa_size-85g","31":"pa_size-85h","32":"pa_size-85i","33":"pa_size-85j","34":"pa_size-90h","35":"pa_size-90i","36":"pa_size-90j","37":"pa_size-95h","38":"pa_size-95i","39":"pa_size-95j","40":"desktop-align-center","41":"tablet-align-left","42":"mobile-align-left","43":"ast-product-gallery-layout-horizontal-slider","44":"ast-product-single-variable","45":"ast-product-tabs-layout-horizontal","46":"ast-qv-on-image","48":"first","49":"instock","50":"shipping-taxable","51":"purchasable","52":"product-type-variable"},"tiered_pricing_type":"fixed","tiered_pricing_fixed_rules":{"2":4.69,"30":3.99,"100":3.49},"tiered_pricing_product_settings":{"layout":"default","base_unit_name":{"singular":null,"plural":null},"default_variation":{}},"tiered_pricing_minimum_quantity":null,"tiered_pricing_roles_data":[],"tiered_pricing_percentage_rules":[],"_links":{"self":[{"href":"https:\/\/yume-silm.com\/es\/wp-json\/wp\/v2\/product\/6416","targetHints":{"allow":["GET"]}}],"collection":[{"href":"https:\/\/yume-silm.com\/es\/wp-json\/wp\/v2\/product"}],"about":[{"href":"https:\/\/yume-silm.com\/es\/wp-json\/wp\/v2\/types\/product"}],"replies":[{"embeddable":true,"href":"https:\/\/yume-silm.com\/es\/wp-json\/wp\/v2\/comments?post=6416"}],"wp:featuredmedia":[{"embeddable":true,"href":"https:\/\/yume-silm.com\/es\/wp-json\/wp\/v2\/media\/6472"}],"wp:attachment":[{"href":"https:\/\/yume-silm.com\/es\/wp-json\/wp\/v2\/media?parent=6416"}],"wp:term":[{"taxonomy":"product_brand","embeddable":true,"href":"https:\/\/yume-silm.com\/es\/wp-json\/wp\/v2\/product_brand?post=6416"},{"taxonomy":"product_cat","embeddable":true,"href":"https:\/\/yume-silm.com\/es\/wp-json\/wp\/v2\/product_cat?post=6416"},{"taxonomy":"product_tag","embeddable":true,"href":"https:\/\/yume-silm.com\/es\/wp-json\/wp\/v2\/product_tag?post=6416"}],"curies":[{"name":"wp","href":"https:\/\/api.w.org\/{rel}","templated":true}]}}