{"id":6477,"date":"2023-09-22T06:46:56","date_gmt":"2023-09-22T06:46:56","guid":{"rendered":"https:\/\/yume-silm.com\/?post_type=product&#038;p=6477"},"modified":"2024-05-11T06:44:52","modified_gmt":"2024-05-11T06:44:52","slug":"al-por-mayor-sujetador-ultra-fino-transparente-de-talla-grande","status":"publish","type":"product","link":"https:\/\/yume-silm.com\/es\/producto-2\/al-por-mayor-sujetador-ultra-fino-transparente-de-talla-grande\/","title":{"rendered":"Sujetador De Talla Grande Sexy Transparente Ultra Fino al por mayor"},"content":{"rendered":"<h5>Caracteristicas de dise\u00f1o<\/h5>\n<ul>\n<li><strong>TELA DE MALLA TRANSPARENTE SEXY:<\/strong> La malla transparente de nuestro sujetador de copa completa est\u00e1 cuidadosamente elaborada no solo para agregar un encanto seductor, sino tambi\u00e9n para garantizar la transpirabilidad de tu piel, haci\u00e9ndote sentir c\u00f3moda durante todo el d\u00eda.<\/li>\n<li><strong>ULTRAFINO Y LIGERO:<\/strong> Esta ropa interior ultrafina est\u00e1 personalizada para mujeres de figura completa y te proporciona la cobertura y la ligereza que necesitas. Experimente la comodidad de una segunda piel.<\/li>\n<li><strong>MAGIA DE REDUCCI\u00d3N VISUAL:<\/strong> La lencer\u00eda de encaje mostrar\u00e1 tus curvas naturales mientras se comprime suavemente para hacer que los bustos m\u00e1s grandes parezcan un poco m\u00e1s peque\u00f1os, logrando el equilibrio perfecto entre abrazo y elegancia.<\/li>\n<li><strong>ALTA ESTIRAMIENTO, AJUSTE PERFECTO:<\/strong> Nuestros sujetadores de belleza fruncidos est\u00e1n hechos de telas con una elasticidad superior para garantizar que el sujetador se adapte a la forma \u00fanica de su cuerpo, proporcionando un ajuste impecable sin tensi\u00f3n.<\/li>\n<li><strong>DISE\u00d1O ANTI-FLAGIDO:<\/strong> Nuestros sujetadores utilizan t\u00e9cnicas de dise\u00f1o avanzadas y materiales de primera calidad para brindar elevaci\u00f3n y soporte incomparables, garantizando que siempre luzca lo mejor posible.<\/li>\n<\/ul>\n<h6><em>Sujetador push up transparente ultrafino de copa completa de talla grande<\/em><\/h6>\n<ul>\n<li>\u00bfQuiere experimentar un mundo donde la elegancia pura se encuentra con un apoyo inquebrantable? Para las mujeres que anhelan pura seducci\u00f3n sin comprometer el soporte, nuestro sujetador sexy transparente ultrafino de talla grande es la elecci\u00f3n perfecta para usted.<\/li>\n<\/ul>","protected":false},"excerpt":{"rendered":"<p>Descubra la encantadora fusi\u00f3n de comodidad y encanto con nuestro sujetador ultrafino transparente sexy de talla grande. Dise\u00f1ado por expertos para tallas m\u00e1s grandes, este sujetador ultrafino cuenta con una alta elasticidad para contornear elegantemente y al mismo tiempo ofrece una reducci\u00f3n visual para bustos m\u00e1s llenos.<\/p>","protected":false},"featured_media":6503,"comment_status":"open","ping_status":"closed","template":"","meta":{"site-sidebar-layout":"default","site-content-layout":"","ast-site-content-layout":"default","site-content-style":"default","site-sidebar-style":"default","ast-global-header-display":"","ast-banner-title-visibility":"","ast-main-header-display":"","ast-hfb-above-header-display":"","ast-hfb-below-header-display":"","ast-hfb-mobile-header-display":"","site-post-title":"","ast-breadcrumbs-content":"","ast-featured-img":"","footer-sml-layout":"","ast-disable-related-posts":"","theme-transparent-header-meta":"default","adv-header-id-meta":"","stick-header-meta":"default","header-above-stick-meta":"","header-main-stick-meta":"","header-below-stick-meta":"","astra-migrate-meta-layouts":"set","ast-page-background-enabled":"default","ast-page-background-meta":{"desktop":{"background-color":"","background-image":"","background-repeat":"repeat","background-position":"center center","background-size":"auto","background-attachment":"scroll","background-type":"","background-media":"","overlay-type":"","overlay-color":"","overlay-opacity":"","overlay-gradient":""},"tablet":{"background-color":"","background-image":"","background-repeat":"repeat","background-position":"center center","background-size":"auto","background-attachment":"scroll","background-type":"","background-media":"","overlay-type":"","overlay-color":"","overlay-opacity":"","overlay-gradient":""},"mobile":{"background-color":"","background-image":"","background-repeat":"repeat","background-position":"center center","background-size":"auto","background-attachment":"scroll","background-type":"","background-media":"","overlay-type":"","overlay-color":"","overlay-opacity":"","overlay-gradient":""}},"ast-content-background-meta":{"desktop":{"background-color":"var(--ast-global-color-5)","background-image":"","background-repeat":"repeat","background-position":"center center","background-size":"auto","background-attachment":"scroll","background-type":"","background-media":"","overlay-type":"","overlay-color":"","overlay-opacity":"","overlay-gradient":""},"tablet":{"background-color":"var(--ast-global-color-5)","background-image":"","background-repeat":"repeat","background-position":"center center","background-size":"auto","background-attachment":"scroll","background-type":"","background-media":"","overlay-type":"","overlay-color":"","overlay-opacity":"","overlay-gradient":""},"mobile":{"background-color":"var(--ast-global-color-5)","background-image":"","background-repeat":"repeat","background-position":"center center","background-size":"auto","background-attachment":"scroll","background-type":"","background-media":"","overlay-type":"","overlay-color":"","overlay-opacity":"","overlay-gradient":""}}},"product_brand":[],"product_cat":[259,65,583],"product_tag":[407,432,397,431],"class_list":{"0":"post-6477","1":"product","2":"type-product","3":"status-publish","4":"has-post-thumbnail","6":"product_cat-lingerie","7":"product_cat-best-sellers","8":"product_cat-plus-size-underwear","9":"product_tag-full-cup-bra","10":"product_tag-lace-lingerie","11":"product_tag-plus-size-underwear","12":"product_tag-sexy-bra","13":"pa_color-gray","14":"pa_size-100d","15":"pa_size-100e","16":"pa_size-100f","17":"pa_size-105d","18":"pa_size-105e","19":"pa_size-105f","20":"pa_size-90f","21":"pa_size-95d","22":"pa_size-95e","23":"desktop-align-center","24":"tablet-align-left","25":"mobile-align-left","26":"ast-product-gallery-layout-horizontal-slider","27":"ast-product-single-variable","28":"ast-product-tabs-layout-horizontal","29":"ast-qv-on-image","31":"first","32":"instock","33":"shipping-taxable","34":"purchasable","35":"product-type-variable"},"tiered_pricing_type":"fixed","tiered_pricing_fixed_rules":{"2":2.09,"30":1.79,"100":1.59},"tiered_pricing_product_settings":{"layout":"default","base_unit_name":{"singular":null,"plural":null},"default_variation":null},"tiered_pricing_minimum_quantity":null,"tiered_pricing_roles_data":[],"tiered_pricing_percentage_rules":[],"_links":{"self":[{"href":"https:\/\/yume-silm.com\/es\/wp-json\/wp\/v2\/product\/6477","targetHints":{"allow":["GET"]}}],"collection":[{"href":"https:\/\/yume-silm.com\/es\/wp-json\/wp\/v2\/product"}],"about":[{"href":"https:\/\/yume-silm.com\/es\/wp-json\/wp\/v2\/types\/product"}],"replies":[{"embeddable":true,"href":"https:\/\/yume-silm.com\/es\/wp-json\/wp\/v2\/comments?post=6477"}],"wp:featuredmedia":[{"embeddable":true,"href":"https:\/\/yume-silm.com\/es\/wp-json\/wp\/v2\/media\/6503"}],"wp:attachment":[{"href":"https:\/\/yume-silm.com\/es\/wp-json\/wp\/v2\/media?parent=6477"}],"wp:term":[{"taxonomy":"product_brand","embeddable":true,"href":"https:\/\/yume-silm.com\/es\/wp-json\/wp\/v2\/product_brand?post=6477"},{"taxonomy":"product_cat","embeddable":true,"href":"https:\/\/yume-silm.com\/es\/wp-json\/wp\/v2\/product_cat?post=6477"},{"taxonomy":"product_tag","embeddable":true,"href":"https:\/\/yume-silm.com\/es\/wp-json\/wp\/v2\/product_tag?post=6477"}],"curies":[{"name":"wp","href":"https:\/\/api.w.org\/{rel}","templated":true}]}}