{"id":6504,"date":"2023-09-22T07:13:17","date_gmt":"2023-09-22T07:13:17","guid":{"rendered":"https:\/\/yume-silm.com\/?post_type=product&#038;p=6504"},"modified":"2024-05-11T06:46:32","modified_gmt":"2024-05-11T06:46:32","slug":"venta-al-por-mayor-sujetador-extra-grande-sin-aros-copa-completa-soporte-de-correa-ancha","status":"publish","type":"product","link":"https:\/\/yume-silm.com\/es\/producto-2\/venta-al-por-mayor-sujetador-extra-grande-sin-aros-copa-completa-soporte-de-correa-ancha\/","title":{"rendered":"Venta al por mayor Sujetador de talla grande con correas anchas de algod\u00f3n suave"},"content":{"rendered":"<h5>Caracteristicas de dise\u00f1o<\/h5>\n<ul>\n<li><strong>C\u00d3MODO SIN ANILLOS DE ACERO:<\/strong> Nuestra c\u00f3moda ropa interior sin aros de acero. El dise\u00f1o sin aros proporciona un ajuste perfecto y garantiza libertad de movimiento. Siente la diferencia en tu d\u00eda y cambia los pinchazos y apretones que son comunes con los sujetadores tradicionales.<\/li>\n<li><strong>DISE\u00d1ADO PARA TAMA\u00d1OS EXTRA GRANDES:<\/strong> Dise\u00f1ado para mujeres de figura completa, este sujetador tiene en cuenta las necesidades \u00fanicas de quien lo usa. Nuestros sujetadores de talla grande ofrecen la combinaci\u00f3n perfecta de sujeci\u00f3n y estilo, con una amplia gama de tallas para elegir, para que ya no tengas que preocuparte por la talla.<\/li>\n<li><strong>GARANT\u00cdA DE COPA COMPLETA:<\/strong> Lencer\u00eda de algod\u00f3n con cobertura de copa completa. Este sujetador, que garantiza modestia sin sacrificar el estilo, es perfecto para el uso diario o para ocasiones especiales. Adem\u00e1s, mejora el soporte y asegura que tus senos permanezcan en su lugar.<\/li>\n<li><strong>CORREAS ANCHAS DE APOYO:<\/strong> La fatiga del hombro es cosa del pasado. Los tirantes anchos de la ropa interior ligera distribuyen el peso de manera uniforme y garantizan comodidad durante todo el d\u00eda. Los tirantes anchos tambi\u00e9n garantizan que los tirantes no se hundan, evitando as\u00ed marcas antiest\u00e9ticas en los hombros.<\/li>\n<\/ul>\n<h6><em>Ropa interior de algod\u00f3n de talla grande y copa completa para mujer<\/em><\/h6>\n<ul>\n<li>Este c\u00f3modo sujetador de algod\u00f3n para mujer bien dise\u00f1ado combina perfectamente con cualquier armario, brindando elegancia y soporte incomparable. Ideal para quienes se preocupan por la moda y la comodidad.<\/li>\n<li>Dise\u00f1ado con un aspecto moderno y elegante, el sujetador de talla grande con tirantes anchos de algod\u00f3n suave es una pieza imprescindible para el d\u00eda a d\u00eda que tambi\u00e9n llama la atenci\u00f3n. Del\u00e9itese con su aspecto elegante mientras disfruta de una comodidad de primer nivel.<\/li>\n<\/ul>","protected":false},"excerpt":{"rendered":"<p>Descubra una comodidad incomparable con este sujetador de talla grande con tirantes anchos de algod\u00f3n suave. Dotado de tirantes anchos, garantiza el equilibrio ideal entre sujeci\u00f3n y elegancia est\u00e9tica.<\/p>","protected":false},"featured_media":6529,"comment_status":"open","ping_status":"closed","template":"","meta":{"site-sidebar-layout":"default","site-content-layout":"","ast-site-content-layout":"default","site-content-style":"default","site-sidebar-style":"default","ast-global-header-display":"","ast-banner-title-visibility":"","ast-main-header-display":"","ast-hfb-above-header-display":"","ast-hfb-below-header-display":"","ast-hfb-mobile-header-display":"","site-post-title":"","ast-breadcrumbs-content":"","ast-featured-img":"","footer-sml-layout":"","ast-disable-related-posts":"","theme-transparent-header-meta":"default","adv-header-id-meta":"","stick-header-meta":"default","header-above-stick-meta":"","header-main-stick-meta":"","header-below-stick-meta":"","astra-migrate-meta-layouts":"set","ast-page-background-enabled":"default","ast-page-background-meta":{"desktop":{"background-color":"","background-image":"","background-repeat":"repeat","background-position":"center center","background-size":"auto","background-attachment":"scroll","background-type":"","background-media":"","overlay-type":"","overlay-color":"","overlay-opacity":"","overlay-gradient":""},"tablet":{"background-color":"","background-image":"","background-repeat":"repeat","background-position":"center center","background-size":"auto","background-attachment":"scroll","background-type":"","background-media":"","overlay-type":"","overlay-color":"","overlay-opacity":"","overlay-gradient":""},"mobile":{"background-color":"","background-image":"","background-repeat":"repeat","background-position":"center center","background-size":"auto","background-attachment":"scroll","background-type":"","background-media":"","overlay-type":"","overlay-color":"","overlay-opacity":"","overlay-gradient":""}},"ast-content-background-meta":{"desktop":{"background-color":"var(--ast-global-color-5)","background-image":"","background-repeat":"repeat","background-position":"center center","background-size":"auto","background-attachment":"scroll","background-type":"","background-media":"","overlay-type":"","overlay-color":"","overlay-opacity":"","overlay-gradient":""},"tablet":{"background-color":"var(--ast-global-color-5)","background-image":"","background-repeat":"repeat","background-position":"center center","background-size":"auto","background-attachment":"scroll","background-type":"","background-media":"","overlay-type":"","overlay-color":"","overlay-opacity":"","overlay-gradient":""},"mobile":{"background-color":"var(--ast-global-color-5)","background-image":"","background-repeat":"repeat","background-position":"center center","background-size":"auto","background-attachment":"scroll","background-type":"","background-media":"","overlay-type":"","overlay-color":"","overlay-opacity":"","overlay-gradient":""}}},"product_brand":[],"product_cat":[65,259,583],"product_tag":[433,407,397],"class_list":{"0":"post-6504","1":"product","2":"type-product","3":"status-publish","4":"has-post-thumbnail","6":"product_cat-best-sellers","7":"product_cat-lingerie","8":"product_cat-plus-size-underwear","9":"product_tag-cotton-underwear","10":"product_tag-full-cup-bra","11":"product_tag-plus-size-underwear","12":"pa_color-beige","13":"pa_size-100g","14":"pa_size-105f","15":"pa_size-105g","16":"pa_size-110b","17":"pa_size-110c","18":"pa_size-110d","19":"pa_size-110e","20":"pa_size-115b","21":"pa_size-115c","22":"pa_size-115d","23":"pa_size-115e","24":"pa_size-115g","25":"pa_size-120b","26":"pa_size-120c","27":"pa_size-120d","28":"pa_size-120e","29":"pa_size-120f","30":"pa_size-120g","31":"pa_size-125b","32":"pa_size-125c","33":"pa_size-125d","34":"pa_size-125f","35":"desktop-align-center","36":"tablet-align-left","37":"mobile-align-left","38":"ast-product-gallery-layout-horizontal-slider","39":"ast-product-single-variable","40":"ast-product-tabs-layout-horizontal","41":"ast-qv-on-image","43":"first","44":"instock","45":"shipping-taxable","46":"purchasable","47":"product-type-variable"},"tiered_pricing_type":"fixed","tiered_pricing_fixed_rules":{"2":2.09,"30":1.79,"100":1.59},"tiered_pricing_product_settings":{"layout":"default","base_unit_name":{"singular":null,"plural":null},"default_variation":{}},"tiered_pricing_minimum_quantity":null,"tiered_pricing_roles_data":[],"tiered_pricing_percentage_rules":[],"_links":{"self":[{"href":"https:\/\/yume-silm.com\/es\/wp-json\/wp\/v2\/product\/6504","targetHints":{"allow":["GET"]}}],"collection":[{"href":"https:\/\/yume-silm.com\/es\/wp-json\/wp\/v2\/product"}],"about":[{"href":"https:\/\/yume-silm.com\/es\/wp-json\/wp\/v2\/types\/product"}],"replies":[{"embeddable":true,"href":"https:\/\/yume-silm.com\/es\/wp-json\/wp\/v2\/comments?post=6504"}],"wp:featuredmedia":[{"embeddable":true,"href":"https:\/\/yume-silm.com\/es\/wp-json\/wp\/v2\/media\/6529"}],"wp:attachment":[{"href":"https:\/\/yume-silm.com\/es\/wp-json\/wp\/v2\/media?parent=6504"}],"wp:term":[{"taxonomy":"product_brand","embeddable":true,"href":"https:\/\/yume-silm.com\/es\/wp-json\/wp\/v2\/product_brand?post=6504"},{"taxonomy":"product_cat","embeddable":true,"href":"https:\/\/yume-silm.com\/es\/wp-json\/wp\/v2\/product_cat?post=6504"},{"taxonomy":"product_tag","embeddable":true,"href":"https:\/\/yume-silm.com\/es\/wp-json\/wp\/v2\/product_tag?post=6504"}],"curies":[{"name":"wp","href":"https:\/\/api.w.org\/{rel}","templated":true}]}}