{"id":6538,"date":"2023-09-23T07:12:41","date_gmt":"2023-09-23T07:12:41","guid":{"rendered":"https:\/\/yume-silm.com\/?post_type=product&#038;p=6538"},"modified":"2024-05-11T06:48:38","modified_gmt":"2024-05-11T06:48:38","slug":"sujetador-extragrande-de-copa-completa-sin-aros-con-soporte-de-tirantes-anchos","status":"publish","type":"product","link":"https:\/\/yume-silm.com\/es\/producto-2\/sujetador-extragrande-de-copa-completa-sin-aros-con-soporte-de-tirantes-anchos\/","title":{"rendered":"Sujetador de copa completa, sin aros, extra grande y con soporte de tirantes anchos"},"content":{"rendered":"<h5>Sujetador inal\u00e1mbrico de talla grande con tirantes anchos y cobertura total<\/h5>\n<ul>\n<li>COMODIDAD INAL\u00c1MBRICA: Diga adi\u00f3s a la incomodidad de los aros. Nuestros sujetadores de copa completa sin aros tienen un ajuste sin costuras para garantizar un movimiento sin restricciones. Siente la diferencia en tu d\u00eda sin los pinchazos y apretones que son comunes con los sujetadores con aro. Su naturaleza inal\u00e1mbrica satisface la necesidad de comodidad en el uso diario, asegurando que permanezca relajado y sin restricciones.<\/li>\n<li>ESPEC\u00cdFICAMENTE DISE\u00d1ADO PARA EXTRA GRANDE: Dise\u00f1ado para mujeres de figura completa, nuestro sujetador de talla grande tiene en cuenta las necesidades \u00fanicas del usuario. Ofrece una combinaci\u00f3n perfecta de soporte y estilo para una experiencia de uso inigualable. Su dise\u00f1o especial aborda los problemas comunes asociados con bustos m\u00e1s grandes y garantiza un ajuste c\u00f3modo.<\/li>\n<li>GARANT\u00cdA DE COPA COMPLETA: El sujetador de copa completa con gran cobertura garantiza modestia sin perder la moda. Ideal para el uso diario u ocasiones especiales, el soporte mejorado garantiza que sus senos permanezcan en su lugar. El dise\u00f1o de copa completa no solo aumenta la confianza, sino que tambi\u00e9n muestra una silueta suave debajo de cualquier atuendo.<\/li>\n<li>CORREAS ANCHAS DE APOYO PARA LOS HOMBROS: Las correas anchas para los hombros de esta lencer\u00eda para mujer est\u00e1n dise\u00f1adas para garantizar que el peso se distribuya uniformemente para brindar comodidad durante todo el d\u00eda. Los tirantes anchos tambi\u00e9n evitan marcas antiest\u00e9ticas en los hombros al garantizar que los tirantes no se doblen. Estos tirantes anchos brindan el soporte c\u00f3modo necesario para bustos m\u00e1s grandes.<\/li>\n<li>ELEGANTE Y FUNCIONAL: Dise\u00f1ado pensando en la moda moderna, este sujetador ligero y c\u00f3modo es a la vez una pieza llamativa y un elemento esencial para el d\u00eda a d\u00eda. Del\u00e9itese con su aspecto elegante mientras disfruta de una comodidad de primer nivel, lo que lo convierte en una opci\u00f3n confiable para quienes buscan estilo y funcionalidad.<\/li>\n<\/ul>\n<h6><em>Sujetador de copa completa sin aros con soporte de tirantes anchos <\/em><\/h6>\n<ul>\n<li>Experimente una combinaci\u00f3n de elegancia y soporte incomparable con este sost\u00e9n elegante, c\u00f3modo y sin presi\u00f3n que encaja perfectamente en cualquier armario, perfecto para quienes valoran tanto el estilo como la comodidad.<\/li>\n<\/ul>","protected":false},"excerpt":{"rendered":"<p>Un sujetador de copa completa sin aros personalizado para mujeres de gran tama\u00f1o para una comodidad incomparable. Viene con tirantes anchos que aseguran el equilibrio ideal entre sujeci\u00f3n y elegancia est\u00e9tica.<\/p>","protected":false},"featured_media":6588,"comment_status":"open","ping_status":"closed","template":"","meta":{"site-sidebar-layout":"default","site-content-layout":"","ast-site-content-layout":"default","site-content-style":"default","site-sidebar-style":"default","ast-global-header-display":"","ast-banner-title-visibility":"","ast-main-header-display":"","ast-hfb-above-header-display":"","ast-hfb-below-header-display":"","ast-hfb-mobile-header-display":"","site-post-title":"","ast-breadcrumbs-content":"","ast-featured-img":"","footer-sml-layout":"","ast-disable-related-posts":"","theme-transparent-header-meta":"default","adv-header-id-meta":"","stick-header-meta":"default","header-above-stick-meta":"","header-main-stick-meta":"","header-below-stick-meta":"","astra-migrate-meta-layouts":"set","ast-page-background-enabled":"default","ast-page-background-meta":{"desktop":{"background-color":"","background-image":"","background-repeat":"repeat","background-position":"center center","background-size":"auto","background-attachment":"scroll","background-type":"","background-media":"","overlay-type":"","overlay-color":"","overlay-opacity":"","overlay-gradient":""},"tablet":{"background-color":"","background-image":"","background-repeat":"repeat","background-position":"center center","background-size":"auto","background-attachment":"scroll","background-type":"","background-media":"","overlay-type":"","overlay-color":"","overlay-opacity":"","overlay-gradient":""},"mobile":{"background-color":"","background-image":"","background-repeat":"repeat","background-position":"center center","background-size":"auto","background-attachment":"scroll","background-type":"","background-media":"","overlay-type":"","overlay-color":"","overlay-opacity":"","overlay-gradient":""}},"ast-content-background-meta":{"desktop":{"background-color":"var(--ast-global-color-5)","background-image":"","background-repeat":"repeat","background-position":"center center","background-size":"auto","background-attachment":"scroll","background-type":"","background-media":"","overlay-type":"","overlay-color":"","overlay-opacity":"","overlay-gradient":""},"tablet":{"background-color":"var(--ast-global-color-5)","background-image":"","background-repeat":"repeat","background-position":"center center","background-size":"auto","background-attachment":"scroll","background-type":"","background-media":"","overlay-type":"","overlay-color":"","overlay-opacity":"","overlay-gradient":""},"mobile":{"background-color":"var(--ast-global-color-5)","background-image":"","background-repeat":"repeat","background-position":"center center","background-size":"auto","background-attachment":"scroll","background-type":"","background-media":"","overlay-type":"","overlay-color":"","overlay-opacity":"","overlay-gradient":""}}},"product_brand":[],"product_cat":[259,76,583],"product_tag":[404,407,400,397,401,396],"class_list":{"0":"post-6538","1":"product","2":"type-product","3":"status-publish","4":"has-post-thumbnail","6":"product_cat-lingerie","7":"product_cat-new-arrivels","8":"product_cat-plus-size-underwear","9":"product_tag-full-coverage-bra","10":"product_tag-full-cup-bra","11":"product_tag-plus-size-bra","12":"product_tag-plus-size-underwear","13":"product_tag-wireless-bra","14":"product_tag-womens-underwear","15":"pa_color-beige","16":"pa_color-green","17":"pa_color-purple","18":"pa_size-34-75e","19":"pa_size-34-75f","20":"pa_size-36-80d","21":"pa_size-36-80e","22":"pa_size-36-80f","23":"pa_size-38-85d","24":"pa_size-38-85e","25":"pa_size-38-85f","26":"pa_size-40-90d","27":"pa_size-40-90e","28":"pa_size-40-90f","29":"pa_size-42-95d","30":"pa_size-42-95e","31":"pa_size-42-95f","32":"desktop-align-center","33":"tablet-align-left","34":"mobile-align-left","35":"ast-product-gallery-layout-horizontal-slider","36":"ast-product-single-variable","37":"ast-product-tabs-layout-horizontal","38":"ast-qv-on-image","40":"first","41":"instock","42":"shipping-taxable","43":"purchasable","44":"product-type-variable"},"tiered_pricing_type":"fixed","tiered_pricing_fixed_rules":{"2":9.99,"30":8.59,"100":7},"tiered_pricing_product_settings":{"layout":"default","base_unit_name":{"singular":null,"plural":null},"default_variation":{}},"tiered_pricing_minimum_quantity":null,"tiered_pricing_roles_data":[],"tiered_pricing_percentage_rules":[],"_links":{"self":[{"href":"https:\/\/yume-silm.com\/es\/wp-json\/wp\/v2\/product\/6538","targetHints":{"allow":["GET"]}}],"collection":[{"href":"https:\/\/yume-silm.com\/es\/wp-json\/wp\/v2\/product"}],"about":[{"href":"https:\/\/yume-silm.com\/es\/wp-json\/wp\/v2\/types\/product"}],"replies":[{"embeddable":true,"href":"https:\/\/yume-silm.com\/es\/wp-json\/wp\/v2\/comments?post=6538"}],"wp:featuredmedia":[{"embeddable":true,"href":"https:\/\/yume-silm.com\/es\/wp-json\/wp\/v2\/media\/6588"}],"wp:attachment":[{"href":"https:\/\/yume-silm.com\/es\/wp-json\/wp\/v2\/media?parent=6538"}],"wp:term":[{"taxonomy":"product_brand","embeddable":true,"href":"https:\/\/yume-silm.com\/es\/wp-json\/wp\/v2\/product_brand?post=6538"},{"taxonomy":"product_cat","embeddable":true,"href":"https:\/\/yume-silm.com\/es\/wp-json\/wp\/v2\/product_cat?post=6538"},{"taxonomy":"product_tag","embeddable":true,"href":"https:\/\/yume-silm.com\/es\/wp-json\/wp\/v2\/product_tag?post=6538"}],"curies":[{"name":"wp","href":"https:\/\/api.w.org\/{rel}","templated":true}]}}