{"id":6595,"date":"2023-09-23T07:40:13","date_gmt":"2023-09-23T07:40:13","guid":{"rendered":"https:\/\/yume-silm.com\/?post_type=product&#038;p=6595"},"modified":"2024-05-11T06:50:38","modified_gmt":"2024-05-11T06:50:38","slug":"venta-al-por-mayor-sujetador-comodo-ajustable-sin-cables-con-hebilla-frontal-de-talla-grande","status":"publish","type":"product","link":"https:\/\/yume-silm.com\/es\/producto-2\/venta-al-por-mayor-sujetador-comodo-ajustable-sin-cables-con-hebilla-frontal-de-talla-grande\/","title":{"rendered":"Sujetador c\u00f3modo ajustable sin cables de talla grande con hebilla delantera al por mayor"},"content":{"rendered":"<h5>Caracteristicas de dise\u00f1o<\/h5>\n<ul>\n<li><strong>DISE\u00d1O DE CIERRE FRONTAL:<\/strong> Nuestro sujetador ajustable presenta un dise\u00f1o de cierre frontal simple para facilitar su uso. El ajuste no restrictivo es perfecto para el uso diario.<\/li>\n<li><strong>C\u00d3MODO SIN ANILLOS DE ACERO:<\/strong> \u00a1Dile adi\u00f3s a las molestias y constricciones que provoca la ropa interior! El dise\u00f1o sin acero de este sost\u00e9n para mujer promueve una forma natural y al mismo tiempo brinda suficiente soporte para convertirlo en una excelente opci\u00f3n para uso a largo plazo. Su movimiento no se ver\u00e1 obstaculizado durante el uso prolongado y no se sentir\u00e1 inc\u00f3modo debido a la restricci\u00f3n de los cables.<\/li>\n<li><strong>LIGERO Y EL\u00c1STICO:<\/strong> Esta lencer\u00eda femenina tiene un dise\u00f1o fino que estiliza tu figura sin importar la ocasi\u00f3n. Se adapta a tu silueta, creando una apariencia atractiva pero no voluminosa. Esta caracter\u00edstica lo hace perfecto para usarlo debajo de un cors\u00e9, brindando una apariencia elegante y sin costuras.<\/li>\n<li><strong>CONTRAPRESI\u00d3N REDUCIDA:<\/strong> La parte posterior de nuestro sujetador de cobertura total sin acero est\u00e1 dise\u00f1ada para brindarle la m\u00e1xima comodidad. Las c\u00f3modas correas acolchadas ayudan a aliviar la presi\u00f3n de los hombros. Su acci\u00f3n de apoyo ayuda a distribuir el peso de sus senos de manera uniforme a lo largo de su espalda, reduciendo la presi\u00f3n sobre los m\u00fasculos de la espalda, perfecto para mujeres de figura m\u00e1s completa.<\/li>\n<li><strong>AJUSTABLE:<\/strong> Este c\u00f3modo sujetador ajustable sin aros viene con correas ajustables que ayudan a lograr la elevaci\u00f3n deseada. Su nivel de ajustabilidad no solo garantiza comodidad sino que tambi\u00e9n brinda el soporte necesario para crear una experiencia de uso hermosa y segura.<\/li>\n<li>El c\u00f3modo sujetador ajustable sin aros de talla grande con hebilla frontal garantiza que cada mujer pueda mostrar sus curvas con confianza. Disfruta del ajuste perfecto.<\/li>\n<\/ul>\n<div class=\"ast-oembed-container\" style=\"height: 100%;\"><iframe title=\"Sujetador c\u00f3modo ajustable sin cables de talla grande con hebilla delantera al por mayor\" width=\"500\" height=\"281\" src=\"https:\/\/www.youtube.com\/embed\/kUt9Yj5F0dQ?feature=oembed\" frameborder=\"0\" allow=\"accelerometer; autoplay; clipboard-write; encrypted-media; gyroscope; picture-in-picture; web-share\" referrerpolicy=\"strict-origin-when-cross-origin\" allowfullscreen><\/iframe><\/div>","protected":false},"excerpt":{"rendered":"<p>Disfrute de la comodidad durante todo el d\u00eda con este sujetador c\u00f3modo ajustable sin aros de talla grande con hebilla frontal, que presenta un dise\u00f1o de ajuste delgado para una silueta elegante y alivio de la presi\u00f3n de la espalda para un soporte definitivo. La estructura ajustable garantiza un ajuste perfecto, lo que la convierte en una valiosa incorporaci\u00f3n a su colecci\u00f3n de uso diario.<\/p>","protected":false},"featured_media":6648,"comment_status":"open","ping_status":"closed","template":"","meta":{"site-sidebar-layout":"default","site-content-layout":"","ast-site-content-layout":"default","site-content-style":"default","site-sidebar-style":"default","ast-global-header-display":"","ast-banner-title-visibility":"","ast-main-header-display":"","ast-hfb-above-header-display":"","ast-hfb-below-header-display":"","ast-hfb-mobile-header-display":"","site-post-title":"","ast-breadcrumbs-content":"","ast-featured-img":"","footer-sml-layout":"","ast-disable-related-posts":"","theme-transparent-header-meta":"default","adv-header-id-meta":"","stick-header-meta":"default","header-above-stick-meta":"","header-main-stick-meta":"","header-below-stick-meta":"","astra-migrate-meta-layouts":"set","ast-page-background-enabled":"default","ast-page-background-meta":{"desktop":{"background-color":"","background-image":"","background-repeat":"repeat","background-position":"center center","background-size":"auto","background-attachment":"scroll","background-type":"","background-media":"","overlay-type":"","overlay-color":"","overlay-opacity":"","overlay-gradient":""},"tablet":{"background-color":"","background-image":"","background-repeat":"repeat","background-position":"center center","background-size":"auto","background-attachment":"scroll","background-type":"","background-media":"","overlay-type":"","overlay-color":"","overlay-opacity":"","overlay-gradient":""},"mobile":{"background-color":"","background-image":"","background-repeat":"repeat","background-position":"center center","background-size":"auto","background-attachment":"scroll","background-type":"","background-media":"","overlay-type":"","overlay-color":"","overlay-opacity":"","overlay-gradient":""}},"ast-content-background-meta":{"desktop":{"background-color":"var(--ast-global-color-5)","background-image":"","background-repeat":"repeat","background-position":"center center","background-size":"auto","background-attachment":"scroll","background-type":"","background-media":"","overlay-type":"","overlay-color":"","overlay-opacity":"","overlay-gradient":""},"tablet":{"background-color":"var(--ast-global-color-5)","background-image":"","background-repeat":"repeat","background-position":"center center","background-size":"auto","background-attachment":"scroll","background-type":"","background-media":"","overlay-type":"","overlay-color":"","overlay-opacity":"","overlay-gradient":""},"mobile":{"background-color":"var(--ast-global-color-5)","background-image":"","background-repeat":"repeat","background-position":"center center","background-size":"auto","background-attachment":"scroll","background-type":"","background-media":"","overlay-type":"","overlay-color":"","overlay-opacity":"","overlay-gradient":""}}},"product_brand":[],"product_cat":[76,259,583],"product_tag":[405,406,400,396],"class_list":{"0":"post-6595","1":"product","2":"type-product","3":"status-publish","4":"has-post-thumbnail","6":"product_cat-new-arrivels","7":"product_cat-lingerie","8":"product_cat-plus-size-underwear","9":"product_tag-adjustable-bra","10":"product_tag-front-closure-bras","11":"product_tag-plus-size-bra","12":"product_tag-womens-underwear","13":"pa_color-beige","14":"pa_color-black","15":"pa_color-white","16":"pa_size-34-75d","17":"pa_size-34-75e","18":"pa_size-36-80d","19":"pa_size-36-80e","20":"pa_size-38-85d","21":"pa_size-38-85e","22":"pa_size-40-90d","23":"pa_size-40-90e","24":"pa_size-42-95d","25":"pa_size-42-95e","26":"pa_size-44-100d","27":"pa_size-44-100e","28":"pa_size-46-105d","29":"pa_size-46-105e","30":"pa_size-48-110d","31":"pa_size-48-110e","32":"desktop-align-center","33":"tablet-align-left","34":"mobile-align-left","35":"ast-product-gallery-layout-horizontal-slider","36":"ast-product-single-variable","37":"ast-product-tabs-layout-horizontal","38":"ast-qv-on-image","40":"first","41":"instock","42":"shipping-taxable","43":"purchasable","44":"product-type-variable"},"tiered_pricing_type":"fixed","tiered_pricing_fixed_rules":{"2":6.69,"30":5.79,"100":4.99},"tiered_pricing_product_settings":{"layout":"default","base_unit_name":{"singular":null,"plural":null},"default_variation":{}},"tiered_pricing_minimum_quantity":null,"tiered_pricing_roles_data":[],"tiered_pricing_percentage_rules":[],"_links":{"self":[{"href":"https:\/\/yume-silm.com\/es\/wp-json\/wp\/v2\/product\/6595","targetHints":{"allow":["GET"]}}],"collection":[{"href":"https:\/\/yume-silm.com\/es\/wp-json\/wp\/v2\/product"}],"about":[{"href":"https:\/\/yume-silm.com\/es\/wp-json\/wp\/v2\/types\/product"}],"replies":[{"embeddable":true,"href":"https:\/\/yume-silm.com\/es\/wp-json\/wp\/v2\/comments?post=6595"}],"wp:featuredmedia":[{"embeddable":true,"href":"https:\/\/yume-silm.com\/es\/wp-json\/wp\/v2\/media\/6648"}],"wp:attachment":[{"href":"https:\/\/yume-silm.com\/es\/wp-json\/wp\/v2\/media?parent=6595"}],"wp:term":[{"taxonomy":"product_brand","embeddable":true,"href":"https:\/\/yume-silm.com\/es\/wp-json\/wp\/v2\/product_brand?post=6595"},{"taxonomy":"product_cat","embeddable":true,"href":"https:\/\/yume-silm.com\/es\/wp-json\/wp\/v2\/product_cat?post=6595"},{"taxonomy":"product_tag","embeddable":true,"href":"https:\/\/yume-silm.com\/es\/wp-json\/wp\/v2\/product_tag?post=6595"}],"curies":[{"name":"wp","href":"https:\/\/api.w.org\/{rel}","templated":true}]}}