{"id":6664,"date":"2023-09-26T03:32:06","date_gmt":"2023-09-26T03:32:06","guid":{"rendered":"https:\/\/yume-silm.com\/?post_type=product&#038;p=6664"},"modified":"2024-05-11T07:01:00","modified_gmt":"2024-05-11T07:01:00","slug":"venta-al-por-mayor-sujetador-deportivo-transpirable-ajustable-con-boton-frontal-sin-alambre","status":"publish","type":"product","link":"https:\/\/yume-silm.com\/es\/producto-2\/venta-al-por-mayor-sujetador-deportivo-transpirable-ajustable-con-boton-frontal-sin-alambre\/","title":{"rendered":"Sujetador deportivo inal\u00e1mbrico con cierre frontal de talla grande al por mayor"},"content":{"rendered":"<h5>Caracter\u00edsticas detalladas<\/h5>\n<ul>\n<li>El dise\u00f1o de cierre frontal de este sujetador sin acero no solo a\u00f1ade sofisticaci\u00f3n, sino que tambi\u00e9n hace que sea f\u00e1cil de poner y quitar para un ajuste natural. Ya sea que te est\u00e9s preparando por la ma\u00f1ana o relaj\u00e1ndote por la noche, este sujetador ofrece comodidad sin sacrificar el soporte.<\/li>\n<li>Con este sujetador deportivo nuestro, diga adi\u00f3s por completo a la incomodidad de los cables sin sacrificar el soporte. Brind\u00e1ndole una experiencia c\u00f3moda y sin picaduras y al mismo tiempo brindando la elevaci\u00f3n y el apoyo necesarios durante su entrenamiento.<\/li>\n<li>Los tirantes ajustables de nuestro sujetador de talla grande te permiten cambiar el ajuste seg\u00fan tu nivel de comodidad, lo que lo convierte en una pieza vers\u00e1til para tu armario deportivo.<\/li>\n<li>El tejido suave y transpirable de este sujetador deportivo ajustable abraza suavemente tu piel para garantizar que te mantengas lo m\u00e1s fresco y libre de sudor posible durante tu rutina de ejercicios.<\/li>\n<\/ul>\n<h6><em>Sujetador deportivo transpirable ajustable al por mayor con bot\u00f3n delantero sin alambre<\/em><\/h6>\n<ul>\n<li>El tama\u00f1o inclusivo del sujetador deportivo inal\u00e1mbrico con cierre frontal de talla grande garantiza que cada mujer pueda mostrar sus curvas con confianza. Disfruta del ajuste perfecto. Comb\u00ednalo con una chaqueta o un top fino para lucir un estilo elegante y vers\u00e1til fuera del gimnasio.<\/li>\n<\/ul>","protected":false},"excerpt":{"rendered":"<p>Presentamos nuestro sujetador deportivo inal\u00e1mbrico con cierre frontal de talla grande, dise\u00f1ado para adaptarse a tus curvas con la combinaci\u00f3n perfecta de comodidad, soporte y conveniencia. Di adi\u00f3s a las molestias tradicionales y da la bienvenida al estilo y la comodidad sin esfuerzo.<\/p>","protected":false},"featured_media":6692,"comment_status":"open","ping_status":"closed","template":"","meta":{"site-sidebar-layout":"default","site-content-layout":"","ast-site-content-layout":"default","site-content-style":"default","site-sidebar-style":"default","ast-global-header-display":"","ast-banner-title-visibility":"","ast-main-header-display":"","ast-hfb-above-header-display":"","ast-hfb-below-header-display":"","ast-hfb-mobile-header-display":"","site-post-title":"","ast-breadcrumbs-content":"","ast-featured-img":"","footer-sml-layout":"","ast-disable-related-posts":"","theme-transparent-header-meta":"default","adv-header-id-meta":"","stick-header-meta":"default","header-above-stick-meta":"","header-main-stick-meta":"","header-below-stick-meta":"","astra-migrate-meta-layouts":"set","ast-page-background-enabled":"default","ast-page-background-meta":{"desktop":{"background-color":"","background-image":"","background-repeat":"repeat","background-position":"center center","background-size":"auto","background-attachment":"scroll","background-type":"","background-media":"","overlay-type":"","overlay-color":"","overlay-opacity":"","overlay-gradient":""},"tablet":{"background-color":"","background-image":"","background-repeat":"repeat","background-position":"center center","background-size":"auto","background-attachment":"scroll","background-type":"","background-media":"","overlay-type":"","overlay-color":"","overlay-opacity":"","overlay-gradient":""},"mobile":{"background-color":"","background-image":"","background-repeat":"repeat","background-position":"center center","background-size":"auto","background-attachment":"scroll","background-type":"","background-media":"","overlay-type":"","overlay-color":"","overlay-opacity":"","overlay-gradient":""}},"ast-content-background-meta":{"desktop":{"background-color":"var(--ast-global-color-5)","background-image":"","background-repeat":"repeat","background-position":"center center","background-size":"auto","background-attachment":"scroll","background-type":"","background-media":"","overlay-type":"","overlay-color":"","overlay-opacity":"","overlay-gradient":""},"tablet":{"background-color":"var(--ast-global-color-5)","background-image":"","background-repeat":"repeat","background-position":"center center","background-size":"auto","background-attachment":"scroll","background-type":"","background-media":"","overlay-type":"","overlay-color":"","overlay-opacity":"","overlay-gradient":""},"mobile":{"background-color":"var(--ast-global-color-5)","background-image":"","background-repeat":"repeat","background-position":"center center","background-size":"auto","background-attachment":"scroll","background-type":"","background-media":"","overlay-type":"","overlay-color":"","overlay-opacity":"","overlay-gradient":""}}},"product_brand":[],"product_cat":[259,65,583],"product_tag":[404,400,397,403,393,401,402],"class_list":{"0":"post-6664","1":"product","2":"type-product","3":"status-publish","4":"has-post-thumbnail","6":"product_cat-lingerie","7":"product_cat-best-sellers","8":"product_cat-plus-size-underwear","9":"product_tag-full-coverage-bra","10":"product_tag-plus-size-bra","11":"product_tag-plus-size-underwear","12":"product_tag-post-operative-sports-bra","13":"product_tag-sports-bra","14":"product_tag-wireless-bra","15":"product_tag-womens-bra","16":"pa_color-beige","17":"pa_color-black","18":"pa_color-white","19":"pa_size-4xl","20":"pa_size-5xl","21":"pa_size-l","22":"pa_size-m","23":"pa_size-s","24":"pa_size-xl","25":"pa_size-xxl","26":"pa_size-xxxl","27":"desktop-align-center","28":"tablet-align-left","29":"mobile-align-left","30":"ast-product-gallery-layout-horizontal-slider","31":"ast-product-single-variable","32":"ast-product-tabs-layout-horizontal","33":"ast-qv-on-image","35":"first","36":"instock","37":"shipping-taxable","38":"purchasable","39":"product-type-variable"},"tiered_pricing_type":"fixed","tiered_pricing_fixed_rules":{"2":3.59,"30":3.09,"100":2.69},"tiered_pricing_product_settings":{"layout":"default","base_unit_name":{"singular":null,"plural":null},"default_variation":null},"tiered_pricing_minimum_quantity":null,"tiered_pricing_roles_data":[],"tiered_pricing_percentage_rules":[],"_links":{"self":[{"href":"https:\/\/yume-silm.com\/es\/wp-json\/wp\/v2\/product\/6664","targetHints":{"allow":["GET"]}}],"collection":[{"href":"https:\/\/yume-silm.com\/es\/wp-json\/wp\/v2\/product"}],"about":[{"href":"https:\/\/yume-silm.com\/es\/wp-json\/wp\/v2\/types\/product"}],"replies":[{"embeddable":true,"href":"https:\/\/yume-silm.com\/es\/wp-json\/wp\/v2\/comments?post=6664"}],"wp:featuredmedia":[{"embeddable":true,"href":"https:\/\/yume-silm.com\/es\/wp-json\/wp\/v2\/media\/6692"}],"wp:attachment":[{"href":"https:\/\/yume-silm.com\/es\/wp-json\/wp\/v2\/media?parent=6664"}],"wp:term":[{"taxonomy":"product_brand","embeddable":true,"href":"https:\/\/yume-silm.com\/es\/wp-json\/wp\/v2\/product_brand?post=6664"},{"taxonomy":"product_cat","embeddable":true,"href":"https:\/\/yume-silm.com\/es\/wp-json\/wp\/v2\/product_cat?post=6664"},{"taxonomy":"product_tag","embeddable":true,"href":"https:\/\/yume-silm.com\/es\/wp-json\/wp\/v2\/product_tag?post=6664"}],"curies":[{"name":"wp","href":"https:\/\/api.w.org\/{rel}","templated":true}]}}