{"id":6699,"date":"2023-09-26T03:57:05","date_gmt":"2023-09-26T03:57:05","guid":{"rendered":"https:\/\/yume-silm.com\/?post_type=product&#038;p=6699"},"modified":"2024-05-11T06:54:18","modified_gmt":"2024-05-11T06:54:18","slug":"sujetador-comodo-de-encaje-de-algodon-para-mediana-edad-y-personas-mayores-de-talla-grande","status":"publish","type":"product","link":"https:\/\/yume-silm.com\/es\/producto-2\/sujetador-comodo-de-encaje-de-algodon-para-mediana-edad-y-personas-mayores-de-talla-grande\/","title":{"rendered":"Sujetador de encaje de algod\u00f3n al por mayor c\u00f3modo de talla grande ultrafino"},"content":{"rendered":"<h5>Caracter\u00edsticas detalladas:<\/h5>\n<ul>\n<li>Algod\u00f3n ultrafino sin acolchado, hasta algod\u00f3n 85%, ligero y transpirable.<\/li>\n<li>Delicados detalles de encaje floral, delicados y sexy.<\/li>\n<li>Tirantes anchos, c\u00f3modos y ajustables, c\u00f3modos y sin estr\u00e9s.<\/li>\n<li>Copas grandes y llenas, espalda en forma de U, bonita y elegante.<\/li>\n<li>Dobladillo el\u00e1stico inal\u00e1mbrico, reduce la sensaci\u00f3n de esclavitud, apoya eficazmente el pecho.<\/li>\n<\/ul>\n<h6><em>Sujetador c\u00f3modo de talla grande de algod\u00f3n con encaje para mediana edad<\/em><\/h6>\n<ul>\n<li>Dise\u00f1ado pensando en la comodidad, nuestro sujetador de encaje de algod\u00f3n ofrece soporte confiable sin sacrificar el estilo. El sujetador de algod\u00f3n de talla grande con fibras naturales acaricia suavemente tu piel, brind\u00e1ndote una sensaci\u00f3n suave y no irritante. Los detalles de encaje adornan el sujetador y a\u00f1aden un toque de romance a tus prendas b\u00e1sicas del d\u00eda a d\u00eda. El dise\u00f1o sin fondo y los tirantes anchos ajustables de este sujetador fruncido te brindan un ajuste seguro. Logra plenamente la comodidad de mediana edad.<\/li>\n<li>Nuestro sujetador de encaje de algod\u00f3n de talla grande mostrar\u00e1 tu belleza natural y te har\u00e1 sentir segura y empoderada. El sujetador de encaje de algod\u00f3n muestra comodidad, estilo y personalidad, abrazando tus curvas y aumentando tu confianza con cada uso.<\/li>\n<li>La combinaci\u00f3n perfecta de algod\u00f3n y encaje crea una pieza vers\u00e1til que complementa cualquier conjunto, asegurando que te sientas fabulosa de d\u00eda o de noche.<\/li>\n<\/ul>","protected":false},"excerpt":{"rendered":"<p>\u00bfTe gusta este sujetador de apoyo? Este sujetador est\u00e1 disponible en una variedad de colores y tama\u00f1os. Muestra tus curvas y vu\u00e9lvete m\u00e1s segura y hermosa.<\/p>","protected":false},"featured_media":6750,"comment_status":"open","ping_status":"closed","template":"","meta":{"site-sidebar-layout":"default","site-content-layout":"","ast-site-content-layout":"default","site-content-style":"default","site-sidebar-style":"default","ast-global-header-display":"","ast-banner-title-visibility":"","ast-main-header-display":"","ast-hfb-above-header-display":"","ast-hfb-below-header-display":"","ast-hfb-mobile-header-display":"","site-post-title":"","ast-breadcrumbs-content":"","ast-featured-img":"","footer-sml-layout":"","ast-disable-related-posts":"","theme-transparent-header-meta":"default","adv-header-id-meta":"","stick-header-meta":"default","header-above-stick-meta":"","header-main-stick-meta":"","header-below-stick-meta":"","astra-migrate-meta-layouts":"set","ast-page-background-enabled":"default","ast-page-background-meta":{"desktop":{"background-color":"","background-image":"","background-repeat":"repeat","background-position":"center center","background-size":"auto","background-attachment":"scroll","background-type":"","background-media":"","overlay-type":"","overlay-color":"","overlay-opacity":"","overlay-gradient":""},"tablet":{"background-color":"","background-image":"","background-repeat":"repeat","background-position":"center center","background-size":"auto","background-attachment":"scroll","background-type":"","background-media":"","overlay-type":"","overlay-color":"","overlay-opacity":"","overlay-gradient":""},"mobile":{"background-color":"","background-image":"","background-repeat":"repeat","background-position":"center center","background-size":"auto","background-attachment":"scroll","background-type":"","background-media":"","overlay-type":"","overlay-color":"","overlay-opacity":"","overlay-gradient":""}},"ast-content-background-meta":{"desktop":{"background-color":"var(--ast-global-color-5)","background-image":"","background-repeat":"repeat","background-position":"center center","background-size":"auto","background-attachment":"scroll","background-type":"","background-media":"","overlay-type":"","overlay-color":"","overlay-opacity":"","overlay-gradient":""},"tablet":{"background-color":"var(--ast-global-color-5)","background-image":"","background-repeat":"repeat","background-position":"center center","background-size":"auto","background-attachment":"scroll","background-type":"","background-media":"","overlay-type":"","overlay-color":"","overlay-opacity":"","overlay-gradient":""},"mobile":{"background-color":"var(--ast-global-color-5)","background-image":"","background-repeat":"repeat","background-position":"center center","background-size":"auto","background-attachment":"scroll","background-type":"","background-media":"","overlay-type":"","overlay-color":"","overlay-opacity":"","overlay-gradient":""}}},"product_brand":[],"product_cat":[76,259,583],"product_tag":[398,399,400,397,396],"class_list":{"0":"post-6699","1":"product","2":"type-product","3":"status-publish","4":"has-post-thumbnail","6":"product_cat-new-arrivels","7":"product_cat-lingerie","8":"product_cat-plus-size-underwear","9":"product_tag-cotton-bra","10":"product_tag-cotton-lace-bra","11":"product_tag-plus-size-bra","12":"product_tag-plus-size-underwear","13":"product_tag-womens-underwear","14":"pa_color-beige","15":"pa_color-black","16":"pa_color-gray","17":"pa_color-skin","18":"pa_size-100e","19":"pa_size-100f","20":"pa_size-105e","21":"pa_size-105f","22":"pa_size-110e","23":"pa_size-110f","24":"pa_size-115e","25":"pa_size-115f","26":"pa_size-90e","27":"pa_size-90f","28":"pa_size-95e","29":"pa_size-95f","30":"desktop-align-center","31":"tablet-align-left","32":"mobile-align-left","33":"ast-product-gallery-layout-horizontal-slider","34":"ast-product-single-variable","35":"ast-product-tabs-layout-horizontal","36":"ast-qv-on-image","38":"first","39":"instock","40":"shipping-taxable","41":"purchasable","42":"product-type-variable"},"tiered_pricing_type":"fixed","tiered_pricing_fixed_rules":{"2":7.99,"50":6.89,"100":5.99},"tiered_pricing_product_settings":{"layout":"default","base_unit_name":{"singular":null,"plural":null},"default_variation":{}},"tiered_pricing_minimum_quantity":null,"tiered_pricing_roles_data":[],"tiered_pricing_percentage_rules":[],"_links":{"self":[{"href":"https:\/\/yume-silm.com\/es\/wp-json\/wp\/v2\/product\/6699","targetHints":{"allow":["GET"]}}],"collection":[{"href":"https:\/\/yume-silm.com\/es\/wp-json\/wp\/v2\/product"}],"about":[{"href":"https:\/\/yume-silm.com\/es\/wp-json\/wp\/v2\/types\/product"}],"replies":[{"embeddable":true,"href":"https:\/\/yume-silm.com\/es\/wp-json\/wp\/v2\/comments?post=6699"}],"wp:featuredmedia":[{"embeddable":true,"href":"https:\/\/yume-silm.com\/es\/wp-json\/wp\/v2\/media\/6750"}],"wp:attachment":[{"href":"https:\/\/yume-silm.com\/es\/wp-json\/wp\/v2\/media?parent=6699"}],"wp:term":[{"taxonomy":"product_brand","embeddable":true,"href":"https:\/\/yume-silm.com\/es\/wp-json\/wp\/v2\/product_brand?post=6699"},{"taxonomy":"product_cat","embeddable":true,"href":"https:\/\/yume-silm.com\/es\/wp-json\/wp\/v2\/product_cat?post=6699"},{"taxonomy":"product_tag","embeddable":true,"href":"https:\/\/yume-silm.com\/es\/wp-json\/wp\/v2\/product_tag?post=6699"}],"curies":[{"name":"wp","href":"https:\/\/api.w.org\/{rel}","templated":true}]}}