{"id":6757,"date":"2023-09-26T05:40:56","date_gmt":"2023-09-26T05:40:56","guid":{"rendered":"https:\/\/yume-silm.com\/?post_type=product&#038;p=6757"},"modified":"2024-05-11T07:02:00","modified_gmt":"2024-05-11T07:02:00","slug":"sujetador-de-talla-grande-con-boton-frontal-push-up-y-soporte-lateral","status":"publish","type":"product","link":"https:\/\/yume-silm.com\/es\/producto-2\/sujetador-de-talla-grande-con-boton-frontal-push-up-y-soporte-lateral\/","title":{"rendered":"Venta al por mayor Bot\u00f3n delantero correctivo de la parte posterior hermosa del sujetador deportivo del tama\u00f1o extra grande"},"content":{"rendered":"<h5>Caracter\u00edsticas detalladas<\/h5>\n<ul>\n<li><strong>SOPORTE INIGUALABLE:<\/strong> Nuestro sujetador deportivo de talla grande con dise\u00f1o de cierre frontal es f\u00e1cil de poner y quitar, especialmente para mujeres que se preocupan por la comodidad y la moda. Las correas anchas y las bandas inferiores reforzadas brindan el soporte que necesita para minimizar el rebote y aumentar la confianza. Ya sea que vayas al gimnasio, corras o practiques yoga, nuestros sujetadores te mantendr\u00e1n segura y c\u00f3moda.<\/li>\n<li><strong>AJUSTE C\u00d3MODO:<\/strong> Nuestra ropa interior de talla grande est\u00e1 hecha de spandex 30% y nailon 70%, que es suave al tacto, duradero y el\u00e1stico. La tecnolog\u00eda que absorbe la humedad garantiza que te mantengas fresco y seco incluso durante los entrenamientos m\u00e1s intensos.<\/li>\n<li><strong>DISE\u00d1O IMPULSADO POR EL RENDIMIENTO:<\/strong> Nuestro sujetador deportivo cruzado ajustable de alto impacto presenta un dise\u00f1o orientado al rendimiento que se adapta a tu entrenamiento. El sujetador correctivo 2 en 1 facilita enderezar la espalda y el estilo cruzado mejora la flexibilidad y la ternura.<\/li>\n<li><strong>ESTILO DE VANGUARDIA:<\/strong> Este bonito sujetador deportivo con espalda viene en dos colores vers\u00e1tiles pero naturales: tono piel y negro. Aseg\u00farate de lucir tan bien como te sientes. Nuestra colecci\u00f3n te permite expresar tu estilo personal mientras conquistas tu viaje fitness.<\/li>\n<li><strong>TAMA\u00d1O INCLUIDO:<\/strong> Creemos en la inclusi\u00f3n, por eso nuestros sujetadores deportivos de talla grande est\u00e1n disponibles en una amplia gama de tallas. Acepta tus curvas y encuentra el ajuste perfecto que te apoye en cada paso del camino.<\/li>\n<\/ul>\n<h6><em>Ropa interior deportiva de talla grande c\u00f3moda y sin estr\u00e9s<\/em><\/h6>\n<ul>\n<li>Mejora tu armario de ropa deportiva con nuestros sujetadores deportivos de talla grande. Porque toda mujer merece sentirse segura, c\u00f3moda y lista para conquistar cualquier desaf\u00edo de fitness.<\/li>\n<\/ul>","protected":false},"excerpt":{"rendered":"<ul>\n<li>El sujetador deportivo de talla grande con cierre frontal combina soporte, estilo y comodidad para un ajuste ligero, natural, elegante y hermoso.<\/li>\n<li>Puede usarse para uso diario o combinarse con un vestido. Sea su yo seguro.<\/li>\n<\/ul>","protected":false},"featured_media":6774,"comment_status":"open","ping_status":"closed","template":"","meta":{"site-sidebar-layout":"default","site-content-layout":"","ast-site-content-layout":"default","site-content-style":"default","site-sidebar-style":"default","ast-global-header-display":"","ast-banner-title-visibility":"","ast-main-header-display":"","ast-hfb-above-header-display":"","ast-hfb-below-header-display":"","ast-hfb-mobile-header-display":"","site-post-title":"","ast-breadcrumbs-content":"","ast-featured-img":"","footer-sml-layout":"","ast-disable-related-posts":"","theme-transparent-header-meta":"default","adv-header-id-meta":"","stick-header-meta":"default","header-above-stick-meta":"","header-main-stick-meta":"","header-below-stick-meta":"","astra-migrate-meta-layouts":"set","ast-page-background-enabled":"default","ast-page-background-meta":{"desktop":{"background-color":"","background-image":"","background-repeat":"repeat","background-position":"center center","background-size":"auto","background-attachment":"scroll","background-type":"","background-media":"","overlay-type":"","overlay-color":"","overlay-opacity":"","overlay-gradient":""},"tablet":{"background-color":"","background-image":"","background-repeat":"repeat","background-position":"center center","background-size":"auto","background-attachment":"scroll","background-type":"","background-media":"","overlay-type":"","overlay-color":"","overlay-opacity":"","overlay-gradient":""},"mobile":{"background-color":"","background-image":"","background-repeat":"repeat","background-position":"center center","background-size":"auto","background-attachment":"scroll","background-type":"","background-media":"","overlay-type":"","overlay-color":"","overlay-opacity":"","overlay-gradient":""}},"ast-content-background-meta":{"desktop":{"background-color":"var(--ast-global-color-5)","background-image":"","background-repeat":"repeat","background-position":"center center","background-size":"auto","background-attachment":"scroll","background-type":"","background-media":"","overlay-type":"","overlay-color":"","overlay-opacity":"","overlay-gradient":""},"tablet":{"background-color":"var(--ast-global-color-5)","background-image":"","background-repeat":"repeat","background-position":"center center","background-size":"auto","background-attachment":"scroll","background-type":"","background-media":"","overlay-type":"","overlay-color":"","overlay-opacity":"","overlay-gradient":""},"mobile":{"background-color":"var(--ast-global-color-5)","background-image":"","background-repeat":"repeat","background-position":"center center","background-size":"auto","background-attachment":"scroll","background-type":"","background-media":"","overlay-type":"","overlay-color":"","overlay-opacity":"","overlay-gradient":""}}},"product_brand":[],"product_cat":[76,259,583],"product_tag":[395,394,397,393,396],"class_list":{"0":"post-6757","1":"product","2":"type-product","3":"status-publish","4":"has-post-thumbnail","6":"product_cat-new-arrivels","7":"product_cat-lingerie","8":"product_cat-plus-size-underwear","9":"product_tag-beautiful-back-bra","10":"product_tag-corrective-bra","11":"product_tag-plus-size-underwear","12":"product_tag-sports-bra","13":"product_tag-womens-underwear","14":"pa_color-beige","15":"pa_color-black","16":"pa_size-4xl","17":"pa_size-5xl","18":"pa_size-l","19":"pa_size-m","20":"pa_size-xl","21":"pa_size-xxl","22":"pa_size-xxxl","23":"desktop-align-center","24":"tablet-align-left","25":"mobile-align-left","26":"ast-product-gallery-layout-horizontal-slider","27":"ast-product-single-variable","28":"ast-product-tabs-layout-horizontal","29":"ast-qv-on-image","31":"first","32":"instock","33":"shipping-taxable","34":"purchasable","35":"product-type-variable"},"tiered_pricing_type":"fixed","tiered_pricing_fixed_rules":{"2":3.59,"30":3.09,"100":2.69},"tiered_pricing_product_settings":{"layout":"default","base_unit_name":{"singular":null,"plural":null},"default_variation":{}},"tiered_pricing_minimum_quantity":null,"tiered_pricing_roles_data":[],"tiered_pricing_percentage_rules":[],"_links":{"self":[{"href":"https:\/\/yume-silm.com\/es\/wp-json\/wp\/v2\/product\/6757","targetHints":{"allow":["GET"]}}],"collection":[{"href":"https:\/\/yume-silm.com\/es\/wp-json\/wp\/v2\/product"}],"about":[{"href":"https:\/\/yume-silm.com\/es\/wp-json\/wp\/v2\/types\/product"}],"replies":[{"embeddable":true,"href":"https:\/\/yume-silm.com\/es\/wp-json\/wp\/v2\/comments?post=6757"}],"wp:featuredmedia":[{"embeddable":true,"href":"https:\/\/yume-silm.com\/es\/wp-json\/wp\/v2\/media\/6774"}],"wp:attachment":[{"href":"https:\/\/yume-silm.com\/es\/wp-json\/wp\/v2\/media?parent=6757"}],"wp:term":[{"taxonomy":"product_brand","embeddable":true,"href":"https:\/\/yume-silm.com\/es\/wp-json\/wp\/v2\/product_brand?post=6757"},{"taxonomy":"product_cat","embeddable":true,"href":"https:\/\/yume-silm.com\/es\/wp-json\/wp\/v2\/product_cat?post=6757"},{"taxonomy":"product_tag","embeddable":true,"href":"https:\/\/yume-silm.com\/es\/wp-json\/wp\/v2\/product_tag?post=6757"}],"curies":[{"name":"wp","href":"https:\/\/api.w.org\/{rel}","templated":true}]}}