{"id":6931,"date":"2023-11-11T03:40:22","date_gmt":"2023-11-11T03:40:22","guid":{"rendered":"https:\/\/yume-silm.com\/?post_type=product&#038;p=6931"},"modified":"2024-05-11T07:04:50","modified_gmt":"2024-05-11T07:04:50","slug":"sujetador-de-talla-grande-con-boton-frontal-push-up-y-soporte-lateral-2","status":"publish","type":"product","link":"https:\/\/yume-silm.com\/es\/producto-2\/sujetador-de-talla-grande-con-boton-frontal-push-up-y-soporte-lateral-2\/","title":{"rendered":"Sujetador el\u00e1stico sin costuras para mujer personalizable al por mayor"},"content":{"rendered":"<h5>Caracteristicas de dise\u00f1o<\/h5>\n<ul>\n<li><strong>DISE\u00d1O INCONS\u00daTIL:<\/strong> El dise\u00f1o sin costuras de la ropa interior ligeramente forrada te permite disfrutar de un ajuste suave para cualquier ocasi\u00f3n, brind\u00e1ndote la m\u00e1xima comodidad.<\/li>\n<li><strong>TELA DE CALIDAD PREMIUM:<\/strong> Nuestros conjuntos de lencer\u00eda de copa completa para mujer est\u00e1n confeccionados con telas suaves y transpirables que son el\u00e1sticas y duraderas, se adaptan a la forma de su cuerpo y brindan comodidad y durabilidad durante todo el d\u00eda.<\/li>\n<li><strong>LOGOTIPOS PERSONALIZABLES:<\/strong> Agregue su logotipo a estos conjuntos de lencer\u00eda femenina premium para mejorar el conocimiento de la marca o el estilo personal.<\/li>\n<li><strong>FUNCI\u00d3N VERS\u00c1TIL:<\/strong> Lencer\u00eda invisible que te permite usarla a diario sin dejar marcas o puedes ocultarla f\u00e1cilmente debajo de tus vestidos y trajes favoritos. La comodidad de la ropa interior, que incluso puedes usar mientras duermes, te enamorar\u00e1 de la sensaci\u00f3n.<\/li>\n<li><strong>VARIOS TAMA\u00d1OS DISPONIBLES:<\/strong> Sujetador push-up triangular disponible en varios tama\u00f1os para garantizar un buen ajuste para todas.<\/li>\n<\/ul>\n<h6><em>Sujetador de copa completa, c\u00f3modo, suave y sin costuras para mujer<\/em><\/h6>\n<ul>\n<li>Este sujetador el\u00e1stico sin costuras personalizable para mujer con precios mayoristas competitivos y opciones de personalizaci\u00f3n es ideal para minoristas y promociones. \u00a1Bienvenido a comprar!<\/li>\n<\/ul>","protected":false},"excerpt":{"rendered":"<p>Mejora tu colecci\u00f3n de ropa \u00edntima con nuestro sujetador el\u00e1stico sin costuras personalizable para mujer. Dise\u00f1ados para brindar comodidad y estilo, estos conjuntos ofrecen la opci\u00f3n de agregar su logotipo, lo que los hace perfectos para la promoci\u00f3n de la marca o una personalizaci\u00f3n \u00fanica.<\/p>","protected":false},"featured_media":6968,"comment_status":"open","ping_status":"closed","template":"","meta":{"site-sidebar-layout":"default","site-content-layout":"","ast-site-content-layout":"default","site-content-style":"default","site-sidebar-style":"default","ast-global-header-display":"","ast-banner-title-visibility":"","ast-main-header-display":"","ast-hfb-above-header-display":"","ast-hfb-below-header-display":"","ast-hfb-mobile-header-display":"","site-post-title":"","ast-breadcrumbs-content":"","ast-featured-img":"","footer-sml-layout":"","ast-disable-related-posts":"","theme-transparent-header-meta":"default","adv-header-id-meta":"","stick-header-meta":"default","header-above-stick-meta":"","header-main-stick-meta":"","header-below-stick-meta":"","astra-migrate-meta-layouts":"set","ast-page-background-enabled":"default","ast-page-background-meta":{"desktop":{"background-color":"","background-image":"","background-repeat":"repeat","background-position":"center center","background-size":"auto","background-attachment":"scroll","background-type":"","background-media":"","overlay-type":"","overlay-color":"","overlay-opacity":"","overlay-gradient":""},"tablet":{"background-color":"","background-image":"","background-repeat":"repeat","background-position":"center center","background-size":"auto","background-attachment":"scroll","background-type":"","background-media":"","overlay-type":"","overlay-color":"","overlay-opacity":"","overlay-gradient":""},"mobile":{"background-color":"","background-image":"","background-repeat":"repeat","background-position":"center center","background-size":"auto","background-attachment":"scroll","background-type":"","background-media":"","overlay-type":"","overlay-color":"","overlay-opacity":"","overlay-gradient":""}},"ast-content-background-meta":{"desktop":{"background-color":"var(--ast-global-color-5)","background-image":"","background-repeat":"repeat","background-position":"center center","background-size":"auto","background-attachment":"scroll","background-type":"","background-media":"","overlay-type":"","overlay-color":"","overlay-opacity":"","overlay-gradient":""},"tablet":{"background-color":"var(--ast-global-color-5)","background-image":"","background-repeat":"repeat","background-position":"center center","background-size":"auto","background-attachment":"scroll","background-type":"","background-media":"","overlay-type":"","overlay-color":"","overlay-opacity":"","overlay-gradient":""},"mobile":{"background-color":"var(--ast-global-color-5)","background-image":"","background-repeat":"repeat","background-position":"center center","background-size":"auto","background-attachment":"scroll","background-type":"","background-media":"","overlay-type":"","overlay-color":"","overlay-opacity":"","overlay-gradient":""}}},"product_brand":[],"product_cat":[76,259,583],"product_tag":[428,429,430],"class_list":{"0":"post-6931","1":"product","2":"type-product","3":"status-publish","4":"has-post-thumbnail","6":"product_cat-new-arrivels","7":"product_cat-lingerie","8":"product_cat-plus-size-underwear","9":"product_tag-customizable-underwear","10":"product_tag-leisure","11":"product_tag-push-up-bra","12":"pa_color-beige","13":"pa_color-black","14":"pa_color-coffee","15":"pa_color-pink","16":"pa_color-red","17":"pa_color-white","18":"pa_size-m-l","19":"pa_size-s-m","20":"desktop-align-center","21":"tablet-align-left","22":"mobile-align-left","23":"ast-product-gallery-layout-horizontal-slider","24":"ast-product-single-variable","25":"ast-product-tabs-layout-horizontal","26":"ast-qv-on-image","28":"first","29":"instock","30":"shipping-taxable","31":"purchasable","32":"product-type-variable"},"tiered_pricing_type":"fixed","tiered_pricing_fixed_rules":{"2":7.68,"30":7.39,"100":7.19},"tiered_pricing_product_settings":{"layout":"default","base_unit_name":{"singular":null,"plural":null},"default_variation":{}},"tiered_pricing_minimum_quantity":null,"tiered_pricing_roles_data":[],"tiered_pricing_percentage_rules":[],"_links":{"self":[{"href":"https:\/\/yume-silm.com\/es\/wp-json\/wp\/v2\/product\/6931","targetHints":{"allow":["GET"]}}],"collection":[{"href":"https:\/\/yume-silm.com\/es\/wp-json\/wp\/v2\/product"}],"about":[{"href":"https:\/\/yume-silm.com\/es\/wp-json\/wp\/v2\/types\/product"}],"replies":[{"embeddable":true,"href":"https:\/\/yume-silm.com\/es\/wp-json\/wp\/v2\/comments?post=6931"}],"wp:featuredmedia":[{"embeddable":true,"href":"https:\/\/yume-silm.com\/es\/wp-json\/wp\/v2\/media\/6968"}],"wp:attachment":[{"href":"https:\/\/yume-silm.com\/es\/wp-json\/wp\/v2\/media?parent=6931"}],"wp:term":[{"taxonomy":"product_brand","embeddable":true,"href":"https:\/\/yume-silm.com\/es\/wp-json\/wp\/v2\/product_brand?post=6931"},{"taxonomy":"product_cat","embeddable":true,"href":"https:\/\/yume-silm.com\/es\/wp-json\/wp\/v2\/product_cat?post=6931"},{"taxonomy":"product_tag","embeddable":true,"href":"https:\/\/yume-silm.com\/es\/wp-json\/wp\/v2\/product_tag?post=6931"}],"curies":[{"name":"wp","href":"https:\/\/api.w.org\/{rel}","templated":true}]}}