{"id":6969,"date":"2023-11-11T06:15:44","date_gmt":"2023-11-11T06:15:44","guid":{"rendered":"https:\/\/yume-silm.com\/?post_type=product&#038;p=6969"},"modified":"2024-01-25T02:46:49","modified_gmt":"2024-01-25T02:46:49","slug":"top-sin-costuras-con-escote-en-u-y-espalda-en-forma-de-u-2","status":"publish","type":"product","link":"https:\/\/yume-silm.com\/es\/producto-2\/top-sin-costuras-con-escote-en-u-y-espalda-en-forma-de-u-2\/","title":{"rendered":"Venta al por mayor Fajas sin mangas de compresi\u00f3n para hombres"},"content":{"rendered":"<h5><strong>Camiseta moldeadora de compresi\u00f3n para hombre<\/strong><\/h5>\n<ul>\n<li><strong>RESULTADOS ADELGAZANTES:<\/strong> Camiseta moldeadora de abdomen que brinda compresi\u00f3n y soporte espec\u00edficos. Se adapta al abdomen para lograr un aspecto m\u00e1s suave y tonificado, al mismo tiempo que permite un movimiento sin restricciones durante los entrenamientos o las actividades diarias. \u00dasela debajo de una variedad de prendas para lograr un efecto adelgazante inmediato. Puede ser un recordatorio constante para perder peso, mantenerse en forma y ganar confianza.<\/li>\n<li><strong>TRANSPIRABLE Y FLEXIBLE:<\/strong> El nailon y el spandex est\u00e1n tejidos de manera compacta para aplanar el pecho y el abdomen. Es el\u00e1stico y transpirable, lo que lo mantiene fresco y seco sin importar la intensidad del entrenamiento del d\u00eda. El material el\u00e1stico y liviano garantiza la m\u00e1xima comodidad sin comprometer la forma.<\/li>\n<li><strong>ESTILO VERS\u00c1TIL:<\/strong> La versatilidad de la ropa interior de compresi\u00f3n se combina perfectamente con tu estilo de vida para brindar el soporte y el modelado que necesitas, lo que hace que esta camiseta sin mangas sea la compa\u00f1era ideal ya sea que vayas al gimnasio, salgas a correr o simplemente realices tus actividades diarias.<\/li>\n<li><strong>PERSONALIZAR:<\/strong> Personaliza esta camiseta sin mangas con tu logotipo o embalaje preferido, perfecta para la marca o una personalizaci\u00f3n \u00fanica.<\/li>\n<li><strong>TAMA\u00d1O INCLUIDO:<\/strong> Nuestras camisetas sin mangas moldeadoras de abdomen est\u00e1n disponibles en una variedad de tama\u00f1os. Suavizan el abdomen para lograr una silueta m\u00e1s estilizada, lo que da como resultado un aumento instant\u00e1neo de la confianza. Perfectas para combinar con sudaderas, camisetas, su\u00e9teres y camisas formales. Acepta tus curvas y siente el poder.<\/li>\n<\/ul>\n<h6><em>Fajas de compresi\u00f3n para bajar de peso para hombres<\/em><\/h6>\n<p>Nuestras camisetas de compresi\u00f3n moldeadoras para hombre son un art\u00edculo imprescindible para quienes buscan una combinaci\u00f3n de estilo, comodidad y funcionalidad. Ideal para mayoristas que buscan ofrecer ropa deportiva de calidad. \u00a1Haz tu pedido ahora y mejora tu gama!<\/p>","protected":false},"excerpt":{"rendered":"<p>El compa\u00f1ero definitivo para quienes buscan moldear y mejorar las curvas abdominales manteniendo la comodidad y la flexibilidad. La camiseta sin mangas de compresi\u00f3n moldea el pecho, la cintura y el abdomen, evitando la aparici\u00f3n de agrandamiento de los senos o \u201csenos masculinos\u201d.<\/p>","protected":false},"featured_media":6993,"comment_status":"open","ping_status":"closed","template":"","meta":{"site-sidebar-layout":"default","site-content-layout":"default","ast-site-content-layout":"default","site-content-style":"default","site-sidebar-style":"default","ast-global-header-display":"","ast-banner-title-visibility":"","ast-main-header-display":"","ast-hfb-above-header-display":"","ast-hfb-below-header-display":"","ast-hfb-mobile-header-display":"","site-post-title":"","ast-breadcrumbs-content":"","ast-featured-img":"","footer-sml-layout":"","ast-disable-related-posts":"","theme-transparent-header-meta":"default","adv-header-id-meta":"","stick-header-meta":"default","header-above-stick-meta":"","header-main-stick-meta":"","header-below-stick-meta":"","astra-migrate-meta-layouts":"set","ast-page-background-enabled":"default","ast-page-background-meta":{"desktop":{"background-color":"","background-image":"","background-repeat":"repeat","background-position":"center center","background-size":"auto","background-attachment":"scroll","background-type":"","background-media":"","overlay-type":"","overlay-color":"","overlay-opacity":"","overlay-gradient":""},"tablet":{"background-color":"","background-image":"","background-repeat":"repeat","background-position":"center center","background-size":"auto","background-attachment":"scroll","background-type":"","background-media":"","overlay-type":"","overlay-color":"","overlay-opacity":"","overlay-gradient":""},"mobile":{"background-color":"","background-image":"","background-repeat":"repeat","background-position":"center center","background-size":"auto","background-attachment":"scroll","background-type":"","background-media":"","overlay-type":"","overlay-color":"","overlay-opacity":"","overlay-gradient":""}},"ast-content-background-meta":{"desktop":{"background-color":"var(--ast-global-color-5)","background-image":"","background-repeat":"repeat","background-position":"center center","background-size":"auto","background-attachment":"scroll","background-type":"","background-media":"","overlay-type":"","overlay-color":"","overlay-opacity":"","overlay-gradient":""},"tablet":{"background-color":"var(--ast-global-color-5)","background-image":"","background-repeat":"repeat","background-position":"center center","background-size":"auto","background-attachment":"scroll","background-type":"","background-media":"","overlay-type":"","overlay-color":"","overlay-opacity":"","overlay-gradient":""},"mobile":{"background-color":"var(--ast-global-color-5)","background-image":"","background-repeat":"repeat","background-position":"center center","background-size":"auto","background-attachment":"scroll","background-type":"","background-media":"","overlay-type":"","overlay-color":"","overlay-opacity":"","overlay-gradient":""}}},"product_brand":[],"product_cat":[76,65,85,86],"product_tag":[409,410,408,185],"class_list":{"0":"post-6969","1":"product","2":"type-product","3":"status-publish","4":"has-post-thumbnail","6":"product_cat-new-arrivels","7":"product_cat-best-sellers","8":"product_cat-wholesale-mens-shapewear","9":"product_cat-wholesale-men-sliming-vest","10":"product_tag-compression-undershirt","11":"product_tag-mens-shapewear","12":"product_tag-weight-loss-shapewear","13":"product_tag-workout","14":"pa_color-black","15":"pa_color-white","16":"pa_size-l","17":"pa_size-m","18":"pa_size-xl","19":"pa_size-xxl","20":"pa_size-xxxl","21":"desktop-align-center","22":"tablet-align-left","23":"mobile-align-left","24":"ast-product-gallery-layout-horizontal-slider","25":"ast-product-single-variable","26":"ast-product-tabs-layout-horizontal","27":"ast-qv-on-image","29":"first","30":"instock","31":"shipping-taxable","32":"purchasable","33":"product-type-variable"},"tiered_pricing_type":"fixed","tiered_pricing_fixed_rules":{"2":7.99,"50":6.79,"300":5.79},"tiered_pricing_product_settings":{"layout":"default","base_unit_name":{"singular":null,"plural":null},"default_variation":{}},"tiered_pricing_minimum_quantity":null,"tiered_pricing_roles_data":[],"tiered_pricing_percentage_rules":[],"_links":{"self":[{"href":"https:\/\/yume-silm.com\/es\/wp-json\/wp\/v2\/product\/6969","targetHints":{"allow":["GET"]}}],"collection":[{"href":"https:\/\/yume-silm.com\/es\/wp-json\/wp\/v2\/product"}],"about":[{"href":"https:\/\/yume-silm.com\/es\/wp-json\/wp\/v2\/types\/product"}],"replies":[{"embeddable":true,"href":"https:\/\/yume-silm.com\/es\/wp-json\/wp\/v2\/comments?post=6969"}],"wp:featuredmedia":[{"embeddable":true,"href":"https:\/\/yume-silm.com\/es\/wp-json\/wp\/v2\/media\/6993"}],"wp:attachment":[{"href":"https:\/\/yume-silm.com\/es\/wp-json\/wp\/v2\/media?parent=6969"}],"wp:term":[{"taxonomy":"product_brand","embeddable":true,"href":"https:\/\/yume-silm.com\/es\/wp-json\/wp\/v2\/product_brand?post=6969"},{"taxonomy":"product_cat","embeddable":true,"href":"https:\/\/yume-silm.com\/es\/wp-json\/wp\/v2\/product_cat?post=6969"},{"taxonomy":"product_tag","embeddable":true,"href":"https:\/\/yume-silm.com\/es\/wp-json\/wp\/v2\/product_tag?post=6969"}],"curies":[{"name":"wp","href":"https:\/\/api.w.org\/{rel}","templated":true}]}}