{"id":6999,"date":"2023-11-11T06:53:51","date_gmt":"2023-11-11T06:53:51","guid":{"rendered":"https:\/\/yume-silm.com\/?post_type=product&#038;p=6999"},"modified":"2023-11-16T05:10:41","modified_gmt":"2023-11-16T05:10:41","slug":"al-por-mayor-pantalones-cortos-de-cintura-alta-para-hombre-con-control-de-barriga","status":"publish","type":"product","link":"https:\/\/yume-silm.com\/es\/producto-2\/al-por-mayor-pantalones-cortos-de-cintura-alta-para-hombre-con-control-de-barriga\/","title":{"rendered":"Pantalones cortos ajustables con control de barriga de cintura alta para hombres al por mayor"},"content":{"rendered":"<h5>Caracteristicas de dise\u00f1o<\/h5>\n<ul>\n<li>DISE\u00d1O DE CINTURA ALTA AJUSTABLE: El dise\u00f1o de cintura alta de nuestros pantalones cortos moldeadores para hombres se enfoca en el \u00e1rea de la secci\u00f3n media para brindar soporte y elasticidad, y el dise\u00f1o \u00fanico de cintura alta le permite experimentar una curva de abdomen m\u00e1s suave y apretada. Con su dise\u00f1o ajustable, la forma ajustable es f\u00e1cil y conveniente.<\/li>\n<li>ALMOHADILLAS DESMONTABLES: Estas fajas de compresi\u00f3n tienen goma adherida al borde superior, lo que las hace f\u00e1ciles de asegurar y evitan que se resbalen. No te preocupes por extenderte debido al movimiento.<\/li>\n<li>ALMOHADILLAS DE CADERA DESMONTABLES: Las caderas removibles de la faja moldeadora de cintura alta para hombres pueden brindarle una apariencia general regordeta, natural y atractiva cuando usa ropa formal, camisas o incluso ropa adelgazante como jeans en el exterior.<\/li>\n<li>SOPORTE 3D: Nuestros calzoncillos tipo b\u00f3xer para hombre tienen un dise\u00f1o en la entrepierna, soporte para bolsas 3D y aberturas en las puertas laterales, lo que los hace f\u00e1ciles de poner y quitar, lo que te hace sentir muy c\u00f3modo.<\/li>\n<li>TAMA\u00d1OS INCLUIDOS: Nuestra ropa interior de compresi\u00f3n para abdominoplastia est\u00e1 disponible en una amplia gama de tama\u00f1os para adaptarse a diferentes formas y tama\u00f1os del cuerpo. El tama\u00f1o flexible y las caracter\u00edsticas ajustables garantizan un ajuste personalizado y los beneficios de moldear independientemente de la silueta \u00fanica de cada uno.<\/li>\n<li>PERSONALIZAR: Se pueden personalizar con su logotipo o empaque preferido, lo que los hace ideales para marcas o productos \u00fanicos.<\/li>\n<\/ul>\n<h6><em>Faja moldeadora ajustable de cintura alta para hombre con almohadillas extra\u00edbles para las caderas<\/em><\/h6>\n<ul>\n<li>Nuestros pantalones cortos ajustables con control de barriga y cintura alta para hombre combinan funcionalidad y estilo, lo que los hace ideales para mayoristas que buscan ampliar su gama de productos modeladores para hombre. \u00a1Haz tu pedido ahora y ofrece a tus clientes un producto que combine comodidad y eficacia!<\/li>\n<\/ul>","protected":false},"excerpt":{"rendered":"<p>Enriquezca su inventario mayorista con nuestros pantalones cortos ajustables con control de abdomen y cintura alta para hombre y deje que sus clientes sientan la combinaci\u00f3n perfecta de discreci\u00f3n, comodidad y confianza en su uso diario. Estos pantalones cortos moldeadores est\u00e1n dise\u00f1ados para ser elegantes y brindar apoyo sin esfuerzo, permiti\u00e9ndoles dar lo mejor de s\u00ed mismos.<\/p>","protected":false},"featured_media":7016,"comment_status":"open","ping_status":"closed","template":"","meta":{"site-sidebar-layout":"default","site-content-layout":"","ast-site-content-layout":"default","site-content-style":"default","site-sidebar-style":"default","ast-global-header-display":"","ast-banner-title-visibility":"","ast-main-header-display":"","ast-hfb-above-header-display":"","ast-hfb-below-header-display":"","ast-hfb-mobile-header-display":"","site-post-title":"","ast-breadcrumbs-content":"","ast-featured-img":"","footer-sml-layout":"","ast-disable-related-posts":"","theme-transparent-header-meta":"default","adv-header-id-meta":"","stick-header-meta":"default","header-above-stick-meta":"","header-main-stick-meta":"","header-below-stick-meta":"","astra-migrate-meta-layouts":"set","ast-page-background-enabled":"default","ast-page-background-meta":{"desktop":{"background-color":"","background-image":"","background-repeat":"repeat","background-position":"center center","background-size":"auto","background-attachment":"scroll","background-type":"","background-media":"","overlay-type":"","overlay-color":"","overlay-opacity":"","overlay-gradient":""},"tablet":{"background-color":"","background-image":"","background-repeat":"repeat","background-position":"center center","background-size":"auto","background-attachment":"scroll","background-type":"","background-media":"","overlay-type":"","overlay-color":"","overlay-opacity":"","overlay-gradient":""},"mobile":{"background-color":"","background-image":"","background-repeat":"repeat","background-position":"center center","background-size":"auto","background-attachment":"scroll","background-type":"","background-media":"","overlay-type":"","overlay-color":"","overlay-opacity":"","overlay-gradient":""}},"ast-content-background-meta":{"desktop":{"background-color":"var(--ast-global-color-5)","background-image":"","background-repeat":"repeat","background-position":"center center","background-size":"auto","background-attachment":"scroll","background-type":"","background-media":"","overlay-type":"","overlay-color":"","overlay-opacity":"","overlay-gradient":""},"tablet":{"background-color":"var(--ast-global-color-5)","background-image":"","background-repeat":"repeat","background-position":"center center","background-size":"auto","background-attachment":"scroll","background-type":"","background-media":"","overlay-type":"","overlay-color":"","overlay-opacity":"","overlay-gradient":""},"mobile":{"background-color":"var(--ast-global-color-5)","background-image":"","background-repeat":"repeat","background-position":"center center","background-size":"auto","background-attachment":"scroll","background-type":"","background-media":"","overlay-type":"","overlay-color":"","overlay-opacity":"","overlay-gradient":""}}},"product_brand":[],"product_cat":[85,87],"product_tag":[412,413,410,414,411],"class_list":{"0":"post-6999","1":"product","2":"type-product","3":"status-publish","4":"has-post-thumbnail","6":"product_cat-wholesale-mens-shapewear","7":"product_cat-wholesale-men-control-panties","8":"product_tag-body-shaping","9":"product_tag-fitness","10":"product_tag-mens-shapewear","11":"product_tag-shaping-shorts","12":"product_tag-sports","13":"pa_color-black","14":"pa_size-4xl","15":"pa_size-5xl","16":"pa_size-6xl","17":"pa_size-l","18":"pa_size-m","19":"pa_size-s","20":"pa_size-xl","21":"pa_size-xxl","22":"pa_size-xxxl","23":"desktop-align-center","24":"tablet-align-left","25":"mobile-align-left","26":"ast-product-gallery-layout-horizontal-slider","27":"ast-product-single-variable","28":"ast-product-tabs-layout-horizontal","29":"ast-qv-on-image","31":"first","32":"instock","33":"shipping-taxable","34":"purchasable","35":"product-type-variable"},"tiered_pricing_type":"fixed","tiered_pricing_fixed_rules":{"2":8.69,"30":8.09,"500":6.79},"tiered_pricing_product_settings":{"layout":"default","base_unit_name":{"singular":null,"plural":null},"default_variation":{}},"tiered_pricing_minimum_quantity":null,"tiered_pricing_roles_data":[],"tiered_pricing_percentage_rules":[],"_links":{"self":[{"href":"https:\/\/yume-silm.com\/es\/wp-json\/wp\/v2\/product\/6999","targetHints":{"allow":["GET"]}}],"collection":[{"href":"https:\/\/yume-silm.com\/es\/wp-json\/wp\/v2\/product"}],"about":[{"href":"https:\/\/yume-silm.com\/es\/wp-json\/wp\/v2\/types\/product"}],"replies":[{"embeddable":true,"href":"https:\/\/yume-silm.com\/es\/wp-json\/wp\/v2\/comments?post=6999"}],"wp:featuredmedia":[{"embeddable":true,"href":"https:\/\/yume-silm.com\/es\/wp-json\/wp\/v2\/media\/7016"}],"wp:attachment":[{"href":"https:\/\/yume-silm.com\/es\/wp-json\/wp\/v2\/media?parent=6999"}],"wp:term":[{"taxonomy":"product_brand","embeddable":true,"href":"https:\/\/yume-silm.com\/es\/wp-json\/wp\/v2\/product_brand?post=6999"},{"taxonomy":"product_cat","embeddable":true,"href":"https:\/\/yume-silm.com\/es\/wp-json\/wp\/v2\/product_cat?post=6999"},{"taxonomy":"product_tag","embeddable":true,"href":"https:\/\/yume-silm.com\/es\/wp-json\/wp\/v2\/product_tag?post=6999"}],"curies":[{"name":"wp","href":"https:\/\/api.w.org\/{rel}","templated":true}]}}