{"id":7017,"date":"2023-11-11T07:28:13","date_gmt":"2023-11-11T07:28:13","guid":{"rendered":"https:\/\/yume-silm.com\/?post_type=product&#038;p=7017"},"modified":"2024-05-11T05:54:11","modified_gmt":"2024-05-11T05:54:11","slug":"venta-al-por-mayor-entrenador-de-cintura-de-latex-de-doble-capa-de-talla-grande-con-cremallera","status":"publish","type":"product","link":"https:\/\/yume-silm.com\/es\/producto-2\/venta-al-por-mayor-entrenador-de-cintura-de-latex-de-doble-capa-de-talla-grande-con-cremallera\/","title":{"rendered":"Entrenador de cintura de l\u00e1tex de doble capa al por mayor con cremallera"},"content":{"rendered":"<h5>Caracteristicas de dise\u00f1o<\/h5>\n<ul>\n<li><strong>DOBLE COMPRESI\u00d3N PARA DAR FORMA:<\/strong> La capa interior del entrenador de cintura con cremallera presenta un cierre de gancho y ojo para un f\u00e1cil ajuste y adaptarse lo m\u00e1s posible a su figura. La capa exterior del entrenador de cintura con cremallera est\u00e1 dise\u00f1ada con una cremallera para lograr una compresi\u00f3n de doble capa, reforzando el soporte y aplanando tu vientre r\u00e1pidamente.<\/li>\n<li><strong>C\u00d3MODO Y TRANSPIRABLE:<\/strong> El ajustador de cintura para mujer tiene peque\u00f1os orificios en todas partes, lo que lo hace c\u00f3modo y transpirable. Incluso durante actividades intensas mantiene una buena transpiraci\u00f3n y no es pegajoso. El entrenador de cintura est\u00e1 hecho de l\u00e1tex de alta calidad, que es duradero y el\u00e1stico para moverse con el cuerpo y se adapta mejor a la piel para una m\u00e1xima comodidad.<\/li>\n<li><strong>POSTURA MEJORADA:<\/strong> El entrenador de cintura de l\u00e1tex de doble capa de talla grande con cremallera ayuda a apoyar la espalda y promueve una postura adecuada, adecuado para usar durante los entrenamientos o las actividades diarias. Mientras tanto, este entrenador de cintura para mujer te ayuda a recortar instant\u00e1neamente tu cintura y tambi\u00e9n te ayuda a perder peso.<\/li>\n<li><strong>TAMA\u00d1O INCLUIDO:<\/strong> Cors\u00e9 de entrenamiento de cintura, varios tama\u00f1os para que elijas como quieras. Agregar opciones para personas de talla grande para garantizar un uso c\u00f3modo y bien ajustado. Dise\u00f1ado para figuras con curvas, acent\u00faa las curvas naturales al tiempo que brinda un soporte superior.<\/li>\n<li><strong>DESCUENTOS POR VOLUMEN:<\/strong> Compre al por mayor y disfrute de precios competitivos y atractivos descuentos por volumen para maximizar las ganancias de su negocio.<\/li>\n<\/ul>\n<h6><em>Faja moldeadora de cintura para mujer<\/em><\/h6>\n<ul>\n<li>Nuestro revolucionario entrenador de cintura de l\u00e1tex de doble capa con cremallera de talla grande es imprescindible para los mayoristas que desean ofrecer productos de calidad, c\u00f3modos y eficaces para moldear el cuerpo. Perfecto para entrenadores de cintura que buscan una combinaci\u00f3n de moda y funcionalidad. Recorta tu cintura instant\u00e1neamente y ten una cintura m\u00e1s delgada.<\/li>\n<\/ul>","protected":false},"excerpt":{"rendered":"<p>Mejora tu colecci\u00f3n de fajas con nuestro entrenador de cintura de l\u00e1tex de doble capa con cremallera. Perfecto para entrenadores de cintura que buscan una combinaci\u00f3n de moda y funcionalidad. Recorta instant\u00e1neamente tu cintura y ten una cintura m\u00e1s delgada.<\/p>","protected":false},"featured_media":7031,"comment_status":"open","ping_status":"closed","template":"","meta":{"site-sidebar-layout":"default","site-content-layout":"","ast-site-content-layout":"default","site-content-style":"default","site-sidebar-style":"default","ast-global-header-display":"","ast-banner-title-visibility":"","ast-main-header-display":"","ast-hfb-above-header-display":"","ast-hfb-below-header-display":"","ast-hfb-mobile-header-display":"","site-post-title":"","ast-breadcrumbs-content":"","ast-featured-img":"","footer-sml-layout":"","ast-disable-related-posts":"","theme-transparent-header-meta":"default","adv-header-id-meta":"","stick-header-meta":"default","header-above-stick-meta":"","header-main-stick-meta":"","header-below-stick-meta":"","astra-migrate-meta-layouts":"set","ast-page-background-enabled":"default","ast-page-background-meta":{"desktop":{"background-color":"","background-image":"","background-repeat":"repeat","background-position":"center center","background-size":"auto","background-attachment":"scroll","background-type":"","background-media":"","overlay-type":"","overlay-color":"","overlay-opacity":"","overlay-gradient":""},"tablet":{"background-color":"","background-image":"","background-repeat":"repeat","background-position":"center center","background-size":"auto","background-attachment":"scroll","background-type":"","background-media":"","overlay-type":"","overlay-color":"","overlay-opacity":"","overlay-gradient":""},"mobile":{"background-color":"","background-image":"","background-repeat":"repeat","background-position":"center center","background-size":"auto","background-attachment":"scroll","background-type":"","background-media":"","overlay-type":"","overlay-color":"","overlay-opacity":"","overlay-gradient":""}},"ast-content-background-meta":{"desktop":{"background-color":"var(--ast-global-color-5)","background-image":"","background-repeat":"repeat","background-position":"center center","background-size":"auto","background-attachment":"scroll","background-type":"","background-media":"","overlay-type":"","overlay-color":"","overlay-opacity":"","overlay-gradient":""},"tablet":{"background-color":"var(--ast-global-color-5)","background-image":"","background-repeat":"repeat","background-position":"center center","background-size":"auto","background-attachment":"scroll","background-type":"","background-media":"","overlay-type":"","overlay-color":"","overlay-opacity":"","overlay-gradient":""},"mobile":{"background-color":"var(--ast-global-color-5)","background-image":"","background-repeat":"repeat","background-position":"center center","background-size":"auto","background-attachment":"scroll","background-type":"","background-media":"","overlay-type":"","overlay-color":"","overlay-opacity":"","overlay-gradient":""}}},"product_brand":[],"product_cat":[90,93],"product_tag":[415,416,417,418,185],"class_list":{"0":"post-7017","1":"product","2":"type-product","3":"status-publish","4":"has-post-thumbnail","6":"product_cat-wholesale-waist-trainer","7":"product_cat-wholesale-plus-size-waist-trainer","8":"product_tag-lose-weight","9":"product_tag-shapewear","10":"product_tag-slim-fit","11":"product_tag-womens-waist-trainer","12":"product_tag-workout","13":"pa_color-beige","14":"pa_color-black","15":"pa_size-l","16":"pa_size-m","17":"pa_size-s","18":"pa_size-xl","19":"pa_size-xxl","20":"pa_size-xxxl","21":"desktop-align-center","22":"tablet-align-left","23":"mobile-align-left","24":"ast-product-gallery-layout-horizontal-slider","25":"ast-product-single-variable","26":"ast-product-tabs-layout-horizontal","27":"ast-qv-on-image","29":"first","30":"instock","31":"shipping-taxable","32":"purchasable","33":"product-type-variable"},"tiered_pricing_type":"fixed","tiered_pricing_fixed_rules":{"2":11.19,"30":10.19,"100":9.69},"tiered_pricing_product_settings":{"layout":"default","base_unit_name":{"singular":null,"plural":null},"default_variation":{}},"tiered_pricing_minimum_quantity":null,"tiered_pricing_roles_data":[],"tiered_pricing_percentage_rules":[],"_links":{"self":[{"href":"https:\/\/yume-silm.com\/es\/wp-json\/wp\/v2\/product\/7017","targetHints":{"allow":["GET"]}}],"collection":[{"href":"https:\/\/yume-silm.com\/es\/wp-json\/wp\/v2\/product"}],"about":[{"href":"https:\/\/yume-silm.com\/es\/wp-json\/wp\/v2\/types\/product"}],"replies":[{"embeddable":true,"href":"https:\/\/yume-silm.com\/es\/wp-json\/wp\/v2\/comments?post=7017"}],"wp:featuredmedia":[{"embeddable":true,"href":"https:\/\/yume-silm.com\/es\/wp-json\/wp\/v2\/media\/7031"}],"wp:attachment":[{"href":"https:\/\/yume-silm.com\/es\/wp-json\/wp\/v2\/media?parent=7017"}],"wp:term":[{"taxonomy":"product_brand","embeddable":true,"href":"https:\/\/yume-silm.com\/es\/wp-json\/wp\/v2\/product_brand?post=7017"},{"taxonomy":"product_cat","embeddable":true,"href":"https:\/\/yume-silm.com\/es\/wp-json\/wp\/v2\/product_cat?post=7017"},{"taxonomy":"product_tag","embeddable":true,"href":"https:\/\/yume-silm.com\/es\/wp-json\/wp\/v2\/product_tag?post=7017"}],"curies":[{"name":"wp","href":"https:\/\/api.w.org\/{rel}","templated":true}]}}