{"id":7039,"date":"2023-11-11T08:47:52","date_gmt":"2023-11-11T08:47:52","guid":{"rendered":"https:\/\/yume-silm.com\/?post_type=product&#038;p=7039"},"modified":"2024-05-11T05:58:08","modified_gmt":"2024-05-11T05:58:08","slug":"al-por-mayor-mono-de-manga-larga-con-cuello-alto-y-malla-jacquard","status":"publish","type":"product","link":"https:\/\/yume-silm.com\/es\/producto-2\/al-por-mayor-mono-de-manga-larga-con-cuello-alto-y-malla-jacquard\/","title":{"rendered":"Estilo largo del cuello alto de la malla del telar jacquar del mono de la manga de las mujeres al por mayor"},"content":{"rendered":"<h5>Caracteristicas de dise\u00f1o<\/h5>\n<ul>\n<li><strong>MODA DE CUELLO ALTO:<\/strong> El dise\u00f1o de cuello alto del body a\u00f1ade un toque de sofisticaci\u00f3n a tu look, perfecto para ocasiones formales o para vestir a diario.<\/li>\n<li><strong>MANGAS LARGAS ATRACTIVAS:<\/strong> La hermosa combinaci\u00f3n de jacquard y malla de las mangas largas es elegante pero seductora. La tela de malla jacquard cuidadosamente tejida irradia lujo y a\u00f1ade un toque de esplendor a cualquier conjunto. Este body de manga larga para mujer es una prenda ideal para combinar con todas las estaciones y estilos.<\/li>\n<li><strong>AJUSTE Y C\u00d3MODO:<\/strong> El corte favorecedor del body de manga larga para mujer acent\u00faa las curvas y proporciona una sujeci\u00f3n c\u00f3moda. Fabricado con material transpirable, garantiza comodidad sin comprometer el estilo incluso despu\u00e9s de largas horas de uso.<\/li>\n<li><strong>PIEZA VERS\u00c1TIL:<\/strong> Elija nuestro sexy leotardo de corte entallado para mujer para mostrar sin esfuerzo sus curvas sexys, ya sea que lo combine con jeans para una salida nocturna informal o lo coloque debajo de una chaqueta para un look de noche elegante.<\/li>\n<\/ul>\n<h6><em>Body sexy de malla jacquard delgado para mujer<\/em><\/h6>\n<ul>\n<li>Precios mayoristas exclusivos para maximizar tus m\u00e1rgenes de beneficio mientras ofreces a tus clientes productos irresistibles.<\/li>\n<\/ul>","protected":false},"excerpt":{"rendered":"<p>Disfruta de la sofisticaci\u00f3n y la seducci\u00f3n con el exquisito maillot de cuello alto de malla jacquard. Con un dise\u00f1o encantador, este body de manga larga para mujer ofrece la combinaci\u00f3n perfecta de estilo, comodidad y elegancia para la mujer moderna.<\/p>","protected":false},"featured_media":7046,"comment_status":"open","ping_status":"closed","template":"","meta":{"site-sidebar-layout":"default","site-content-layout":"","ast-site-content-layout":"default","site-content-style":"default","site-sidebar-style":"default","ast-global-header-display":"","ast-banner-title-visibility":"","ast-main-header-display":"","ast-hfb-above-header-display":"","ast-hfb-below-header-display":"","ast-hfb-mobile-header-display":"","site-post-title":"","ast-breadcrumbs-content":"","ast-featured-img":"","footer-sml-layout":"","ast-disable-related-posts":"","theme-transparent-header-meta":"default","adv-header-id-meta":"","stick-header-meta":"default","header-above-stick-meta":"","header-main-stick-meta":"","header-below-stick-meta":"","astra-migrate-meta-layouts":"set","ast-page-background-enabled":"default","ast-page-background-meta":{"desktop":{"background-color":"","background-image":"","background-repeat":"repeat","background-position":"center center","background-size":"auto","background-attachment":"scroll","background-type":"","background-media":"","overlay-type":"","overlay-color":"","overlay-opacity":"","overlay-gradient":""},"tablet":{"background-color":"","background-image":"","background-repeat":"repeat","background-position":"center center","background-size":"auto","background-attachment":"scroll","background-type":"","background-media":"","overlay-type":"","overlay-color":"","overlay-opacity":"","overlay-gradient":""},"mobile":{"background-color":"","background-image":"","background-repeat":"repeat","background-position":"center center","background-size":"auto","background-attachment":"scroll","background-type":"","background-media":"","overlay-type":"","overlay-color":"","overlay-opacity":"","overlay-gradient":""}},"ast-content-background-meta":{"desktop":{"background-color":"var(--ast-global-color-5)","background-image":"","background-repeat":"repeat","background-position":"center center","background-size":"auto","background-attachment":"scroll","background-type":"","background-media":"","overlay-type":"","overlay-color":"","overlay-opacity":"","overlay-gradient":""},"tablet":{"background-color":"var(--ast-global-color-5)","background-image":"","background-repeat":"repeat","background-position":"center center","background-size":"auto","background-attachment":"scroll","background-type":"","background-media":"","overlay-type":"","overlay-color":"","overlay-opacity":"","overlay-gradient":""},"mobile":{"background-color":"var(--ast-global-color-5)","background-image":"","background-repeat":"repeat","background-position":"center center","background-size":"auto","background-attachment":"scroll","background-type":"","background-media":"","overlay-type":"","overlay-color":"","overlay-opacity":"","overlay-gradient":""}}},"product_brand":[],"product_cat":[77,82],"product_tag":[419,421,420,422,417],"class_list":{"0":"post-7039","1":"product","2":"type-product","3":"status-publish","4":"has-post-thumbnail","6":"product_cat-wholesale-womens-shapewear","7":"product_cat-wholesale-shapewear-bodysuit","8":"product_tag-bodysuit","9":"product_tag-fashions","10":"product_tag-jacquard-weave-mesh","11":"product_tag-sex-appeal","12":"product_tag-slim-fit","13":"pa_color-black","14":"pa_size-l","15":"pa_size-m","16":"pa_size-s","17":"pa_size-xl","18":"desktop-align-center","19":"tablet-align-left","20":"mobile-align-left","21":"ast-product-gallery-layout-horizontal-slider","22":"ast-product-single-variable","23":"ast-product-tabs-layout-horizontal","24":"ast-qv-on-image","26":"first","27":"instock","28":"shipping-taxable","29":"purchasable","30":"product-type-variable"},"tiered_pricing_type":"fixed","tiered_pricing_fixed_rules":{"2":5.99,"30":5.39,"100":4.79},"tiered_pricing_product_settings":{"layout":"default","base_unit_name":{"singular":null,"plural":null},"default_variation":null},"tiered_pricing_minimum_quantity":null,"tiered_pricing_roles_data":[],"tiered_pricing_percentage_rules":[],"_links":{"self":[{"href":"https:\/\/yume-silm.com\/es\/wp-json\/wp\/v2\/product\/7039","targetHints":{"allow":["GET"]}}],"collection":[{"href":"https:\/\/yume-silm.com\/es\/wp-json\/wp\/v2\/product"}],"about":[{"href":"https:\/\/yume-silm.com\/es\/wp-json\/wp\/v2\/types\/product"}],"replies":[{"embeddable":true,"href":"https:\/\/yume-silm.com\/es\/wp-json\/wp\/v2\/comments?post=7039"}],"wp:featuredmedia":[{"embeddable":true,"href":"https:\/\/yume-silm.com\/es\/wp-json\/wp\/v2\/media\/7046"}],"wp:attachment":[{"href":"https:\/\/yume-silm.com\/es\/wp-json\/wp\/v2\/media?parent=7039"}],"wp:term":[{"taxonomy":"product_brand","embeddable":true,"href":"https:\/\/yume-silm.com\/es\/wp-json\/wp\/v2\/product_brand?post=7039"},{"taxonomy":"product_cat","embeddable":true,"href":"https:\/\/yume-silm.com\/es\/wp-json\/wp\/v2\/product_cat?post=7039"},{"taxonomy":"product_tag","embeddable":true,"href":"https:\/\/yume-silm.com\/es\/wp-json\/wp\/v2\/product_tag?post=7039"}],"curies":[{"name":"wp","href":"https:\/\/api.w.org\/{rel}","templated":true}]}}