{"id":7050,"date":"2023-11-11T09:23:43","date_gmt":"2023-11-11T09:23:43","guid":{"rendered":"https:\/\/yume-silm.com\/?post_type=product&#038;p=7050"},"modified":"2023-11-17T06:22:57","modified_gmt":"2023-11-17T06:22:57","slug":"al-por-mayor-panty-levantador-de-gluteos-moldeador-de-cuerpo-con-ribete-de-encaje","status":"publish","type":"product","link":"https:\/\/yume-silm.com\/es\/producto-2\/al-por-mayor-panty-levantador-de-gluteos-moldeador-de-cuerpo-con-ribete-de-encaje\/","title":{"rendered":"Venta al por mayor Body Shaping Butt Lift Panty con ribete de encaje"},"content":{"rendered":"<h5>Caracteristicas de dise\u00f1o<\/h5>\n<ul>\n<li>ELEGANTE TIEMPO DE ENCAJE: El delicado detalle de encaje en los pantalones cortos moldeadores de abdomen a\u00f1ade un toque de suavidad y sofisticaci\u00f3n a tu moldeador. A\u00f1ade un toque de feminidad y realza la belleza.<\/li>\n<li>LEVANTAMIENTO Y FORMACI\u00d3N DE CADERA: La abdominoplastia y la ropa interior para levantamiento de cadera pueden levantar eficazmente los gl\u00fateos y aplanar la barriga. Da forma f\u00e1cilmente a una silueta atractiva y seductora. El dise\u00f1o de la ropa interior sin costuras garantiza una apariencia suave debajo de cualquier atuendo, manteniendo al usuario seguro y c\u00f3modo durante todo el d\u00eda.<\/li>\n<li>Ajuste suave: los pantalones cortos moldeadores de talle medio est\u00e1n hechos de tela de alta calidad que es suave, el\u00e1stica, duradera y c\u00f3moda para usar durante todo el d\u00eda. El dise\u00f1o anti-rizo de la ropa interior moldeadora garantiza que las bragas permanezcan en su lugar.<\/li>\n<li>RECIBA CONFIANZA: Estas bragas levantadoras de gl\u00fateos para mujer est\u00e1n bien hechas con un efecto moldeador espec\u00edfico para acentuar las curvas naturales, mejorar instant\u00e1neamente las curvas y proporcionar un sutil efecto lifting. Usar bragas moldeadoras de gl\u00fateos con ribete de encaje debajo de vestidos y jeans mientras asistes a bodas, fiestas, bailes y otros eventos sociales te har\u00e1 m\u00e1s bella y segura.<\/li>\n<\/ul>\n<h6><em>Bragas sexys de encaje para mujer con levantamiento de cadera y abdominoplastia<\/em><\/h6>\n<ul>\n<li>Nuestro precio mayorista exclusivo y competitivo en esta ropa interior moldeadora de encaje para mujer le permite ofrecer a sus clientes productos buscados de alta calidad y, al mismo tiempo, maximizar las ganancias.<\/li>\n<li>Nuestras bragas moldeadoras de gl\u00fateos con ribete de encaje son la mejor opci\u00f3n para que los mayoristas ofrezcan ropa interior moldeadora del cuerpo funcional, moderna y de alta calidad. Es la soluci\u00f3n moldeadora ideal para clientes que buscan comodidad y elegancia. \u00a1Haga su pedido ahora para ofrecer la combinaci\u00f3n perfecta de practicidad y moda!<\/li>\n<\/ul>","protected":false},"excerpt":{"rendered":"<p>\u00bfQuieres elegancia y confianza? Mejora tu silueta con nuestra braguita moldeadora de gl\u00fateos con ribete de encaje. Dise\u00f1adas para moldear y realzar tus curvas, estas bragas ofrecen la combinaci\u00f3n perfecta de comodidad, estilo y confianza.<\/p>","protected":false},"featured_media":7069,"comment_status":"open","ping_status":"closed","template":"","meta":{"site-sidebar-layout":"default","site-content-layout":"","ast-site-content-layout":"default","site-content-style":"default","site-sidebar-style":"default","ast-global-header-display":"","ast-banner-title-visibility":"","ast-main-header-display":"","ast-hfb-above-header-display":"","ast-hfb-below-header-display":"","ast-hfb-mobile-header-display":"","site-post-title":"","ast-breadcrumbs-content":"","ast-featured-img":"","footer-sml-layout":"","ast-disable-related-posts":"","theme-transparent-header-meta":"default","adv-header-id-meta":"","stick-header-meta":"default","header-above-stick-meta":"","header-main-stick-meta":"","header-below-stick-meta":"","astra-migrate-meta-layouts":"set","ast-page-background-enabled":"default","ast-page-background-meta":{"desktop":{"background-color":"","background-image":"","background-repeat":"repeat","background-position":"center center","background-size":"auto","background-attachment":"scroll","background-type":"","background-media":"","overlay-type":"","overlay-color":"","overlay-opacity":"","overlay-gradient":""},"tablet":{"background-color":"","background-image":"","background-repeat":"repeat","background-position":"center center","background-size":"auto","background-attachment":"scroll","background-type":"","background-media":"","overlay-type":"","overlay-color":"","overlay-opacity":"","overlay-gradient":""},"mobile":{"background-color":"","background-image":"","background-repeat":"repeat","background-position":"center center","background-size":"auto","background-attachment":"scroll","background-type":"","background-media":"","overlay-type":"","overlay-color":"","overlay-opacity":"","overlay-gradient":""}},"ast-content-background-meta":{"desktop":{"background-color":"var(--ast-global-color-5)","background-image":"","background-repeat":"repeat","background-position":"center center","background-size":"auto","background-attachment":"scroll","background-type":"","background-media":"","overlay-type":"","overlay-color":"","overlay-opacity":"","overlay-gradient":""},"tablet":{"background-color":"var(--ast-global-color-5)","background-image":"","background-repeat":"repeat","background-position":"center center","background-size":"auto","background-attachment":"scroll","background-type":"","background-media":"","overlay-type":"","overlay-color":"","overlay-opacity":"","overlay-gradient":""},"mobile":{"background-color":"var(--ast-global-color-5)","background-image":"","background-repeat":"repeat","background-position":"center center","background-size":"auto","background-attachment":"scroll","background-type":"","background-media":"","overlay-type":"","overlay-color":"","overlay-opacity":"","overlay-gradient":""}}},"product_brand":[],"product_cat":[77,80],"product_tag":[423,416,396],"class_list":{"0":"post-7050","1":"product","2":"type-product","3":"status-publish","4":"has-post-thumbnail","6":"product_cat-wholesale-womens-shapewear","7":"product_cat-wholesale-butt-lift-underwear","8":"product_tag-hip-lifting-panties","9":"product_tag-shapewear","10":"product_tag-womens-underwear","11":"pa_color-beige","12":"pa_color-black","13":"pa_size-l","14":"pa_size-m","15":"pa_size-s","16":"pa_size-xl","17":"pa_size-xxl","18":"pa_size-xxxl","19":"desktop-align-center","20":"tablet-align-left","21":"mobile-align-left","22":"ast-product-gallery-layout-horizontal-slider","23":"ast-product-single-variable","24":"ast-product-tabs-layout-horizontal","25":"ast-qv-on-image","27":"first","28":"instock","29":"shipping-taxable","30":"purchasable","31":"product-type-variable"},"tiered_pricing_type":"fixed","tiered_pricing_fixed_rules":{"2":8.99,"50":8.69,"300":7.99},"tiered_pricing_product_settings":{"layout":"default","base_unit_name":{"singular":null,"plural":null},"default_variation":null},"tiered_pricing_minimum_quantity":null,"tiered_pricing_roles_data":[],"tiered_pricing_percentage_rules":[],"_links":{"self":[{"href":"https:\/\/yume-silm.com\/es\/wp-json\/wp\/v2\/product\/7050","targetHints":{"allow":["GET"]}}],"collection":[{"href":"https:\/\/yume-silm.com\/es\/wp-json\/wp\/v2\/product"}],"about":[{"href":"https:\/\/yume-silm.com\/es\/wp-json\/wp\/v2\/types\/product"}],"replies":[{"embeddable":true,"href":"https:\/\/yume-silm.com\/es\/wp-json\/wp\/v2\/comments?post=7050"}],"wp:featuredmedia":[{"embeddable":true,"href":"https:\/\/yume-silm.com\/es\/wp-json\/wp\/v2\/media\/7069"}],"wp:attachment":[{"href":"https:\/\/yume-silm.com\/es\/wp-json\/wp\/v2\/media?parent=7050"}],"wp:term":[{"taxonomy":"product_brand","embeddable":true,"href":"https:\/\/yume-silm.com\/es\/wp-json\/wp\/v2\/product_brand?post=7050"},{"taxonomy":"product_cat","embeddable":true,"href":"https:\/\/yume-silm.com\/es\/wp-json\/wp\/v2\/product_cat?post=7050"},{"taxonomy":"product_tag","embeddable":true,"href":"https:\/\/yume-silm.com\/es\/wp-json\/wp\/v2\/product_tag?post=7050"}],"curies":[{"name":"wp","href":"https:\/\/api.w.org\/{rel}","templated":true}]}}