{"id":7172,"date":"2023-11-30T06:19:20","date_gmt":"2023-11-30T06:19:20","guid":{"rendered":"https:\/\/yume-silm.com\/?post_type=product&#038;p=7172"},"modified":"2024-05-09T02:58:26","modified_gmt":"2024-05-09T02:58:26","slug":"body-moldeador-de-talla-grande-de-encaje-para-mujer","status":"publish","type":"product","link":"https:\/\/yume-silm.com\/es\/producto-2\/body-moldeador-de-talla-grande-de-encaje-para-mujer\/","title":{"rendered":"Body moldeador de talla grande de encaje para mujer al por mayor"},"content":{"rendered":"<h5>Caracteristicas de dise\u00f1o<\/h5>\n<ul>\n<li><strong>CORD\u00d3N:<\/strong> Nuestras exquisitas medias moldeadoras de encaje realzan y acent\u00faan f\u00e1cilmente la belleza del busto, las caderas y las curvas del abdomen. Aumente su confianza mientras disfruta de la m\u00e1xima comodidad y elegancia.<\/li>\n<li><strong>CORREAS DE DOS V\u00cdAS:<\/strong> Nuestras fajas tienen correas que permiten un uso bidireccional. Brind\u00e1ndote un ajuste personalizado, dise\u00f1ando la forma en que lo usas cada d\u00eda seg\u00fan tu estado de \u00e1nimo, lleno de dise\u00f1o y est\u00e9tica. \u00a1S\u00e9 tu propio dise\u00f1ador!<\/li>\n<li><strong>C\u00d3MODO Y LIGERO:<\/strong> La faja est\u00e1 hecha de material de poli\u00e9ster de alta calidad, ligero y transpirable, el\u00e1stico y ajustado. No hay sensaci\u00f3n de apretar o atar, experimente la m\u00e1xima comodidad. Te sentir\u00e1s fresco y c\u00f3modo tanto de d\u00eda como de noche.<\/li>\n<li><strong>M\u00daLTIPLES TAMA\u00d1OS:<\/strong> Nuestras fajas vienen en una variedad de tama\u00f1os para que elijas. Incluso en tama\u00f1os extra grandes, podemos adaptarnos f\u00e1cilmente a sus necesidades. \u00a1Es f\u00e1cil encontrar tu talla!<\/li>\n<li><strong>MODERNO Y VERS\u00c1TIL:<\/strong> Hazte con uno de nuestros monos moldeadores y ten la elegancia y comodidad de usarlo al mismo tiempo. Abraza tu silueta, si\u00e9ntete lo mejor posible y si\u00e9ntete seguro en cada paso del camino. Ya sea que lo uses como capa inferior para tu vestido de novia o solo, con jeans, etc., este body moldeador de encaje de talla grande satisfar\u00e1 tus necesidades de moda vers\u00e1tiles.<\/li>\n<\/ul>\n<h6><em>Body moldeador de cuerpo que aprieta la barriga para mujer<\/em><\/h6>\n<ul>\n<li>Muestre confianza y elegancia con nuestro body moldeador de encaje de talla grande: una combinaci\u00f3n armoniosa de estilo y apoyo moldeador. Abraza tus curvas, haz alarde de tu confianza y del\u00e9itate con la belleza de tu silueta, que se realza elegantemente con esta exquisita pieza.<\/li>\n<\/ul>","protected":false},"excerpt":{"rendered":"<p>\u00bfA\u00fan te preocupa qu\u00e9 tipo de lencer\u00eda moldeadora elegir? Elige nuestros bodys moldeadores de encaje de talla grande para obtener lo \u00faltimo en comodidad f\u00edsica y estilo, \u00a1moldeando y abrazando instant\u00e1neamente las curvas naturales de tu cuerpo!<\/p>","protected":false},"featured_media":7173,"comment_status":"open","ping_status":"closed","template":"","meta":{"site-sidebar-layout":"default","site-content-layout":"","ast-site-content-layout":"default","site-content-style":"default","site-sidebar-style":"default","ast-global-header-display":"","ast-banner-title-visibility":"","ast-main-header-display":"","ast-hfb-above-header-display":"","ast-hfb-below-header-display":"","ast-hfb-mobile-header-display":"","site-post-title":"","ast-breadcrumbs-content":"","ast-featured-img":"","footer-sml-layout":"","ast-disable-related-posts":"","theme-transparent-header-meta":"default","adv-header-id-meta":"","stick-header-meta":"default","header-above-stick-meta":"","header-main-stick-meta":"","header-below-stick-meta":"","astra-migrate-meta-layouts":"set","ast-page-background-enabled":"default","ast-page-background-meta":{"desktop":{"background-color":"","background-image":"","background-repeat":"repeat","background-position":"center center","background-size":"auto","background-attachment":"scroll","background-type":"","background-media":"","overlay-type":"","overlay-color":"","overlay-opacity":"","overlay-gradient":""},"tablet":{"background-color":"","background-image":"","background-repeat":"repeat","background-position":"center center","background-size":"auto","background-attachment":"scroll","background-type":"","background-media":"","overlay-type":"","overlay-color":"","overlay-opacity":"","overlay-gradient":""},"mobile":{"background-color":"","background-image":"","background-repeat":"repeat","background-position":"center center","background-size":"auto","background-attachment":"scroll","background-type":"","background-media":"","overlay-type":"","overlay-color":"","overlay-opacity":"","overlay-gradient":""}},"ast-content-background-meta":{"desktop":{"background-color":"var(--ast-global-color-5)","background-image":"","background-repeat":"repeat","background-position":"center center","background-size":"auto","background-attachment":"scroll","background-type":"","background-media":"","overlay-type":"","overlay-color":"","overlay-opacity":"","overlay-gradient":""},"tablet":{"background-color":"var(--ast-global-color-5)","background-image":"","background-repeat":"repeat","background-position":"center center","background-size":"auto","background-attachment":"scroll","background-type":"","background-media":"","overlay-type":"","overlay-color":"","overlay-opacity":"","overlay-gradient":""},"mobile":{"background-color":"var(--ast-global-color-5)","background-image":"","background-repeat":"repeat","background-position":"center center","background-size":"auto","background-attachment":"scroll","background-type":"","background-media":"","overlay-type":"","overlay-color":"","overlay-opacity":"","overlay-gradient":""}}},"product_brand":[],"product_cat":[65,77,82],"product_tag":[442,441,443,444],"class_list":{"0":"post-7172","1":"product","2":"type-product","3":"status-publish","4":"has-post-thumbnail","6":"product_cat-best-sellers","7":"product_cat-wholesale-womens-shapewear","8":"product_cat-wholesale-shapewear-bodysuit","9":"product_tag-plus-size-shapewear","10":"product_tag-shapewear-bodysuits","11":"product_tag-shapewear-wholesale","12":"product_tag-womens-shapewear","13":"pa_color-beige-with-lace","14":"pa_color-black-with-lace","15":"pa_size-4xl","16":"pa_size-l","17":"pa_size-m","18":"pa_size-s","19":"pa_size-xl","20":"pa_size-xxl","21":"pa_size-xxxl","22":"desktop-align-center","23":"tablet-align-left","24":"mobile-align-left","25":"ast-product-gallery-layout-horizontal-slider","26":"ast-product-single-variable","27":"ast-product-tabs-layout-horizontal","28":"ast-qv-on-image","30":"first","31":"instock","32":"shipping-taxable","33":"purchasable","34":"product-type-variable"},"tiered_pricing_type":"fixed","tiered_pricing_fixed_rules":{"2":9.85,"50":8.6,"100":7.4},"tiered_pricing_product_settings":{"layout":"default","base_unit_name":{"singular":null,"plural":null},"default_variation":null},"tiered_pricing_minimum_quantity":null,"tiered_pricing_roles_data":[],"tiered_pricing_percentage_rules":[],"_links":{"self":[{"href":"https:\/\/yume-silm.com\/es\/wp-json\/wp\/v2\/product\/7172","targetHints":{"allow":["GET"]}}],"collection":[{"href":"https:\/\/yume-silm.com\/es\/wp-json\/wp\/v2\/product"}],"about":[{"href":"https:\/\/yume-silm.com\/es\/wp-json\/wp\/v2\/types\/product"}],"replies":[{"embeddable":true,"href":"https:\/\/yume-silm.com\/es\/wp-json\/wp\/v2\/comments?post=7172"}],"wp:featuredmedia":[{"embeddable":true,"href":"https:\/\/yume-silm.com\/es\/wp-json\/wp\/v2\/media\/7173"}],"wp:attachment":[{"href":"https:\/\/yume-silm.com\/es\/wp-json\/wp\/v2\/media?parent=7172"}],"wp:term":[{"taxonomy":"product_brand","embeddable":true,"href":"https:\/\/yume-silm.com\/es\/wp-json\/wp\/v2\/product_brand?post=7172"},{"taxonomy":"product_cat","embeddable":true,"href":"https:\/\/yume-silm.com\/es\/wp-json\/wp\/v2\/product_cat?post=7172"},{"taxonomy":"product_tag","embeddable":true,"href":"https:\/\/yume-silm.com\/es\/wp-json\/wp\/v2\/product_tag?post=7172"}],"curies":[{"name":"wp","href":"https:\/\/api.w.org\/{rel}","templated":true}]}}