{"id":7325,"date":"2023-12-25T08:50:45","date_gmt":"2023-12-25T08:50:45","guid":{"rendered":"https:\/\/yume-silm.com\/?post_type=product&#038;p=7325"},"modified":"2024-04-25T05:10:08","modified_gmt":"2024-04-25T05:10:08","slug":"faja-de-compresion-sin-costuras-para-hombre","status":"publish","type":"product","link":"https:\/\/yume-silm.com\/es\/producto-2\/faja-de-compresion-sin-costuras-para-hombre\/","title":{"rendered":"Top incons\u00fatil de Shapewear de la camisa de la compresi\u00f3n de los hombres al por mayor"},"content":{"rendered":"<h5>Caracteristicas de dise\u00f1o<\/h5>\n<ul>\n<li data-slate-node=\"element\"><span class=\"\" data-slate-node=\"text\"><span class=\"181\" data-slate-leaf=\"true\"><span data-slate-string=\"true\"><strong>FORMACI\u00d3N DEL CUERPO PERFECTA:<\/strong> La camiseta sin mangas para ginecomastia utiliza tecnolog\u00eda avanzada de compresi\u00f3n sin costuras para brindarle l\u00edneas m\u00e1s prominentes al instante y una apariencia m\u00e1s segura. <\/span><\/span><\/span><span data-slate-node=\"text\"><span class=\"182\" data-slate-leaf=\"true\">Ya sea para darle forma a tu barriga o mejorar tu postura, funciona de maravilla.<\/span><\/span><\/li>\n<li data-slate-node=\"element\"><span class=\"\" data-slate-node=\"text\"><span class=\"201\" data-slate-leaf=\"true\"><span data-slate-string=\"true\"><strong>AJUSTE C\u00d3MODO:<\/strong> \u00a1No aguantes la incomodidad de intentar moldear tu cuerpo! <\/span><\/span><\/span><span class=\"\" data-slate-node=\"text\"><span class=\"202\" data-slate-leaf=\"true\"><span data-slate-string=\"true\">Nuestras prendas moldeadoras para adelgazar el cuerpo con control de barriga est\u00e1n hechas de telas suaves de alta calidad que se ajustan perfectamente a la piel sin dejar de ser transpirables, lo que le permite usarlas con facilidad.<\/span><\/span><\/span><\/li>\n<li data-slate-node=\"element\"><span class=\"\" data-slate-node=\"text\"><span class=\"221\" data-slate-leaf=\"true\"><span data-slate-string=\"true\"><strong>INVISIBLE Y SIN RASTRO:<\/strong> Tambi\u00e9n en el trabajo, durante los deportes o en la vida cotidiana, las camisetas sin mangas moldeadoras se adaptan perfectamente a tu cuerpo, permiti\u00e9ndote sentirte c\u00f3moda con todo tipo de ropa sin dejar rastro.<\/span><\/span><\/span><\/li>\n<li data-slate-node=\"element\"><span class=\"\" data-slate-node=\"text\"><span class=\"241\" data-slate-leaf=\"true\"><span data-slate-string=\"true\"><strong>COMBINACI\u00d3N VERS\u00c1TIL:<\/strong> El estilo simple del chaleco moldeador adelgazante para hombre es f\u00e1cil de combinar y se puede usar no solo como ropa interior sino tambi\u00e9n de forma independiente como prenda exterior. <\/span><\/span><\/span><span data-slate-node=\"text\"><span class=\"242\" data-slate-leaf=\"true\">Ya sea que lo combine con un traje o con ropa informal, agregar\u00e1 valor a su look.<\/span><\/span><\/li>\n<li data-slate-node=\"element\" data-slate-fragment=\"JTVCJTdCJTIydHlwZSUyMiUzQSUyMnBhcmFncmFwaCUyMiUyQyUyMmNoaWxkcmVuJTIyJTNBJTVCJTdCJTIydGV4dCUyMiUzQSUyMlBFUkZFQ1QlMjBCT0RZJTIwU0hBUElORyUzQSUyMFRoZSUyMGd5bmVjb21hc3RpYSUyMHVuZGVyc2hpcnQlMjB0YW5rJTIwdG9wJTIwdXRpbGl6ZXMlMjBhZHZhbmNlZCUyMHNlYW1sZXNzJTIwY29tcHJlc3Npb24lMjB0ZWNobm9sb2d5JTIwdG8lMjBnaXZlJTIweW91JTIwaW5zdGFudGx5JTIwbW9yZSUyMHByb21pbmVudCUyMGxpbmVzJTIwYW5kJTIwYSUyMG1vcmUlMjBjb25maWRlbnQlMjBhcHBlYXJhbmNlLiUyMCUyMiUyQyUyMnNlbnRlbmNlJTIyJTNBMTglMkMlMjJjaGlsZFNlbnRlbmNlJTIyJTNBMSU3RCUyQyU3QiUyMnRleHQlMjIlM0ElMjJXaGV0aGVyJTIwaXQncyUyMHNoYXBpbmclMjB5b3VyJTIwdHVtbXklMjBvciUyMGltcHJvdmluZyUyMHlvdXIlMjBwb3N0dXJlJTJDJTIwaXQlMjB3b3JrcyUyMHdvbmRlcnMuJTIyJTJDJTIyc2VudGVuY2UlMjIlM0ExOCUyQyUyMmNoaWxkU2VudGVuY2UlMjIlM0EyJTdEJTVEJTdEJTJDJTdCJTIydHlwZSUyMiUzQSUyMnBhcmFncmFwaCUyMiUyQyUyMmNoaWxkcmVuJTIyJTNBJTVCJTdCJTIydGV4dCUyMiUzQSUyMiUyMiUyQyUyMnNlbnRlbmNlJTIyJTNBMTklMkMlMjJjaGlsZFNlbnRlbmNlJTIyJTNBMSU3RCU1RCU3RCUyQyU3QiUyMnR5cGUlMjIlM0ElMjJwYXJhZ3JhcGglMjIlMkMlMjJjaGlsZHJlbiUyMiUzQSU1QiU3QiUyMnRleHQlMjIlM0ElMjJDT01GT1JUQUJMRSUyMEZJVCUzQSUyMERvbid0JTIwcHV0JTIwdXAlMjB3aXRoJTIwdGhlJTIwZGlzY29tZm9ydCUyMG9mJTIwdHJ5aW5nJTIwdG8lMjBzaGFwZSUyMHlvdXIlMjBib2R5ISUyMCUyMiUyQyUyMnNlbnRlbmNlJTIyJTNBMjAlMkMlMjJjaGlsZFNlbnRlbmNlJTIyJTNBMSU3RCUyQyU3QiUyMnRleHQlMjIlM0ElMjJPdXIlMjBib2R5JTIwc2xpbW1lciUyMHNoYXBld2VhciUyMHdpdGglMjB0dW1teSUyMGNvbnRyb2wlMjBhcmUlMjBtYWRlJTIwb2YlMjBoaWdoJTIwcXVhbGl0eSUyMHNvZnQlMjBmYWJyaWNzJTIwdGhhdCUyMGZpdCUyMHBlcmZlY3RseSUyMGFnYWluc3QlMjB0aGUlMjBza2luJTIwd2hpbGUlMjByZW1haW5pbmclMjBicmVhdGhhYmxlJTJDJTIwYWxsb3dpbmclMjB5b3UlMjB0byUyMHdlYXIlMjB0aGVtJTIwd2l0aCUyMGVhc2UuJTIyJTJDJTIyc2VudGVuY2UlMjIlM0EyMCUyQyUyMmNoaWxkU2VudGVuY2UlMjIlM0EyJTdEJTVEJTdEJTJDJTdCJTIydHlwZSUyMiUzQSUyMnBhcmFncmFwaCUyMiUyQyUyMmNoaWxkcmVuJTIyJTNBJTVCJTdCJTIydGV4dCUyMiUzQSUyMiUyMiUyQyUyMnNlbnRlbmNlJTIyJTNBMjElMkMlMjJjaGlsZFNlbnRlbmNlJTIyJTNBMSU3RCU1RCU3RCUyQyU3QiUyMnR5cGUlMjIlM0ElMjJwYXJhZ3JhcGglMjIlMkMlMjJjaGlsZHJlbiUyMiUzQSU1QiU3QiUyMnRleHQlMjIlM0ElMjJJTlZJU0lCTEUlMjBBTkQlMjBUUkFDRS1GUkVFJTNBJTIwRXZlbiUyMGF0JTIwd29yayUyQyUyMGR1cmluZyUyMHNwb3J0cyUyMG9yJTIwaW4lMjBldmVyeWRheSUyMGxpZmUlMkMlMjB0aGUlMjBzaGFwZXdlYXIlMjB0YW5rJTIwdG9wcyUyMGZpdCUyMHlvdXIlMjBib2R5JTIwaW52aXNpYmx5JTIwYW5kJTIwcGVyZmVjdGx5JTJDJTIwYWxsb3dpbmclMjB5b3UlMjB0byUyMGZlZWwlMjBjb21mb3J0YWJsZSUyMGluJTIwYWxsJTIwa2luZHMlMjBvZiUyMG91dGZpdHMlMjB3aXRob3V0JTIwYSUyMHRyYWNlLiUyMiUyQyUyMnNlbnRlbmNlJTIyJTNBMjIlMkMlMjJjaGlsZFNlbnRlbmNlJTIyJTNBMSU3RCU1RCU3RCUyQyU3QiUyMnR5cGUlMjIlM0ElMjJwYXJhZ3JhcGglMjIlMkMlMjJjaGlsZHJlbiUyMiUzQSU1QiU3QiUyMnRleHQlMjIlM0ElMjIlMjIlMkMlMjJzZW50ZW5jZSUyMiUzQTIzJTJDJTIyY2hpbGRTZW50ZW5jZSUyMiUzQTElN0QlNUQlN0QlMkMlN0IlMjJ0eXBlJTIyJTNBJTIycGFyYWdyYXBoJTIyJTJDJTIyY2hpbGRyZW4lMjIlM0ElNUIlN0IlMjJ0ZXh0JTIyJTNBJTIyVkVSU0FUSUxFJTIwTUFUQ0hJTkclM0ElMjBUaGUlMjBzaW1wbGUlMjBzdHlsZSUyMG9mJTIwdGhlJTIwbWVuJ3MlMjBzbGltbWluZyUyMHNoYXBld2VhciUyMHZlc3QlMjBpcyUyMGVhc3klMjB0byUyMG1hdGNoJTIwYW5kJTIwY2FuJTIwYmUlMjB3b3JuJTIwbm90JTIwb25seSUyMGFzJTIwYW4lMjB1bmRlcndlYXIlMjBidXQlMjBhbHNvJTIwaW5kZXBlbmRlbnRseSUyMGFzJTIwYW4lMjBvdXRlcndlYXIuJTIwJTIyJTJDJTIyc2VudGVuY2UlMjIlM0EyNCUyQyUyMmNoaWxkU2VudGVuY2UlMjIlM0ExJTdEJTJDJTdCJTIydGV4dCUyMiUzQSUyMldoZXRoZXIlMjB5b3UlMjBwYWlyJTIwaXQlMjB3aXRoJTIwYSUyMHN1aXQlMjBvciUyMGNhc3VhbCUyMHdlYXIlMkMlMjBpdCUyMHdpbGwlMjBhZGQlMjB0byUyMHlvdXIlMjBsb29rLiUyMiUyQyUyMnNlbnRlbmNlJTIyJTNBMjQlMkMlMjJjaGlsZFNlbnRlbmNlJTIyJTNBMiU3RCU1RCU3RCUyQyU3QiUyMnR5cGUlMjIlM0ElMjJwYXJhZ3JhcGglMjIlMkMlMjJjaGlsZHJlbiUyMiUzQSU1QiU3QiUyMnRleHQlMjIlM0ElMjIlMjIlMkMlMjJzZW50ZW5jZSUyMiUzQTI1JTJDJTIyY2hpbGRTZW50ZW5jZSUyMiUzQTElN0QlNUQlN0QlMkMlN0IlMjJ0eXBlJTIyJTNBJTIycGFyYWdyYXBoJTIyJTJDJTIyY2hpbGRyZW4lMjIlM0ElNUIlN0IlMjJ0ZXh0JTIyJTNBJTIyQ09SUkVDVElPTkFMJTIwQU5EJTIwRFVSQUJMRSUzQSUyMFRoZSUyMGJlc3QlMjBzaGFwZXdlYXIlMjBmb3IlMjBtZW4lMjBpcyUyMGRlc2lnbmVkJTIwd2l0aCUyMGNyb3Nzb3ZlciUyMGVyZ29ub21pY3MlMjB0byUyMGFjaGlldmUlMjBiYWNrJTIwY29ycmVjdGlvbi4lMjAlMjIlMkMlMjJzZW50ZW5jZSUyMiUzQTI2JTJDJTIyY2hpbGRTZW50ZW5jZSUyMiUzQTElN0QlMkMlN0IlMjJ0ZXh0JTIyJTNBJTIyQWxzbyUyMG1hZGUlMjBvZiUyMHdlYXItcmVzaXN0YW50JTIwbWF0ZXJpYWwlMkMlMjBpdCUyMGlzJTIwZHVyYWJsZSUyMGFuZCUyMG5vdCUyMGVhc3klMjB0byUyMGRlZm9ybSUyMG9yJTIwZmFkZSUyQyUyMHNvJTIweW91JTIwY2FuJTIwZW5qb3klMjB0aGUlMjBzaGFwaW5nJTIwZWZmZWN0JTIwYW5kJTIwY29tZm9ydCUyMGZvciUyMGElMjBsb25nJTIwdGltZS4lMjIlMkMlMjJzZW50ZW5jZSUyMiUzQTI2JTJDJTIyY2hpbGRTZW50ZW5jZSUyMiUzQTIlN0QlNUQlN0QlMkMlN0IlMjJ0eXBlJTIyJTNBJTIycGFyYWdyYXBoJTIyJTJDJTIyY2hpbGRyZW4lMjIlM0ElNUIlN0IlMjJ0ZXh0JTIyJTNBJTIyJTIyJTJDJTIyc2VudGVuY2UlMjIlM0EyNyUyQyUyMmNoaWxkU2VudGVuY2UlMjIlM0ExJTdEJTVEJTdEJTVE\"><span class=\"\" data-slate-node=\"text\"><span class=\"261\" data-slate-leaf=\"true\"><span data-slate-string=\"true\"><strong>CORRECCIONAL Y DURADERO:<\/strong> El <a href=\"https:\/\/yume-silm.com\/product\/wholesale-compression-tank-top-shapewear\/\">las mejores fajas para hombres<\/a> est\u00e1 dise\u00f1ado con ergonom\u00eda cruzada para lograr la correcci\u00f3n de la espalda. <\/span><\/span><\/span><span class=\"\" data-slate-node=\"text\"><span class=\"262\" data-slate-leaf=\"true\"><span data-slate-string=\"true\">Tambi\u00e9n est\u00e1 hecho de material resistente al desgaste, es duradero y no se deforma ni se decolora f\u00e1cilmente, por lo que puedes disfrutar del efecto moldeador y la comodidad durante mucho tiempo.<\/span><\/span><\/span><\/li>\n<\/ul>\n<h6><em>Faja moldeadora de camisa de compresi\u00f3n sin costuras para hombre con control de barriga<\/em><\/h6>\n<ul>\n<li><span class=\"\" data-slate-node=\"text\"><span class=\"281\" data-slate-leaf=\"true\"><span data-slate-string=\"true\">La camiseta moldeadora de compresi\u00f3n sin costuras para hombre es una herramienta imprescindible para moldear el cuerpo a la moda para los hombres modernos. <\/span><\/span><\/span><span data-slate-node=\"text\"><span class=\"282\" data-slate-leaf=\"true\">Te permite irradiar confianza y moldear tu cuerpo perfecto en cualquier ocasi\u00f3n. <\/span><\/span><span data-slate-node=\"text\" data-slate-fragment=\"JTVCJTdCJTIydHlwZSUyMiUzQSUyMnBhcmFncmFwaCUyMiUyQyUyMmNoaWxkcmVuJTIyJTNBJTVCJTdCJTIydGV4dCUyMiUzQSUyMk1lbidzJTIwc2VhbWxlc3MlMjBjb21wcmVzc2lvbiUyMHNoaXJ0JTIwc2hhcGV3ZWFyJTIwdG9wJTIwaXMlMjBhJTIwbXVzdC1oYXZlJTIwZmFzaGlvbmFibGUlMjBib2R5JTIwc2hhcGluZyUyMHRvb2wlMjBmb3IlMjBtb2Rlcm4lMjBtZW4uJTIwJTIyJTJDJTIyc2VudGVuY2UlMjIlM0EyOCUyQyUyMmNoaWxkU2VudGVuY2UlMjIlM0ExJTdEJTJDJTdCJTIydGV4dCUyMiUzQSUyMkl0JTIwYWxsb3dzJTIweW91JTIwdG8lMjBleHVkZSUyMGNvbmZpZGVuY2UlMjBhbmQlMjBzaGFwZSUyMHlvdXIlMjBwZXJmZWN0JTIwYm9keSUyMGluJTIwYW55JTIwb2NjYXNpb24uJTIwJTIyJTJDJTIyc2VudGVuY2UlMjIlM0EyOCUyQyUyMmNoaWxkU2VudGVuY2UlMjIlM0EyJTdEJTJDJTdCJTIydGV4dCUyMiUzQSUyMkh1cnJ5JTIwdXAlMjB0byUyMGV4cGVyaWVuY2UlMjBpdHMlMjBhbWF6aW5nJTIwZWZmZWN0ISUyMiUyQyUyMnNlbnRlbmNlJTIyJTNBMjglMkMlMjJjaGlsZFNlbnRlbmNlJTIyJTNBMyU3RCU1RCU3RCU1RA==\"><span class=\"283\" data-slate-leaf=\"true\">\u00a1Date prisa para experimentar su sorprendente efecto!<\/span><\/span><\/li>\n<\/ul>","protected":false},"excerpt":{"rendered":"<p>\u00a1Elegir nuestra faja moldeadora de camisa de compresi\u00f3n sin costuras para hombres es la combinaci\u00f3n perfecta de modelado del cuerpo, comodidad y estilo para hombres! Conf\u00eda en esta camiseta sin mangas moldeadora para conseguir el cuerpo perfecto que es la motivaci\u00f3n para perder peso y la fuente de una buena salud.<\/p>","protected":false},"featured_media":7326,"comment_status":"open","ping_status":"closed","template":"","meta":{"site-sidebar-layout":"default","site-content-layout":"","ast-site-content-layout":"default","site-content-style":"default","site-sidebar-style":"default","ast-global-header-display":"","ast-banner-title-visibility":"","ast-main-header-display":"","ast-hfb-above-header-display":"","ast-hfb-below-header-display":"","ast-hfb-mobile-header-display":"","site-post-title":"","ast-breadcrumbs-content":"","ast-featured-img":"","footer-sml-layout":"","ast-disable-related-posts":"","theme-transparent-header-meta":"default","adv-header-id-meta":"","stick-header-meta":"default","header-above-stick-meta":"","header-main-stick-meta":"","header-below-stick-meta":"","astra-migrate-meta-layouts":"set","ast-page-background-enabled":"default","ast-page-background-meta":{"desktop":{"background-color":"","background-image":"","background-repeat":"repeat","background-position":"center center","background-size":"auto","background-attachment":"scroll","background-type":"","background-media":"","overlay-type":"","overlay-color":"","overlay-opacity":"","overlay-gradient":""},"tablet":{"background-color":"","background-image":"","background-repeat":"repeat","background-position":"center center","background-size":"auto","background-attachment":"scroll","background-type":"","background-media":"","overlay-type":"","overlay-color":"","overlay-opacity":"","overlay-gradient":""},"mobile":{"background-color":"","background-image":"","background-repeat":"repeat","background-position":"center center","background-size":"auto","background-attachment":"scroll","background-type":"","background-media":"","overlay-type":"","overlay-color":"","overlay-opacity":"","overlay-gradient":""}},"ast-content-background-meta":{"desktop":{"background-color":"var(--ast-global-color-5)","background-image":"","background-repeat":"repeat","background-position":"center center","background-size":"auto","background-attachment":"scroll","background-type":"","background-media":"","overlay-type":"","overlay-color":"","overlay-opacity":"","overlay-gradient":""},"tablet":{"background-color":"var(--ast-global-color-5)","background-image":"","background-repeat":"repeat","background-position":"center center","background-size":"auto","background-attachment":"scroll","background-type":"","background-media":"","overlay-type":"","overlay-color":"","overlay-opacity":"","overlay-gradient":""},"mobile":{"background-color":"var(--ast-global-color-5)","background-image":"","background-repeat":"repeat","background-position":"center center","background-size":"auto","background-attachment":"scroll","background-type":"","background-media":"","overlay-type":"","overlay-color":"","overlay-opacity":"","overlay-gradient":""}}},"product_brand":[],"product_cat":[85,76,86],"product_tag":[494,492,489,490,495,415,491,411,493],"class_list":{"0":"post-7325","1":"product","2":"type-product","3":"status-publish","4":"has-post-thumbnail","6":"product_cat-wholesale-mens-shapewear","7":"product_cat-new-arrivels","8":"product_cat-wholesale-men-sliming-vest","9":"product_tag-body-shaper","10":"product_tag-breathable","11":"product_tag-compression","12":"product_tag-corset","13":"product_tag-keep-fit","14":"product_tag-lose-weight","15":"product_tag-seamless","16":"product_tag-sports","17":"product_tag-tummy-tank-top","18":"pa_color-black","19":"pa_color-blue","20":"pa_color-white","21":"pa_size-l","22":"pa_size-m","23":"pa_size-xl","24":"pa_size-xxl","25":"desktop-align-center","26":"tablet-align-left","27":"mobile-align-left","28":"ast-product-gallery-layout-horizontal-slider","29":"ast-product-single-variable","30":"ast-product-tabs-layout-horizontal","31":"ast-qv-on-image","33":"first","34":"instock","35":"shipping-taxable","36":"purchasable","37":"product-type-variable"},"tiered_pricing_type":"fixed","tiered_pricing_fixed_rules":{"5":4.65,"100":5.9,"300":6.75},"tiered_pricing_product_settings":{"layout":"default","base_unit_name":{"singular":null,"plural":null},"default_variation":null},"tiered_pricing_minimum_quantity":null,"tiered_pricing_roles_data":[],"tiered_pricing_percentage_rules":[],"_links":{"self":[{"href":"https:\/\/yume-silm.com\/es\/wp-json\/wp\/v2\/product\/7325","targetHints":{"allow":["GET"]}}],"collection":[{"href":"https:\/\/yume-silm.com\/es\/wp-json\/wp\/v2\/product"}],"about":[{"href":"https:\/\/yume-silm.com\/es\/wp-json\/wp\/v2\/types\/product"}],"replies":[{"embeddable":true,"href":"https:\/\/yume-silm.com\/es\/wp-json\/wp\/v2\/comments?post=7325"}],"wp:featuredmedia":[{"embeddable":true,"href":"https:\/\/yume-silm.com\/es\/wp-json\/wp\/v2\/media\/7326"}],"wp:attachment":[{"href":"https:\/\/yume-silm.com\/es\/wp-json\/wp\/v2\/media?parent=7325"}],"wp:term":[{"taxonomy":"product_brand","embeddable":true,"href":"https:\/\/yume-silm.com\/es\/wp-json\/wp\/v2\/product_brand?post=7325"},{"taxonomy":"product_cat","embeddable":true,"href":"https:\/\/yume-silm.com\/es\/wp-json\/wp\/v2\/product_cat?post=7325"},{"taxonomy":"product_tag","embeddable":true,"href":"https:\/\/yume-silm.com\/es\/wp-json\/wp\/v2\/product_tag?post=7325"}],"curies":[{"name":"wp","href":"https:\/\/api.w.org\/{rel}","templated":true}]}}