{"id":7418,"date":"2024-01-26T08:17:59","date_gmt":"2024-01-26T08:17:59","guid":{"rendered":"https:\/\/yume-silm.com\/?post_type=product&#038;p=7418"},"modified":"2024-11-08T08:53:59","modified_gmt":"2024-11-08T08:53:59","slug":"al-por-mayor-fajas-ajustables-con-cierre-frontal-de-gancho-y-ojo","status":"publish","type":"product","link":"https:\/\/yume-silm.com\/es\/producto-2\/al-por-mayor-fajas-ajustables-con-cierre-frontal-de-gancho-y-ojo\/","title":{"rendered":"Venta al por mayor Fajas ajustables con cierre frontal de gancho y ojo"},"content":{"rendered":"<h5>Caracteristicas de dise\u00f1o<\/h5>\n<ul>\n<li><strong>CORREAS ANCHAS AJUSTABLES:<\/strong> Los tirantes anchos de nuestras fajas sin mangas est\u00e1n dise\u00f1ados para aliviar mejor la presi\u00f3n de los hombros. El cierre de gancho y bucle ajustable le permite ajustar libremente seg\u00fan sea necesario. Excelente flexibilidad para adaptarse perfectamente a tu cuerpo.<\/li>\n<li><strong>ADORNO DE ENCAJE:<\/strong> Las piernas de las fajas de cuerpo completo de talla grande tienen un dise\u00f1o de encaje para agregar un toque elegante y garantizar que el contacto con la piel sea suave y no irritante.<\/li>\n<li><strong>FORMACI\u00d3N DE CUERPO COMPLETO:<\/strong> Estas fajas para control de barriga de nuestra parte ofrecen cobertura y control total. Su cobertura total de espalda ayuda a mejorar la postura evitando las lumbares. Puede ayudar a lograr simult\u00e1neamente soporte para los senos, correcci\u00f3n de la espalda, levantamiento de gl\u00fateos y forma de las piernas para crear una silueta mejor estilizada.<\/li>\n<li><strong>DISE\u00d1O DE ENTREPIEZA ABIERTA:<\/strong> El dise\u00f1o de entrepierna abierta de la faja es muy conveniente para resolver el problema de ir al ba\u00f1o. Su pr\u00e1ctica funci\u00f3n le brinda m\u00e1s comodidad y le permite descansar en el ba\u00f1o sin esfuerzo.<\/li>\n<li><strong>C\u00d3MODO Y CON ESTILO:<\/strong> La faja ajustable para mujer con cierre frontal de corchete y sujetador es c\u00f3moda y elegante, lo que garantiza confianza y belleza desde adentro hacia afuera. La elasticidad satisface sus necesidades normales y se puede poner y quitar f\u00e1cilmente. Te ayuda a sentirte segura de tu hermoso cuerpo con curvas en cualquier ocasi\u00f3n al usarlo.<\/li>\n<\/ul>\n<h6><em>Fajas ajustables con control de barriga en la parte delantera con gancho y ojo <\/em><\/h6>\n<ul>\n<li>Nuestra faja ajustable con cierre frontal de gancho y ojo es una combinaci\u00f3n de elegancia, comodidad y funcionalidad. Para los mayoristas que buscan ofrecer soluciones moldeadoras de primer nivel, este producto es imprescindible. Sum\u00e9rgete en el mundo del comercio mayorista con esta pieza excepcional. \u00a1Ordenar hoy!<\/li>\n<\/ul>","protected":false},"excerpt":{"rendered":"<p>Experimente la elegancia y la comodidad con nuestra faja ajustable con cierre frontal de gancho y ojo. Con malla el\u00e1stica de pecho largo y pu\u00f1os con ribete de encaje, esta prenda sin entrepierna redefine su silueta, asegurando que sus clientas se sientan seguras y femeninas.<\/p>","protected":false},"featured_media":7437,"comment_status":"open","ping_status":"closed","template":"","meta":{"site-sidebar-layout":"default","site-content-layout":"","ast-site-content-layout":"default","site-content-style":"default","site-sidebar-style":"default","ast-global-header-display":"","ast-banner-title-visibility":"","ast-main-header-display":"","ast-hfb-above-header-display":"","ast-hfb-below-header-display":"","ast-hfb-mobile-header-display":"","site-post-title":"","ast-breadcrumbs-content":"","ast-featured-img":"","footer-sml-layout":"","ast-disable-related-posts":"","theme-transparent-header-meta":"default","adv-header-id-meta":"","stick-header-meta":"default","header-above-stick-meta":"","header-main-stick-meta":"","header-below-stick-meta":"","astra-migrate-meta-layouts":"set","ast-page-background-enabled":"default","ast-page-background-meta":{"desktop":{"background-color":"","background-image":"","background-repeat":"repeat","background-position":"center center","background-size":"auto","background-attachment":"scroll","background-type":"","background-media":"","overlay-type":"","overlay-color":"","overlay-opacity":"","overlay-gradient":""},"tablet":{"background-color":"","background-image":"","background-repeat":"repeat","background-position":"center center","background-size":"auto","background-attachment":"scroll","background-type":"","background-media":"","overlay-type":"","overlay-color":"","overlay-opacity":"","overlay-gradient":""},"mobile":{"background-color":"","background-image":"","background-repeat":"repeat","background-position":"center center","background-size":"auto","background-attachment":"scroll","background-type":"","background-media":"","overlay-type":"","overlay-color":"","overlay-opacity":"","overlay-gradient":""}},"ast-content-background-meta":{"desktop":{"background-color":"var(--ast-global-color-5)","background-image":"","background-repeat":"repeat","background-position":"center center","background-size":"auto","background-attachment":"scroll","background-type":"","background-media":"","overlay-type":"","overlay-color":"","overlay-opacity":"","overlay-gradient":""},"tablet":{"background-color":"var(--ast-global-color-5)","background-image":"","background-repeat":"repeat","background-position":"center center","background-size":"auto","background-attachment":"scroll","background-type":"","background-media":"","overlay-type":"","overlay-color":"","overlay-opacity":"","overlay-gradient":""},"mobile":{"background-color":"var(--ast-global-color-5)","background-image":"","background-repeat":"repeat","background-position":"center center","background-size":"auto","background-attachment":"scroll","background-type":"","background-media":"","overlay-type":"","overlay-color":"","overlay-opacity":"","overlay-gradient":""}}},"product_brand":[],"product_cat":[78,77,1092],"product_tag":[137,141,134,154],"class_list":{"0":"post-7418","1":"product","2":"type-product","3":"status-publish","4":"has-post-thumbnail","6":"product_cat-wholesale-full-body-shaper","7":"product_cat-wholesale-womens-shapewear","8":"product_cat-plus-size-shapewear","9":"product_tag-butt-lift","10":"product_tag-plus-size","11":"product_tag-tummy-tucker","12":"product_tag-with-hooks","13":"pa_color-beige","14":"pa_color-black","15":"pa_size-4xl","16":"pa_size-5xl","17":"pa_size-6xl","18":"pa_size-l","19":"pa_size-m","20":"pa_size-s","21":"pa_size-xl","22":"pa_size-xxl","23":"pa_size-xxxl","24":"desktop-align-center","25":"tablet-align-left","26":"mobile-align-left","27":"ast-product-gallery-layout-horizontal-slider","28":"ast-product-single-variable","29":"ast-product-tabs-layout-horizontal","30":"ast-qv-on-image","32":"first","33":"instock","34":"shipping-taxable","35":"purchasable","36":"product-type-variable"},"tiered_pricing_type":"fixed","tiered_pricing_fixed_rules":{"2":15.39,"30":14.39,"500":11.99},"tiered_pricing_product_settings":{"layout":"default","base_unit_name":{"singular":null,"plural":null},"default_variation":null},"tiered_pricing_minimum_quantity":null,"tiered_pricing_roles_data":[],"tiered_pricing_percentage_rules":[],"_links":{"self":[{"href":"https:\/\/yume-silm.com\/es\/wp-json\/wp\/v2\/product\/7418","targetHints":{"allow":["GET"]}}],"collection":[{"href":"https:\/\/yume-silm.com\/es\/wp-json\/wp\/v2\/product"}],"about":[{"href":"https:\/\/yume-silm.com\/es\/wp-json\/wp\/v2\/types\/product"}],"replies":[{"embeddable":true,"href":"https:\/\/yume-silm.com\/es\/wp-json\/wp\/v2\/comments?post=7418"}],"wp:featuredmedia":[{"embeddable":true,"href":"https:\/\/yume-silm.com\/es\/wp-json\/wp\/v2\/media\/7437"}],"wp:attachment":[{"href":"https:\/\/yume-silm.com\/es\/wp-json\/wp\/v2\/media?parent=7418"}],"wp:term":[{"taxonomy":"product_brand","embeddable":true,"href":"https:\/\/yume-silm.com\/es\/wp-json\/wp\/v2\/product_brand?post=7418"},{"taxonomy":"product_cat","embeddable":true,"href":"https:\/\/yume-silm.com\/es\/wp-json\/wp\/v2\/product_cat?post=7418"},{"taxonomy":"product_tag","embeddable":true,"href":"https:\/\/yume-silm.com\/es\/wp-json\/wp\/v2\/product_tag?post=7418"}],"curies":[{"name":"wp","href":"https:\/\/api.w.org\/{rel}","templated":true}]}}