{"id":7582,"date":"2024-04-19T06:29:30","date_gmt":"2024-04-19T06:29:30","guid":{"rendered":"https:\/\/yume-silm.com\/?post_type=product&#038;p=7582"},"modified":"2024-12-10T09:33:32","modified_gmt":"2024-12-10T09:33:32","slug":"venta-al-por-mayor-traje-deportivo-de-cintura-alta-para-yoga-sauna-control-de-barriga-manga-larga","status":"publish","type":"product","link":"https:\/\/yume-silm.com\/es\/producto-2\/venta-al-por-mayor-traje-deportivo-de-cintura-alta-para-yoga-sauna-control-de-barriga-manga-larga\/","title":{"rendered":"Conjunto de traje de sauna de yoga de cintura alta al por mayor"},"content":{"rendered":"<h5>Caracteristicas de dise\u00f1o<\/h5>\n<ul>\n<li><strong>DISE\u00d1O DE CINTURA ALTA:<\/strong> Este traje deportivo de sauna para mujer est\u00e1 dise\u00f1ado con cintura alta y mangas largas. eficaz para usar en todas las estaciones. Nuestro ch\u00e1ndal de gimnasio con mangas largas y pantalones de cintura alta brindar\u00e1 cobertura y calidez adicionales, perfecto para entrenamientos al aire libre sin importar la temporada o en un ambiente fr\u00edo de gimnasio. Permiti\u00e9ndole disfrutar de su entrenamiento tanto en la estaci\u00f3n fr\u00eda como en los calurosos meses de verano.<\/li>\n<li><strong>HECHO A MEDIDA:<\/strong> Nuestros sudaderas deportivas est\u00e1n confeccionadas con una capa interior de neopreno, as\u00ed como con material de nailon, etc., que es muy ligero de llevar y garantiza que la actividad t\u00e9rmica no se vea restringida. El corte de patchwork del traje de sauna corporal es moderno y obvio, enfatiza f\u00e1cilmente su silueta y crea una apariencia atl\u00e9tica elegante y segura.<\/li>\n<li><strong>SUDOR FUERTE Y QUEMA GRASA:<\/strong> Nuestros pantalones deportivos de sauna con camiseta de manga larga con cremallera para mujer est\u00e1n hechos de neopreno de alta calidad, lo que ayuda al ejercicio a generar suficiente calor para causar sudoraci\u00f3n intensa. El conjunto de traje de sudor de sauna de yoga de cintura alta moldeador de cuerpo de ejercicio de entrenamiento es el arma secreta definitiva para su viaje de acondicionamiento f\u00edsico. Est\u00e1 dise\u00f1ado para maximizar el sudor, acelerar la quema de calor\u00edas y promover la desintoxicaci\u00f3n para ayudarle a alcanzar sus objetivos de acondicionamiento f\u00edsico m\u00e1s r\u00e1pido.<\/li>\n<li><strong>PERFECTAMENTE MULTIFUNCIONAL:<\/strong> Ya sea que vayas al gimnasio, salgas a correr o practiques yoga, nuestro mejor traje de sauna para bajar de peso es el compa\u00f1ero de entrenamiento perfecto. Acepta el desaf\u00edo y supera tus l\u00edmites con cada entrenamiento. Ya sea que est\u00e9s sudando en el gimnasio o sintiendo la belleza natural del aire libre, nuestra ropa deportiva para sauna es la elecci\u00f3n perfecta para ti. \u00a1D\u00e9 rienda suelta y luzca lo mejor posible con este ch\u00e1ndal de sauna!<\/li>\n<\/ul>\n<p><img fetchpriority=\"high\" decoding=\"async\" class=\"alignnone wp-image-7612\" src=\"https:\/\/yume-silm.com\/wp-content\/uploads\/2024\/04\/sauna-sweat-suit-jacket-yumesilm.jpg\" alt=\"Manga larga determinada del control de barriga del traje del sudor de la sauna de la yoga de la cintura alta\" width=\"600\" height=\"600\" title=\"\" srcset=\"https:\/\/yume-silm.com\/wp-content\/uploads\/2024\/04\/sauna-sweat-suit-jacket-yumesilm.jpg 800w, https:\/\/yume-silm.com\/wp-content\/uploads\/2024\/04\/sauna-sweat-suit-jacket-yumesilm-300x300.jpg 300w, https:\/\/yume-silm.com\/wp-content\/uploads\/2024\/04\/sauna-sweat-suit-jacket-yumesilm-150x150.jpg 150w, https:\/\/yume-silm.com\/wp-content\/uploads\/2024\/04\/sauna-sweat-suit-jacket-yumesilm-768x768.jpg 768w, https:\/\/yume-silm.com\/wp-content\/uploads\/2024\/04\/sauna-sweat-suit-jacket-yumesilm-12x12.jpg 12w, https:\/\/yume-silm.com\/wp-content\/uploads\/2024\/04\/sauna-sweat-suit-jacket-yumesilm-100x100.jpg 100w\" sizes=\"(max-width: 600px) 100vw, 600px\" \/><\/p>\n<h6><em>Adecuado para gimnasio, correr, yoga, fitness, deportes, mangas largas y pantalones, traje de sauna<\/em><\/h6>\n<ul>\n<li>RESULTADOS VISIBLES: Lleva tu entrenamiento f\u00edsico al siguiente nivel de inmediato con nuestro conjunto de traje de sauna y yoga de cintura alta para mujer. \u00a1Prep\u00e1rate para sudar, esculpir y brillar como nunca antes! Dile adi\u00f3s a la grasa rebelde y da la bienvenida a un f\u00edsico m\u00e1s delgado y en forma.<\/li>\n<\/ul>","protected":false},"excerpt":{"rendered":"<p>Revela nuestro conjunto de sudadera para yoga y sauna de cintura alta para mujer, dise\u00f1ado para esas intensas sesiones de entrenamiento. Confeccionado con material de alta elasticidad, este conjunto de sudadera para yoga y sauna de cintura alta est\u00e1 dise\u00f1ado para acelerar el calor y amplificar la tasa de sudoraci\u00f3n 2,5 veces. Sum\u00e9rgete en una experiencia de fitness transformadora con esta pieza impecable.<\/p>","protected":false},"featured_media":7602,"comment_status":"open","ping_status":"closed","template":"","meta":{"site-sidebar-layout":"default","site-content-layout":"","ast-site-content-layout":"default","site-content-style":"default","site-sidebar-style":"default","ast-global-header-display":"","ast-banner-title-visibility":"","ast-main-header-display":"","ast-hfb-above-header-display":"","ast-hfb-below-header-display":"","ast-hfb-mobile-header-display":"","site-post-title":"","ast-breadcrumbs-content":"","ast-featured-img":"","footer-sml-layout":"","ast-disable-related-posts":"","theme-transparent-header-meta":"default","adv-header-id-meta":"","stick-header-meta":"default","header-above-stick-meta":"","header-main-stick-meta":"","header-below-stick-meta":"","astra-migrate-meta-layouts":"set","ast-page-background-enabled":"default","ast-page-background-meta":{"desktop":{"background-color":"","background-image":"","background-repeat":"repeat","background-position":"center center","background-size":"auto","background-attachment":"scroll","background-type":"","background-media":"","overlay-type":"","overlay-color":"","overlay-opacity":"","overlay-gradient":""},"tablet":{"background-color":"","background-image":"","background-repeat":"repeat","background-position":"center center","background-size":"auto","background-attachment":"scroll","background-type":"","background-media":"","overlay-type":"","overlay-color":"","overlay-opacity":"","overlay-gradient":""},"mobile":{"background-color":"","background-image":"","background-repeat":"repeat","background-position":"center center","background-size":"auto","background-attachment":"scroll","background-type":"","background-media":"","overlay-type":"","overlay-color":"","overlay-opacity":"","overlay-gradient":""}},"ast-content-background-meta":{"desktop":{"background-color":"var(--ast-global-color-5)","background-image":"","background-repeat":"repeat","background-position":"center center","background-size":"auto","background-attachment":"scroll","background-type":"","background-media":"","overlay-type":"","overlay-color":"","overlay-opacity":"","overlay-gradient":""},"tablet":{"background-color":"var(--ast-global-color-5)","background-image":"","background-repeat":"repeat","background-position":"center center","background-size":"auto","background-attachment":"scroll","background-type":"","background-media":"","overlay-type":"","overlay-color":"","overlay-opacity":"","overlay-gradient":""},"mobile":{"background-color":"var(--ast-global-color-5)","background-image":"","background-repeat":"repeat","background-position":"center center","background-size":"auto","background-attachment":"scroll","background-type":"","background-media":"","overlay-type":"","overlay-color":"","overlay-opacity":"","overlay-gradient":""}}},"product_brand":[],"product_cat":[65,76,97,102,98,99],"product_tag":[559,560,561,563,548,558,562,185],"class_list":{"0":"post-7582","1":"product","2":"type-product","3":"status-publish","4":"has-post-thumbnail","6":"product_cat-best-sellers","7":"product_cat-new-arrivels","8":"product_cat-sauna-suit","9":"product_cat-full-body-sweat-suit","10":"product_cat-sauna-jacket","11":"product_cat-sauna-pants","12":"product_tag-exercise","13":"product_tag-jacket","14":"product_tag-pants","15":"product_tag-running","16":"product_tag-sauna-sweat","17":"product_tag-weight-loss","18":"product_tag-with-pockets","19":"product_tag-workout","20":"pa_color-blue-jacket","21":"pa_color-blue-pant","22":"pa_color-silver-jacket","23":"pa_color-silver-pant","24":"pa_size-l","25":"pa_size-m","26":"pa_size-xxl","27":"pa_size-xxxl","28":"desktop-align-center","29":"tablet-align-left","30":"mobile-align-left","31":"ast-product-gallery-layout-horizontal-slider","32":"ast-product-single-variable","33":"ast-product-tabs-layout-horizontal","34":"ast-qv-on-image","36":"first","37":"instock","38":"sale","39":"shipping-taxable","40":"purchasable","41":"product-type-variable"},"tiered_pricing_type":"fixed","tiered_pricing_fixed_rules":{"20":6.9,"100":6.05,"200":5.6},"tiered_pricing_product_settings":{"layout":"default","base_unit_name":{"singular":null,"plural":null},"default_variation":null},"tiered_pricing_minimum_quantity":null,"tiered_pricing_roles_data":[],"tiered_pricing_percentage_rules":[],"_links":{"self":[{"href":"https:\/\/yume-silm.com\/es\/wp-json\/wp\/v2\/product\/7582","targetHints":{"allow":["GET"]}}],"collection":[{"href":"https:\/\/yume-silm.com\/es\/wp-json\/wp\/v2\/product"}],"about":[{"href":"https:\/\/yume-silm.com\/es\/wp-json\/wp\/v2\/types\/product"}],"replies":[{"embeddable":true,"href":"https:\/\/yume-silm.com\/es\/wp-json\/wp\/v2\/comments?post=7582"}],"wp:featuredmedia":[{"embeddable":true,"href":"https:\/\/yume-silm.com\/es\/wp-json\/wp\/v2\/media\/7602"}],"wp:attachment":[{"href":"https:\/\/yume-silm.com\/es\/wp-json\/wp\/v2\/media?parent=7582"}],"wp:term":[{"taxonomy":"product_brand","embeddable":true,"href":"https:\/\/yume-silm.com\/es\/wp-json\/wp\/v2\/product_brand?post=7582"},{"taxonomy":"product_cat","embeddable":true,"href":"https:\/\/yume-silm.com\/es\/wp-json\/wp\/v2\/product_cat?post=7582"},{"taxonomy":"product_tag","embeddable":true,"href":"https:\/\/yume-silm.com\/es\/wp-json\/wp\/v2\/product_tag?post=7582"}],"curies":[{"name":"wp","href":"https:\/\/api.w.org\/{rel}","templated":true}]}}