{"id":7634,"date":"2024-04-27T01:28:04","date_gmt":"2024-04-27T01:28:04","guid":{"rendered":"https:\/\/yume-silm.com\/?post_type=product&#038;p=7634"},"modified":"2025-09-23T01:28:36","modified_gmt":"2025-09-23T01:28:36","slug":"al-por-mayor-conjunto-de-sudor-de-ejercicio-para-quemar-grasa-de-pvc","status":"publish","type":"product","link":"https:\/\/yume-silm.com\/es\/producto-2\/al-por-mayor-conjunto-de-sudor-de-ejercicio-para-quemar-grasa-de-pvc\/","title":{"rendered":"Venta al por mayor Conjunto de sudor de ejercicio para quemar grasa de PVC"},"content":{"rendered":"<h5>Caracteristicas de dise\u00f1o<\/h5>\n<ul>\n<li><strong>SUDOR:<\/strong> Este traje de p\u00e9rdida de peso nuestro est\u00e1 agregado con material de PVC, que puede estimular efectivamente al cuerpo a sudar mucho. Obtenga el mejor efecto sauna durante el ejercicio, para que las toxinas y desechos del cuerpo se descarguen r\u00e1pidamente del cuerpo, refrescando el cuerpo y la mente, con m\u00e1s energ\u00eda.<\/li>\n<li><strong>AJUSTE C\u00d3MODO:<\/strong> El dise\u00f1o humanizado y el corte ergon\u00f3mico hacen que el traje deportivo para sauna se ajuste al cuerpo. La abertura el\u00e1stica ajustada en las manos y los tobillos es muy eficaz para retener el sudor. Nuestra ropa deportiva de traje de sauna de PVC est\u00e1 hecha de material impermeable y resistente al viento, adecuada para todas las estaciones y adecuada para cualquier clima y cualquier deporte.<\/li>\n<li><strong>ACELERAR EL METABOLISMO:<\/strong> El uso de un traje de sauna para perder peso, hacer ejercicio en el gimnasio para hombres y mujeres bajo ejercicio caliente promueve la circulaci\u00f3n sangu\u00ednea y acelera el metabolismo. Esto no s\u00f3lo ayuda a reducir el peso, sino que tambi\u00e9n mejora la inmunidad, la textura de la piel y la juventud.<\/li>\n<li><strong>DISE\u00d1O DE MODA:<\/strong> \u00bfVer? Esta sudadera y pantalones de sauna nuestros no solo son pr\u00e1cticos sino tambi\u00e9n modernos. Su estilo est\u00e1 muy de moda y est\u00e1 disponible en una variedad de colores. Est\u00e1 garantizado que te mantendr\u00e1 elegante y segura mientras disfrutas de tus momentos de sauna y te conviertes en una fashionista con un estilo de vida saludable.<\/li>\n<\/ul>\n<p><img fetchpriority=\"high\" decoding=\"async\" class=\"alignnone size-medium wp-image-7974\" src=\"https:\/\/yume-silm.com\/wp-content\/uploads\/2024\/04\/wholesale-PVC-fat-burning-exercise-sweat-sauna-suit-set-300x300.jpg\" alt=\"Venta al por mayor Conjunto de sudor de ejercicio para quemar grasa de PVC\" width=\"300\" height=\"300\" title=\"\" srcset=\"https:\/\/yume-silm.com\/wp-content\/uploads\/2024\/04\/wholesale-PVC-fat-burning-exercise-sweat-sauna-suit-set-300x300.jpg 300w, https:\/\/yume-silm.com\/wp-content\/uploads\/2024\/04\/wholesale-PVC-fat-burning-exercise-sweat-sauna-suit-set-150x150.jpg 150w, https:\/\/yume-silm.com\/wp-content\/uploads\/2024\/04\/wholesale-PVC-fat-burning-exercise-sweat-sauna-suit-set-768x768.jpg 768w, https:\/\/yume-silm.com\/wp-content\/uploads\/2024\/04\/wholesale-PVC-fat-burning-exercise-sweat-sauna-suit-set-12x12.jpg 12w, https:\/\/yume-silm.com\/wp-content\/uploads\/2024\/04\/wholesale-PVC-fat-burning-exercise-sweat-sauna-suit-set-800x800.jpg 800w, https:\/\/yume-silm.com\/wp-content\/uploads\/2024\/04\/wholesale-PVC-fat-burning-exercise-sweat-sauna-suit-set-100x100.jpg 100w, https:\/\/yume-silm.com\/wp-content\/uploads\/2024\/04\/wholesale-PVC-fat-burning-exercise-sweat-sauna-suit-set.jpg 1000w\" sizes=\"(max-width: 300px) 100vw, 300px\" \/><\/p>\n<p>&nbsp;<\/p>\n<h6><em>Conjunto de traje de sauna para hombres y mujeres, gimnasio, fitness, entrenamiento, sudoraci\u00f3n, p\u00e9rdida de peso<\/em><\/h6>\n<ul>\n<li><strong>APLICABLE A MUCHAS OCASIONES:<\/strong> Elegir un conjunto de sudor de ejercicio para quemar grasa de PVC es elegir un estilo de vida saludable. La ropa para sauna liberar\u00e1 el estr\u00e9s y brillar\u00e1 en la experiencia del ejercicio en la sauna; Tambi\u00e9n puedes perder peso sudando en la sauna. Perfecto para pasar tiempo en la sauna en la privacidad de tu hogar, entrenar en el gimnasio, correr al aire libre y m\u00e1s.<\/li>\n<\/ul>","protected":false},"excerpt":{"rendered":"<ul>\n<li>Ya sea que est\u00e9 buscando mantenerse saludable, perder peso o aliviar el estr\u00e9s, nuestra gama de conjuntos de ejercicio de sudoraci\u00f3n para quemar grasa de PVC satisfar\u00e1 sus necesidades de ejercicio y p\u00e9rdida de peso.<\/li>\n<li>\u00a1Ven y elige nuestro conjunto de sudoraci\u00f3n quemagrasas de PVC para una vida m\u00e1s saludable, c\u00f3moda y con estilo! \u00a1Ya est\u00e1n aqu\u00ed los nuevos productos, p\u00eddelos hoy!<\/li>\n<\/ul>","protected":false},"featured_media":7972,"comment_status":"open","ping_status":"closed","template":"","meta":{"site-sidebar-layout":"default","site-content-layout":"","ast-site-content-layout":"default","site-content-style":"default","site-sidebar-style":"default","ast-global-header-display":"","ast-banner-title-visibility":"","ast-main-header-display":"","ast-hfb-above-header-display":"","ast-hfb-below-header-display":"","ast-hfb-mobile-header-display":"","site-post-title":"","ast-breadcrumbs-content":"","ast-featured-img":"","footer-sml-layout":"","ast-disable-related-posts":"","theme-transparent-header-meta":"default","adv-header-id-meta":"","stick-header-meta":"default","header-above-stick-meta":"","header-main-stick-meta":"","header-below-stick-meta":"","astra-migrate-meta-layouts":"set","ast-page-background-enabled":"default","ast-page-background-meta":{"desktop":{"background-color":"","background-image":"","background-repeat":"repeat","background-position":"center center","background-size":"auto","background-attachment":"scroll","background-type":"","background-media":"","overlay-type":"","overlay-color":"","overlay-opacity":"","overlay-gradient":""},"tablet":{"background-color":"","background-image":"","background-repeat":"repeat","background-position":"center center","background-size":"auto","background-attachment":"scroll","background-type":"","background-media":"","overlay-type":"","overlay-color":"","overlay-opacity":"","overlay-gradient":""},"mobile":{"background-color":"","background-image":"","background-repeat":"repeat","background-position":"center center","background-size":"auto","background-attachment":"scroll","background-type":"","background-media":"","overlay-type":"","overlay-color":"","overlay-opacity":"","overlay-gradient":""}},"ast-content-background-meta":{"desktop":{"background-color":"var(--ast-global-color-5)","background-image":"","background-repeat":"repeat","background-position":"center center","background-size":"auto","background-attachment":"scroll","background-type":"","background-media":"","overlay-type":"","overlay-color":"","overlay-opacity":"","overlay-gradient":""},"tablet":{"background-color":"var(--ast-global-color-5)","background-image":"","background-repeat":"repeat","background-position":"center center","background-size":"auto","background-attachment":"scroll","background-type":"","background-media":"","overlay-type":"","overlay-color":"","overlay-opacity":"","overlay-gradient":""},"mobile":{"background-color":"var(--ast-global-color-5)","background-image":"","background-repeat":"repeat","background-position":"center center","background-size":"auto","background-attachment":"scroll","background-type":"","background-media":"","overlay-type":"","overlay-color":"","overlay-opacity":"","overlay-gradient":""}}},"product_brand":[],"product_cat":[97,65,76,102,98,99],"product_tag":[421,549,569,570,548,185],"class_list":{"0":"post-7634","1":"product","2":"type-product","3":"status-publish","4":"has-post-thumbnail","6":"product_cat-sauna-suit","7":"product_cat-best-sellers","8":"product_cat-new-arrivels","9":"product_cat-full-body-sweat-suit","10":"product_cat-sauna-jacket","11":"product_cat-sauna-pants","12":"product_tag-fashions","13":"product_tag-gym","14":"product_tag-pvc","15":"product_tag-sauna-set","16":"product_tag-sauna-sweat","17":"product_tag-workout","18":"pa_color-black","19":"pa_color-silver","20":"pa_size-4xl","21":"pa_size-l","22":"pa_size-m","23":"pa_size-s","24":"pa_size-xl","25":"pa_size-xxl","26":"pa_size-xxxl","27":"desktop-align-center","28":"tablet-align-left","29":"mobile-align-left","30":"ast-product-gallery-layout-horizontal-slider","31":"ast-product-single-variable","32":"ast-product-tabs-layout-horizontal","33":"ast-qv-on-image","35":"first","36":"instock","37":"shipping-taxable","38":"purchasable","39":"product-type-variable"},"tiered_pricing_type":"fixed","tiered_pricing_fixed_rules":{"5":5.8,"50":5.15,"100":4.5},"tiered_pricing_product_settings":{"layout":"default","base_unit_name":{"singular":null,"plural":null},"default_variation":null},"tiered_pricing_minimum_quantity":null,"tiered_pricing_roles_data":[],"tiered_pricing_percentage_rules":[],"_links":{"self":[{"href":"https:\/\/yume-silm.com\/es\/wp-json\/wp\/v2\/product\/7634","targetHints":{"allow":["GET"]}}],"collection":[{"href":"https:\/\/yume-silm.com\/es\/wp-json\/wp\/v2\/product"}],"about":[{"href":"https:\/\/yume-silm.com\/es\/wp-json\/wp\/v2\/types\/product"}],"replies":[{"embeddable":true,"href":"https:\/\/yume-silm.com\/es\/wp-json\/wp\/v2\/comments?post=7634"}],"wp:featuredmedia":[{"embeddable":true,"href":"https:\/\/yume-silm.com\/es\/wp-json\/wp\/v2\/media\/7972"}],"wp:attachment":[{"href":"https:\/\/yume-silm.com\/es\/wp-json\/wp\/v2\/media?parent=7634"}],"wp:term":[{"taxonomy":"product_brand","embeddable":true,"href":"https:\/\/yume-silm.com\/es\/wp-json\/wp\/v2\/product_brand?post=7634"},{"taxonomy":"product_cat","embeddable":true,"href":"https:\/\/yume-silm.com\/es\/wp-json\/wp\/v2\/product_cat?post=7634"},{"taxonomy":"product_tag","embeddable":true,"href":"https:\/\/yume-silm.com\/es\/wp-json\/wp\/v2\/product_tag?post=7634"}],"curies":[{"name":"wp","href":"https:\/\/api.w.org\/{rel}","templated":true}]}}