{"id":7717,"date":"2024-04-29T06:14:40","date_gmt":"2024-04-29T06:14:40","guid":{"rendered":"https:\/\/yume-silm.com\/?post_type=product&#038;p=7717"},"modified":"2025-07-21T01:51:02","modified_gmt":"2025-07-21T01:51:02","slug":"traje-de-sauna-para-mujer-top-moldeador-de-cuerpo-para-perdida-de-peso","status":"publish","type":"product","link":"https:\/\/yume-silm.com\/es\/producto-2\/traje-de-sauna-para-mujer-top-moldeador-de-cuerpo-para-perdida-de-peso\/","title":{"rendered":"Top moldeador de cuerpo para p\u00e9rdida de peso, traje deportivo de Sauna para mujer al por mayor"},"content":{"rendered":"<h5 data-slate-node=\"element\" data-slate-fragment=\"JTVCJTdCJTIydHlwZSUyMiUzQSUyMnBhcmFncmFwaCUyMiUyQyUyMmNoaWxkcmVuJTIyJTNBJTVCJTdCJTIydGV4dCUyMiUzQSUyMkRlc2lnbiUyMGZlYXR1cmVzJTIyJTJDJTIyc2VudGVuY2UlMjIlM0EwJTJDJTIyY2hpbGRTZW50ZW5jZSUyMiUzQTAlN0QlNUQlN0QlMkMlN0IlMjJ0eXBlJTIyJTNBJTIycGFyYWdyYXBoJTIyJTJDJTIyY2hpbGRyZW4lMjIlM0ElNUIlN0IlMjJ0ZXh0JTIyJTNBJTIyJTIyJTJDJTIyc2VudGVuY2UlMjIlM0ExJTJDJTIyY2hpbGRTZW50ZW5jZSUyMiUzQTElN0QlNUQlN0QlNUQ=\"><span data-slate-node=\"text\"><span class=\"00\" data-slate-leaf=\"true\">Caracteristicas de dise\u00f1o<\/span><\/span><\/h5>\n<div data-slate-node=\"element\">\n<ul>\n<li data-slate-node=\"element\"><span data-slate-node=\"text\"><span class=\"41\" data-slate-leaf=\"true\"><strong>DISE\u00d1O INNOVADOR:<\/strong> Una camisa de sauna para mujeres es el mejor asistente para moldear el cuerpo y perder peso, el principio de funcionamiento de un traje de sauna para perder peso para mujeres es acelerar la sudoraci\u00f3n, promover la circulaci\u00f3n sangu\u00ednea, reducir la fatiga muscular y lograr una p\u00e9rdida de peso y una forma efectivas mediante una compresi\u00f3n razonable y espacio confinado adecuado.<\/span><\/span><\/li>\n<li data-slate-node=\"element\"><span data-slate-node=\"text\"><span class=\"61\" data-slate-leaf=\"true\"><strong>ROPA DE SAUNA PARA P\u00c9RDIDA DE PESO DIARIA:<\/strong> Camisetas deportivas de entrenamiento de manga corta con cuello redondo, perfectas para yoga en casa en el gimnasio o ejercicio de carrera al aire libre, as\u00ed como para el trabajo, puedes usar esta camiseta de media manga para sauna y p\u00e9rdida de peso que moldea el cuerpo. <\/span><\/span><span data-slate-node=\"text\"><span class=\"62\" data-slate-leaf=\"true\">Puede proteger eficazmente el fr\u00edo en el fr\u00edo invierno y puede usarse para acelerar la sudoraci\u00f3n para perder peso en primavera, verano y oto\u00f1o.<\/span><\/span><\/li>\n<li data-slate-node=\"element\"><span data-slate-node=\"text\"><span class=\"81\" data-slate-leaf=\"true\"><strong>C\u00d3MODO Y CONVENIENTE:<\/strong> El chaleco de manga corta que atrapa el calor, sudadera ligera con cremallera completa, informal est\u00e1 hecho de tela de alta calidad que es m\u00e1s c\u00f3moda para la piel; Es f\u00e1cil de usar, como la ropa diaria, y solo necesita una cremallera para abrir y cerrar. <\/span><\/span><span data-slate-node=\"text\"><span class=\"82\" data-slate-leaf=\"true\">Es liviano, c\u00f3modo y sin estr\u00e9s, por lo que no importa qu\u00e9 tipo de ejercicio hagas, podr\u00e1s realizarlo de manera flexible.<\/span><\/span><\/li>\n<\/ul>\n<p><img fetchpriority=\"high\" decoding=\"async\" class=\"alignnone size-medium wp-image-7718\" src=\"https:\/\/yume-silm.com\/wp-content\/uploads\/2024\/04\/womens-sauna-sweat-short-sleeves-top-full-zip-up-lightweight-sweatshirt-casual-05-300x300.jpg\" alt=\"Top moldeador de cuerpo para p\u00e9rdida de peso, traje deportivo de Sauna para mujer al por mayor\" width=\"300\" height=\"300\" title=\"\" srcset=\"https:\/\/yume-silm.com\/wp-content\/uploads\/2024\/04\/womens-sauna-sweat-short-sleeves-top-full-zip-up-lightweight-sweatshirt-casual-05-300x300.jpg 300w, https:\/\/yume-silm.com\/wp-content\/uploads\/2024\/04\/womens-sauna-sweat-short-sleeves-top-full-zip-up-lightweight-sweatshirt-casual-05-150x150.jpg 150w, https:\/\/yume-silm.com\/wp-content\/uploads\/2024\/04\/womens-sauna-sweat-short-sleeves-top-full-zip-up-lightweight-sweatshirt-casual-05-768x768.jpg 768w, https:\/\/yume-silm.com\/wp-content\/uploads\/2024\/04\/womens-sauna-sweat-short-sleeves-top-full-zip-up-lightweight-sweatshirt-casual-05-12x12.jpg 12w, https:\/\/yume-silm.com\/wp-content\/uploads\/2024\/04\/womens-sauna-sweat-short-sleeves-top-full-zip-up-lightweight-sweatshirt-casual-05-100x100.jpg 100w, https:\/\/yume-silm.com\/wp-content\/uploads\/2024\/04\/womens-sauna-sweat-short-sleeves-top-full-zip-up-lightweight-sweatshirt-casual-05.jpg 800w\" sizes=\"(max-width: 300px) 100vw, 300px\" \/><\/p>\n<h6><em>Chaleco deportivo de manga corta para mujer, sudadera ligera con cremallera completa, informal<\/em><\/h6>\n<ul>\n<li data-slate-node=\"element\" data-slate-fragment=\"JTVCJTdCJTIydHlwZSUyMiUzQSUyMnBhcmFncmFwaCUyMiUyQyUyMmNoaWxkcmVuJTIyJTNBJTVCJTdCJTIydGV4dCUyMiUzQSUyMklOTk9WQVRJVkUlMjBERVNJR04lM0ElMjBBJTIwd29tZW4ncyUyMHNhdW5hJTIwc2hpcnQlMjBpcyUyMHRoZSUyMGJlc3QlMjBhc3Npc3RhbnQlMjBmb3IlMjBib2R5JTIwc2hhcGluZyUyMGFuZCUyMHdlaWdodCUyMGxvc3MlMkMlMjB0aGUlMjB3b3JraW5nJTIwcHJpbmNpcGxlJTIwb2YlMjBhJTIwc2F1bmElMjBzdWl0JTIwZm9yJTIwd29tZW4ncyUyMHdlaWdodCUyMGxvc3MlMjBpcyUyMHRvJTIwYWNjZWxlcmF0ZSUyMHN3ZWF0aW5nJTJDJTIwcHJvbW90ZSUyMGJsb29kJTIwY2lyY3VsYXRpb24lMkMlMjByZWR1Y2UlMjBtdXNjbGUlMjBmYXRpZ3VlJTJDJTIwYW5kJTIwYWNoaWV2ZSUyMGVmZmVjdGl2ZSUyMHdlaWdodCUyMGxvc3MlMjBhbmQlMjBzaGFwaW5nJTIwdGhyb3VnaCUyMHJlYXNvbmFibGUlMjBjb21wcmVzc2lvbiUyMGFuZCUyMHByb3BlciUyMGNvbmZpbmVkJTIwc3BhY2UuJTIyJTJDJTIyc2VudGVuY2UlMjIlM0E0JTJDJTIyY2hpbGRTZW50ZW5jZSUyMiUzQTElN0QlNUQlN0QlMkMlN0IlMjJ0eXBlJTIyJTNBJTIycGFyYWdyYXBoJTIyJTJDJTIyY2hpbGRyZW4lMjIlM0ElNUIlN0IlMjJ0ZXh0JTIyJTNBJTIyJTIyJTJDJTIyc2VudGVuY2UlMjIlM0E1JTJDJTIyY2hpbGRTZW50ZW5jZSUyMiUzQTElN0QlNUQlN0QlMkMlN0IlMjJ0eXBlJTIyJTNBJTIycGFyYWdyYXBoJTIyJTJDJTIyY2hpbGRyZW4lMjIlM0ElNUIlN0IlMjJ0ZXh0JTIyJTNBJTIyREFJTFklMjBXRUlHSFQlMjBMT1NTJTIwU0FVTkElMjBDTE9USElORyUzQSUyMENyZXclMjBuZWNrJTIwc2hvcnQlMjBzbGVldmUlMjB3b3Jrb3V0JTIwc3BvcnRzJTIwdG9wcyUyMHBlcmZlY3QlMjBmb3IlMjB5b2dhJTIwYXQlMjBob21lJTIwaW4lMjB0aGUlMjBneW0lMjBvciUyMG91dGRvb3IlMjBydW5uaW5nJTIwZXhlcmNpc2UlMkMlMjBhcyUyMHdlbGwlMjBhcyUyMHdvcmslMjBjYW4lMjB3ZWFyJTIwdGhpcyUyMGJvZHktc2hhcGluZyUyMHdlaWdodCUyMGxvc3MlMjBzYXVuYSUyMGhhbGYtc2xlZXZlJTIwc2hpcnQuJTIwJTIyJTJDJTIyc2VudGVuY2UlMjIlM0E2JTJDJTIyY2hpbGRTZW50ZW5jZSUyMiUzQTElN0QlMkMlN0IlMjJ0ZXh0JTIyJTNBJTIySXQlMjBjYW4lMjBlZmZlY3RpdmVseSUyMGtlZXAlMjBvdXQlMjB0aGUlMjBjb2xkJTIwaW4lMjBjb2xkJTIwd2ludGVyJTIwYW5kJTIwY2FuJTIwYmUlMjB1c2VkJTIwdG8lMjBhY2NlbGVyYXRlJTIwc3dlYXRpbmclMjBmb3IlMjB3ZWlnaHQlMjBsb3NzJTIwaW4lMjBzcHJpbmclMkMlMjBzdW1tZXIlMkMlMjBhbmQlMjBmYWxsLiUyMiUyQyUyMnNlbnRlbmNlJTIyJTNBNiUyQyUyMmNoaWxkU2VudGVuY2UlMjIlM0EyJTdEJTVEJTdEJTJDJTdCJTIydHlwZSUyMiUzQSUyMnBhcmFncmFwaCUyMiUyQyUyMmNoaWxkcmVuJTIyJTNBJTVCJTdCJTIydGV4dCUyMiUzQSUyMiUyMiUyQyUyMnNlbnRlbmNlJTIyJTNBNyUyQyUyMmNoaWxkU2VudGVuY2UlMjIlM0ExJTdEJTVEJTdEJTJDJTdCJTIydHlwZSUyMiUzQSUyMnBhcmFncmFwaCUyMiUyQyUyMmNoaWxkcmVuJTIyJTNBJTVCJTdCJTIydGV4dCUyMiUzQSUyMkNPTUZPUlRBQkxFJTIwQU5EJTIwQ09OVkVOSUVOVCUzQSUyMFRoZSUyMHNob3J0LXNsZWV2ZWQlMjBzd2VhdCUyMHZlc3QlMjBoZWF0LXRyYXBwaW5nJTIwc2hpcnQlMjBmdWxsJTIwemlwLXVwJTIwbGlnaHR3ZWlnaHQlMjBzd2VhdHNoaXJ0JTIwY2FzdWFsJTIwaXMlMjBtYWRlJTIwb2YlMjBoaWdoLXF1YWxpdHklMjBmYWJyaWMlMjB3aGljaCUyMGlzJTIwbW9yZSUyMGNvbWZvcnRhYmxlJTIwZm9yJTIwdGhlJTIwc2tpbiUzQiUyMGl0JTIwaXMlMjBlYXN5JTIwdG8lMjB3ZWFyJTJDJTIwanVzdCUyMGxpa2UlMjBkYWlseSUyMGNsb3RoZXMlMkMlMjBhbmQlMjBqdXN0JTIwbmVlZHMlMjBhJTIwemlwcGVyJTIwdG8lMjBvcGVuJTIwYW5kJTIwY2xvc2UuJTIwJTIyJTJDJTIyc2VudGVuY2UlMjIlM0E4JTJDJTIyY2hpbGRTZW50ZW5jZSUyMiUzQTElN0QlMkMlN0IlMjJ0ZXh0JTIyJTNBJTIySXQlMjBpcyUyMGxpZ2h0d2VpZ2h0JTJDJTIwY29tZm9ydGFibGUlMkMlMjBhbmQlMjBzdHJlc3MtZnJlZSUyQyUyMHNvJTIwbm8lMjBtYXR0ZXIlMjB3aGF0JTIwa2luZCUyMG9mJTIwZXhlcmNpc2UlMjB5b3UlMjBkbyUyQyUyMHlvdSUyMGNhbiUyMHJlYWxpemUlMjBpdCUyMGZsZXhpYmx5LiUyMiUyQyUyMnNlbnRlbmNlJTIyJTNBOCUyQyUyMmNoaWxkU2VudGVuY2UlMjIlM0EyJTdEJTVEJTdEJTJDJTdCJTIydHlwZSUyMiUzQSUyMnBhcmFncmFwaCUyMiUyQyUyMmNoaWxkcmVuJTIyJTNBJTVCJTdCJTIydGV4dCUyMiUzQSUyMiUyMiUyQyUyMnNlbnRlbmNlJTIyJTNBOSUyQyUyMmNoaWxkU2VudGVuY2UlMjIlM0ExJTdEJTVEJTdEJTJDJTdCJTIydHlwZSUyMiUzQSUyMnBhcmFncmFwaCUyMiUyQyUyMmNoaWxkcmVuJTIyJTNBJTVCJTdCJTIydGV4dCUyMiUzQSUyMkZBU0hJT04lMjBTSEFQRSUzQSUyMFRoZSUyMHJvdW5kJTIwbmVjayUyMHppcHBlciUyMGRlc2lnbiUyMG9mJTIwdGhlJTIwVC1zaGlydCUyMHN0eWxlJTIwb2YlMjB0aGUlMjB3b21lbidzJTIwd2VpZ2h0JTIwbG9zcyUyMHNhdW5hJTIwdG9wJTIwaXMlMjBmYXNoaW9uYWJsZSUyMGFuZCUyMHNwb3J0eS4lMjAlMjIlMkMlMjJzZW50ZW5jZSUyMiUzQTEwJTJDJTIyY2hpbGRTZW50ZW5jZSUyMiUzQTElN0QlMkMlN0IlMjJ0ZXh0JTIyJTNBJTIyWW91JTIwY2FuJTIwZW5qb3klMjBleGVyY2lzaW5nJTIweW91ciUyMGJlYXV0aWZ1bCUyMHdhaXN0JTIwYW5kJTIwbmVja2xpbmUlMjBkdXJpbmclMjB0aGUlMjBleGVyY2lzZS4lMjAlMjIlMkMlMjJzZW50ZW5jZSUyMiUzQTEwJTJDJTIyY2hpbGRTZW50ZW5jZSUyMiUzQTIlN0QlMkMlN0IlMjJ0ZXh0JTIyJTNBJTIyVGhlJTIwdmVyeSUyMHNsaW0lMjBmaXQlMjBkZXNpZ24lMjBvZiUyMHRoZSUyMHNhdW5hJTIwc3dlYXQlMjB0b3AlMjBtYWtlcyUyMGl0JTIwZWFzaWVyJTIwdG8lMjBsb2NrJTIwaW4lMjBzd2VhdCUyMGFuZCUyMGFjY2VsZXJhdGUlMjBwZXJzcGlyYXRpb24lM0IlMjB0aGUlMjBmdWxsJTIwemlwLXVwJTIweW9nYSUyMHdvcmtvdXQlMjBmYWphJTIwc3BvcnQlMjB0b3AlMjBtYWtlcyUyMGl0JTIwZWFzeSUyMHRvJTIwdGlnaHRlbiUyMHRoZSUyMGFiZG9tZW4lMjBhbmQlMjBzaGFwZSUyMGElMjBiZWF1dGlmdWwlMjBob3VyZ2xhc3MlMjBmaWd1cmUuJTIwJTIyJTJDJTIyc2VudGVuY2UlMjIlM0ExMCUyQyUyMmNoaWxkU2VudGVuY2UlMjIlM0EzJTdEJTJDJTdCJTIydGV4dCUyMiUzQSUyMkl0JTIwaXMlMjByZWNvbW1lbmRlZCUyMHRvJTIwaGF2ZSUyMGElMjBiYWxhbmNlZCUyMGRpZXQlMjBhbmQlMjBzdHJpY3QlMjBtb2RlcmF0ZSUyMGV4ZXJjaXNlJTJDJTIwdGhpcyUyMHN1bW1lciUyQyUyMHlvdSUyMGFyZSUyMHRoZSUyMG1vc3QlMjBiZWF1dGlmdWwlMjBzY2VuZXJ5JTIwb24lMjB0aGUlMjBiZWFjaC4lMjIlMkMlMjJzZW50ZW5jZSUyMiUzQTEwJTJDJTIyY2hpbGRTZW50ZW5jZSUyMiUzQTQlN0QlNUQlN0QlNUQ=\"><span data-slate-node=\"text\"><span class=\"101\" data-slate-leaf=\"true\"><strong>FORMA DE MODA:<\/strong> El dise\u00f1o de cremallera de cuello redondo del estilo de camiseta de la camiseta de sauna para bajar de peso para mujer es moderno y deportivo. <\/span><\/span><span data-slate-node=\"text\"><span class=\"102\" data-slate-leaf=\"true\">Podr\u00e1s disfrutar ejercitando tu hermosa cintura y escote durante el ejercicio. <\/span><\/span><\/li>\n<li data-slate-node=\"element\" data-slate-fragment=\"JTVCJTdCJTIydHlwZSUyMiUzQSUyMnBhcmFncmFwaCUyMiUyQyUyMmNoaWxkcmVuJTIyJTNBJTVCJTdCJTIydGV4dCUyMiUzQSUyMklOTk9WQVRJVkUlMjBERVNJR04lM0ElMjBBJTIwd29tZW4ncyUyMHNhdW5hJTIwc2hpcnQlMjBpcyUyMHRoZSUyMGJlc3QlMjBhc3Npc3RhbnQlMjBmb3IlMjBib2R5JTIwc2hhcGluZyUyMGFuZCUyMHdlaWdodCUyMGxvc3MlMkMlMjB0aGUlMjB3b3JraW5nJTIwcHJpbmNpcGxlJTIwb2YlMjBhJTIwc2F1bmElMjBzdWl0JTIwZm9yJTIwd29tZW4ncyUyMHdlaWdodCUyMGxvc3MlMjBpcyUyMHRvJTIwYWNjZWxlcmF0ZSUyMHN3ZWF0aW5nJTJDJTIwcHJvbW90ZSUyMGJsb29kJTIwY2lyY3VsYXRpb24lMkMlMjByZWR1Y2UlMjBtdXNjbGUlMjBmYXRpZ3VlJTJDJTIwYW5kJTIwYWNoaWV2ZSUyMGVmZmVjdGl2ZSUyMHdlaWdodCUyMGxvc3MlMjBhbmQlMjBzaGFwaW5nJTIwdGhyb3VnaCUyMHJlYXNvbmFibGUlMjBjb21wcmVzc2lvbiUyMGFuZCUyMHByb3BlciUyMGNvbmZpbmVkJTIwc3BhY2UuJTIyJTJDJTIyc2VudGVuY2UlMjIlM0E0JTJDJTIyY2hpbGRTZW50ZW5jZSUyMiUzQTElN0QlNUQlN0QlMkMlN0IlMjJ0eXBlJTIyJTNBJTIycGFyYWdyYXBoJTIyJTJDJTIyY2hpbGRyZW4lMjIlM0ElNUIlN0IlMjJ0ZXh0JTIyJTNBJTIyJTIyJTJDJTIyc2VudGVuY2UlMjIlM0E1JTJDJTIyY2hpbGRTZW50ZW5jZSUyMiUzQTElN0QlNUQlN0QlMkMlN0IlMjJ0eXBlJTIyJTNBJTIycGFyYWdyYXBoJTIyJTJDJTIyY2hpbGRyZW4lMjIlM0ElNUIlN0IlMjJ0ZXh0JTIyJTNBJTIyREFJTFklMjBXRUlHSFQlMjBMT1NTJTIwU0FVTkElMjBDTE9USElORyUzQSUyMENyZXclMjBuZWNrJTIwc2hvcnQlMjBzbGVldmUlMjB3b3Jrb3V0JTIwc3BvcnRzJTIwdG9wcyUyMHBlcmZlY3QlMjBmb3IlMjB5b2dhJTIwYXQlMjBob21lJTIwaW4lMjB0aGUlMjBneW0lMjBvciUyMG91dGRvb3IlMjBydW5uaW5nJTIwZXhlcmNpc2UlMkMlMjBhcyUyMHdlbGwlMjBhcyUyMHdvcmslMjBjYW4lMjB3ZWFyJTIwdGhpcyUyMGJvZHktc2hhcGluZyUyMHdlaWdodCUyMGxvc3MlMjBzYXVuYSUyMGhhbGYtc2xlZXZlJTIwc2hpcnQuJTIwJTIyJTJDJTIyc2VudGVuY2UlMjIlM0E2JTJDJTIyY2hpbGRTZW50ZW5jZSUyMiUzQTElN0QlMkMlN0IlMjJ0ZXh0JTIyJTNBJTIySXQlMjBjYW4lMjBlZmZlY3RpdmVseSUyMGtlZXAlMjBvdXQlMjB0aGUlMjBjb2xkJTIwaW4lMjBjb2xkJTIwd2ludGVyJTIwYW5kJTIwY2FuJTIwYmUlMjB1c2VkJTIwdG8lMjBhY2NlbGVyYXRlJTIwc3dlYXRpbmclMjBmb3IlMjB3ZWlnaHQlMjBsb3NzJTIwaW4lMjBzcHJpbmclMkMlMjBzdW1tZXIlMkMlMjBhbmQlMjBmYWxsLiUyMiUyQyUyMnNlbnRlbmNlJTIyJTNBNiUyQyUyMmNoaWxkU2VudGVuY2UlMjIlM0EyJTdEJTVEJTdEJTJDJTdCJTIydHlwZSUyMiUzQSUyMnBhcmFncmFwaCUyMiUyQyUyMmNoaWxkcmVuJTIyJTNBJTVCJTdCJTIydGV4dCUyMiUzQSUyMiUyMiUyQyUyMnNlbnRlbmNlJTIyJTNBNyUyQyUyMmNoaWxkU2VudGVuY2UlMjIlM0ExJTdEJTVEJTdEJTJDJTdCJTIydHlwZSUyMiUzQSUyMnBhcmFncmFwaCUyMiUyQyUyMmNoaWxkcmVuJTIyJTNBJTVCJTdCJTIydGV4dCUyMiUzQSUyMkNPTUZPUlRBQkxFJTIwQU5EJTIwQ09OVkVOSUVOVCUzQSUyMFRoZSUyMHNob3J0LXNsZWV2ZWQlMjBzd2VhdCUyMHZlc3QlMjBoZWF0LXRyYXBwaW5nJTIwc2hpcnQlMjBmdWxsJTIwemlwLXVwJTIwbGlnaHR3ZWlnaHQlMjBzd2VhdHNoaXJ0JTIwY2FzdWFsJTIwaXMlMjBtYWRlJTIwb2YlMjBoaWdoLXF1YWxpdHklMjBmYWJyaWMlMjB3aGljaCUyMGlzJTIwbW9yZSUyMGNvbWZvcnRhYmxlJTIwZm9yJTIwdGhlJTIwc2tpbiUzQiUyMGl0JTIwaXMlMjBlYXN5JTIwdG8lMjB3ZWFyJTJDJTIwanVzdCUyMGxpa2UlMjBkYWlseSUyMGNsb3RoZXMlMkMlMjBhbmQlMjBqdXN0JTIwbmVlZHMlMjBhJTIwemlwcGVyJTIwdG8lMjBvcGVuJTIwYW5kJTIwY2xvc2UuJTIwJTIyJTJDJTIyc2VudGVuY2UlMjIlM0E4JTJDJTIyY2hpbGRTZW50ZW5jZSUyMiUzQTElN0QlMkMlN0IlMjJ0ZXh0JTIyJTNBJTIySXQlMjBpcyUyMGxpZ2h0d2VpZ2h0JTJDJTIwY29tZm9ydGFibGUlMkMlMjBhbmQlMjBzdHJlc3MtZnJlZSUyQyUyMHNvJTIwbm8lMjBtYXR0ZXIlMjB3aGF0JTIwa2luZCUyMG9mJTIwZXhlcmNpc2UlMjB5b3UlMjBkbyUyQyUyMHlvdSUyMGNhbiUyMHJlYWxpemUlMjBpdCUyMGZsZXhpYmx5LiUyMiUyQyUyMnNlbnRlbmNlJTIyJTNBOCUyQyUyMmNoaWxkU2VudGVuY2UlMjIlM0EyJTdEJTVEJTdEJTJDJTdCJTIydHlwZSUyMiUzQSUyMnBhcmFncmFwaCUyMiUyQyUyMmNoaWxkcmVuJTIyJTNBJTVCJTdCJTIydGV4dCUyMiUzQSUyMiUyMiUyQyUyMnNlbnRlbmNlJTIyJTNBOSUyQyUyMmNoaWxkU2VudGVuY2UlMjIlM0ExJTdEJTVEJTdEJTJDJTdCJTIydHlwZSUyMiUzQSUyMnBhcmFncmFwaCUyMiUyQyUyMmNoaWxkcmVuJTIyJTNBJTVCJTdCJTIydGV4dCUyMiUzQSUyMkZBU0hJT04lMjBTSEFQRSUzQSUyMFRoZSUyMHJvdW5kJTIwbmVjayUyMHppcHBlciUyMGRlc2lnbiUyMG9mJTIwdGhlJTIwVC1zaGlydCUyMHN0eWxlJTIwb2YlMjB0aGUlMjB3b21lbidzJTIwd2VpZ2h0JTIwbG9zcyUyMHNhdW5hJTIwdG9wJTIwaXMlMjBmYXNoaW9uYWJsZSUyMGFuZCUyMHNwb3J0eS4lMjAlMjIlMkMlMjJzZW50ZW5jZSUyMiUzQTEwJTJDJTIyY2hpbGRTZW50ZW5jZSUyMiUzQTElN0QlMkMlN0IlMjJ0ZXh0JTIyJTNBJTIyWW91JTIwY2FuJTIwZW5qb3klMjBleGVyY2lzaW5nJTIweW91ciUyMGJlYXV0aWZ1bCUyMHdhaXN0JTIwYW5kJTIwbmVja2xpbmUlMjBkdXJpbmclMjB0aGUlMjBleGVyY2lzZS4lMjAlMjIlMkMlMjJzZW50ZW5jZSUyMiUzQTEwJTJDJTIyY2hpbGRTZW50ZW5jZSUyMiUzQTIlN0QlMkMlN0IlMjJ0ZXh0JTIyJTNBJTIyVGhlJTIwdmVyeSUyMHNsaW0lMjBmaXQlMjBkZXNpZ24lMjBvZiUyMHRoZSUyMHNhdW5hJTIwc3dlYXQlMjB0b3AlMjBtYWtlcyUyMGl0JTIwZWFzaWVyJTIwdG8lMjBsb2NrJTIwaW4lMjBzd2VhdCUyMGFuZCUyMGFjY2VsZXJhdGUlMjBwZXJzcGlyYXRpb24lM0IlMjB0aGUlMjBmdWxsJTIwemlwLXVwJTIweW9nYSUyMHdvcmtvdXQlMjBmYWphJTIwc3BvcnQlMjB0b3AlMjBtYWtlcyUyMGl0JTIwZWFzeSUyMHRvJTIwdGlnaHRlbiUyMHRoZSUyMGFiZG9tZW4lMjBhbmQlMjBzaGFwZSUyMGElMjBiZWF1dGlmdWwlMjBob3VyZ2xhc3MlMjBmaWd1cmUuJTIwJTIyJTJDJTIyc2VudGVuY2UlMjIlM0ExMCUyQyUyMmNoaWxkU2VudGVuY2UlMjIlM0EzJTdEJTJDJTdCJTIydGV4dCUyMiUzQSUyMkl0JTIwaXMlMjByZWNvbW1lbmRlZCUyMHRvJTIwaGF2ZSUyMGElMjBiYWxhbmNlZCUyMGRpZXQlMjBhbmQlMjBzdHJpY3QlMjBtb2RlcmF0ZSUyMGV4ZXJjaXNlJTJDJTIwdGhpcyUyMHN1bW1lciUyQyUyMHlvdSUyMGFyZSUyMHRoZSUyMG1vc3QlMjBiZWF1dGlmdWwlMjBzY2VuZXJ5JTIwb24lMjB0aGUlMjBiZWFjaC4lMjIlMkMlMjJzZW50ZW5jZSUyMiUzQTEwJTJDJTIyY2hpbGRTZW50ZW5jZSUyMiUzQTQlN0QlNUQlN0QlNUQ=\"><span data-slate-node=\"text\"><span class=\"103\" data-slate-leaf=\"true\">El dise\u00f1o muy ajustado de la sudadera para sauna facilita la retenci\u00f3n del sudor y acelera la transpiraci\u00f3n; La camiseta deportiva faja de entrenamiento de yoga con cremallera completa facilita apretar el abdomen y dar forma a una hermosa figura de curvas. <\/span><\/span><\/li>\n<li data-slate-node=\"element\" data-slate-fragment=\"JTVCJTdCJTIydHlwZSUyMiUzQSUyMnBhcmFncmFwaCUyMiUyQyUyMmNoaWxkcmVuJTIyJTNBJTVCJTdCJTIydGV4dCUyMiUzQSUyMklOTk9WQVRJVkUlMjBERVNJR04lM0ElMjBBJTIwd29tZW4ncyUyMHNhdW5hJTIwc2hpcnQlMjBpcyUyMHRoZSUyMGJlc3QlMjBhc3Npc3RhbnQlMjBmb3IlMjBib2R5JTIwc2hhcGluZyUyMGFuZCUyMHdlaWdodCUyMGxvc3MlMkMlMjB0aGUlMjB3b3JraW5nJTIwcHJpbmNpcGxlJTIwb2YlMjBhJTIwc2F1bmElMjBzdWl0JTIwZm9yJTIwd29tZW4ncyUyMHdlaWdodCUyMGxvc3MlMjBpcyUyMHRvJTIwYWNjZWxlcmF0ZSUyMHN3ZWF0aW5nJTJDJTIwcHJvbW90ZSUyMGJsb29kJTIwY2lyY3VsYXRpb24lMkMlMjByZWR1Y2UlMjBtdXNjbGUlMjBmYXRpZ3VlJTJDJTIwYW5kJTIwYWNoaWV2ZSUyMGVmZmVjdGl2ZSUyMHdlaWdodCUyMGxvc3MlMjBhbmQlMjBzaGFwaW5nJTIwdGhyb3VnaCUyMHJlYXNvbmFibGUlMjBjb21wcmVzc2lvbiUyMGFuZCUyMHByb3BlciUyMGNvbmZpbmVkJTIwc3BhY2UuJTIyJTJDJTIyc2VudGVuY2UlMjIlM0E0JTJDJTIyY2hpbGRTZW50ZW5jZSUyMiUzQTElN0QlNUQlN0QlMkMlN0IlMjJ0eXBlJTIyJTNBJTIycGFyYWdyYXBoJTIyJTJDJTIyY2hpbGRyZW4lMjIlM0ElNUIlN0IlMjJ0ZXh0JTIyJTNBJTIyJTIyJTJDJTIyc2VudGVuY2UlMjIlM0E1JTJDJTIyY2hpbGRTZW50ZW5jZSUyMiUzQTElN0QlNUQlN0QlMkMlN0IlMjJ0eXBlJTIyJTNBJTIycGFyYWdyYXBoJTIyJTJDJTIyY2hpbGRyZW4lMjIlM0ElNUIlN0IlMjJ0ZXh0JTIyJTNBJTIyREFJTFklMjBXRUlHSFQlMjBMT1NTJTIwU0FVTkElMjBDTE9USElORyUzQSUyMENyZXclMjBuZWNrJTIwc2hvcnQlMjBzbGVldmUlMjB3b3Jrb3V0JTIwc3BvcnRzJTIwdG9wcyUyMHBlcmZlY3QlMjBmb3IlMjB5b2dhJTIwYXQlMjBob21lJTIwaW4lMjB0aGUlMjBneW0lMjBvciUyMG91dGRvb3IlMjBydW5uaW5nJTIwZXhlcmNpc2UlMkMlMjBhcyUyMHdlbGwlMjBhcyUyMHdvcmslMjBjYW4lMjB3ZWFyJTIwdGhpcyUyMGJvZHktc2hhcGluZyUyMHdlaWdodCUyMGxvc3MlMjBzYXVuYSUyMGhhbGYtc2xlZXZlJTIwc2hpcnQuJTIwJTIyJTJDJTIyc2VudGVuY2UlMjIlM0E2JTJDJTIyY2hpbGRTZW50ZW5jZSUyMiUzQTElN0QlMkMlN0IlMjJ0ZXh0JTIyJTNBJTIySXQlMjBjYW4lMjBlZmZlY3RpdmVseSUyMGtlZXAlMjBvdXQlMjB0aGUlMjBjb2xkJTIwaW4lMjBjb2xkJTIwd2ludGVyJTIwYW5kJTIwY2FuJTIwYmUlMjB1c2VkJTIwdG8lMjBhY2NlbGVyYXRlJTIwc3dlYXRpbmclMjBmb3IlMjB3ZWlnaHQlMjBsb3NzJTIwaW4lMjBzcHJpbmclMkMlMjBzdW1tZXIlMkMlMjBhbmQlMjBmYWxsLiUyMiUyQyUyMnNlbnRlbmNlJTIyJTNBNiUyQyUyMmNoaWxkU2VudGVuY2UlMjIlM0EyJTdEJTVEJTdEJTJDJTdCJTIydHlwZSUyMiUzQSUyMnBhcmFncmFwaCUyMiUyQyUyMmNoaWxkcmVuJTIyJTNBJTVCJTdCJTIydGV4dCUyMiUzQSUyMiUyMiUyQyUyMnNlbnRlbmNlJTIyJTNBNyUyQyUyMmNoaWxkU2VudGVuY2UlMjIlM0ExJTdEJTVEJTdEJTJDJTdCJTIydHlwZSUyMiUzQSUyMnBhcmFncmFwaCUyMiUyQyUyMmNoaWxkcmVuJTIyJTNBJTVCJTdCJTIydGV4dCUyMiUzQSUyMkNPTUZPUlRBQkxFJTIwQU5EJTIwQ09OVkVOSUVOVCUzQSUyMFRoZSUyMHNob3J0LXNsZWV2ZWQlMjBzd2VhdCUyMHZlc3QlMjBoZWF0LXRyYXBwaW5nJTIwc2hpcnQlMjBmdWxsJTIwemlwLXVwJTIwbGlnaHR3ZWlnaHQlMjBzd2VhdHNoaXJ0JTIwY2FzdWFsJTIwaXMlMjBtYWRlJTIwb2YlMjBoaWdoLXF1YWxpdHklMjBmYWJyaWMlMjB3aGljaCUyMGlzJTIwbW9yZSUyMGNvbWZvcnRhYmxlJTIwZm9yJTIwdGhlJTIwc2tpbiUzQiUyMGl0JTIwaXMlMjBlYXN5JTIwdG8lMjB3ZWFyJTJDJTIwanVzdCUyMGxpa2UlMjBkYWlseSUyMGNsb3RoZXMlMkMlMjBhbmQlMjBqdXN0JTIwbmVlZHMlMjBhJTIwemlwcGVyJTIwdG8lMjBvcGVuJTIwYW5kJTIwY2xvc2UuJTIwJTIyJTJDJTIyc2VudGVuY2UlMjIlM0E4JTJDJTIyY2hpbGRTZW50ZW5jZSUyMiUzQTElN0QlMkMlN0IlMjJ0ZXh0JTIyJTNBJTIySXQlMjBpcyUyMGxpZ2h0d2VpZ2h0JTJDJTIwY29tZm9ydGFibGUlMkMlMjBhbmQlMjBzdHJlc3MtZnJlZSUyQyUyMHNvJTIwbm8lMjBtYXR0ZXIlMjB3aGF0JTIwa2luZCUyMG9mJTIwZXhlcmNpc2UlMjB5b3UlMjBkbyUyQyUyMHlvdSUyMGNhbiUyMHJlYWxpemUlMjBpdCUyMGZsZXhpYmx5LiUyMiUyQyUyMnNlbnRlbmNlJTIyJTNBOCUyQyUyMmNoaWxkU2VudGVuY2UlMjIlM0EyJTdEJTVEJTdEJTJDJTdCJTIydHlwZSUyMiUzQSUyMnBhcmFncmFwaCUyMiUyQyUyMmNoaWxkcmVuJTIyJTNBJTVCJTdCJTIydGV4dCUyMiUzQSUyMiUyMiUyQyUyMnNlbnRlbmNlJTIyJTNBOSUyQyUyMmNoaWxkU2VudGVuY2UlMjIlM0ExJTdEJTVEJTdEJTJDJTdCJTIydHlwZSUyMiUzQSUyMnBhcmFncmFwaCUyMiUyQyUyMmNoaWxkcmVuJTIyJTNBJTVCJTdCJTIydGV4dCUyMiUzQSUyMkZBU0hJT04lMjBTSEFQRSUzQSUyMFRoZSUyMHJvdW5kJTIwbmVjayUyMHppcHBlciUyMGRlc2lnbiUyMG9mJTIwdGhlJTIwVC1zaGlydCUyMHN0eWxlJTIwb2YlMjB0aGUlMjB3b21lbidzJTIwd2VpZ2h0JTIwbG9zcyUyMHNhdW5hJTIwdG9wJTIwaXMlMjBmYXNoaW9uYWJsZSUyMGFuZCUyMHNwb3J0eS4lMjAlMjIlMkMlMjJzZW50ZW5jZSUyMiUzQTEwJTJDJTIyY2hpbGRTZW50ZW5jZSUyMiUzQTElN0QlMkMlN0IlMjJ0ZXh0JTIyJTNBJTIyWW91JTIwY2FuJTIwZW5qb3klMjBleGVyY2lzaW5nJTIweW91ciUyMGJlYXV0aWZ1bCUyMHdhaXN0JTIwYW5kJTIwbmVja2xpbmUlMjBkdXJpbmclMjB0aGUlMjBleGVyY2lzZS4lMjAlMjIlMkMlMjJzZW50ZW5jZSUyMiUzQTEwJTJDJTIyY2hpbGRTZW50ZW5jZSUyMiUzQTIlN0QlMkMlN0IlMjJ0ZXh0JTIyJTNBJTIyVGhlJTIwdmVyeSUyMHNsaW0lMjBmaXQlMjBkZXNpZ24lMjBvZiUyMHRoZSUyMHNhdW5hJTIwc3dlYXQlMjB0b3AlMjBtYWtlcyUyMGl0JTIwZWFzaWVyJTIwdG8lMjBsb2NrJTIwaW4lMjBzd2VhdCUyMGFuZCUyMGFjY2VsZXJhdGUlMjBwZXJzcGlyYXRpb24lM0IlMjB0aGUlMjBmdWxsJTIwemlwLXVwJTIweW9nYSUyMHdvcmtvdXQlMjBmYWphJTIwc3BvcnQlMjB0b3AlMjBtYWtlcyUyMGl0JTIwZWFzeSUyMHRvJTIwdGlnaHRlbiUyMHRoZSUyMGFiZG9tZW4lMjBhbmQlMjBzaGFwZSUyMGElMjBiZWF1dGlmdWwlMjBob3VyZ2xhc3MlMjBmaWd1cmUuJTIwJTIyJTJDJTIyc2VudGVuY2UlMjIlM0ExMCUyQyUyMmNoaWxkU2VudGVuY2UlMjIlM0EzJTdEJTJDJTdCJTIydGV4dCUyMiUzQSUyMkl0JTIwaXMlMjByZWNvbW1lbmRlZCUyMHRvJTIwaGF2ZSUyMGElMjBiYWxhbmNlZCUyMGRpZXQlMjBhbmQlMjBzdHJpY3QlMjBtb2RlcmF0ZSUyMGV4ZXJjaXNlJTJDJTIwdGhpcyUyMHN1bW1lciUyQyUyMHlvdSUyMGFyZSUyMHRoZSUyMG1vc3QlMjBiZWF1dGlmdWwlMjBzY2VuZXJ5JTIwb24lMjB0aGUlMjBiZWFjaC4lMjIlMkMlMjJzZW50ZW5jZSUyMiUzQTEwJTJDJTIyY2hpbGRTZW50ZW5jZSUyMiUzQTQlN0QlNUQlN0QlNUQ=\"><span data-slate-node=\"text\"><span class=\"104\" data-slate-leaf=\"true\">Se recomienda la parte superior moldeadora del cuerpo de la p\u00e9rdida de peso del traje de sauna para mujeres para tener una dieta equilibrada y un ejercicio moderado estricto, este verano, eres el paisaje m\u00e1s hermoso de la playa.<\/span><\/span><\/li>\n<\/ul>\n<\/div>","protected":false},"excerpt":{"rendered":"<p>Ya sea que est\u00e9 buscando estar saludable, perder peso o aliviar el estr\u00e9s, nuestra gama de camisetas moldeadoras de sauna para mujer satisfar\u00e1 sus necesidades de ejercicio y p\u00e9rdida de peso. \u00a1Ven y elige nuestro conjunto de camiseta de manga corta para p\u00e9rdida de peso con ejercicio t\u00e9rmico y sauna de yoga para una vida elegante m\u00e1s saludable y c\u00f3moda! \u00a1Nuevos productos est\u00e1n aqu\u00ed, ordene hoy!<\/p>","protected":false},"featured_media":7719,"comment_status":"open","ping_status":"closed","template":"","meta":{"site-sidebar-layout":"default","site-content-layout":"","ast-site-content-layout":"default","site-content-style":"default","site-sidebar-style":"default","ast-global-header-display":"","ast-banner-title-visibility":"","ast-main-header-display":"","ast-hfb-above-header-display":"","ast-hfb-below-header-display":"","ast-hfb-mobile-header-display":"","site-post-title":"","ast-breadcrumbs-content":"","ast-featured-img":"","footer-sml-layout":"","ast-disable-related-posts":"","theme-transparent-header-meta":"default","adv-header-id-meta":"","stick-header-meta":"default","header-above-stick-meta":"","header-main-stick-meta":"","header-below-stick-meta":"","astra-migrate-meta-layouts":"set","ast-page-background-enabled":"default","ast-page-background-meta":{"desktop":{"background-color":"","background-image":"","background-repeat":"repeat","background-position":"center center","background-size":"auto","background-attachment":"scroll","background-type":"","background-media":"","overlay-type":"","overlay-color":"","overlay-opacity":"","overlay-gradient":""},"tablet":{"background-color":"","background-image":"","background-repeat":"repeat","background-position":"center center","background-size":"auto","background-attachment":"scroll","background-type":"","background-media":"","overlay-type":"","overlay-color":"","overlay-opacity":"","overlay-gradient":""},"mobile":{"background-color":"","background-image":"","background-repeat":"repeat","background-position":"center center","background-size":"auto","background-attachment":"scroll","background-type":"","background-media":"","overlay-type":"","overlay-color":"","overlay-opacity":"","overlay-gradient":""}},"ast-content-background-meta":{"desktop":{"background-color":"var(--ast-global-color-5)","background-image":"","background-repeat":"repeat","background-position":"center center","background-size":"auto","background-attachment":"scroll","background-type":"","background-media":"","overlay-type":"","overlay-color":"","overlay-opacity":"","overlay-gradient":""},"tablet":{"background-color":"var(--ast-global-color-5)","background-image":"","background-repeat":"repeat","background-position":"center center","background-size":"auto","background-attachment":"scroll","background-type":"","background-media":"","overlay-type":"","overlay-color":"","overlay-opacity":"","overlay-gradient":""},"mobile":{"background-color":"var(--ast-global-color-5)","background-image":"","background-repeat":"repeat","background-position":"center center","background-size":"auto","background-attachment":"scroll","background-type":"","background-media":"","overlay-type":"","overlay-color":"","overlay-opacity":"","overlay-gradient":""}}},"product_brand":[],"product_cat":[65,76,97,98,100],"product_tag":[549,563,173,185,184],"class_list":{"0":"post-7717","1":"product","2":"type-product","3":"status-publish","4":"has-post-thumbnail","6":"product_cat-best-sellers","7":"product_cat-new-arrivels","8":"product_cat-sauna-suit","9":"product_cat-sauna-jacket","10":"product_cat-sauna-tops","11":"product_tag-gym","12":"product_tag-running","13":"product_tag-sauna-suit-for-men","14":"product_tag-workout","15":"product_tag-zipper","16":"pa_color-blue","17":"pa_color-silver","18":"pa_size-4xl-5xl","19":"pa_size-l-xl","20":"pa_size-s-m","21":"pa_size-xxl-xxxl","22":"desktop-align-center","23":"tablet-align-left","24":"mobile-align-left","25":"ast-product-gallery-layout-horizontal-slider","26":"ast-product-single-variable","27":"ast-product-tabs-layout-horizontal","28":"ast-qv-on-image","30":"first","31":"instock","32":"shipping-taxable","33":"purchasable","34":"product-type-variable"},"tiered_pricing_type":"fixed","tiered_pricing_fixed_rules":{"2":6.05,"100":5.35,"200":4.7},"tiered_pricing_product_settings":{"layout":"default","base_unit_name":{"singular":null,"plural":null},"default_variation":null},"tiered_pricing_minimum_quantity":null,"tiered_pricing_roles_data":[],"tiered_pricing_percentage_rules":[],"_links":{"self":[{"href":"https:\/\/yume-silm.com\/es\/wp-json\/wp\/v2\/product\/7717","targetHints":{"allow":["GET"]}}],"collection":[{"href":"https:\/\/yume-silm.com\/es\/wp-json\/wp\/v2\/product"}],"about":[{"href":"https:\/\/yume-silm.com\/es\/wp-json\/wp\/v2\/types\/product"}],"replies":[{"embeddable":true,"href":"https:\/\/yume-silm.com\/es\/wp-json\/wp\/v2\/comments?post=7717"}],"wp:featuredmedia":[{"embeddable":true,"href":"https:\/\/yume-silm.com\/es\/wp-json\/wp\/v2\/media\/7719"}],"wp:attachment":[{"href":"https:\/\/yume-silm.com\/es\/wp-json\/wp\/v2\/media?parent=7717"}],"wp:term":[{"taxonomy":"product_brand","embeddable":true,"href":"https:\/\/yume-silm.com\/es\/wp-json\/wp\/v2\/product_brand?post=7717"},{"taxonomy":"product_cat","embeddable":true,"href":"https:\/\/yume-silm.com\/es\/wp-json\/wp\/v2\/product_cat?post=7717"},{"taxonomy":"product_tag","embeddable":true,"href":"https:\/\/yume-silm.com\/es\/wp-json\/wp\/v2\/product_tag?post=7717"}],"curies":[{"name":"wp","href":"https:\/\/api.w.org\/{rel}","templated":true}]}}