{"id":7782,"date":"2024-05-06T03:27:55","date_gmt":"2024-05-06T03:27:55","guid":{"rendered":"https:\/\/yume-silm.com\/?post_type=product&#038;p=7782"},"modified":"2025-05-26T00:36:34","modified_gmt":"2025-05-26T00:36:34","slug":"venta-al-por-mayor-de-empanadas-de-pezones-con-sujetador-de-silicona-para-bikini-sexy-y-caliente-para-mujer","status":"publish","type":"product","link":"https:\/\/yume-silm.com\/es\/producto-2\/venta-al-por-mayor-de-empanadas-de-pezones-con-sujetador-de-silicona-para-bikini-sexy-y-caliente-para-mujer\/","title":{"rendered":"Empanadas atractivas calientes de la entrerrosca del sujetador del silic\u00f3n del bikini del bikin\u00ed de las mujeres al por mayor"},"content":{"rendered":"<h5>Caracteristicas de dise\u00f1o<\/h5>\n<ul>\n<li><strong>INVISIBILIDAD PERFECTA:<\/strong> Nuestros sujetadores adhesivos push-up reutilizables de autosilicona son suaves y transparentes y se ajustan a tu piel c\u00f3modamente y sin presi\u00f3n, lo que te permite mostrar tus atractivas curvas. Y su dise\u00f1o sin tirantes opcional, con microborde y silicona adherida de color nude pueden hacerlo perfectamente invisible debajo de la ropa de forma c\u00f3moda y natural. Tenga la seguridad de que nadie notar\u00e1 que lleva nuestro sujetador.<\/li>\n<li><strong>ENCUENTRO V PROFUNDO:<\/strong> Nuestros sujetadores de bikini en forma de V cuentan con un dise\u00f1o \u00fanico de cierre frontal que puedes abrir o abrochar con solo un poco de presi\u00f3n. El fuerte estiramiento ayuda a fruncir los senos y brindarle un escote en V profundo, completo y atractivo.<\/li>\n<li><strong>M\u00daLTIPLES OCASIONES:<\/strong> El sujetador adhesivo para mujer es c\u00f3modo, pr\u00e1ctico y ahorra tiempo. Puede usarlo para el uso diario con confianza o usarlo para ocasiones importantes como cenas y fiestas, como vestidos de novia, vestidos de noche, vestidos en V profundo, vestidos m\u00e1s bustier, vestidos sin espalda, etc. Debido a que son f\u00e1ciles de transportar, los sujetadores adhesivos transparentes te har\u00e1n irradiar un temperamento seguro y din\u00e1mico en todo momento.<\/li>\n<li><strong>ALTA ADHESI\u00d3N, SIN DESLIZAMIENTO:<\/strong> El sujetador de silicona push-up invisible, sin tirantes, pegajoso y con buena adherencia liberar\u00e1 sus senos, sin necesidad de preocuparse por actividades m\u00e1s grandes que har\u00e1n que se caigan. Si\u00e9ntase libre de usar el sost\u00e9n, ya que es c\u00f3modo, suave y no irrita su piel, lo que le brinda una experiencia c\u00f3moda de uso.<\/li>\n<li><strong>F\u00c1CIL DE LIMPIAR Y REUTILIZABLE:<\/strong> Nuestros sujetadores de silicona transparente con forma de abul\u00f3n son f\u00e1ciles de cuidar. Puedes lavarlo normalmente, limpiarlo suavemente y luego dejarlo secar de forma natural. Despu\u00e9s del secado, vuelva a colocar la pel\u00edcula adjunta al mejor sujetador de silicona suave y gu\u00e1rdela para la pr\u00f3xima vez.<\/li>\n<\/ul>","protected":false},"excerpt":{"rendered":"<p><span data-slate-fragment=\"JTVCJTdCJTIydHlwZSUyMiUzQSUyMnBhcmFncmFwaCUyMiUyQyUyMmNoaWxkcmVuJTIyJTNBJTVCJTdCJTIydGV4dCUyMiUzQSUyMldvbWVuJ3MlMjBwdXNoLXVwJTIwc2VsZi1hZGhlc2l2ZSUyMGJyYSUyMGlzJTIwY29tZm9ydGFibGUlMkMlMjBjb252ZW5pZW50JTJDJTIwYW5kJTIwdGltZS1zYXZpbmcuJTIwWW91JTIwY2FuJTIwd2VhciUyMGl0JTIwZm9yJTIwZGFpbHklMjB3ZWFyJTIwd2l0aCUyMGNvbmZpZGVuY2UlMkMlMjBvciUyMHVzZSUyMGl0JTIwZm9yJTIwaW1wb3J0YW50JTIwb2NjYXNpb25zJTIwc3VjaCUyMGFzJTIwZGlubmVycyUyMGFuZCUyMHBhcnRpZXMlMkMlMjBzdWNoJTIwYXMlMjB3ZWRkaW5nJTIwZHJlc3NlcyUyQyUyMGV2ZW5pbmclMjBkcmVzc2VzJTJDJTIwZGVlcCUyMFYlMjBkcmVzc2VzJTJDJTIwYnVzdGllciUyMGRyZXNzZXMlMkMlMjBiYWNrbGVzcyUyMGRyZXNzZXMlMkMlMjBhbmQlMjBzbyUyMG9uLiUyMEJlY2F1c2UlMjBpdCUyMGlzJTIwZWFzeSUyMHRvJTIwY2FycnklMkMlMjBBZGhlc2l2ZSUyMGNsZWFyJTIwYnJhcyUyMHdpbGwlMjBtYWtlJTIweW91JTIwZXh1ZGUlMjBhJTIwY29uZmlkZW50JTIwYW5kJTIwZHluYW1pYyUyMHRlbXBlcmFtZW50JTIwYXQlMjBhbGwlMjB0aW1lcy4lMjIlMkMlMjJzZW50ZW5jZSUyMiUzQTUlMkMlMjJjaGlsZFNlbnRlbmNlJTIyJTNBMCU3RCU1RCU3RCU1RA==\">Las empanadas de pez\u00f3n con sujetador de silicona para bikini sexy para mujer son c\u00f3modas, convenientes y ahorran tiempo. Puede usarlo para el uso diario con confianza o usarlo para ocasiones importantes como cenas y fiestas, como vestidos de novia, vestidos de noche, vestidos en V profundo, vestidos m\u00e1s bustier, vestidos sin espalda, etc. Debido a que son f\u00e1ciles de transportar, los sujetadores adhesivos transparentes te har\u00e1n irradiar un temperamento seguro y din\u00e1mico en todo momento.<\/span><\/p>","protected":false},"featured_media":7784,"comment_status":"open","ping_status":"closed","template":"","meta":{"site-sidebar-layout":"default","site-content-layout":"","ast-site-content-layout":"default","site-content-style":"default","site-sidebar-style":"default","ast-global-header-display":"","ast-banner-title-visibility":"","ast-main-header-display":"","ast-hfb-above-header-display":"","ast-hfb-below-header-display":"","ast-hfb-mobile-header-display":"","site-post-title":"","ast-breadcrumbs-content":"","ast-featured-img":"","footer-sml-layout":"","ast-disable-related-posts":"","theme-transparent-header-meta":"default","adv-header-id-meta":"","stick-header-meta":"default","header-above-stick-meta":"","header-main-stick-meta":"","header-below-stick-meta":"","astra-migrate-meta-layouts":"set","ast-page-background-enabled":"default","ast-page-background-meta":{"desktop":{"background-color":"","background-image":"","background-repeat":"repeat","background-position":"center center","background-size":"auto","background-attachment":"scroll","background-type":"","background-media":"","overlay-type":"","overlay-color":"","overlay-opacity":"","overlay-gradient":""},"tablet":{"background-color":"","background-image":"","background-repeat":"repeat","background-position":"center center","background-size":"auto","background-attachment":"scroll","background-type":"","background-media":"","overlay-type":"","overlay-color":"","overlay-opacity":"","overlay-gradient":""},"mobile":{"background-color":"","background-image":"","background-repeat":"repeat","background-position":"center center","background-size":"auto","background-attachment":"scroll","background-type":"","background-media":"","overlay-type":"","overlay-color":"","overlay-opacity":"","overlay-gradient":""}},"ast-content-background-meta":{"desktop":{"background-color":"var(--ast-global-color-5)","background-image":"","background-repeat":"repeat","background-position":"center center","background-size":"auto","background-attachment":"scroll","background-type":"","background-media":"","overlay-type":"","overlay-color":"","overlay-opacity":"","overlay-gradient":""},"tablet":{"background-color":"var(--ast-global-color-5)","background-image":"","background-repeat":"repeat","background-position":"center center","background-size":"auto","background-attachment":"scroll","background-type":"","background-media":"","overlay-type":"","overlay-color":"","overlay-opacity":"","overlay-gradient":""},"mobile":{"background-color":"var(--ast-global-color-5)","background-image":"","background-repeat":"repeat","background-position":"center center","background-size":"auto","background-attachment":"scroll","background-type":"","background-media":"","overlay-type":"","overlay-color":"","overlay-opacity":"","overlay-gradient":""}}},"product_brand":[],"product_cat":[259,76,584],"product_tag":[603,600,602,601,597,604],"class_list":{"0":"post-7782","1":"product","2":"type-product","3":"status-publish","4":"has-post-thumbnail","6":"product_cat-lingerie","7":"product_cat-new-arrivels","8":"product_cat-adhesive-bras","9":"product_tag-adhesive","10":"product_tag-bikini","11":"product_tag-push-up","12":"product_tag-silicone","13":"product_tag-stick-on-bras","14":"product_tag-sticky-bra","15":"pa_size-a","16":"pa_size-b","17":"pa_size-c","18":"pa_size-d","19":"desktop-align-center","20":"tablet-align-left","21":"mobile-align-left","22":"ast-product-gallery-layout-horizontal-slider","23":"ast-product-single-variable","24":"ast-product-tabs-layout-horizontal","25":"ast-qv-on-image","27":"first","28":"instock","29":"shipping-taxable","30":"purchasable","31":"product-type-variable"},"tiered_pricing_type":"fixed","tiered_pricing_fixed_rules":[],"tiered_pricing_product_settings":{"layout":"default","base_unit_name":{"singular":null,"plural":null},"default_variation":null},"tiered_pricing_minimum_quantity":null,"tiered_pricing_roles_data":[],"tiered_pricing_percentage_rules":[],"_links":{"self":[{"href":"https:\/\/yume-silm.com\/es\/wp-json\/wp\/v2\/product\/7782","targetHints":{"allow":["GET"]}}],"collection":[{"href":"https:\/\/yume-silm.com\/es\/wp-json\/wp\/v2\/product"}],"about":[{"href":"https:\/\/yume-silm.com\/es\/wp-json\/wp\/v2\/types\/product"}],"replies":[{"embeddable":true,"href":"https:\/\/yume-silm.com\/es\/wp-json\/wp\/v2\/comments?post=7782"}],"wp:featuredmedia":[{"embeddable":true,"href":"https:\/\/yume-silm.com\/es\/wp-json\/wp\/v2\/media\/7784"}],"wp:attachment":[{"href":"https:\/\/yume-silm.com\/es\/wp-json\/wp\/v2\/media?parent=7782"}],"wp:term":[{"taxonomy":"product_brand","embeddable":true,"href":"https:\/\/yume-silm.com\/es\/wp-json\/wp\/v2\/product_brand?post=7782"},{"taxonomy":"product_cat","embeddable":true,"href":"https:\/\/yume-silm.com\/es\/wp-json\/wp\/v2\/product_cat?post=7782"},{"taxonomy":"product_tag","embeddable":true,"href":"https:\/\/yume-silm.com\/es\/wp-json\/wp\/v2\/product_tag?post=7782"}],"curies":[{"name":"wp","href":"https:\/\/api.w.org\/{rel}","templated":true}]}}