{"id":7818,"date":"2024-05-06T06:25:41","date_gmt":"2024-05-06T06:25:41","guid":{"rendered":"https:\/\/yume-silm.com\/?post_type=product&#038;p=7818"},"modified":"2025-06-06T05:47:31","modified_gmt":"2025-06-06T05:47:31","slug":"venta-al-por-mayor-de-sujetadores-adhesivos-de-silicona-adhesivos-transpirables-sin-rastro-de-encaje","status":"publish","type":"product","link":"https:\/\/yume-silm.com\/es\/producto-2\/venta-al-por-mayor-de-sujetadores-adhesivos-de-silicona-adhesivos-transpirables-sin-rastro-de-encaje\/","title":{"rendered":"Sujetadores adhesivos de silicona adhesivos transpirables sin rastro de encaje al por mayor"},"content":{"rendered":"<h5><span data-slate-fragment=\"JTVCJTdCJTIydHlwZSUyMiUzQSUyMnBhcmFncmFwaCUyMiUyQyUyMmNoaWxkcmVuJTIyJTNBJTVCJTdCJTIydGV4dCUyMiUzQSUyMkRlc2lnbiUyMGZlYXR1cmVzJTIyJTJDJTIyc2VudGVuY2UlMjIlM0EyJTJDJTIyY2hpbGRTZW50ZW5jZSUyMiUzQTElN0QlNUQlN0QlNUQ=\">Caracteristicas de dise\u00f1o<\/span><\/h5>\n<ul>\n<li data-slate-node=\"element\"><span class=\"\" data-slate-node=\"text\"><span class=\"31\" data-slate-leaf=\"true\"><span data-slate-string=\"true\"><strong>INVISIBILIDAD PERFECTA:<\/strong> Nuestros sujetadores adhesivos de silicona transpirables sin rastro de encaje son suaves y se ajustan a tu piel c\u00f3modamente y sin presi\u00f3n, lo que te permite mostrar tus atractivas curvas. <\/span><\/span><\/span><span data-slate-node=\"text\"><span class=\"32\" data-slate-leaf=\"true\">Usar nuestros sujetadores push-up para mujer te har\u00e1 sentir libre e invisible, nadie notar\u00e1 que llevas este sujetador autoadhesivo push-up sin tirantes y sin espalda de encaje.<\/span><\/span><\/li>\n<li data-slate-node=\"element\"><span class=\"\" data-slate-node=\"text\"><span class=\"51\" data-slate-leaf=\"true\"><span data-slate-string=\"true\"><strong>ENCUENTRO V PROFUNDO:<\/strong> Nuestros sujetadores de bikini en forma de V cuentan con un dise\u00f1o \u00fanico de cierre frontal que puedes abrir o abrochar con solo un poco de presi\u00f3n. <\/span><\/span><\/span><span data-slate-node=\"text\"><span class=\"52\" data-slate-leaf=\"true\">El fuerte estiramiento ayuda a fruncir los senos y brindarle un escote en V profundo, completo y atractivo.<\/span><\/span><\/li>\n<li data-slate-node=\"element\"><span class=\"\" data-slate-node=\"text\"><span class=\"71\" data-slate-leaf=\"true\"><span data-slate-string=\"true\"><strong>M\u00daLTIPLES OCASIONES:<\/strong> Los sujetadores de silicona adhesivos sin tirantes para mujer son c\u00f3modos, pr\u00e1cticos y ahorran tiempo. <\/span><\/span><\/span><span class=\"\" data-slate-node=\"text\"><span class=\"72\" data-slate-leaf=\"true\"><span data-slate-string=\"true\">Puede usarlo para el uso diario con confianza o usarlo para ocasiones importantes como cenas y fiestas, como vestidos de novia, vestidos de noche, vestidos en V profundo, vestidos m\u00e1s bustier, vestidos sin espalda, etc. <\/span><\/span><\/span><span class=\"\" data-slate-node=\"text\"><span class=\"73\" data-slate-leaf=\"true\"><span data-slate-string=\"true\">Debido a que es f\u00e1cil de transportar, el sujetador de silicona adhesivo, suave y c\u00f3modo, muy vendido, te har\u00e1 irradiar un temperamento seguro y din\u00e1mico en todo momento.<\/span><\/span><\/span><\/li>\n<\/ul>\n<p><img fetchpriority=\"high\" decoding=\"async\" class=\"alignnone size-medium wp-image-7819\" src=\"https:\/\/yume-silm.com\/wp-content\/uploads\/2024\/05\/lace-no-trace-breathable-adhesive-silicone-sticky-brasw-holesale-price-02-300x300.jpg\" alt=\"Venta al por mayor de sujetadores adhesivos de silicona adhesivos transpirables sin rastro de encaje\" width=\"300\" height=\"300\" title=\"\" srcset=\"https:\/\/yume-silm.com\/wp-content\/uploads\/2024\/05\/lace-no-trace-breathable-adhesive-silicone-sticky-brasw-holesale-price-02-300x300.jpg 300w, https:\/\/yume-silm.com\/wp-content\/uploads\/2024\/05\/lace-no-trace-breathable-adhesive-silicone-sticky-brasw-holesale-price-02-150x150.jpg 150w, https:\/\/yume-silm.com\/wp-content\/uploads\/2024\/05\/lace-no-trace-breathable-adhesive-silicone-sticky-brasw-holesale-price-02-768x768.jpg 768w, https:\/\/yume-silm.com\/wp-content\/uploads\/2024\/05\/lace-no-trace-breathable-adhesive-silicone-sticky-brasw-holesale-price-02-12x12.jpg 12w, https:\/\/yume-silm.com\/wp-content\/uploads\/2024\/05\/lace-no-trace-breathable-adhesive-silicone-sticky-brasw-holesale-price-02-100x100.jpg 100w, https:\/\/yume-silm.com\/wp-content\/uploads\/2024\/05\/lace-no-trace-breathable-adhesive-silicone-sticky-brasw-holesale-price-02.jpg 800w\" sizes=\"(max-width: 300px) 100vw, 300px\" \/><img decoding=\"async\" class=\"alignnone size-medium wp-image-7820\" src=\"https:\/\/yume-silm.com\/wp-content\/uploads\/2024\/05\/lace-no-trace-breathable-adhesive-silicone-sticky-brasw-holesale-price-05-300x300.jpg\" alt=\"Venta al por mayor de sujetadores adhesivos de silicona adhesivos transpirables sin rastro de encaje\" width=\"300\" height=\"300\" title=\"\" srcset=\"https:\/\/yume-silm.com\/wp-content\/uploads\/2024\/05\/lace-no-trace-breathable-adhesive-silicone-sticky-brasw-holesale-price-05-300x300.jpg 300w, https:\/\/yume-silm.com\/wp-content\/uploads\/2024\/05\/lace-no-trace-breathable-adhesive-silicone-sticky-brasw-holesale-price-05-150x150.jpg 150w, https:\/\/yume-silm.com\/wp-content\/uploads\/2024\/05\/lace-no-trace-breathable-adhesive-silicone-sticky-brasw-holesale-price-05-768x768.jpg 768w, https:\/\/yume-silm.com\/wp-content\/uploads\/2024\/05\/lace-no-trace-breathable-adhesive-silicone-sticky-brasw-holesale-price-05-12x12.jpg 12w, https:\/\/yume-silm.com\/wp-content\/uploads\/2024\/05\/lace-no-trace-breathable-adhesive-silicone-sticky-brasw-holesale-price-05-100x100.jpg 100w, https:\/\/yume-silm.com\/wp-content\/uploads\/2024\/05\/lace-no-trace-breathable-adhesive-silicone-sticky-brasw-holesale-price-05.jpg 800w\" sizes=\"(max-width: 300px) 100vw, 300px\" \/><\/p>\n<h6><em>Sujetadores invisibles con parche de pecho de silicona para mujer, ropa interior con tirantes para boda<\/em><\/h6>\n<ul>\n<li data-slate-node=\"element\"><span class=\"\" data-slate-node=\"text\"><span class=\"91\" data-slate-leaf=\"true\"><span data-slate-string=\"true\"><strong>ALTA ADHESI\u00d3N, SIN DESLIZAMIENTO:<\/strong> El sujetador de silicona push-up invisible, sin tirantes y pegajoso, con buena adherencia, liberar\u00e1 sus senos, sin necesidad de preocuparse por actividades m\u00e1s grandes que har\u00e1n que se caigan. <\/span><\/span><\/span><span data-slate-node=\"text\"><span class=\"92\" data-slate-leaf=\"true\">Si\u00e9ntase libre de usar el sujetador de encaje de copa redonda transpirable, ya que es c\u00f3modo, suave y no irrita su piel, lo que le brinda una experiencia de uso c\u00f3moda.<\/span><\/span><\/li>\n<li data-slate-node=\"element\" data-slate-fragment=\"JTVCJTdCJTIydHlwZSUyMiUzQSUyMnBhcmFncmFwaCUyMiUyQyUyMmNoaWxkcmVuJTIyJTNBJTVCJTdCJTIydGV4dCUyMiUzQSUyMlNFQU1MRVNTJTIwSU5WSVNJQklMSVRZJTNBJTIwT3VyJTIwbGFjZSUyMG5vJTIwdHJhY2UlMjBicmVhdGhhYmxlJTIwYWRoZXNpdmUlMjBzaWxpY29uZSUyMHN0aWNreSUyMGJyYXMlMjBhcmUlMjBzb2Z0JTIwYW5kJTIwZml0JTIweW91ciUyMHNraW4lMjBjb21mb3J0YWJseSUyMGFuZCUyMHdpdGhvdXQlMjBwcmVzc3VyZSUyQyUyMGFsbG93aW5nJTIweW91JTIwdG8lMjBzaG93JTIwb2ZmJTIweW91ciUyMGF0dHJhY3RpdmUlMjBjdXJ2ZXMuJTIwJTIyJTJDJTIyc2VudGVuY2UlMjIlM0EzJTJDJTIyY2hpbGRTZW50ZW5jZSUyMiUzQTElN0QlMkMlN0IlMjJ0ZXh0JTIyJTNBJTIyV2VhcmluZyUyMG91ciUyMHdvbWVuJ3MlMjBwdXNoLXVwJTIwYnJhcyUyMHdpbGwlMjBtYWtlJTIweW91JTIwZmVlbCUyMGZyZWUlMjBhbmQlMjBpbnZpc2libGUlMkMlMjBubyUyMG9uZSUyMHdpbGwlMjBub3RpY2UlMjB0aGF0JTIweW91JTIwYXJlJTIwd2VhcmluZyUyMHRoaXMlMjBsYWNlJTIwc3RyYXBsZXNzJTIwYmFja2xlc3MlMjBwdXNoLXVwJTIwc2VsZi1hZGhlc2l2ZSUyMGJyYS4lMjIlMkMlMjJzZW50ZW5jZSUyMiUzQTMlMkMlMjJjaGlsZFNlbnRlbmNlJTIyJTNBMiU3RCU1RCU3RCUyQyU3QiUyMnR5cGUlMjIlM0ElMjJwYXJhZ3JhcGglMjIlMkMlMjJjaGlsZHJlbiUyMiUzQSU1QiU3QiUyMnRleHQlMjIlM0ElMjIlMjIlMkMlMjJzZW50ZW5jZSUyMiUzQTQlMkMlMjJjaGlsZFNlbnRlbmNlJTIyJTNBMSU3RCU1RCU3RCUyQyU3QiUyMnR5cGUlMjIlM0ElMjJwYXJhZ3JhcGglMjIlMkMlMjJjaGlsZHJlbiUyMiUzQSU1QiU3QiUyMnRleHQlMjIlM0ElMjJERUVQJTIwViUyMEdBVEhFUklORyUzQSUyME91ciUyMFYtc2hhcGVkJTIwYmlraW5pJTIwYnJhcyUyMGZlYXR1cmUlMjBhJTIwdW5pcXVlJTIwZnJvbnQlMjBjbGFzcCUyMGRlc2lnbiUyMHRoYXQlMjB5b3UlMjBjYW4lMjBvcGVuJTIwb3IlMjBmYXN0ZW4lMjB3aXRoJTIwanVzdCUyMGElMjBsaXR0bGUlMjBwcmVzc3VyZS4lMjAlMjIlMkMlMjJzZW50ZW5jZSUyMiUzQTUlMkMlMjJjaGlsZFNlbnRlbmNlJTIyJTNBMSU3RCUyQyU3QiUyMnRleHQlMjIlM0ElMjJUaGUlMjBzdHJvbmclMjBzdHJldGNoJTIwaGVscHMlMjB0byUyMGdhdGhlciUyMHlvdXIlMjBicmVhc3RzJTIwYW5kJTIwZ2l2ZSUyMHlvdSUyMGElMjBmdWxsJTIwYW5kJTIwYXR0cmFjdGl2ZSUyMGRlZXAlMjBWJTIwY2xlYXZhZ2UuJTIyJTJDJTIyc2VudGVuY2UlMjIlM0E1JTJDJTIyY2hpbGRTZW50ZW5jZSUyMiUzQTIlN0QlNUQlN0QlMkMlN0IlMjJ0eXBlJTIyJTNBJTIycGFyYWdyYXBoJTIyJTJDJTIyY2hpbGRyZW4lMjIlM0ElNUIlN0IlMjJ0ZXh0JTIyJTNBJTIyJTIyJTJDJTIyc2VudGVuY2UlMjIlM0E2JTJDJTIyY2hpbGRTZW50ZW5jZSUyMiUzQTElN0QlNUQlN0QlMkMlN0IlMjJ0eXBlJTIyJTNBJTIycGFyYWdyYXBoJTIyJTJDJTIyY2hpbGRyZW4lMjIlM0ElNUIlN0IlMjJ0ZXh0JTIyJTNBJTIyTVVMVElQTEUlMjBPQ0NBU0lPTlMlM0ElMjBXb21lbidzJTIwc3RyYXBsZXNzJTIwc3RpY2t5JTIwc2lsaWNvbmUlMjBicmFzJTIwYXJlJTIwY29tZm9ydGFibGUlMkMlMjBjb252ZW5pZW50JTJDJTIwYW5kJTIwdGltZS1zYXZpbmcuJTIwJTIyJTJDJTIyc2VudGVuY2UlMjIlM0E3JTJDJTIyY2hpbGRTZW50ZW5jZSUyMiUzQTElN0QlMkMlN0IlMjJ0ZXh0JTIyJTNBJTIyWW91JTIwY2FuJTIwd2VhciUyMGl0JTIwZm9yJTIwZGFpbHklMjB3ZWFyJTIwd2l0aCUyMGNvbmZpZGVuY2UlMkMlMjBvciUyMHVzZSUyMGl0JTIwZm9yJTIwaW1wb3J0YW50JTIwb2NjYXNpb25zJTIwc3VjaCUyMGFzJTIwZGlubmVycyUyMGFuZCUyMHBhcnRpZXMlMkMlMjBzdWNoJTIwYXMlMjB3ZWRkaW5nJTIwZHJlc3NlcyUyQyUyMGV2ZW5pbmclMjBkcmVzc2VzJTJDJTIwZGVlcCUyMFYlMjBkcmVzc2VzJTJDJTIwYnVzdGllciUyMGRyZXNzZXMlMkMlMjBiYWNrbGVzcyUyMGRyZXNzZXMlMkMlMjBhbmQlMjBzbyUyMG9uLiUyMCUyMiUyQyUyMnNlbnRlbmNlJTIyJTNBNyUyQyUyMmNoaWxkU2VudGVuY2UlMjIlM0EyJTdEJTJDJTdCJTIydGV4dCUyMiUzQSUyMkJlY2F1c2UlMjBpdCUyMGlzJTIwZWFzeSUyMHRvJTIwY2FycnklMkMlMjBob3QlMjBzZWxsaW5nJTIwc29mdCUyMGNvbWZvcnRhYmxlJTIwc3RpY2stb24lMjBzaWxpY29uZSUyMGJyYSUyMHdpbGwlMjBtYWtlJTIweW91JTIwZXh1ZGUlMjBhJTIwY29uZmlkZW50JTIwYW5kJTIwZHluYW1pYyUyMHRlbXBlcmFtZW50JTIwYXQlMjBhbGwlMjB0aW1lcy4lMjIlMkMlMjJzZW50ZW5jZSUyMiUzQTclMkMlMjJjaGlsZFNlbnRlbmNlJTIyJTNBMyU3RCU1RCU3RCUyQyU3QiUyMnR5cGUlMjIlM0ElMjJwYXJhZ3JhcGglMjIlMkMlMjJjaGlsZHJlbiUyMiUzQSU1QiU3QiUyMnRleHQlMjIlM0ElMjIlMjIlMkMlMjJzZW50ZW5jZSUyMiUzQTglMkMlMjJjaGlsZFNlbnRlbmNlJTIyJTNBMSU3RCU1RCU3RCUyQyU3QiUyMnR5cGUlMjIlM0ElMjJwYXJhZ3JhcGglMjIlMkMlMjJjaGlsZHJlbiUyMiUzQSU1QiU3QiUyMnRleHQlMjIlM0ElMjJISUdIJTIwQURIRVNJT04lMkMlMjBOTyUyMFNMSVBQSU5HJTNBJTIwVGhlJTIwc3RpY2t5JTIwc3RyYXBsZXNzJTIwYmFja2xlc3MlMjBpbnZpc2libGUlMjBwdXNoLXVwJTIwc2lsaWNvbmUlMjBicmElMjB3aXRoJTIwZ29vZCUyMGFkaGVzaW9uJTIwd2lsbCUyMG1ha2UlMjB5b3VyJTIwYnJlYXN0cyUyMGZyZWUlMkMlMjBubyUyMG5lZWQlMjB0byUyMHdvcnJ5JTIwYWJvdXQlMjBsYXJnZXIlMjBhY3Rpdml0aWVzJTIwdGhhdCUyMHdpbGwlMjBjYXVzZSUyMHRoZW0lMjB0byUyMGZhbGwlMjBvZmYuJTIwJTIyJTJDJTIyc2VudGVuY2UlMjIlM0E5JTJDJTIyY2hpbGRTZW50ZW5jZSUyMiUzQTElN0QlMkMlN0IlMjJ0ZXh0JTIyJTNBJTIyUGxlYXNlJTIwZmVlbCUyMGZyZWUlMjB0byUyMHdlYXIlMjB0aGUlMjBicmVhdGhhYmxlJTIwcm91bmQlMjBjdXAlMjBsYWNlJTIwYnJhJTIwYXMlMjBpdCUyMGlzJTIwY29tZm9ydGFibGUlMkMlMjBhbmQlMjBzb2Z0JTIwYW5kJTIwZG9lcyUyMG5vdCUyMGlycml0YXRlJTIweW91ciUyMHNraW4lMkMlMjBwcm92aWRpbmclMjB5b3UlMjB3aXRoJTIwYSUyMGNvbWZvcnRhYmxlJTIwd2VhcmluZyUyMGV4cGVyaWVuY2UuJTIyJTJDJTIyc2VudGVuY2UlMjIlM0E5JTJDJTIyY2hpbGRTZW50ZW5jZSUyMiUzQTIlN0QlNUQlN0QlMkMlN0IlMjJ0eXBlJTIyJTNBJTIycGFyYWdyYXBoJTIyJTJDJTIyY2hpbGRyZW4lMjIlM0ElNUIlN0IlMjJ0ZXh0JTIyJTNBJTIyJTIyJTJDJTIyc2VudGVuY2UlMjIlM0ExMCUyQyUyMmNoaWxkU2VudGVuY2UlMjIlM0ExJTdEJTVEJTdEJTJDJTdCJTIydHlwZSUyMiUzQSUyMnBhcmFncmFwaCUyMiUyQyUyMmNoaWxkcmVuJTIyJTNBJTVCJTdCJTIydGV4dCUyMiUzQSUyMk5PJTIwU0hPVUxERVIlMjBTVFJBUFMlMjBSRVFVSVJFRCUzQSUyMG91ciUyMGxhY2UlMjBubyUyMHRyYWNlJTIwYnJlYXRoYWJsZSUyMGFkaGVzaXZlJTIwc2lsaWNvbmUlMjBzdGlja3klMjBicmFzJTIwaGF2ZSUyMGRpcmVjdCUyMGNvbnRhY3QlMjBhbmQlMjB3cmFwJTIwdGlnaHRseSUyMGFyb3VuZCUyMHlvdXIlMjBzb2Z0JTIwYnJlYXN0cy4lMjAlMjIlMkMlMjJzZW50ZW5jZSUyMiUzQTExJTJDJTIyY2hpbGRTZW50ZW5jZSUyMiUzQTElN0QlMkMlN0IlMjJ0ZXh0JTIyJTNBJTIySXQlMjBpcyUyMHZlcnklMjBicmVhdGhhYmxlJTIwYW5kJTIwY29tZm9ydGFibGUlMkMlMjBhbmQlMjB3aWxsJTIwbm90JTIwY2F1c2UlMjBzdHJhbmd1bGF0aW9uJTIwb24lMjB5b3VyJTIwc2hvdWxkZXJzLiUyMCUyMiUyQyUyMnNlbnRlbmNlJTIyJTNBMTElMkMlMjJjaGlsZFNlbnRlbmNlJTIyJTNBMiU3RCUyQyU3QiUyMnRleHQlMjIlM0ElMjJQZXJmZWN0JTIwZm9yJTIwc3VtbWVyJTIwb3V0aW5ncy4lMjIlMkMlMjJzZW50ZW5jZSUyMiUzQTExJTJDJTIyY2hpbGRTZW50ZW5jZSUyMiUzQTMlN0QlNUQlN0QlNUQ=\"><span class=\"\" data-slate-node=\"text\"><span class=\"111\" data-slate-leaf=\"true\"><span data-slate-string=\"true\"><strong>NO SE REQUIEREN CORREAS PARA LOS HOMBROS:<\/strong> Nuestros sujetadores adhesivos de silicona adhesivos transpirables sin rastro de encaje tienen contacto directo y se envuelven firmemente alrededor de sus suaves senos. <\/span><\/span><\/span><span class=\"\" data-slate-node=\"text\"><span class=\"112\" data-slate-leaf=\"true\"><span data-slate-string=\"true\">Es muy transpirable y c\u00f3modo, y no provocar\u00e1 estrangulamiento en los hombros. <\/span><\/span><\/span><span data-slate-node=\"text\"><span class=\"113\" data-slate-leaf=\"true\">Perfecta para salidas de verano.<\/span><\/span><\/li>\n<\/ul>","protected":false},"excerpt":{"rendered":"<p>Los sujetadores adhesivos de silicona adhesivos transpirables sin rastro de encaje sexy para mujer son c\u00f3modos, convenientes y ahorran tiempo. Puede usarlo para el uso diario con confianza o usarlo para ocasiones importantes como cenas y fiestas, como vestidos de novia, vestidos de noche, vestidos en V profundo, vestidos m\u00e1s bustier, vestidos sin espalda, etc.<\/p>","protected":false},"featured_media":7821,"comment_status":"open","ping_status":"closed","template":"","meta":{"site-sidebar-layout":"default","site-content-layout":"","ast-site-content-layout":"default","site-content-style":"default","site-sidebar-style":"default","ast-global-header-display":"","ast-banner-title-visibility":"","ast-main-header-display":"","ast-hfb-above-header-display":"","ast-hfb-below-header-display":"","ast-hfb-mobile-header-display":"","site-post-title":"","ast-breadcrumbs-content":"","ast-featured-img":"","footer-sml-layout":"","ast-disable-related-posts":"","theme-transparent-header-meta":"default","adv-header-id-meta":"","stick-header-meta":"default","header-above-stick-meta":"","header-main-stick-meta":"","header-below-stick-meta":"","astra-migrate-meta-layouts":"set","ast-page-background-enabled":"default","ast-page-background-meta":{"desktop":{"background-color":"","background-image":"","background-repeat":"repeat","background-position":"center center","background-size":"auto","background-attachment":"scroll","background-type":"","background-media":"","overlay-type":"","overlay-color":"","overlay-opacity":"","overlay-gradient":""},"tablet":{"background-color":"","background-image":"","background-repeat":"repeat","background-position":"center center","background-size":"auto","background-attachment":"scroll","background-type":"","background-media":"","overlay-type":"","overlay-color":"","overlay-opacity":"","overlay-gradient":""},"mobile":{"background-color":"","background-image":"","background-repeat":"repeat","background-position":"center center","background-size":"auto","background-attachment":"scroll","background-type":"","background-media":"","overlay-type":"","overlay-color":"","overlay-opacity":"","overlay-gradient":""}},"ast-content-background-meta":{"desktop":{"background-color":"var(--ast-global-color-5)","background-image":"","background-repeat":"repeat","background-position":"center center","background-size":"auto","background-attachment":"scroll","background-type":"","background-media":"","overlay-type":"","overlay-color":"","overlay-opacity":"","overlay-gradient":""},"tablet":{"background-color":"var(--ast-global-color-5)","background-image":"","background-repeat":"repeat","background-position":"center center","background-size":"auto","background-attachment":"scroll","background-type":"","background-media":"","overlay-type":"","overlay-color":"","overlay-opacity":"","overlay-gradient":""},"mobile":{"background-color":"var(--ast-global-color-5)","background-image":"","background-repeat":"repeat","background-position":"center center","background-size":"auto","background-attachment":"scroll","background-type":"","background-media":"","overlay-type":"","overlay-color":"","overlay-opacity":"","overlay-gradient":""}}},"product_brand":[],"product_cat":[65,76,259,584],"product_tag":[598,473,602,459,599,140],"class_list":{"0":"post-7818","1":"product","2":"type-product","3":"status-publish","4":"has-post-thumbnail","6":"product_cat-best-sellers","7":"product_cat-new-arrivels","8":"product_cat-lingerie","9":"product_cat-adhesive-bras","10":"product_tag-adhesive-bra","11":"product_tag-lace","12":"product_tag-push-up","13":"product_tag-silica-gel","14":"product_tag-sticky-bras","15":"product_tag-strapless","16":"pa_color-black","17":"pa_color-skin","18":"pa_color-white","19":"pa_size-a","20":"pa_size-b","21":"pa_size-c","22":"pa_size-d","23":"desktop-align-center","24":"tablet-align-left","25":"mobile-align-left","26":"ast-product-gallery-layout-horizontal-slider","27":"ast-product-single-variable","28":"ast-product-tabs-layout-horizontal","29":"ast-qv-on-image","31":"first","32":"instock","33":"shipping-taxable","34":"purchasable","35":"product-type-variable"},"tiered_pricing_type":"fixed","tiered_pricing_fixed_rules":{"5":1.4,"50":1.25,"100":1.1},"tiered_pricing_product_settings":{"layout":"default","base_unit_name":{"singular":null,"plural":null},"default_variation":null},"tiered_pricing_minimum_quantity":null,"tiered_pricing_roles_data":[],"tiered_pricing_percentage_rules":[],"_links":{"self":[{"href":"https:\/\/yume-silm.com\/es\/wp-json\/wp\/v2\/product\/7818","targetHints":{"allow":["GET"]}}],"collection":[{"href":"https:\/\/yume-silm.com\/es\/wp-json\/wp\/v2\/product"}],"about":[{"href":"https:\/\/yume-silm.com\/es\/wp-json\/wp\/v2\/types\/product"}],"replies":[{"embeddable":true,"href":"https:\/\/yume-silm.com\/es\/wp-json\/wp\/v2\/comments?post=7818"}],"wp:featuredmedia":[{"embeddable":true,"href":"https:\/\/yume-silm.com\/es\/wp-json\/wp\/v2\/media\/7821"}],"wp:attachment":[{"href":"https:\/\/yume-silm.com\/es\/wp-json\/wp\/v2\/media?parent=7818"}],"wp:term":[{"taxonomy":"product_brand","embeddable":true,"href":"https:\/\/yume-silm.com\/es\/wp-json\/wp\/v2\/product_brand?post=7818"},{"taxonomy":"product_cat","embeddable":true,"href":"https:\/\/yume-silm.com\/es\/wp-json\/wp\/v2\/product_cat?post=7818"},{"taxonomy":"product_tag","embeddable":true,"href":"https:\/\/yume-silm.com\/es\/wp-json\/wp\/v2\/product_tag?post=7818"}],"curies":[{"name":"wp","href":"https:\/\/api.w.org\/{rel}","templated":true}]}}