{"id":7871,"date":"2024-05-07T03:56:42","date_gmt":"2024-05-07T03:56:42","guid":{"rendered":"https:\/\/yume-silm.com\/?post_type=product&#038;p=7871"},"modified":"2024-11-08T08:39:44","modified_gmt":"2024-11-08T08:39:44","slug":"venta-al-por-mayor-de-tazas-de-mango-mejoradas-parches-invisibles-de-silicona-transpirables-para-pezones","status":"publish","type":"product","link":"https:\/\/yume-silm.com\/es\/producto-2\/venta-al-por-mayor-de-tazas-de-mango-mejoradas-parches-invisibles-de-silicona-transpirables-para-pezones\/","title":{"rendered":"El mango mejorado al por mayor ahueca los remiendos invisibles de la entrerrosca del silic\u00f3n respirable"},"content":{"rendered":"<h5><span data-slate-fragment=\"JTVCJTdCJTIydHlwZSUyMiUzQSUyMnBhcmFncmFwaCUyMiUyQyUyMmNoaWxkcmVuJTIyJTNBJTVCJTdCJTIyc2VudGVuY2UlMjIlM0ExJTJDJTIyY2hpbGRTZW50ZW5jZSUyMiUzQTIlMkMlMjJ0ZXh0JTIyJTNBJTIyRGVzaWduJTIwZmVhdHVyZXMlMjIlN0QlNUQlN0QlNUQ=\">Caracteristicas de dise\u00f1o<\/span><\/h5>\n<ul>\n<li data-slate-node=\"element\"><span data-slate-node=\"text\"><span class=\"12\" data-slate-leaf=\"true\"><strong>INVISIBILIDAD PERFECTA:<\/strong> Nuestros parches invisibles para pezones de silicona transpirable con copas de mango mejoradas son suaves y se ajustan a tu piel c\u00f3modamente y sin presi\u00f3n, lo que te permite mostrar tus atractivas curvas. Usar nuestro sujetador invisible adhesivo de silicona te har\u00e1 sentir libre e invisible, nadie notar\u00e1 que llevas este sujetador autoadhesivo push-up sin tirantes y sin espalda.<\/span><\/span><\/li>\n<li data-slate-node=\"element\"><span data-slate-node=\"text\"><span class=\"12\" data-slate-leaf=\"true\"><strong>REUNI\u00d3N PROFUNDA V:<\/strong> El sujetador adhesivo de silicona push-up sin costuras hace que los senos de las mujeres luzcan m\u00e1s llenos y bellamente seductores. Los sujetadores adhesivos sin tirantes no solo ayudan a que tus senos est\u00e9n m\u00e1s firmes, sino que las pastas adhesivas para realzar los pezones tambi\u00e9n aseguran y previenen la flacidez de los senos.<\/span><\/span><\/li>\n<li data-slate-node=\"element\"><span data-slate-node=\"text\"><span class=\"12\" data-slate-leaf=\"true\"><strong>M\u00daLTIPLES OCASIONES:<\/strong> Los sujetadores de silicona adhesivos sin tirantes para mujer son c\u00f3modos, pr\u00e1cticos y ahorran tiempo. Puede usarlo para el uso diario con confianza o usarlo para ocasiones importantes como cenas y fiestas, como vestidos de novia, vestidos de noche, vestidos en V profundo, vestidos m\u00e1s bustier, vestidos sin espalda, etc. Debido a que es f\u00e1cil de transportar, el sujetador de silicona adhesivo, suave y c\u00f3modo, muy vendido, te har\u00e1 irradiar un temperamento seguro y din\u00e1mico en todo momento.<\/span><\/span><\/li>\n<\/ul>\n<p><img fetchpriority=\"high\" decoding=\"async\" class=\"alignnone wp-image-7872 size-medium\" src=\"https:\/\/yume-silm.com\/wp-content\/uploads\/2024\/05\/wholesale-upgraded-mango-cups-breathable-silicone-invisible-nipple-patch-02-300x300.jpg\" alt=\"Tazas de mango mejoradas, parches de pez\u00f3n invisibles de silicona transpirable, sujetador autoadhesivo Invisible\" width=\"300\" height=\"300\" title=\"\" srcset=\"https:\/\/yume-silm.com\/wp-content\/uploads\/2024\/05\/wholesale-upgraded-mango-cups-breathable-silicone-invisible-nipple-patch-02-300x300.jpg 300w, https:\/\/yume-silm.com\/wp-content\/uploads\/2024\/05\/wholesale-upgraded-mango-cups-breathable-silicone-invisible-nipple-patch-02-150x150.jpg 150w, https:\/\/yume-silm.com\/wp-content\/uploads\/2024\/05\/wholesale-upgraded-mango-cups-breathable-silicone-invisible-nipple-patch-02-768x768.jpg 768w, https:\/\/yume-silm.com\/wp-content\/uploads\/2024\/05\/wholesale-upgraded-mango-cups-breathable-silicone-invisible-nipple-patch-02-12x12.jpg 12w, https:\/\/yume-silm.com\/wp-content\/uploads\/2024\/05\/wholesale-upgraded-mango-cups-breathable-silicone-invisible-nipple-patch-02-100x100.jpg 100w, https:\/\/yume-silm.com\/wp-content\/uploads\/2024\/05\/wholesale-upgraded-mango-cups-breathable-silicone-invisible-nipple-patch-02.jpg 800w\" sizes=\"(max-width: 300px) 100vw, 300px\" \/><\/p>\n<h6><em>Etiquetas engomadas del sujetador de la ropa interior del p\u00e9talo de la flor sin tirantes de la reuni\u00f3n nupcial diaria reutilizables de las mujeres<\/em><\/h6>\n<ul>\n<li data-slate-node=\"element\"><span data-slate-node=\"text\"><span class=\"12\" data-slate-leaf=\"true\"><strong>ALTA ADHESI\u00d3N, SIN DESLIZAMIENTO:<\/strong> El sujetador de silicona push-up invisible, sin tirantes, pegajoso y con buena adherencia liberar\u00e1 sus senos, sin necesidad de preocuparse por actividades m\u00e1s grandes que har\u00e1n que se caigan. No dude en usar el sujetador push-up adhesivo para mujer, ya que es c\u00f3modo, suave y no irrita la piel, lo que le brinda una experiencia de uso c\u00f3moda.<\/span><\/span><\/li>\n<li data-slate-node=\"element\" data-slate-fragment=\"JTVCJTdCJTIydHlwZSUyMiUzQSUyMnBhcmFncmFwaCUyMiUyQyUyMmNoaWxkcmVuJTIyJTNBJTVCJTdCJTIyc2VudGVuY2UlMjIlM0ExJTJDJTIyY2hpbGRTZW50ZW5jZSUyMiUzQTIlMkMlMjJ0ZXh0JTIyJTNBJTIyU0VBTUxFU1MlMjBJTlZJU0lCSUxJVFklM0ElMjBPdXIlMjB1cGdyYWRlZCUyMG1hbmdvJTIwY3VwcyclMjBicmVhdGhhYmxlJTIwc2lsaWNvbmUlMjBpbnZpc2libGUlMjBuaXBwbGUlMjBwYXRjaGVzJTIwYXJlJTIwc29mdCUyMGFuZCUyMGZpdCUyMHlvdXIlMjBza2luJTIwY29tZm9ydGFibHklMjBhbmQlMjB3aXRob3V0JTIwcHJlc3N1cmUlMkMlMjBhbGxvd2luZyUyMHlvdSUyMHRvJTIwc2hvdyUyMG9mZiUyMHlvdXIlMjBhdHRyYWN0aXZlJTIwY3VydmVzLiUyMFdlYXJpbmclMjBvdXIlMjBzaWxpY29uZS1zdGlja3klMjBpbnZpc2libGUlMjBicmElMjB3aWxsJTIwbWFrZSUyMHlvdSUyMGZlZWwlMjBmcmVlJTIwYW5kJTIwaW52aXNpYmxlJTJDJTIwbm8lMjBvbmUlMjB3aWxsJTIwbm90aWNlJTIwdGhhdCUyMHlvdSUyMGFyZSUyMHdlYXJpbmclMjB0aGlzJTIwc3RyYXBsZXNzJTIwYmFja2xlc3MlMjBwdXNoLXVwJTIwc2VsZi1hZGhlc2l2ZSUyMGJyYS4lMjIlN0QlNUQlN0QlMkMlN0IlMjJ0eXBlJTIyJTNBJTIycGFyYWdyYXBoJTIyJTJDJTIyY2hpbGRyZW4lMjIlM0ElNUIlN0IlMjJzZW50ZW5jZSUyMiUzQTElMkMlMjJjaGlsZFNlbnRlbmNlJTIyJTNBMiUyQyUyMnRleHQlMjIlM0ElMjJHQVRIRVJJTkclMjBERUVQJTIwViUzQSUyMFRoZSUyMHNlYW1sZXNzJTIwcHVzaC11cCUyMHNpbGljb25lJTIwYWRoZXNpdmUlMjBicmElMjBtYWtlcyUyMHdvbWVuJ3MlMjBicmVhc3RzJTIwbG9vayUyMGZ1bGxlciUyMGFuZCUyMGJlYXV0aWZ1bGx5JTIwc2VkdWN0aXZlLiUyMFN0cmFwbGVzcyUyMGFkaGVzaXZlJTIwYnJhcyUyMG5vdCUyMG9ubHklMjBoZWxwJTIwdG8lMjBtYWtlJTIweW91ciUyMGJyZWFzdHMlMjBmaXJtZXIlMjBidXQlMjB0aGUlMjBwdXNoLXVwJTIwbGlmdGluZyUyMGFkaGVzaXZlJTIwbmlwcGxlJTIwcGFzdGllcyUyMGFsc28lMjBzZWN1cmUlMjBhbmQlMjBwcmV2ZW50JTIwYnJlYXN0JTIwc2FnZ2luZy4lMjIlN0QlNUQlN0QlMkMlN0IlMjJ0eXBlJTIyJTNBJTIycGFyYWdyYXBoJTIyJTJDJTIyY2hpbGRyZW4lMjIlM0ElNUIlN0IlMjJzZW50ZW5jZSUyMiUzQTElMkMlMjJjaGlsZFNlbnRlbmNlJTIyJTNBMiUyQyUyMnRleHQlMjIlM0ElMjJNVUxUSVBMRSUyME9DQ0FTSU9OUyUzQSUyMFdvbWVuJ3MlMjBzdHJhcGxlc3MlMjBzdGlja3klMjBzaWxpY29uZSUyMGJyYXMlMjBhcmUlMjBjb21mb3J0YWJsZSUyQyUyMGNvbnZlbmllbnQlMkMlMjBhbmQlMjB0aW1lLXNhdmluZy4lMjBZb3UlMjBjYW4lMjB3ZWFyJTIwaXQlMjBmb3IlMjBkYWlseSUyMHdlYXIlMjB3aXRoJTIwY29uZmlkZW5jZSUyQyUyMG9yJTIwdXNlJTIwaXQlMjBmb3IlMjBpbXBvcnRhbnQlMjBvY2Nhc2lvbnMlMjBzdWNoJTIwYXMlMjBkaW5uZXJzJTIwYW5kJTIwcGFydGllcyUyQyUyMHN1Y2glMjBhcyUyMHdlZGRpbmclMjBkcmVzc2VzJTJDJTIwZXZlbmluZyUyMGRyZXNzZXMlMkMlMjBkZWVwJTIwViUyMGRyZXNzZXMlMkMlMjBidXN0aWVyJTIwZHJlc3NlcyUyQyUyMGJhY2tsZXNzJTIwZHJlc3NlcyUyQyUyMGFuZCUyMHNvJTIwb24uJTIwQmVjYXVzZSUyMGl0JTIwaXMlMjBlYXN5JTIwdG8lMjBjYXJyeSUyQyUyMGhvdCUyMHNlbGxpbmclMjBzb2Z0JTIwY29tZm9ydGFibGUlMjBzdGljay1vbiUyMHNpbGljb25lJTIwYnJhJTIwd2lsbCUyMG1ha2UlMjB5b3UlMjBleHVkZSUyMGElMjBjb25maWRlbnQlMjBhbmQlMjBkeW5hbWljJTIwdGVtcGVyYW1lbnQlMjBhdCUyMGFsbCUyMHRpbWVzLiUyMiU3RCU1RCU3RCUyQyU3QiUyMnR5cGUlMjIlM0ElMjJwYXJhZ3JhcGglMjIlMkMlMjJjaGlsZHJlbiUyMiUzQSU1QiU3QiUyMnNlbnRlbmNlJTIyJTNBMSUyQyUyMmNoaWxkU2VudGVuY2UlMjIlM0EyJTJDJTIydGV4dCUyMiUzQSUyMkhJR0glMjBBREhFU0lPTiUyQyUyME5PJTIwU0xJUFBJTkclM0ElMjBUaGUlMjBzdGlja3klMjBzdHJhcGxlc3MlMjBiYWNrbGVzcyUyMGludmlzaWJsZSUyMHB1c2gtdXAlMjBzaWxpY29uZSUyMGJyYSUyMHdpdGglMjBnb29kJTIwYWRoZXNpb24lMjB3aWxsJTIwbWFrZSUyMHlvdXIlMjBicmVhc3RzJTIwZnJlZSUyQyUyMG5vJTIwbmVlZCUyMHRvJTIwd29ycnklMjBhYm91dCUyMGxhcmdlciUyMGFjdGl2aXRpZXMlMjB0aGF0JTIwd2lsbCUyMGNhdXNlJTIwdGhlbSUyMHRvJTIwZmFsbCUyMG9mZi4lMjBQbGVhc2UlMjBmZWVsJTIwZnJlZSUyMHRvJTIwd2VhciUyMHRoZSUyMGFkaGVzaXZlJTIwcHVzaC11cCUyMGJyYSUyMGZvciUyMHdvbWVuJTIwYXMlMjBpdCUyMGlzJTIwY29tZm9ydGFibGUlMkMlMjBhbmQlMjBzb2Z0JTIwYW5kJTIwZG9lcyUyMG5vdCUyMGlycml0YXRlJTIweW91ciUyMHNraW4lMkMlMjBwcm92aWRpbmclMjB5b3UlMjB3aXRoJTIwYSUyMGNvbWZvcnRhYmxlJTIwd2VhcmluZyUyMGV4cGVyaWVuY2UuJTIyJTdEJTVEJTdEJTJDJTdCJTIydHlwZSUyMiUzQSUyMnBhcmFncmFwaCUyMiUyQyUyMmNoaWxkcmVuJTIyJTNBJTVCJTdCJTIyc2VudGVuY2UlMjIlM0ExJTJDJTIyY2hpbGRTZW50ZW5jZSUyMiUzQTIlMkMlMjJ0ZXh0JTIyJTNBJTIyTk8lMjBTSE9VTERFUiUyMFNUUkFQUyUyMFJFUVVJUkVEJTNBJTIwT3VyJTIwdXBncmFkZWQlMjBtYW5nbyUyMGN1cCdzJTIwYnJlYXRoYWJsZSUyMHNpbGljb25lJTIwaW52aXNpYmxlJTIwbmlwcGxlJTIwcGF0Y2glMjBoYXMlMjBkaXJlY3QlMjBjb250YWN0JTIwYW5kJTIwd3JhcHMlMjB0aWdodGx5JTIwYXJvdW5kJTIweW91ciUyMHNvZnQlMjBicmVhc3RzLiUyMEl0JTIwaXMlMjB2ZXJ5JTIwYnJlYXRoYWJsZSUyMGFuZCUyMGNvbWZvcnRhYmxlJTJDJTIwYW5kJTIwd2lsbCUyMG5vdCUyMGNhdXNlJTIwc3RyYW5ndWxhdGlvbiUyMG9uJTIweW91ciUyMHNob3VsZGVycy4lMjBQZXJmZWN0JTIwZm9yJTIwc3VtbWVyJTIwb3V0aW5ncy4lMjIlN0QlNUQlN0QlNUQ=\"><span data-slate-node=\"text\"><span class=\"12\" data-slate-leaf=\"true\"><strong>NO SE REQUIEREN CORREAS PARA LOS HOMBROS:<\/strong> El parche invisible de silicona transpirable para pez\u00f3n de nuestra copa de mango mejorada tiene contacto directo y se envuelve firmemente alrededor de sus suaves senos. Es muy transpirable y c\u00f3modo, y no provocar\u00e1 estrangulamiento en los hombros. Perfecta para salidas de verano.<\/span><\/span><\/li>\n<\/ul>","protected":false},"excerpt":{"rendered":"<p>Los parches invisibles para pezones de silicona transpirable con copas de mango mejoradas para mujer son c\u00f3modos, convenientes y ahorran tiempo. Puede usarlo para el uso diario con confianza o usarlo para ocasiones importantes como cenas y fiestas, como vestidos de novia, vestidos de noche, vestidos en V profundo, vestidos m\u00e1s bustier, vestidos sin espalda, etc. Debido a que es f\u00e1cil de llevar, un sujetador de silicona suave y c\u00f3modo siempre te har\u00e1 irradiar un temperamento seguro y din\u00e1mico.<\/p>","protected":false},"featured_media":8031,"comment_status":"open","ping_status":"closed","template":"","meta":{"site-sidebar-layout":"default","site-content-layout":"","ast-site-content-layout":"default","site-content-style":"default","site-sidebar-style":"default","ast-global-header-display":"","ast-banner-title-visibility":"","ast-main-header-display":"","ast-hfb-above-header-display":"","ast-hfb-below-header-display":"","ast-hfb-mobile-header-display":"","site-post-title":"","ast-breadcrumbs-content":"","ast-featured-img":"","footer-sml-layout":"","ast-disable-related-posts":"","theme-transparent-header-meta":"default","adv-header-id-meta":"","stick-header-meta":"default","header-above-stick-meta":"","header-main-stick-meta":"","header-below-stick-meta":"","astra-migrate-meta-layouts":"set","ast-page-background-enabled":"default","ast-page-background-meta":{"desktop":{"background-color":"","background-image":"","background-repeat":"repeat","background-position":"center center","background-size":"auto","background-attachment":"scroll","background-type":"","background-media":"","overlay-type":"","overlay-color":"","overlay-opacity":"","overlay-gradient":""},"tablet":{"background-color":"","background-image":"","background-repeat":"repeat","background-position":"center center","background-size":"auto","background-attachment":"scroll","background-type":"","background-media":"","overlay-type":"","overlay-color":"","overlay-opacity":"","overlay-gradient":""},"mobile":{"background-color":"","background-image":"","background-repeat":"repeat","background-position":"center center","background-size":"auto","background-attachment":"scroll","background-type":"","background-media":"","overlay-type":"","overlay-color":"","overlay-opacity":"","overlay-gradient":""}},"ast-content-background-meta":{"desktop":{"background-color":"var(--ast-global-color-5)","background-image":"","background-repeat":"repeat","background-position":"center center","background-size":"auto","background-attachment":"scroll","background-type":"","background-media":"","overlay-type":"","overlay-color":"","overlay-opacity":"","overlay-gradient":""},"tablet":{"background-color":"var(--ast-global-color-5)","background-image":"","background-repeat":"repeat","background-position":"center center","background-size":"auto","background-attachment":"scroll","background-type":"","background-media":"","overlay-type":"","overlay-color":"","overlay-opacity":"","overlay-gradient":""},"mobile":{"background-color":"var(--ast-global-color-5)","background-image":"","background-repeat":"repeat","background-position":"center center","background-size":"auto","background-attachment":"scroll","background-type":"","background-media":"","overlay-type":"","overlay-color":"","overlay-opacity":"","overlay-gradient":""}}},"product_brand":[],"product_cat":[65,76,259,584],"product_tag":[598,492,613,601],"class_list":{"0":"post-7871","1":"product","2":"type-product","3":"status-publish","4":"has-post-thumbnail","6":"product_cat-best-sellers","7":"product_cat-new-arrivels","8":"product_cat-lingerie","9":"product_cat-adhesive-bras","10":"product_tag-adhesive-bra","11":"product_tag-breathable","12":"product_tag-mango-cups","13":"product_tag-silicone","14":"pa_color-beige","15":"pa_color-black","16":"pa_size-a","17":"pa_size-b","18":"pa_size-c","19":"pa_size-d","20":"desktop-align-center","21":"tablet-align-left","22":"mobile-align-left","23":"ast-product-gallery-layout-horizontal-slider","24":"ast-product-single-variable","25":"ast-product-tabs-layout-horizontal","26":"ast-qv-on-image","28":"first","29":"instock","30":"shipping-taxable","31":"purchasable","32":"product-type-variable"},"tiered_pricing_type":"fixed","tiered_pricing_fixed_rules":{"5":1.2,"50":1.1,"100":0.95},"tiered_pricing_product_settings":{"layout":"default","base_unit_name":{"singular":null,"plural":null},"default_variation":null},"tiered_pricing_minimum_quantity":null,"tiered_pricing_roles_data":[],"tiered_pricing_percentage_rules":[],"_links":{"self":[{"href":"https:\/\/yume-silm.com\/es\/wp-json\/wp\/v2\/product\/7871","targetHints":{"allow":["GET"]}}],"collection":[{"href":"https:\/\/yume-silm.com\/es\/wp-json\/wp\/v2\/product"}],"about":[{"href":"https:\/\/yume-silm.com\/es\/wp-json\/wp\/v2\/types\/product"}],"replies":[{"embeddable":true,"href":"https:\/\/yume-silm.com\/es\/wp-json\/wp\/v2\/comments?post=7871"}],"wp:featuredmedia":[{"embeddable":true,"href":"https:\/\/yume-silm.com\/es\/wp-json\/wp\/v2\/media\/8031"}],"wp:attachment":[{"href":"https:\/\/yume-silm.com\/es\/wp-json\/wp\/v2\/media?parent=7871"}],"wp:term":[{"taxonomy":"product_brand","embeddable":true,"href":"https:\/\/yume-silm.com\/es\/wp-json\/wp\/v2\/product_brand?post=7871"},{"taxonomy":"product_cat","embeddable":true,"href":"https:\/\/yume-silm.com\/es\/wp-json\/wp\/v2\/product_cat?post=7871"},{"taxonomy":"product_tag","embeddable":true,"href":"https:\/\/yume-silm.com\/es\/wp-json\/wp\/v2\/product_tag?post=7871"}],"curies":[{"name":"wp","href":"https:\/\/api.w.org\/{rel}","templated":true}]}}