{"id":8036,"date":"2024-05-16T06:06:13","date_gmt":"2024-05-16T06:06:13","guid":{"rendered":"https:\/\/yume-silm.com\/?post_type=product&#038;p=8036"},"modified":"2024-05-16T07:51:02","modified_gmt":"2024-05-16T07:51:02","slug":"al-por-mayor-traje-deportivo-de-entrenamiento-de-sudor-sauna","status":"publish","type":"product","link":"https:\/\/yume-silm.com\/es\/producto-2\/al-por-mayor-traje-deportivo-de-entrenamiento-de-sudor-sauna\/","title":{"rendered":"Comercio al por mayor Sauna Sweat Workout Chaqueta deportiva para hombres y mujeres"},"content":{"rendered":"<h5>Caracteristicas de dise\u00f1o<\/h5>\n<ul>\n<li><strong>DISE\u00d1O INNOVADOR:<\/strong> Una camisa de sauna para mujeres es el mejor asistente para moldear el cuerpo y perder peso, el principio de funcionamiento de un traje de sauna para perder peso para mujeres es acelerar la sudoraci\u00f3n, promover la circulaci\u00f3n sangu\u00ednea, reducir la fatiga muscular y lograr una p\u00e9rdida de peso y una forma efectivas mediante una compresi\u00f3n razonable y espacio confinado adecuado.<\/li>\n<li><strong>ROPA DE SAUNA PARA P\u00c9RDIDA DE PESO DIARIA:<\/strong> Camisetas deportivas de entrenamiento de manga larga de color rosa, perfectas para yoga en casa en el gimnasio o ejercicio de carrera al aire libre, as\u00ed como para el trabajo. Puedes usar este juego de sauna para adelgazar y moldear el cuerpo. Puede proteger eficazmente el fr\u00edo en el fr\u00edo invierno y puede usarse para acelerar la sudoraci\u00f3n para perder peso en primavera, verano y oto\u00f1o.<\/li>\n<li><strong>C\u00d3MODO Y CONVENIENTE:<\/strong> El chaleco de manga larga que atrapa el calor, sudadera ligera con cremallera completa, informal est\u00e1 hecho de tela de alta calidad que es m\u00e1s c\u00f3moda para la piel; Es f\u00e1cil de usar, como la ropa diaria, y solo necesita una cremallera para abrir y cerrar. Es liviano, c\u00f3modo y sin estr\u00e9s, por lo que no importa qu\u00e9 tipo de ejercicio hagas, podr\u00e1s realizarlo de manera flexible.<\/li>\n<\/ul>\n<p><img fetchpriority=\"high\" decoding=\"async\" class=\"alignnone size-medium wp-image-8057\" src=\"https:\/\/yume-silm.com\/wp-content\/uploads\/2024\/05\/sauna-sweat-workout-sports-suit-pink-hot-1-300x300.jpg\" alt=\"Venta al por mayor Traje deportivo del entrenamiento del sudor de la sauna\" width=\"300\" height=\"300\" title=\"\" srcset=\"https:\/\/yume-silm.com\/wp-content\/uploads\/2024\/05\/sauna-sweat-workout-sports-suit-pink-hot-1-300x300.jpg 300w, https:\/\/yume-silm.com\/wp-content\/uploads\/2024\/05\/sauna-sweat-workout-sports-suit-pink-hot-1-150x150.jpg 150w, https:\/\/yume-silm.com\/wp-content\/uploads\/2024\/05\/sauna-sweat-workout-sports-suit-pink-hot-1-768x768.jpg 768w, https:\/\/yume-silm.com\/wp-content\/uploads\/2024\/05\/sauna-sweat-workout-sports-suit-pink-hot-1-12x12.jpg 12w, https:\/\/yume-silm.com\/wp-content\/uploads\/2024\/05\/sauna-sweat-workout-sports-suit-pink-hot-1-800x800.jpg 800w, https:\/\/yume-silm.com\/wp-content\/uploads\/2024\/05\/sauna-sweat-workout-sports-suit-pink-hot-1-100x100.jpg 100w, https:\/\/yume-silm.com\/wp-content\/uploads\/2024\/05\/sauna-sweat-workout-sports-suit-pink-hot-1.jpg 1000w\" sizes=\"(max-width: 300px) 100vw, 300px\" \/><img decoding=\"async\" class=\"alignnone size-medium wp-image-8059\" src=\"https:\/\/yume-silm.com\/wp-content\/uploads\/2024\/05\/wholesale-sauna-sweat-workout-sports-suit-pink-pvc-300x300.jpg\" alt=\"Traje deportivo Sauna Sweat Workout para hombres y mujeres\" width=\"300\" height=\"300\" title=\"\" srcset=\"https:\/\/yume-silm.com\/wp-content\/uploads\/2024\/05\/wholesale-sauna-sweat-workout-sports-suit-pink-pvc-300x300.jpg 300w, https:\/\/yume-silm.com\/wp-content\/uploads\/2024\/05\/wholesale-sauna-sweat-workout-sports-suit-pink-pvc-150x150.jpg 150w, https:\/\/yume-silm.com\/wp-content\/uploads\/2024\/05\/wholesale-sauna-sweat-workout-sports-suit-pink-pvc-768x768.jpg 768w, https:\/\/yume-silm.com\/wp-content\/uploads\/2024\/05\/wholesale-sauna-sweat-workout-sports-suit-pink-pvc-12x12.jpg 12w, https:\/\/yume-silm.com\/wp-content\/uploads\/2024\/05\/wholesale-sauna-sweat-workout-sports-suit-pink-pvc-800x800.jpg 800w, https:\/\/yume-silm.com\/wp-content\/uploads\/2024\/05\/wholesale-sauna-sweat-workout-sports-suit-pink-pvc-100x100.jpg 100w, https:\/\/yume-silm.com\/wp-content\/uploads\/2024\/05\/wholesale-sauna-sweat-workout-sports-suit-pink-pvc.jpg 1000w\" sizes=\"(max-width: 300px) 100vw, 300px\" \/><\/p>\n<h6><em>Adecuado para yoga, correr, ejercicio, deportes de entrenamiento y fitness, conjunto rosa para perder peso.<\/em><\/h6>\n<ul>\n<li><strong>FORMA DE MODA:<\/strong> El dise\u00f1o de cremallera de la chaqueta deportiva de entrenamiento para sauna para mujer es moderno y deportivo. Podr\u00e1s disfrutar ejercitando tu hermosa cintura y escote durante el ejercicio.<\/li>\n<\/ul>","protected":false},"excerpt":{"rendered":"<ul>\n<li>Ya sea que est\u00e9 buscando estar saludable, perder peso o aliviar el estr\u00e9s.<\/li>\n<li>\u00a1Ven y elige nuestra chaqueta deportiva de entrenamiento para sauna para hombres y mujeres para una vida m\u00e1s saludable y c\u00f3moda con estilo! \u00a1Nuevos productos est\u00e1n aqu\u00ed, ordene hoy!<\/li>\n<\/ul>","protected":false},"featured_media":8083,"comment_status":"open","ping_status":"closed","template":"","meta":{"site-sidebar-layout":"default","site-content-layout":"","ast-site-content-layout":"default","site-content-style":"default","site-sidebar-style":"default","ast-global-header-display":"","ast-banner-title-visibility":"","ast-main-header-display":"","ast-hfb-above-header-display":"","ast-hfb-below-header-display":"","ast-hfb-mobile-header-display":"","site-post-title":"","ast-breadcrumbs-content":"","ast-featured-img":"","footer-sml-layout":"","ast-disable-related-posts":"","theme-transparent-header-meta":"default","adv-header-id-meta":"","stick-header-meta":"default","header-above-stick-meta":"","header-main-stick-meta":"","header-below-stick-meta":"","astra-migrate-meta-layouts":"set","ast-page-background-enabled":"default","ast-page-background-meta":{"desktop":{"background-color":"","background-image":"","background-repeat":"repeat","background-position":"center center","background-size":"auto","background-attachment":"scroll","background-type":"","background-media":"","overlay-type":"","overlay-color":"","overlay-opacity":"","overlay-gradient":""},"tablet":{"background-color":"","background-image":"","background-repeat":"repeat","background-position":"center center","background-size":"auto","background-attachment":"scroll","background-type":"","background-media":"","overlay-type":"","overlay-color":"","overlay-opacity":"","overlay-gradient":""},"mobile":{"background-color":"","background-image":"","background-repeat":"repeat","background-position":"center center","background-size":"auto","background-attachment":"scroll","background-type":"","background-media":"","overlay-type":"","overlay-color":"","overlay-opacity":"","overlay-gradient":""}},"ast-content-background-meta":{"desktop":{"background-color":"var(--ast-global-color-5)","background-image":"","background-repeat":"repeat","background-position":"center center","background-size":"auto","background-attachment":"scroll","background-type":"","background-media":"","overlay-type":"","overlay-color":"","overlay-opacity":"","overlay-gradient":""},"tablet":{"background-color":"var(--ast-global-color-5)","background-image":"","background-repeat":"repeat","background-position":"center center","background-size":"auto","background-attachment":"scroll","background-type":"","background-media":"","overlay-type":"","overlay-color":"","overlay-opacity":"","overlay-gradient":""},"mobile":{"background-color":"var(--ast-global-color-5)","background-image":"","background-repeat":"repeat","background-position":"center center","background-size":"auto","background-attachment":"scroll","background-type":"","background-media":"","overlay-type":"","overlay-color":"","overlay-opacity":"","overlay-gradient":""}}},"product_brand":[],"product_cat":[65,76,97,98],"product_tag":[413,614,563,548,550,185],"class_list":{"0":"post-8036","1":"product","2":"type-product","3":"status-publish","4":"has-post-thumbnail","6":"product_cat-best-sellers","7":"product_cat-new-arrivels","8":"product_cat-sauna-suit","9":"product_cat-sauna-jacket","10":"product_tag-fitness","11":"product_tag-pink","12":"product_tag-running","13":"product_tag-sauna-sweat","14":"product_tag-with-zipper","15":"product_tag-workout","16":"pa_color-pink","17":"pa_color-purple","18":"pa_size-4xl","19":"pa_size-l","20":"pa_size-m","21":"pa_size-s","22":"pa_size-xl","23":"pa_size-xxl","24":"pa_size-xxxl","25":"desktop-align-center","26":"tablet-align-left","27":"mobile-align-left","28":"ast-product-gallery-layout-horizontal-slider","29":"ast-product-single-variable","30":"ast-product-tabs-layout-horizontal","31":"ast-qv-on-image","33":"first","34":"instock","35":"shipping-taxable","36":"purchasable","37":"product-type-variable"},"tiered_pricing_type":"fixed","tiered_pricing_fixed_rules":{"2":13,"50":12,"100":11},"tiered_pricing_product_settings":{"layout":"default","base_unit_name":{"singular":null,"plural":null},"default_variation":null},"tiered_pricing_minimum_quantity":null,"tiered_pricing_roles_data":[],"tiered_pricing_percentage_rules":[],"_links":{"self":[{"href":"https:\/\/yume-silm.com\/es\/wp-json\/wp\/v2\/product\/8036","targetHints":{"allow":["GET"]}}],"collection":[{"href":"https:\/\/yume-silm.com\/es\/wp-json\/wp\/v2\/product"}],"about":[{"href":"https:\/\/yume-silm.com\/es\/wp-json\/wp\/v2\/types\/product"}],"replies":[{"embeddable":true,"href":"https:\/\/yume-silm.com\/es\/wp-json\/wp\/v2\/comments?post=8036"}],"wp:featuredmedia":[{"embeddable":true,"href":"https:\/\/yume-silm.com\/es\/wp-json\/wp\/v2\/media\/8083"}],"wp:attachment":[{"href":"https:\/\/yume-silm.com\/es\/wp-json\/wp\/v2\/media?parent=8036"}],"wp:term":[{"taxonomy":"product_brand","embeddable":true,"href":"https:\/\/yume-silm.com\/es\/wp-json\/wp\/v2\/product_brand?post=8036"},{"taxonomy":"product_cat","embeddable":true,"href":"https:\/\/yume-silm.com\/es\/wp-json\/wp\/v2\/product_cat?post=8036"},{"taxonomy":"product_tag","embeddable":true,"href":"https:\/\/yume-silm.com\/es\/wp-json\/wp\/v2\/product_tag?post=8036"}],"curies":[{"name":"wp","href":"https:\/\/api.w.org\/{rel}","templated":true}]}}