{"id":8078,"date":"2024-05-16T07:35:26","date_gmt":"2024-05-16T07:35:26","guid":{"rendered":"https:\/\/yume-silm.com\/?post_type=product&#038;p=8078"},"modified":"2024-05-16T07:44:10","modified_gmt":"2024-05-16T07:44:10","slug":"sauna-pantalones-deportivos-gimnasio-fitness-perdida-de-peso","status":"publish","type":"product","link":"https:\/\/yume-silm.com\/es\/producto-2\/sauna-pantalones-deportivos-gimnasio-fitness-perdida-de-peso\/","title":{"rendered":"P\u00e9rdida de peso negra al por mayor de la aptitud del gimnasio de los pantalones del sudor de la sauna"},"content":{"rendered":"<h5>Caracteristicas de dise\u00f1o<\/h5>\n<ul>\n<li><strong>DISE\u00d1O INNOVADOR:<\/strong> Los pantalones de sauna para mujeres son el mejor asistente para moldear el cuerpo y perder peso, el principio de funcionamiento de un traje de sauna para bajar de peso para mujeres es acelerar la sudoraci\u00f3n, promover la circulaci\u00f3n sangu\u00ednea, reducir la fatiga muscular y lograr una p\u00e9rdida de peso y una forma efectivas mediante una compresi\u00f3n razonable y espacio confinado adecuado.<\/li>\n<li><strong>ROPA DE SAUNA PARA P\u00c9RDIDA DE PESO DIARIA:<\/strong> Los pantalones deportivos negros de manga larga son perfectos para yoga en casa en el gimnasio o para correr al aire libre, as\u00ed como para el trabajo. Puedes usar este juego de sauna para adelgazar y moldear el cuerpo. Puede proteger eficazmente el fr\u00edo en el fr\u00edo invierno y puede usarse para acelerar la sudoraci\u00f3n para perder peso en primavera, verano y oto\u00f1o.<\/li>\n<li><strong>C\u00d3MODO Y CONVENIENTE:<\/strong> Los pantalones deportivos ligeros y humeantes negros que absorben el calor est\u00e1n hechos de tela de alta calidad que es m\u00e1s c\u00f3moda para la piel; es f\u00e1cil de usar, como la ropa diaria. Es liviano, c\u00f3modo y sin estr\u00e9s, por lo que no importa qu\u00e9 tipo de ejercicio hagas, podr\u00e1s realizarlo de manera flexible.<\/li>\n<\/ul>\n<h6><em>Pantal\u00f3n deportivo para sauna para hombre y mujer.<\/em><\/h6>\n<ul>\n<li><strong>FORMA DE MODA:<\/strong> El dise\u00f1o de cremallera de los pantalones deportivos para sauna para hombres y mujeres, gimnasio, fitness, p\u00e9rdida de peso, es moderno y deportivo. Podr\u00e1s disfrutar ejercitando tu hermosa cintura y escote durante el ejercicio.<\/li>\n<\/ul>","protected":false},"excerpt":{"rendered":"<ul>\n<li>Ya sea que est\u00e9 buscando estar saludable, perder peso o aliviar el estr\u00e9s.<\/li>\n<li>\u00a1Ven y elige nuestros pantalones deportivos para sauna para hombres y mujeres, gimnasio, fitness, p\u00e9rdida de peso para una vida elegante m\u00e1s saludable y c\u00f3moda! \u00a1Nuevos productos est\u00e1n aqu\u00ed, ordene hoy!<\/li>\n<\/ul>","protected":false},"featured_media":8081,"comment_status":"open","ping_status":"closed","template":"","meta":{"site-sidebar-layout":"default","site-content-layout":"","ast-site-content-layout":"default","site-content-style":"default","site-sidebar-style":"default","ast-global-header-display":"","ast-banner-title-visibility":"","ast-main-header-display":"","ast-hfb-above-header-display":"","ast-hfb-below-header-display":"","ast-hfb-mobile-header-display":"","site-post-title":"","ast-breadcrumbs-content":"","ast-featured-img":"","footer-sml-layout":"","ast-disable-related-posts":"","theme-transparent-header-meta":"default","adv-header-id-meta":"","stick-header-meta":"default","header-above-stick-meta":"","header-main-stick-meta":"","header-below-stick-meta":"","astra-migrate-meta-layouts":"set","ast-page-background-enabled":"default","ast-page-background-meta":{"desktop":{"background-color":"","background-image":"","background-repeat":"repeat","background-position":"center center","background-size":"auto","background-attachment":"scroll","background-type":"","background-media":"","overlay-type":"","overlay-color":"","overlay-opacity":"","overlay-gradient":""},"tablet":{"background-color":"","background-image":"","background-repeat":"repeat","background-position":"center center","background-size":"auto","background-attachment":"scroll","background-type":"","background-media":"","overlay-type":"","overlay-color":"","overlay-opacity":"","overlay-gradient":""},"mobile":{"background-color":"","background-image":"","background-repeat":"repeat","background-position":"center center","background-size":"auto","background-attachment":"scroll","background-type":"","background-media":"","overlay-type":"","overlay-color":"","overlay-opacity":"","overlay-gradient":""}},"ast-content-background-meta":{"desktop":{"background-color":"var(--ast-global-color-5)","background-image":"","background-repeat":"repeat","background-position":"center center","background-size":"auto","background-attachment":"scroll","background-type":"","background-media":"","overlay-type":"","overlay-color":"","overlay-opacity":"","overlay-gradient":""},"tablet":{"background-color":"var(--ast-global-color-5)","background-image":"","background-repeat":"repeat","background-position":"center center","background-size":"auto","background-attachment":"scroll","background-type":"","background-media":"","overlay-type":"","overlay-color":"","overlay-opacity":"","overlay-gradient":""},"mobile":{"background-color":"var(--ast-global-color-5)","background-image":"","background-repeat":"repeat","background-position":"center center","background-size":"auto","background-attachment":"scroll","background-type":"","background-media":"","overlay-type":"","overlay-color":"","overlay-opacity":"","overlay-gradient":""}}},"product_brand":[],"product_cat":[65,76,97,99],"product_tag":[460,548],"class_list":{"0":"post-8078","1":"product","2":"type-product","3":"status-publish","4":"has-post-thumbnail","6":"product_cat-best-sellers","7":"product_cat-new-arrivels","8":"product_cat-sauna-suit","9":"product_cat-sauna-pants","10":"product_tag-high-elasticity","11":"product_tag-sauna-sweat","12":"pa_color-black","13":"pa_size-4xl","14":"pa_size-l","15":"pa_size-m","16":"pa_size-s","17":"pa_size-xl","18":"pa_size-xxl","19":"pa_size-xxxl","20":"desktop-align-center","21":"tablet-align-left","22":"mobile-align-left","23":"ast-product-gallery-layout-horizontal-slider","24":"ast-product-tabs-layout-horizontal","25":"ast-qv-on-image","27":"first","28":"instock","29":"shipping-taxable","30":"purchasable","31":"product-type-simple"},"tiered_pricing_type":"fixed","tiered_pricing_fixed_rules":{"2":5.5,"30":5,"100":4.5},"tiered_pricing_product_settings":{"layout":"default","base_unit_name":{"singular":null,"plural":null},"default_variation":null},"tiered_pricing_minimum_quantity":null,"tiered_pricing_roles_data":[],"tiered_pricing_percentage_rules":[],"_links":{"self":[{"href":"https:\/\/yume-silm.com\/es\/wp-json\/wp\/v2\/product\/8078","targetHints":{"allow":["GET"]}}],"collection":[{"href":"https:\/\/yume-silm.com\/es\/wp-json\/wp\/v2\/product"}],"about":[{"href":"https:\/\/yume-silm.com\/es\/wp-json\/wp\/v2\/types\/product"}],"replies":[{"embeddable":true,"href":"https:\/\/yume-silm.com\/es\/wp-json\/wp\/v2\/comments?post=8078"}],"wp:featuredmedia":[{"embeddable":true,"href":"https:\/\/yume-silm.com\/es\/wp-json\/wp\/v2\/media\/8081"}],"wp:attachment":[{"href":"https:\/\/yume-silm.com\/es\/wp-json\/wp\/v2\/media?parent=8078"}],"wp:term":[{"taxonomy":"product_brand","embeddable":true,"href":"https:\/\/yume-silm.com\/es\/wp-json\/wp\/v2\/product_brand?post=8078"},{"taxonomy":"product_cat","embeddable":true,"href":"https:\/\/yume-silm.com\/es\/wp-json\/wp\/v2\/product_cat?post=8078"},{"taxonomy":"product_tag","embeddable":true,"href":"https:\/\/yume-silm.com\/es\/wp-json\/wp\/v2\/product_tag?post=8078"}],"curies":[{"name":"wp","href":"https:\/\/api.w.org\/{rel}","templated":true}]}}