{"id":8176,"date":"2024-05-24T02:55:32","date_gmt":"2024-05-24T02:55:32","guid":{"rendered":"https:\/\/yume-silm.com\/?post_type=product&#038;p=8176"},"modified":"2024-07-04T01:12:25","modified_gmt":"2024-07-04T01:12:25","slug":"body-sin-mangas-con-tanga-y-un-solo-hombro-para-mujer%ef%bc%88%e6%b5%8b%e8%af%95%ef%bc%89","status":"publish","type":"product","link":"https:\/\/yume-silm.com\/es\/producto-2\/body-sin-mangas-con-tanga-y-un-solo-hombro-para-mujer%ef%bc%88%e6%b5%8b%e8%af%95%ef%bc%89\/","title":{"rendered":"Body sin mangas con tanga y un solo hombro para mujer"},"content":{"rendered":"<h5>Caracteristicas de dise\u00f1o<\/h5>\n<ul>\n<li><strong>BODY DE TANGA DE MALLA:<\/strong> El corte de un solo hombro del body tanga es asim\u00e9tricamente elegante. El corte de tanga de la lencer\u00eda tipo tanga y el dise\u00f1o del bot\u00f3n a presi\u00f3n en la parte inferior son muy convenientes.<\/li>\n<li><strong>TRAJE DE MODA:<\/strong> El corte sexy de la faja moldeadora para levantar gl\u00fateos con control de barriga y el corte entallado sin mangas son lindos y modernos, lo que te brinda una inspiraci\u00f3n ilimitada para tu atuendo. Puedes combinarlo f\u00e1cilmente con jeans, pantalones cortos, vestidos bonitos, etc. El body tipo tanga de una sola pieza te brinda una gran capacidad de ocultaci\u00f3n, perfecto para salidas diarias, citas o incluso fiestas nocturnas, c\u00f3cteles, vacaciones, fiestas, etc. . \u00a1Un armario es imprescindible para todas las estaciones, de d\u00eda y de noche!<\/li>\n<li><strong>LUZ DE ESPERANZA:<\/strong> Nuestro nuevo body sexy tipo tanga sin tirantes de 2024 est\u00e1 inspirado en la &quot;luz de la esperanza&quot;. \u00a1Deseo una figura de estrella, una figura de reloj de arena deslumbrante que llame la atenci\u00f3n!<\/li>\n<li><strong>EL\u00c1STICO Y C\u00d3MODO:<\/strong> La tela de la camiseta sin mangas con un solo hombro para mujer es transpirable, ligera y muy agradable al tacto. Es muy el\u00e1stico, se repite varias veces, se puede lavar repetidamente, no se deforma y no se forman bolitas. No es necesario que uses otra ropa interior, ya que es opaca y tiene relleno.<\/li>\n<\/ul>\n<h6><em>Monos sexys con un hombro al descubierto y espalda descubierta para mujer<\/em><\/h6>\n<ul>\n<li>Body sin mangas con tanga y un solo hombro, que brinda una sensaci\u00f3n m\u00e1s elegante, chic y sexy.<\/li>\n<li>Lo mejor para salir de fiesta, vacaciones, vida diaria, etc.<\/li>\n<li><span data-slate-fragment=\"JTVCJTdCJTIydHlwZSUyMiUzQSUyMnBhcmFncmFwaCUyMiUyQyUyMmNoaWxkcmVuJTIyJTNBJTVCJTdCJTIydGV4dCUyMiUzQSUyMlRoZSUyMHNsZWV2ZWxlc3MlMjBvbmUtc2hvdWxkZXIlMjBjdXRvdXQlMjB0aG9uZyUyMGJvZHlzdWl0JTIwdGFuayUyMHRvcCUyMHBlcmZlY3RseSUyMG91dGxpbmVzJTIwdGhlJTIwY2hhcm1pbmclMjBjdXJ2ZS4lMjBUaGUlMjB1bmlxdWUlMjBvbmUtc2hvdWxkZXIlMjBkZXNpZ24lMjBpcyUyMGZhc2hpb25hYmxlJTIwYW5kJTIwbW9kZXJuJTJDJTIwc2hvd2luZyUyMHNleGluZXNzJTIwYW5kJTIwY29uZmlkZW5jZS4lMjBXaGV0aGVyJTIweW91JTIwcGFpciUyMGl0JTIwd2l0aCUyMGplYW5zJTJDJTIwc2tpcnRzJTJDJTIwb3IlMjBldmVuaW5nJTIwZHJlc3NlcyUyQyUyMHlvdSUyMGNhbiUyMGluc3RhbnRseSUyMGVuaGFuY2UlMjB5b3VyJTIwbG9vayUyMGFuZCUyMGJlY29tZSUyMHRoZSUyMGNlbnRlciUyMG9mJTIwYXR0ZW50aW9uLiUyMiU3RCU1RCU3RCU1RA==\">La camiseta sin mangas con tanga y un solo hombro delinea perfectamente la encantadora curva.<\/span><\/li>\n<\/ul>","protected":false},"excerpt":{"rendered":"<ul>\n<li><span data-slate-fragment=\"JTVCJTdCJTIydHlwZSUyMiUzQSUyMnBhcmFncmFwaCUyMiUyQyUyMmNoaWxkcmVuJTIyJTNBJTVCJTdCJTIydGV4dCUyMiUzQSUyMlRoZSUyMHNsZWV2ZWxlc3MlMjBvbmUtc2hvdWxkZXIlMjBjdXRvdXQlMjB0aG9uZyUyMGJvZHlzdWl0JTIwdGFuayUyMHRvcCUyMHBlcmZlY3RseSUyMG91dGxpbmVzJTIwdGhlJTIwY2hhcm1pbmclMjBjdXJ2ZS4lMjBUaGUlMjB1bmlxdWUlMjBvbmUtc2hvdWxkZXIlMjBkZXNpZ24lMjBpcyUyMGZhc2hpb25hYmxlJTIwYW5kJTIwbW9kZXJuJTJDJTIwc2hvd2luZyUyMHNleGluZXNzJTIwYW5kJTIwY29uZmlkZW5jZS4lMjBXaGV0aGVyJTIweW91JTIwcGFpciUyMGl0JTIwd2l0aCUyMGplYW5zJTJDJTIwc2tpcnRzJTJDJTIwb3IlMjBldmVuaW5nJTIwZHJlc3NlcyUyQyUyMHlvdSUyMGNhbiUyMGluc3RhbnRseSUyMGVuaGFuY2UlMjB5b3VyJTIwbG9vayUyMGFuZCUyMGJlY29tZSUyMHRoZSUyMGNlbnRlciUyMG9mJTIwYXR0ZW50aW9uLiUyMiU3RCU1RCU3RCU1RA==\">El exclusivo dise\u00f1o de camiseta sin mangas con tanga y un solo hombro es moderno y moderno, y muestra sensualidad y confianza. <\/span><\/li>\n<li><span data-slate-fragment=\"JTVCJTdCJTIydHlwZSUyMiUzQSUyMnBhcmFncmFwaCUyMiUyQyUyMmNoaWxkcmVuJTIyJTNBJTVCJTdCJTIydGV4dCUyMiUzQSUyMlRoZSUyMHNsZWV2ZWxlc3MlMjBvbmUtc2hvdWxkZXIlMjBjdXRvdXQlMjB0aG9uZyUyMGJvZHlzdWl0JTIwdGFuayUyMHRvcCUyMHBlcmZlY3RseSUyMG91dGxpbmVzJTIwdGhlJTIwY2hhcm1pbmclMjBjdXJ2ZS4lMjBUaGUlMjB1bmlxdWUlMjBvbmUtc2hvdWxkZXIlMjBkZXNpZ24lMjBpcyUyMGZhc2hpb25hYmxlJTIwYW5kJTIwbW9kZXJuJTJDJTIwc2hvd2luZyUyMHNleGluZXNzJTIwYW5kJTIwY29uZmlkZW5jZS4lMjBXaGV0aGVyJTIweW91JTIwcGFpciUyMGl0JTIwd2l0aCUyMGplYW5zJTJDJTIwc2tpcnRzJTJDJTIwb3IlMjBldmVuaW5nJTIwZHJlc3NlcyUyQyUyMHlvdSUyMGNhbiUyMGluc3RhbnRseSUyMGVuaGFuY2UlMjB5b3VyJTIwbG9vayUyMGFuZCUyMGJlY29tZSUyMHRoZSUyMGNlbnRlciUyMG9mJTIwYXR0ZW50aW9uLiUyMiU3RCU1RCU3RCU1RA==\">Ya sea que lo combine con jeans, faldas o vestidos de noche, puede mejorar instant\u00e1neamente su apariencia y convertirse en el centro de atenci\u00f3n.<\/span><\/li>\n<\/ul>","protected":false},"featured_media":8165,"comment_status":"open","ping_status":"closed","template":"","meta":{"site-sidebar-layout":"default","site-content-layout":"","ast-site-content-layout":"default","site-content-style":"default","site-sidebar-style":"default","ast-global-header-display":"","ast-banner-title-visibility":"","ast-main-header-display":"","ast-hfb-above-header-display":"","ast-hfb-below-header-display":"","ast-hfb-mobile-header-display":"","site-post-title":"","ast-breadcrumbs-content":"","ast-featured-img":"","footer-sml-layout":"","ast-disable-related-posts":"","theme-transparent-header-meta":"default","adv-header-id-meta":"","stick-header-meta":"default","header-above-stick-meta":"","header-main-stick-meta":"","header-below-stick-meta":"","astra-migrate-meta-layouts":"set","ast-page-background-enabled":"default","ast-page-background-meta":{"desktop":{"background-color":"","background-image":"","background-repeat":"repeat","background-position":"center center","background-size":"auto","background-attachment":"scroll","background-type":"","background-media":"","overlay-type":"","overlay-color":"","overlay-opacity":"","overlay-gradient":""},"tablet":{"background-color":"","background-image":"","background-repeat":"repeat","background-position":"center center","background-size":"auto","background-attachment":"scroll","background-type":"","background-media":"","overlay-type":"","overlay-color":"","overlay-opacity":"","overlay-gradient":""},"mobile":{"background-color":"","background-image":"","background-repeat":"repeat","background-position":"center center","background-size":"auto","background-attachment":"scroll","background-type":"","background-media":"","overlay-type":"","overlay-color":"","overlay-opacity":"","overlay-gradient":""}},"ast-content-background-meta":{"desktop":{"background-color":"var(--ast-global-color-5)","background-image":"","background-repeat":"repeat","background-position":"center center","background-size":"auto","background-attachment":"scroll","background-type":"","background-media":"","overlay-type":"","overlay-color":"","overlay-opacity":"","overlay-gradient":""},"tablet":{"background-color":"var(--ast-global-color-5)","background-image":"","background-repeat":"repeat","background-position":"center center","background-size":"auto","background-attachment":"scroll","background-type":"","background-media":"","overlay-type":"","overlay-color":"","overlay-opacity":"","overlay-gradient":""},"mobile":{"background-color":"var(--ast-global-color-5)","background-image":"","background-repeat":"repeat","background-position":"center center","background-size":"auto","background-attachment":"scroll","background-type":"","background-media":"","overlay-type":"","overlay-color":"","overlay-opacity":"","overlay-gradient":""}}},"product_brand":[],"product_cat":[77,65,76,82,81],"product_tag":[421,621,145,213],"class_list":{"0":"post-8176","1":"product","2":"type-product","3":"status-publish","4":"has-post-thumbnail","6":"product_cat-wholesale-womens-shapewear","7":"product_cat-best-sellers","8":"product_cat-new-arrivels","9":"product_cat-wholesale-shapewear-bodysuit","10":"product_cat-wholesale-slimming-tank-top","11":"product_tag-fashions","12":"product_tag-one-shoulder","13":"product_tag-sexy","14":"product_tag-sleeveless","15":"pa_color-beige","16":"pa_color-black","17":"pa_color-blue","18":"pa_color-brown","19":"pa_color-dark-brown","20":"pa_size-l","21":"pa_size-m","22":"pa_size-s","23":"pa_size-xl","24":"pa_size-xxl","25":"desktop-align-center","26":"tablet-align-left","27":"mobile-align-left","28":"ast-product-gallery-layout-horizontal-slider","29":"ast-product-single-variable","30":"ast-product-tabs-layout-horizontal","31":"ast-qv-on-image","33":"first","34":"instock","35":"shipping-taxable","36":"purchasable","37":"product-type-variable"},"tiered_pricing_type":"fixed","tiered_pricing_fixed_rules":{"2":7.4,"50":6.6,"100":5.8},"tiered_pricing_product_settings":{"layout":"default","base_unit_name":{"singular":null,"plural":null},"default_variation":null},"tiered_pricing_minimum_quantity":null,"tiered_pricing_roles_data":[],"tiered_pricing_percentage_rules":[],"_links":{"self":[{"href":"https:\/\/yume-silm.com\/es\/wp-json\/wp\/v2\/product\/8176","targetHints":{"allow":["GET"]}}],"collection":[{"href":"https:\/\/yume-silm.com\/es\/wp-json\/wp\/v2\/product"}],"about":[{"href":"https:\/\/yume-silm.com\/es\/wp-json\/wp\/v2\/types\/product"}],"replies":[{"embeddable":true,"href":"https:\/\/yume-silm.com\/es\/wp-json\/wp\/v2\/comments?post=8176"}],"wp:featuredmedia":[{"embeddable":true,"href":"https:\/\/yume-silm.com\/es\/wp-json\/wp\/v2\/media\/8165"}],"wp:attachment":[{"href":"https:\/\/yume-silm.com\/es\/wp-json\/wp\/v2\/media?parent=8176"}],"wp:term":[{"taxonomy":"product_brand","embeddable":true,"href":"https:\/\/yume-silm.com\/es\/wp-json\/wp\/v2\/product_brand?post=8176"},{"taxonomy":"product_cat","embeddable":true,"href":"https:\/\/yume-silm.com\/es\/wp-json\/wp\/v2\/product_cat?post=8176"},{"taxonomy":"product_tag","embeddable":true,"href":"https:\/\/yume-silm.com\/es\/wp-json\/wp\/v2\/product_tag?post=8176"}],"curies":[{"name":"wp","href":"https:\/\/api.w.org\/{rel}","templated":true}]}}