{"id":8371,"date":"2024-06-13T03:54:31","date_gmt":"2024-06-13T03:54:31","guid":{"rendered":"https:\/\/yume-silm.com\/?post_type=product&#038;p=8371"},"modified":"2024-06-13T03:59:42","modified_gmt":"2024-06-13T03:59:42","slug":"sudadera-de-sauna-de-manga-corta-y-pantalones-de-sauna","status":"publish","type":"product","link":"https:\/\/yume-silm.com\/es\/producto-2\/sudadera-de-sauna-de-manga-corta-y-pantalones-de-sauna\/","title":{"rendered":"Sudadera de manga corta para sauna y pantalones de sauna"},"content":{"rendered":"<h5>Caracteristicas de dise\u00f1o<\/h5>\n<ul>\n<li><strong>EFECTO SAUNA:<\/strong> Un traje de sauna para hombres y mujeres puede ser una sauna para caminar. El traje de sauna para bajar de peso puede ayudar a acelerar la sudoraci\u00f3n, producir un efecto de sauna, acelerar el metabolismo, promover la desintoxicaci\u00f3n del cuerpo y ayudarlo a moldear f\u00e1cilmente un cuerpo perfecto.<\/li>\n<li><strong>DISE\u00d1O DE MODA:<\/strong> El nuevo traje de sauna de boxeo para gimnasio deportivo y adelgazante tiene un moderno estilo de manga corta. Los detalles blancos cl\u00e1sicos del traje de sauna de corte ligero no solo te hacen llamativo en el gimnasio sino que tambi\u00e9n muestran tu gusto por la moda en la vida diaria, convirti\u00e9ndote en el centro de atenci\u00f3n en la calle.<\/li>\n<li><strong>AJUSTE C\u00d3MODO:<\/strong> La camiseta sin mangas y los pantalones de sauna pueden bloquear bien el sudor, lo que no solo proporciona una buena experiencia de uso y reduce eficazmente las molestias durante el ejercicio, sino que tambi\u00e9n suda mejor en todo el cuerpo, acelera el metabolismo y permite una p\u00e9rdida de peso saludable.<\/li>\n<li><strong>M\u00daLTIPLES OCASIONES:<\/strong> El dise\u00f1o de cremallera del mejor traje de sauna para adelgazar lo hace muy c\u00f3modo de poner y quitar. Ya sea que est\u00e9 corriendo, saltando la cuerda, practicando yoga o boxeo, o haciendo ejercicio f\u00edsico, los trajes deportivos para sauna son su mejor opci\u00f3n para ayudarlo a alcanzar sus objetivos de entrenamiento y avanzar hacia una vida m\u00e1s saludable y segura.<\/li>\n<\/ul>\n<h6><em>Camisetas y pantalones de vapor para sauna para entrenamientos de gimnasio para bajar de peso<\/em><br \/>\n<img fetchpriority=\"high\" decoding=\"async\" class=\"alignnone size-medium wp-image-8372\" src=\"https:\/\/yume-silm.com\/wp-content\/uploads\/2024\/06\/short-sleeve-sauna-sweat-top-and-sauna-pants-01-300x300.jpg\" alt=\"Traje de sauna de manga corta para sauna y pantalones de sauna para hombres y mujeres\" width=\"300\" height=\"300\" title=\"\" srcset=\"https:\/\/yume-silm.com\/wp-content\/uploads\/2024\/06\/short-sleeve-sauna-sweat-top-and-sauna-pants-01-300x300.jpg 300w, https:\/\/yume-silm.com\/wp-content\/uploads\/2024\/06\/short-sleeve-sauna-sweat-top-and-sauna-pants-01-150x150.jpg 150w, https:\/\/yume-silm.com\/wp-content\/uploads\/2024\/06\/short-sleeve-sauna-sweat-top-and-sauna-pants-01-768x768.jpg 768w, https:\/\/yume-silm.com\/wp-content\/uploads\/2024\/06\/short-sleeve-sauna-sweat-top-and-sauna-pants-01-12x12.jpg 12w, https:\/\/yume-silm.com\/wp-content\/uploads\/2024\/06\/short-sleeve-sauna-sweat-top-and-sauna-pants-01-100x100.jpg 100w, https:\/\/yume-silm.com\/wp-content\/uploads\/2024\/06\/short-sleeve-sauna-sweat-top-and-sauna-pants-01.jpg 800w\" sizes=\"(max-width: 300px) 100vw, 300px\" \/><img decoding=\"async\" class=\"alignnone size-medium wp-image-8373\" src=\"https:\/\/yume-silm.com\/wp-content\/uploads\/2024\/06\/short-sleeve-sauna-sweat-top-and-sauna-pants-300x300.jpg\" alt=\"Traje de sauna de manga corta para sauna y pantalones de sauna para hombres y mujeres\" width=\"300\" height=\"300\" title=\"\" srcset=\"https:\/\/yume-silm.com\/wp-content\/uploads\/2024\/06\/short-sleeve-sauna-sweat-top-and-sauna-pants-300x300.jpg 300w, https:\/\/yume-silm.com\/wp-content\/uploads\/2024\/06\/short-sleeve-sauna-sweat-top-and-sauna-pants-150x150.jpg 150w, https:\/\/yume-silm.com\/wp-content\/uploads\/2024\/06\/short-sleeve-sauna-sweat-top-and-sauna-pants-768x768.jpg 768w, https:\/\/yume-silm.com\/wp-content\/uploads\/2024\/06\/short-sleeve-sauna-sweat-top-and-sauna-pants-12x12.jpg 12w, https:\/\/yume-silm.com\/wp-content\/uploads\/2024\/06\/short-sleeve-sauna-sweat-top-and-sauna-pants-800x800.jpg 800w, https:\/\/yume-silm.com\/wp-content\/uploads\/2024\/06\/short-sleeve-sauna-sweat-top-and-sauna-pants-100x100.jpg 100w, https:\/\/yume-silm.com\/wp-content\/uploads\/2024\/06\/short-sleeve-sauna-sweat-top-and-sauna-pants.jpg 1000w\" sizes=\"(max-width: 300px) 100vw, 300px\" \/><\/h6>","protected":false},"excerpt":{"rendered":"<p>Ponte una elegante sudadera de manga corta y pantalones de sauna, libera el sudor, gana confianza y redefine una vida saludable.<\/p>","protected":false},"featured_media":8374,"comment_status":"open","ping_status":"closed","template":"","meta":{"site-sidebar-layout":"default","site-content-layout":"","ast-site-content-layout":"default","site-content-style":"default","site-sidebar-style":"default","ast-global-header-display":"","ast-banner-title-visibility":"","ast-main-header-display":"","ast-hfb-above-header-display":"","ast-hfb-below-header-display":"","ast-hfb-mobile-header-display":"","site-post-title":"","ast-breadcrumbs-content":"","ast-featured-img":"","footer-sml-layout":"","ast-disable-related-posts":"","theme-transparent-header-meta":"default","adv-header-id-meta":"","stick-header-meta":"default","header-above-stick-meta":"","header-main-stick-meta":"","header-below-stick-meta":"","astra-migrate-meta-layouts":"set","ast-page-background-enabled":"default","ast-page-background-meta":{"desktop":{"background-color":"","background-image":"","background-repeat":"repeat","background-position":"center center","background-size":"auto","background-attachment":"scroll","background-type":"","background-media":"","overlay-type":"","overlay-color":"","overlay-opacity":"","overlay-gradient":""},"tablet":{"background-color":"","background-image":"","background-repeat":"repeat","background-position":"center center","background-size":"auto","background-attachment":"scroll","background-type":"","background-media":"","overlay-type":"","overlay-color":"","overlay-opacity":"","overlay-gradient":""},"mobile":{"background-color":"","background-image":"","background-repeat":"repeat","background-position":"center center","background-size":"auto","background-attachment":"scroll","background-type":"","background-media":"","overlay-type":"","overlay-color":"","overlay-opacity":"","overlay-gradient":""}},"ast-content-background-meta":{"desktop":{"background-color":"var(--ast-global-color-5)","background-image":"","background-repeat":"repeat","background-position":"center center","background-size":"auto","background-attachment":"scroll","background-type":"","background-media":"","overlay-type":"","overlay-color":"","overlay-opacity":"","overlay-gradient":""},"tablet":{"background-color":"var(--ast-global-color-5)","background-image":"","background-repeat":"repeat","background-position":"center center","background-size":"auto","background-attachment":"scroll","background-type":"","background-media":"","overlay-type":"","overlay-color":"","overlay-opacity":"","overlay-gradient":""},"mobile":{"background-color":"var(--ast-global-color-5)","background-image":"","background-repeat":"repeat","background-position":"center center","background-size":"auto","background-attachment":"scroll","background-type":"","background-media":"","overlay-type":"","overlay-color":"","overlay-opacity":"","overlay-gradient":""}}},"product_brand":[],"product_cat":[65,76,97,102,99,100],"product_tag":[625,548,566,550],"class_list":{"0":"post-8371","1":"product","2":"type-product","3":"status-publish","4":"has-post-thumbnail","6":"product_cat-best-sellers","7":"product_cat-new-arrivels","8":"product_cat-sauna-suit","9":"product_cat-full-body-sweat-suit","10":"product_cat-sauna-pants","11":"product_cat-sauna-tops","12":"product_tag-neoprene","13":"product_tag-sauna-sweat","14":"product_tag-short-sleeves","15":"product_tag-with-zipper","16":"pa_color-black-jacket","17":"pa_color-black-pant","18":"pa_color-black-suit","19":"pa_size-4xl","20":"pa_size-l","21":"pa_size-m","22":"pa_size-s","23":"pa_size-xl","24":"pa_size-xxl","25":"pa_size-xxxl","26":"desktop-align-center","27":"tablet-align-left","28":"mobile-align-left","29":"ast-product-gallery-layout-horizontal-slider","30":"ast-product-single-variable","31":"ast-product-tabs-layout-horizontal","32":"ast-qv-on-image","34":"first","35":"instock","36":"shipping-taxable","37":"purchasable","38":"product-type-variable"},"tiered_pricing_type":"fixed","tiered_pricing_fixed_rules":[],"tiered_pricing_product_settings":{"layout":"default","base_unit_name":{"singular":null,"plural":null},"default_variation":null},"tiered_pricing_minimum_quantity":null,"tiered_pricing_roles_data":[],"tiered_pricing_percentage_rules":[],"_links":{"self":[{"href":"https:\/\/yume-silm.com\/es\/wp-json\/wp\/v2\/product\/8371","targetHints":{"allow":["GET"]}}],"collection":[{"href":"https:\/\/yume-silm.com\/es\/wp-json\/wp\/v2\/product"}],"about":[{"href":"https:\/\/yume-silm.com\/es\/wp-json\/wp\/v2\/types\/product"}],"replies":[{"embeddable":true,"href":"https:\/\/yume-silm.com\/es\/wp-json\/wp\/v2\/comments?post=8371"}],"wp:featuredmedia":[{"embeddable":true,"href":"https:\/\/yume-silm.com\/es\/wp-json\/wp\/v2\/media\/8374"}],"wp:attachment":[{"href":"https:\/\/yume-silm.com\/es\/wp-json\/wp\/v2\/media?parent=8371"}],"wp:term":[{"taxonomy":"product_brand","embeddable":true,"href":"https:\/\/yume-silm.com\/es\/wp-json\/wp\/v2\/product_brand?post=8371"},{"taxonomy":"product_cat","embeddable":true,"href":"https:\/\/yume-silm.com\/es\/wp-json\/wp\/v2\/product_cat?post=8371"},{"taxonomy":"product_tag","embeddable":true,"href":"https:\/\/yume-silm.com\/es\/wp-json\/wp\/v2\/product_tag?post=8371"}],"curies":[{"name":"wp","href":"https:\/\/api.w.org\/{rel}","templated":true}]}}