{"id":8411,"date":"2024-06-13T06:06:35","date_gmt":"2024-06-13T06:06:35","guid":{"rendered":"https:\/\/yume-silm.com\/?post_type=product&#038;p=8411"},"modified":"2025-04-12T03:38:46","modified_gmt":"2025-04-12T03:38:46","slug":"traje-deportivo-de-manga-larga-para-sauna-adelgazante-con-cremallera","status":"publish","type":"product","link":"https:\/\/yume-silm.com\/es\/producto-2\/traje-deportivo-de-manga-larga-para-sauna-adelgazante-con-cremallera\/","title":{"rendered":"Traje deportivo de manga larga para sauna adelgazante con cremallera"},"content":{"rendered":"<h5>Caracteristicas de dise\u00f1o<\/h5>\n<ul>\n<li><strong>EFECTO SAUNA:<\/strong> Los trajes de sauna para mujeres y hombres son saunas para caminar. El traje de sauna para bajar de peso puede ayudar a acelerar la sudoraci\u00f3n, producir el efecto sauna, acelerar el metabolismo, promover la desintoxicaci\u00f3n del cuerpo y ayudarlo a moldear f\u00e1cilmente un cuerpo perfecto.<\/li>\n<li><strong>DISE\u00d1O DE MODA:<\/strong> El nuevo traje de sauna de boxeo para gimnasio deportivo y adelgazante tiene un estilo moderno de manga larga. El cl\u00e1sico adorno de l\u00ednea amarilla del traje de sauna de neopreno no solo te hace llamativo en el gimnasio sino que tambi\u00e9n muestra tu gusto por la moda en la vida diaria, convirti\u00e9ndote en el centro de atenci\u00f3n en la calle.<\/li>\n<li><strong>AJUSTE C\u00d3MODO:<\/strong> Las chaquetas y pantalones de sauna de manga larga pueden bloquear bien el sudor, lo que no solo proporciona una buena experiencia de uso y reduce eficazmente las molestias durante el ejercicio, sino que tambi\u00e9n proporciona una mejor transpiraci\u00f3n en todo el cuerpo, acelera el metabolismo y una p\u00e9rdida de peso saludable.<\/li>\n<li><strong>M\u00daLTIPLES OCASIONES:<\/strong> El dise\u00f1o de cremallera del mejor traje de sauna para adelgazar hace que sea muy f\u00e1cil de poner y quitar. Ya sea que est\u00e9 corriendo, saltando la cuerda, haciendo yoga, boxeando o haciendo ejercicio f\u00edsico, una chaqueta de sauna sudorosa es su mejor opci\u00f3n para ayudarlo a alcanzar sus objetivos de entrenamiento y avanzar hacia una vida m\u00e1s saludable y segura.<\/li>\n<\/ul>\n<h6><em>Traje de sauna de manga larga adecuado para ejercicio f\u00edsico en el gimnasio y p\u00e9rdida de peso.<\/em><\/h6>\n<p><img fetchpriority=\"high\" decoding=\"async\" class=\"alignnone size-medium wp-image-8412\" src=\"https:\/\/yume-silm.com\/wp-content\/uploads\/2024\/06\/Slimming-Sauna-Long-Sleeve-Sweat-Suit-with-Zipper-for-men-and-women-05-300x300.jpg\" alt=\"Traje deportivo de manga larga para sauna adelgazante con cremallera para hombres y mujeres\" width=\"300\" height=\"300\" title=\"\" srcset=\"https:\/\/yume-silm.com\/wp-content\/uploads\/2024\/06\/Slimming-Sauna-Long-Sleeve-Sweat-Suit-with-Zipper-for-men-and-women-05-300x300.jpg 300w, https:\/\/yume-silm.com\/wp-content\/uploads\/2024\/06\/Slimming-Sauna-Long-Sleeve-Sweat-Suit-with-Zipper-for-men-and-women-05-150x150.jpg 150w, https:\/\/yume-silm.com\/wp-content\/uploads\/2024\/06\/Slimming-Sauna-Long-Sleeve-Sweat-Suit-with-Zipper-for-men-and-women-05-768x768.jpg 768w, https:\/\/yume-silm.com\/wp-content\/uploads\/2024\/06\/Slimming-Sauna-Long-Sleeve-Sweat-Suit-with-Zipper-for-men-and-women-05-12x12.jpg 12w, https:\/\/yume-silm.com\/wp-content\/uploads\/2024\/06\/Slimming-Sauna-Long-Sleeve-Sweat-Suit-with-Zipper-for-men-and-women-05-100x100.jpg 100w, https:\/\/yume-silm.com\/wp-content\/uploads\/2024\/06\/Slimming-Sauna-Long-Sleeve-Sweat-Suit-with-Zipper-for-men-and-women-05.jpg 800w\" sizes=\"(max-width: 300px) 100vw, 300px\" \/><img decoding=\"async\" class=\"alignnone size-medium wp-image-8413\" src=\"https:\/\/yume-silm.com\/wp-content\/uploads\/2024\/06\/Slimming-Sauna-Long-Sleeve-Sweat-Suit-with-Zipper-for-men-and-women-06-300x300.jpg\" alt=\"Traje deportivo de manga larga para sauna adelgazante con cremallera para hombres y mujeres\" width=\"300\" height=\"300\" title=\"\" srcset=\"https:\/\/yume-silm.com\/wp-content\/uploads\/2024\/06\/Slimming-Sauna-Long-Sleeve-Sweat-Suit-with-Zipper-for-men-and-women-06-300x300.jpg 300w, https:\/\/yume-silm.com\/wp-content\/uploads\/2024\/06\/Slimming-Sauna-Long-Sleeve-Sweat-Suit-with-Zipper-for-men-and-women-06-150x150.jpg 150w, https:\/\/yume-silm.com\/wp-content\/uploads\/2024\/06\/Slimming-Sauna-Long-Sleeve-Sweat-Suit-with-Zipper-for-men-and-women-06-768x768.jpg 768w, https:\/\/yume-silm.com\/wp-content\/uploads\/2024\/06\/Slimming-Sauna-Long-Sleeve-Sweat-Suit-with-Zipper-for-men-and-women-06-12x12.jpg 12w, https:\/\/yume-silm.com\/wp-content\/uploads\/2024\/06\/Slimming-Sauna-Long-Sleeve-Sweat-Suit-with-Zipper-for-men-and-women-06-100x100.jpg 100w, https:\/\/yume-silm.com\/wp-content\/uploads\/2024\/06\/Slimming-Sauna-Long-Sleeve-Sweat-Suit-with-Zipper-for-men-and-women-06.jpg 800w\" sizes=\"(max-width: 300px) 100vw, 300px\" \/><\/p>\n<p>El traje de sauna adelgazante de manga larga con cremallera tiene un dise\u00f1o de vendaje abdominal con doble compresi\u00f3n para un control abdominal eficiente y una cintura m\u00e1s ajustada y moldeada.<\/p>","protected":false},"excerpt":{"rendered":"<p><span data-slate-fragment=\"JTVCJTdCJTIydHlwZSUyMiUzQSUyMnBhcmFncmFwaCUyMiUyQyUyMmNoaWxkcmVuJTIyJTNBJTVCJTdCJTIydGV4dCUyMiUzQSUyMlB1dCUyMG9uJTIwYSUyMHN0eWxpc2glMjBzbGltbWluZyUyMHNhdW5hJTIwbG9uZyUyMHNsZWV2ZSUyMHN3ZWF0JTIwc3VpdCUyMHdpdGglMjB6aXBwZXIlMkMlMjByZWxlYXNlJTIwc3dlYXQlMkMlMjBnYWluJTIwY29uZmlkZW5jZSUyQyUyMGFuZCUyMHJlZGVmaW5lJTIwYSUyMGhlYWx0aHklMjBsaWZlISUyMiUyQyUyMnNlbnRlbmNlJTIyJTNBMCUyQyUyMmNoaWxkU2VudGVuY2UlMjIlM0EwJTdEJTVEJTdEJTVE\">\u00a1P\u00f3ngase un elegante traje deportivo de sauna adelgazante de manga larga con cremallera, libere el sudor, gane confianza y redefina una vida saludable!<\/span><\/p>","protected":false},"featured_media":8414,"comment_status":"open","ping_status":"closed","template":"","meta":{"site-sidebar-layout":"default","site-content-layout":"","ast-site-content-layout":"default","site-content-style":"default","site-sidebar-style":"default","ast-global-header-display":"","ast-banner-title-visibility":"","ast-main-header-display":"","ast-hfb-above-header-display":"","ast-hfb-below-header-display":"","ast-hfb-mobile-header-display":"","site-post-title":"","ast-breadcrumbs-content":"","ast-featured-img":"","footer-sml-layout":"","ast-disable-related-posts":"","theme-transparent-header-meta":"default","adv-header-id-meta":"","stick-header-meta":"default","header-above-stick-meta":"","header-main-stick-meta":"","header-below-stick-meta":"","astra-migrate-meta-layouts":"set","ast-page-background-enabled":"default","ast-page-background-meta":{"desktop":{"background-color":"","background-image":"","background-repeat":"repeat","background-position":"center center","background-size":"auto","background-attachment":"scroll","background-type":"","background-media":"","overlay-type":"","overlay-color":"","overlay-opacity":"","overlay-gradient":""},"tablet":{"background-color":"","background-image":"","background-repeat":"repeat","background-position":"center center","background-size":"auto","background-attachment":"scroll","background-type":"","background-media":"","overlay-type":"","overlay-color":"","overlay-opacity":"","overlay-gradient":""},"mobile":{"background-color":"","background-image":"","background-repeat":"repeat","background-position":"center center","background-size":"auto","background-attachment":"scroll","background-type":"","background-media":"","overlay-type":"","overlay-color":"","overlay-opacity":"","overlay-gradient":""}},"ast-content-background-meta":{"desktop":{"background-color":"var(--ast-global-color-5)","background-image":"","background-repeat":"repeat","background-position":"center center","background-size":"auto","background-attachment":"scroll","background-type":"","background-media":"","overlay-type":"","overlay-color":"","overlay-opacity":"","overlay-gradient":""},"tablet":{"background-color":"var(--ast-global-color-5)","background-image":"","background-repeat":"repeat","background-position":"center center","background-size":"auto","background-attachment":"scroll","background-type":"","background-media":"","overlay-type":"","overlay-color":"","overlay-opacity":"","overlay-gradient":""},"mobile":{"background-color":"var(--ast-global-color-5)","background-image":"","background-repeat":"repeat","background-position":"center center","background-size":"auto","background-attachment":"scroll","background-type":"","background-media":"","overlay-type":"","overlay-color":"","overlay-opacity":"","overlay-gradient":""}}},"product_brand":[],"product_cat":[65,76,97,102,98,99],"product_tag":[421,183,634,638,548,550],"class_list":{"0":"post-8411","1":"product","2":"type-product","3":"status-publish","4":"has-post-thumbnail","6":"product_cat-best-sellers","7":"product_cat-new-arrivels","8":"product_cat-sauna-suit","9":"product_cat-full-body-sweat-suit","10":"product_cat-sauna-jacket","11":"product_cat-sauna-pants","12":"product_tag-fashions","13":"product_tag-long-sleeve","14":"product_tag-sauna-jacket","15":"product_tag-sauna-pants","16":"product_tag-sauna-sweat","17":"product_tag-with-zipper","18":"pa_color-black-jacket","19":"pa_color-black-pant","20":"pa_size-l","21":"pa_size-m","22":"pa_size-s","23":"pa_size-xl","24":"pa_size-xxl","25":"pa_size-xxxl","26":"desktop-align-center","27":"tablet-align-left","28":"mobile-align-left","29":"ast-product-gallery-layout-horizontal-slider","30":"ast-product-single-variable","31":"ast-product-tabs-layout-horizontal","32":"ast-qv-on-image","34":"first","35":"instock","36":"shipping-taxable","37":"purchasable","38":"product-type-variable"},"tiered_pricing_type":"fixed","tiered_pricing_fixed_rules":{"2":6.5,"50":5.5,"100":5},"tiered_pricing_product_settings":{"layout":"default","base_unit_name":{"singular":null,"plural":null},"default_variation":null},"tiered_pricing_minimum_quantity":null,"tiered_pricing_roles_data":[],"tiered_pricing_percentage_rules":[],"_links":{"self":[{"href":"https:\/\/yume-silm.com\/es\/wp-json\/wp\/v2\/product\/8411","targetHints":{"allow":["GET"]}}],"collection":[{"href":"https:\/\/yume-silm.com\/es\/wp-json\/wp\/v2\/product"}],"about":[{"href":"https:\/\/yume-silm.com\/es\/wp-json\/wp\/v2\/types\/product"}],"replies":[{"embeddable":true,"href":"https:\/\/yume-silm.com\/es\/wp-json\/wp\/v2\/comments?post=8411"}],"wp:featuredmedia":[{"embeddable":true,"href":"https:\/\/yume-silm.com\/es\/wp-json\/wp\/v2\/media\/8414"}],"wp:attachment":[{"href":"https:\/\/yume-silm.com\/es\/wp-json\/wp\/v2\/media?parent=8411"}],"wp:term":[{"taxonomy":"product_brand","embeddable":true,"href":"https:\/\/yume-silm.com\/es\/wp-json\/wp\/v2\/product_brand?post=8411"},{"taxonomy":"product_cat","embeddable":true,"href":"https:\/\/yume-silm.com\/es\/wp-json\/wp\/v2\/product_cat?post=8411"},{"taxonomy":"product_tag","embeddable":true,"href":"https:\/\/yume-silm.com\/es\/wp-json\/wp\/v2\/product_tag?post=8411"}],"curies":[{"name":"wp","href":"https:\/\/api.w.org\/{rel}","templated":true}]}}