{"id":8469,"date":"2024-06-14T07:08:29","date_gmt":"2024-06-14T07:08:29","guid":{"rendered":"https:\/\/yume-silm.com\/?post_type=product&#038;p=8469"},"modified":"2025-04-09T00:46:29","modified_gmt":"2025-04-09T00:46:29","slug":"trajes-de-sauna-delgados-para-hombres-y-mujeres","status":"publish","type":"product","link":"https:\/\/yume-silm.com\/es\/producto-2\/trajes-de-sauna-delgados-para-hombres-y-mujeres\/","title":{"rendered":"Trajes de sudor de sauna delgados para hombres y mujeres"},"content":{"rendered":"<h5>Caracteristicas de dise\u00f1o<\/h5>\n<ul>\n<li data-slate-node=\"element\"><span class=\"\" data-slate-node=\"text\"><span class=\"21\" data-slate-leaf=\"true\"><span data-slate-string=\"true\">TRAJES DE SAUNA UNIVERSALES PARA HOMBRES Y MUJERES: La chaqueta de sauna de manga larga con bolsillos hace que sea m\u00e1s conveniente hacer ejercicio al aire libre. <\/span><\/span><\/span><span data-slate-node=\"text\"><span class=\"22\" data-slate-leaf=\"true\">Los trajes de sauna delgados para hombres y mujeres est\u00e1n decorados con l\u00edneas blancas, lo que les da un toque deportivo y moderno.<\/span><\/span><\/li>\n<li data-slate-node=\"element\"><span data-slate-node=\"text\"><span class=\"41\" data-slate-leaf=\"true\">EFECTO EFECTO DE SAUNA: Los pantalones de sauna de manga larga para entrenamiento de gimnasio superior de sauna est\u00e1n hechos de una capa interna de neopreno, que eleva r\u00e1pidamente la temperatura corporal y suda profusamente; Promueve el metabolismo y quema grasa para una p\u00e9rdida de peso saludable.<\/span><\/span><\/li>\n<li data-slate-node=\"element\"><span data-slate-node=\"text\"><span class=\"61\" data-slate-leaf=\"true\">ALTA ELASTICIDAD Y DURADERO: Nuestros trajes de sauna para bajar de peso garantizan que no se rasgar\u00e1n f\u00e1cilmente incluso durante el ejercicio extenuante. <\/span><\/span><span data-slate-node=\"text\"><span class=\"62\" data-slate-leaf=\"true\">Los trajes de sauna son suaves y m\u00e1s el\u00e1sticos, adapt\u00e1ndose f\u00e1cilmente a cualquier ejercicio que realices.<\/span><\/span><\/li>\n<li data-slate-node=\"element\"><span data-slate-node=\"text\"><span class=\"81\" data-slate-leaf=\"true\">IMPERMEABLE AL VIENTO Y AL AGUA: Nuestra gama de sudaderas para gimnasio y boxeo garantiza resistencia al viento y al agua, con cremalleras selladas y cinturillas y pu\u00f1os ajustados dise\u00f1ados para maximizar la capacidad de su cuerpo para sudar r\u00e1pidamente y como loco.<\/span><\/span><\/li>\n<\/ul>\n<h6><em>Chaqueta de sauna leggings de sauna para hacer ejercicio y perder peso<\/em><\/h6>\n<p><img fetchpriority=\"high\" decoding=\"async\" class=\"alignnone size-medium wp-image-8494\" src=\"https:\/\/yume-silm.com\/wp-content\/uploads\/2024\/06\/slim-sauna-suits-for-men-and-women-2-300x300.jpg\" alt=\"Trajes de sauna delgados para hombres y mujeres.\" width=\"300\" height=\"300\" title=\"\" srcset=\"https:\/\/yume-silm.com\/wp-content\/uploads\/2024\/06\/slim-sauna-suits-for-men-and-women-2-300x300.jpg 300w, https:\/\/yume-silm.com\/wp-content\/uploads\/2024\/06\/slim-sauna-suits-for-men-and-women-2-150x150.jpg 150w, https:\/\/yume-silm.com\/wp-content\/uploads\/2024\/06\/slim-sauna-suits-for-men-and-women-2-12x12.jpg 12w, https:\/\/yume-silm.com\/wp-content\/uploads\/2024\/06\/slim-sauna-suits-for-men-and-women-2-100x100.jpg 100w, https:\/\/yume-silm.com\/wp-content\/uploads\/2024\/06\/slim-sauna-suits-for-men-and-women-2.jpg 600w\" sizes=\"(max-width: 300px) 100vw, 300px\" \/><img decoding=\"async\" class=\"alignnone size-medium wp-image-8495\" src=\"https:\/\/yume-silm.com\/wp-content\/uploads\/2024\/06\/slim-sauna-suits-for-men-and-women-sauna-jacket-and-pants-300x300.jpg\" alt=\"Trajes de sauna delgados para hombres y mujeres.\" width=\"300\" height=\"300\" title=\"\" srcset=\"https:\/\/yume-silm.com\/wp-content\/uploads\/2024\/06\/slim-sauna-suits-for-men-and-women-sauna-jacket-and-pants-300x300.jpg 300w, https:\/\/yume-silm.com\/wp-content\/uploads\/2024\/06\/slim-sauna-suits-for-men-and-women-sauna-jacket-and-pants-150x150.jpg 150w, https:\/\/yume-silm.com\/wp-content\/uploads\/2024\/06\/slim-sauna-suits-for-men-and-women-sauna-jacket-and-pants-12x12.jpg 12w, https:\/\/yume-silm.com\/wp-content\/uploads\/2024\/06\/slim-sauna-suits-for-men-and-women-sauna-jacket-and-pants-100x100.jpg 100w, https:\/\/yume-silm.com\/wp-content\/uploads\/2024\/06\/slim-sauna-suits-for-men-and-women-sauna-jacket-and-pants.jpg 600w\" sizes=\"(max-width: 300px) 100vw, 300px\" \/><\/p>\n<ul>\n<li data-slate-node=\"element\"><span data-slate-node=\"text\"><span class=\"101\" data-slate-leaf=\"true\">365 D\u00cdAS: Use nuestro traje de sauna de manga larga para gimnasio para hombres para sudar 5 veces m\u00e1s de lo habitual. <\/span><\/span><span data-slate-node=\"text\"><span class=\"102\" data-slate-leaf=\"true\">Apto para todas las estaciones del a\u00f1o, permite conseguir el doble de sudor y un eficaz efecto sauna en el gimnasio. <\/span><\/span><span data-slate-node=\"text\"><span class=\"103\" data-slate-leaf=\"true\">Te permite calentar tu cuerpo r\u00e1pidamente en el fr\u00edo invierno.<\/span><\/span><\/li>\n<li data-slate-node=\"element\" data-slate-fragment=\"JTVCJTdCJTIydHlwZSUyMiUzQSUyMnBhcmFncmFwaCUyMiUyQyUyMmNoaWxkcmVuJTIyJTNBJTVCJTdCJTIydGV4dCUyMiUzQSUyMlVOSVZFUlNBTCUyMFNBVU5BJTIwU1VJVFMlMjBGT1IlMjBNRU4lMjBBTkQlMjBXT01FTiUzQSUyMFRoZSUyMGxvbmctc2xlZXZlZCUyMHNhdW5hJTIwamFja2V0JTIwd2l0aCUyMHBvY2tldHMlMjBtYWtlcyUyMGl0JTIwbW9yZSUyMGNvbnZlbmllbnQlMjBmb3IlMjB5b3UlMjB0byUyMGV4ZXJjaXNlJTIwb3V0ZG9vcnMuJTIwJTIyJTJDJTIyc2VudGVuY2UlMjIlM0EyJTJDJTIyY2hpbGRTZW50ZW5jZSUyMiUzQTElN0QlMkMlN0IlMjJ0ZXh0JTIyJTNBJTIyVGhlJTIwc2F1bmElMjBzdWl0cyUyMGZvciUyMG1lbiUyMGFuZCUyMHdvbWVuJTIwYXJlJTIwZGVjb3JhdGVkJTIwd2l0aCUyMHdoaXRlJTIwbGluZXMlMkMlMjBnaXZpbmclMjBpdCUyMGElMjBzcG9ydHklMjBhbmQlMjBmYXNoaW9uYWJsZSUyMGZlZWwuJTIyJTJDJTIyc2VudGVuY2UlMjIlM0EyJTJDJTIyY2hpbGRTZW50ZW5jZSUyMiUzQTIlN0QlNUQlN0QlMkMlN0IlMjJ0eXBlJTIyJTNBJTIycGFyYWdyYXBoJTIyJTJDJTIyY2hpbGRyZW4lMjIlM0ElNUIlN0IlMjJ0ZXh0JTIyJTNBJTIyJTIyJTJDJTIyc2VudGVuY2UlMjIlM0EzJTJDJTIyY2hpbGRTZW50ZW5jZSUyMiUzQTElN0QlNUQlN0QlMkMlN0IlMjJ0eXBlJTIyJTNBJTIycGFyYWdyYXBoJTIyJTJDJTIyY2hpbGRyZW4lMjIlM0ElNUIlN0IlMjJ0ZXh0JTIyJTNBJTIyRUZGRUNUSVZFJTIwU0FVTkElMjBFRkZFQ1QlM0ElMjBUaGUlMjBsb25nLXNsZWV2ZWQlMjBzYXVuYSUyMHBhbnRzJTIwc2F1bmElMjB0b3AlMjBneW0lMjB3b3Jrb3V0JTIwaXMlMjBtYWRlJTIwb2YlMjBhJTIwbmVvcHJlbmUlMjBpbm5lciUyMGxheWVyJTJDJTIwd2hpY2glMjByYXBpZGx5JTIwcmFpc2VzJTIwdGhlJTIwYm9keSUyMHRlbXBlcmF0dXJlJTIwYW5kJTIwc3dlYXQlMjBwcm9mdXNlbHklM0IlMjBwcm9tb3RlcyUyMG1ldGFib2xpc20lMkMlMjBhbmQlMjBidXJucyUyMGZhdCUyMGZvciUyMGhlYWx0aHklMjB3ZWlnaHQlMjBsb3NzLiUyMiUyQyUyMnNlbnRlbmNlJTIyJTNBNCUyQyUyMmNoaWxkU2VudGVuY2UlMjIlM0ExJTdEJTVEJTdEJTJDJTdCJTIydHlwZSUyMiUzQSUyMnBhcmFncmFwaCUyMiUyQyUyMmNoaWxkcmVuJTIyJTNBJTVCJTdCJTIydGV4dCUyMiUzQSUyMiUyMiUyQyUyMnNlbnRlbmNlJTIyJTNBNSUyQyUyMmNoaWxkU2VudGVuY2UlMjIlM0ExJTdEJTVEJTdEJTJDJTdCJTIydHlwZSUyMiUzQSUyMnBhcmFncmFwaCUyMiUyQyUyMmNoaWxkcmVuJTIyJTNBJTVCJTdCJTIydGV4dCUyMiUzQSUyMkhJR0glMjBFTEFTVElDSVRZJTIwQU5EJTIwRFVSQUJMRSUzQSUyME91ciUyMHNhdW5hJTIwc3VpdHMlMjBmb3IlMjB3ZWlnaHQlMjBsb3NzJTIwYXJlJTIwZ3VhcmFudGVlZCUyMG5vdCUyMHRvJTIwdGVhciUyMGVhc2lseSUyMGV2ZW4lMjBkdXJpbmclMjBzdHJlbnVvdXMlMjBleGVyY2lzZS4lMjAlMjIlMkMlMjJzZW50ZW5jZSUyMiUzQTYlMkMlMjJjaGlsZFNlbnRlbmNlJTIyJTNBMSU3RCUyQyU3QiUyMnRleHQlMjIlM0ElMjJUaGUlMjBzYXVuYSUyMHN1aXRzJTIwYXJlJTIwc29mdCUyMGFuZCUyMG1vcmUlMjBlbGFzdGljJTJDJTIwZWFzaWx5JTIwYWRhcHRpbmclMjB0byUyMGFueSUyMGV4ZXJjaXNlJTIweW91JTIwZG8uJTIyJTJDJTIyc2VudGVuY2UlMjIlM0E2JTJDJTIyY2hpbGRTZW50ZW5jZSUyMiUzQTIlN0QlNUQlN0QlMkMlN0IlMjJ0eXBlJTIyJTNBJTIycGFyYWdyYXBoJTIyJTJDJTIyY2hpbGRyZW4lMjIlM0ElNUIlN0IlMjJ0ZXh0JTIyJTNBJTIyJTIyJTJDJTIyc2VudGVuY2UlMjIlM0E3JTJDJTIyY2hpbGRTZW50ZW5jZSUyMiUzQTElN0QlNUQlN0QlMkMlN0IlMjJ0eXBlJTIyJTNBJTIycGFyYWdyYXBoJTIyJTJDJTIyY2hpbGRyZW4lMjIlM0ElNUIlN0IlMjJ0ZXh0JTIyJTNBJTIyV0lORCUyMEFORCUyMFdBVEVSUFJPT0YlM0ElMjBPdXIlMjByYW5nZSUyMG9mJTIwYm94aW5nJTIwZ3ltJTIwc3dlYXQlMjBzdWl0cyUyMGlzJTIwZ3VhcmFudGVlZCUyMHRvJTIwYmUlMjB3aW5kJTIwYW5kJTIwd2F0ZXJwcm9vZiUyQyUyMHdpdGglMjBzZWFsZWQlMjB6aXBwZXJzJTIwYW5kJTIwdGlnaHQtZml0dGluZyUyMHdhaXN0YmFuZHMlMjBhbmQlMjBjdWZmcyUyMGRlc2lnbmVkJTIwdG8lMjBtYXhpbWl6ZSUyMHlvdXIlMjBib2R5J3MlMjBhYmlsaXR5JTIwdG8lMjBzd2VhdCUyMHF1aWNrbHklMjBhbmQlMjBsaWtlJTIwY3JhenkuJTIyJTJDJTIyc2VudGVuY2UlMjIlM0E4JTJDJTIyY2hpbGRTZW50ZW5jZSUyMiUzQTElN0QlNUQlN0QlMkMlN0IlMjJ0eXBlJTIyJTNBJTIycGFyYWdyYXBoJTIyJTJDJTIyY2hpbGRyZW4lMjIlM0ElNUIlN0IlMjJ0ZXh0JTIyJTNBJTIyJTIyJTJDJTIyc2VudGVuY2UlMjIlM0E5JTJDJTIyY2hpbGRTZW50ZW5jZSUyMiUzQTElN0QlNUQlN0QlMkMlN0IlMjJ0eXBlJTIyJTNBJTIycGFyYWdyYXBoJTIyJTJDJTIyY2hpbGRyZW4lMjIlM0ElNUIlN0IlMjJ0ZXh0JTIyJTNBJTIyMzY1JTIwREFZUyUzQSUyMFdlYXIlMjBvdXIlMjBleGVyY2lzZSUyMGd5bSUyMGxvbmctc2xlZXZlZCUyMHNhdW5hJTIwc3VpdCUyMGZvciUyMG1lbiUyMHRvJTIwZ2V0JTIwNSUyMHRpbWVzJTIwbW9yZSUyMHN3ZWF0JTIwdGhhbiUyMHVzdWFsLiUyMCUyMiUyQyUyMnNlbnRlbmNlJTIyJTNBMTAlMkMlMjJjaGlsZFNlbnRlbmNlJTIyJTNBMSU3RCUyQyU3QiUyMnRleHQlMjIlM0ElMjJTdWl0YWJsZSUyMGZvciUyMGFsbCUyMHNlYXNvbnMlMjBvZiUyMHRoZSUyMHllYXIlMkMlMjBsZXRzJTIweW91JTIwZ2V0JTIwZG91YmxlJTIwdGhlJTIwc3dlYXQlMjBhbmQlMjBlZmZpY2llbnQlMjBzYXVuYSUyMGVmZmVjdCUyMGluJTIwdGhlJTIwZ3ltLiUyMCUyMiUyQyUyMnNlbnRlbmNlJTIyJTNBMTAlMkMlMjJjaGlsZFNlbnRlbmNlJTIyJTNBMiU3RCUyQyU3QiUyMnRleHQlMjIlM0ElMjJMZXQlMjB5b3UlMjB3YXJtJTIweW91ciUyMGJvZHklMjBxdWlja2x5JTIwaW4lMjB0aGUlMjBjb2xkJTIwd2ludGVyLiUyMiUyQyUyMnNlbnRlbmNlJTIyJTNBMTAlMkMlMjJjaGlsZFNlbnRlbmNlJTIyJTNBMyU3RCU1RCU3RCUyQyU3QiUyMnR5cGUlMjIlM0ElMjJwYXJhZ3JhcGglMjIlMkMlMjJjaGlsZHJlbiUyMiUzQSU1QiU3QiUyMnRleHQlMjIlM0ElMjIlMjIlMkMlMjJzZW50ZW5jZSUyMiUzQTExJTJDJTIyY2hpbGRTZW50ZW5jZSUyMiUzQTElN0QlNUQlN0QlMkMlN0IlMjJ0eXBlJTIyJTNBJTIycGFyYWdyYXBoJTIyJTJDJTIyY2hpbGRyZW4lMjIlM0ElNUIlN0IlMjJ0ZXh0JTIyJTNBJTIyTVVMVElQTEUlMjBPQ0NBU0lPTlMlMjBBUFBMSUNBQkxFJTNBJTIwVGhpcyUyMHNsaW0lMjBzYXVuYSUyMHN1aXRzJTIwZm9yJTIwbWVuJTIwYW5kJTIwd29tZW4lMjBpcyUyMGNvbWZvcnRhYmxlJTIwdG8lMjB3ZWFyJTIwYWxsJTIwZGF5JTIwbG9uZy4lMjAlMjIlMkMlMjJzZW50ZW5jZSUyMiUzQTEyJTJDJTIyY2hpbGRTZW50ZW5jZSUyMiUzQTElN0QlMkMlN0IlMjJ0ZXh0JTIyJTNBJTIySGVscCUyMHlvdSUyMGJ1cm4lMjBjYWxvcmllcyUyMGFueXRpbWUlMjBhbmQlMjBhbnl3aGVyZSUyQyUyMGxldCUyMHlvdSUyMGVuam95JTIweW91ciUyMHdvcmtvdXQlMjBhbmQlMjBzd2VhdC4lMjAlMjIlMkMlMjJzZW50ZW5jZSUyMiUzQTEyJTJDJTIyY2hpbGRTZW50ZW5jZSUyMiUzQTIlN0QlMkMlN0IlMjJ0ZXh0JTIyJTNBJTIyU3VpdGFibGUlMjBmb3IlMjBneW0lMjB0cmFpbmluZyUyQyUyMHJ1bm5pbmclMkMlMjBib3hpbmclMkMlMjB3ZWlnaHQlMjBsaWZ0aW5nJTJDJTIweW9nYSUyMGFuZCUyMHNvJTIwb24uJTIyJTJDJTIyc2VudGVuY2UlMjIlM0ExMiUyQyUyMmNoaWxkU2VudGVuY2UlMjIlM0EzJTdEJTVEJTdEJTVE\"><span data-slate-node=\"text\"><span class=\"121\" data-slate-leaf=\"true\">M\u00daLTIPLES OCASIONES APLICABLES: Este traje de sauna delgado para hombres y mujeres es c\u00f3modo de usar durante todo el d\u00eda. <\/span><\/span><span data-slate-node=\"text\"><span class=\"122\" data-slate-leaf=\"true\">Le ayuda a quemar calor\u00edas en cualquier momento y en cualquier lugar, le permite disfrutar de su entrenamiento y sudar. <\/span><\/span><span data-slate-node=\"text\"><span class=\"123\" data-slate-leaf=\"true\">Adecuado para entrenamiento en gimnasio, correr, boxeo, levantamiento de pesas, yoga, etc.<\/span><\/span><\/li>\n<\/ul>","protected":false},"excerpt":{"rendered":"<p>\u00a1P\u00f3ngase un elegante traje de sauna delgado de manga larga para hombres y mujeres, libere el sudor, gane confianza y redefina una vida saludable!<\/p>","protected":false},"featured_media":8496,"comment_status":"open","ping_status":"closed","template":"","meta":{"site-sidebar-layout":"default","site-content-layout":"","ast-site-content-layout":"default","site-content-style":"default","site-sidebar-style":"default","ast-global-header-display":"","ast-banner-title-visibility":"","ast-main-header-display":"","ast-hfb-above-header-display":"","ast-hfb-below-header-display":"","ast-hfb-mobile-header-display":"","site-post-title":"","ast-breadcrumbs-content":"","ast-featured-img":"","footer-sml-layout":"","ast-disable-related-posts":"","theme-transparent-header-meta":"default","adv-header-id-meta":"","stick-header-meta":"default","header-above-stick-meta":"","header-main-stick-meta":"","header-below-stick-meta":"","astra-migrate-meta-layouts":"set","ast-page-background-enabled":"default","ast-page-background-meta":{"desktop":{"background-color":"","background-image":"","background-repeat":"repeat","background-position":"center center","background-size":"auto","background-attachment":"scroll","background-type":"","background-media":"","overlay-type":"","overlay-color":"","overlay-opacity":"","overlay-gradient":""},"tablet":{"background-color":"","background-image":"","background-repeat":"repeat","background-position":"center center","background-size":"auto","background-attachment":"scroll","background-type":"","background-media":"","overlay-type":"","overlay-color":"","overlay-opacity":"","overlay-gradient":""},"mobile":{"background-color":"","background-image":"","background-repeat":"repeat","background-position":"center center","background-size":"auto","background-attachment":"scroll","background-type":"","background-media":"","overlay-type":"","overlay-color":"","overlay-opacity":"","overlay-gradient":""}},"ast-content-background-meta":{"desktop":{"background-color":"var(--ast-global-color-5)","background-image":"","background-repeat":"repeat","background-position":"center center","background-size":"auto","background-attachment":"scroll","background-type":"","background-media":"","overlay-type":"","overlay-color":"","overlay-opacity":"","overlay-gradient":""},"tablet":{"background-color":"var(--ast-global-color-5)","background-image":"","background-repeat":"repeat","background-position":"center center","background-size":"auto","background-attachment":"scroll","background-type":"","background-media":"","overlay-type":"","overlay-color":"","overlay-opacity":"","overlay-gradient":""},"mobile":{"background-color":"var(--ast-global-color-5)","background-image":"","background-repeat":"repeat","background-position":"center center","background-size":"auto","background-attachment":"scroll","background-type":"","background-media":"","overlay-type":"","overlay-color":"","overlay-opacity":"","overlay-gradient":""}}},"product_brand":[],"product_cat":[65,76,97,102,98,99],"product_tag":[635,634,632,638,167,548],"class_list":{"0":"post-8469","1":"product","2":"type-product","3":"status-publish","4":"has-post-thumbnail","6":"product_cat-best-sellers","7":"product_cat-new-arrivels","8":"product_cat-sauna-suit","9":"product_cat-full-body-sweat-suit","10":"product_cat-sauna-jacket","11":"product_cat-sauna-pants","12":"product_tag-men-and-women","13":"product_tag-sauna-jacket","14":"product_tag-sauna-lover","15":"product_tag-sauna-pants","16":"product_tag-sauna-suit","17":"product_tag-sauna-sweat","18":"pa_color-blue-jacket","19":"pa_color-blue-pant","20":"pa_color-silver-jacket","21":"pa_color-silver-pant","22":"pa_size-l","23":"pa_size-m","24":"pa_size-s","25":"pa_size-xl","26":"pa_size-xxl","27":"pa_size-xxxl","28":"desktop-align-center","29":"tablet-align-left","30":"mobile-align-left","31":"ast-product-gallery-layout-horizontal-slider","32":"ast-product-single-variable","33":"ast-product-tabs-layout-horizontal","34":"ast-qv-on-image","36":"first","37":"instock","38":"shipping-taxable","39":"purchasable","40":"product-type-variable"},"tiered_pricing_type":"fixed","tiered_pricing_fixed_rules":[],"tiered_pricing_product_settings":{"layout":"default","base_unit_name":{"singular":null,"plural":null},"default_variation":null},"tiered_pricing_minimum_quantity":null,"tiered_pricing_roles_data":[],"tiered_pricing_percentage_rules":[],"_links":{"self":[{"href":"https:\/\/yume-silm.com\/es\/wp-json\/wp\/v2\/product\/8469","targetHints":{"allow":["GET"]}}],"collection":[{"href":"https:\/\/yume-silm.com\/es\/wp-json\/wp\/v2\/product"}],"about":[{"href":"https:\/\/yume-silm.com\/es\/wp-json\/wp\/v2\/types\/product"}],"replies":[{"embeddable":true,"href":"https:\/\/yume-silm.com\/es\/wp-json\/wp\/v2\/comments?post=8469"}],"wp:featuredmedia":[{"embeddable":true,"href":"https:\/\/yume-silm.com\/es\/wp-json\/wp\/v2\/media\/8496"}],"wp:attachment":[{"href":"https:\/\/yume-silm.com\/es\/wp-json\/wp\/v2\/media?parent=8469"}],"wp:term":[{"taxonomy":"product_brand","embeddable":true,"href":"https:\/\/yume-silm.com\/es\/wp-json\/wp\/v2\/product_brand?post=8469"},{"taxonomy":"product_cat","embeddable":true,"href":"https:\/\/yume-silm.com\/es\/wp-json\/wp\/v2\/product_cat?post=8469"},{"taxonomy":"product_tag","embeddable":true,"href":"https:\/\/yume-silm.com\/es\/wp-json\/wp\/v2\/product_tag?post=8469"}],"curies":[{"name":"wp","href":"https:\/\/api.w.org\/{rel}","templated":true}]}}