{"id":8679,"date":"2024-07-03T07:12:18","date_gmt":"2024-07-03T07:12:18","guid":{"rendered":"https:\/\/yume-silm.com\/?post_type=product&#038;p=8679"},"modified":"2024-08-17T07:06:58","modified_gmt":"2024-08-17T07:06:58","slug":"body-de-control-de-barriga-con-corse-y-sujetador-de-cintura","status":"publish","type":"product","link":"https:\/\/yume-silm.com\/es\/producto-2\/body-de-control-de-barriga-con-corse-y-sujetador-de-cintura\/","title":{"rendered":"Body de control de barriga con cors\u00e9 y sujetador de cintura para mujer"},"content":{"rendered":"<h5>Caracteristicas de dise\u00f1o<\/h5>\n<ul>\n<li>El body moldeador de tanga con copa tiene un dise\u00f1o de 5 huesos, que tiene un muy buen efecto de sujeci\u00f3n del pecho.<\/li>\n<li>El tejido de malla especial del cuerpo moldeador del cors\u00e9 del vientre lo hace transpirable y c\u00f3modo de llevar.<\/li>\n<li>Las correas de hombro desmontables de la ropa interior moldeadora de una sola pieza son f\u00e1ciles de ajustar.<\/li>\n<li>La entrepierna del moldeador de cuerpo del cors\u00e9 del sujetador adopta un dise\u00f1o de bot\u00f3n conveniente, lo que lo hace muy conveniente para ir al ba\u00f1o.<\/li>\n<\/ul>\n<p><a href=\"https:\/\/yume-silm.com\/wp-content\/uploads\/2024\/07\/Womens-Unique-Hollow-Design-Slimming-Bodysuit-02.jpg\"><img fetchpriority=\"high\" decoding=\"async\" class=\"alignnone wp-image-8703 size-medium\" src=\"https:\/\/yume-silm.com\/wp-content\/uploads\/2024\/07\/Womens-Unique-Hollow-Design-Slimming-Bodysuit-02-300x300.jpg\" alt=\"Body de control de barriga con cors\u00e9 y sujetador de cintura para mujer\" width=\"300\" height=\"300\" title=\"\" srcset=\"https:\/\/yume-silm.com\/wp-content\/uploads\/2024\/07\/Womens-Unique-Hollow-Design-Slimming-Bodysuit-02-300x300.jpg 300w, https:\/\/yume-silm.com\/wp-content\/uploads\/2024\/07\/Womens-Unique-Hollow-Design-Slimming-Bodysuit-02-150x150.jpg 150w, https:\/\/yume-silm.com\/wp-content\/uploads\/2024\/07\/Womens-Unique-Hollow-Design-Slimming-Bodysuit-02-768x768.jpg 768w, https:\/\/yume-silm.com\/wp-content\/uploads\/2024\/07\/Womens-Unique-Hollow-Design-Slimming-Bodysuit-02-12x12.jpg 12w, https:\/\/yume-silm.com\/wp-content\/uploads\/2024\/07\/Womens-Unique-Hollow-Design-Slimming-Bodysuit-02-100x100.jpg 100w, https:\/\/yume-silm.com\/wp-content\/uploads\/2024\/07\/Womens-Unique-Hollow-Design-Slimming-Bodysuit-02.jpg 800w\" sizes=\"(max-width: 300px) 100vw, 300px\" \/><\/a><\/p>\n<p>&nbsp;<\/p>\n<h6><em>Body con sujetador de malla para mujer, ropa interior con control de barriga y levantamiento de gl\u00fateos<\/em><\/h6>\n<ul>\n<li><strong>Ocasi\u00f3n:<\/strong> El cors\u00e9 levantador de gl\u00fateos con control de barriga para mujer tambi\u00e9n se ha convertido en uno de los art\u00edculos vers\u00e1tiles que se pueden usar a diario, en asistencia, durante un viaje o en una cena, agregando un estilo diferente a la ropa diaria.<\/li>\n<li><strong>Versatilidad:<\/strong> El body de control de barriga con cors\u00e9 y sujetador de cintura no solo puede levantar el pecho sino tambi\u00e9n las nalgas. El moldeador de cuerpo del sujetador de contorno adelgazante del entrenador de cintura integra funcionalidad y moda y es un producto m\u00e1s vendido.<\/li>\n<\/ul>","protected":false},"excerpt":{"rendered":"<p>Eleva tu silueta con nuestro nuevo body con control de barriga y cors\u00e9 con sujetador entrenador de cintura. Meticulosamente elaborado con nailon y spandex, este moldeador de cuerpo realzador de cadera de moda de talla grande realza tus curvas y ofrece una combinaci\u00f3n perfecta de comodidad y estilo. Sum\u00e9rgete en una experiencia transformadora que redefine la elegancia y la confianza.<\/p>","protected":false},"featured_media":8704,"comment_status":"open","ping_status":"closed","template":"","meta":{"site-sidebar-layout":"default","site-content-layout":"","ast-site-content-layout":"default","site-content-style":"default","site-sidebar-style":"default","ast-global-header-display":"","ast-banner-title-visibility":"","ast-main-header-display":"","ast-hfb-above-header-display":"","ast-hfb-below-header-display":"","ast-hfb-mobile-header-display":"","site-post-title":"","ast-breadcrumbs-content":"","ast-featured-img":"","footer-sml-layout":"","ast-disable-related-posts":"","theme-transparent-header-meta":"default","adv-header-id-meta":"","stick-header-meta":"default","header-above-stick-meta":"","header-main-stick-meta":"","header-below-stick-meta":"","astra-migrate-meta-layouts":"set","ast-page-background-enabled":"default","ast-page-background-meta":{"desktop":{"background-color":"","background-image":"","background-repeat":"repeat","background-position":"center center","background-size":"auto","background-attachment":"scroll","background-type":"","background-media":"","overlay-type":"","overlay-color":"","overlay-opacity":"","overlay-gradient":""},"tablet":{"background-color":"","background-image":"","background-repeat":"repeat","background-position":"center center","background-size":"auto","background-attachment":"scroll","background-type":"","background-media":"","overlay-type":"","overlay-color":"","overlay-opacity":"","overlay-gradient":""},"mobile":{"background-color":"","background-image":"","background-repeat":"repeat","background-position":"center center","background-size":"auto","background-attachment":"scroll","background-type":"","background-media":"","overlay-type":"","overlay-color":"","overlay-opacity":"","overlay-gradient":""}},"ast-content-background-meta":{"desktop":{"background-color":"var(--ast-global-color-5)","background-image":"","background-repeat":"repeat","background-position":"center center","background-size":"auto","background-attachment":"scroll","background-type":"","background-media":"","overlay-type":"","overlay-color":"","overlay-opacity":"","overlay-gradient":""},"tablet":{"background-color":"var(--ast-global-color-5)","background-image":"","background-repeat":"repeat","background-position":"center center","background-size":"auto","background-attachment":"scroll","background-type":"","background-media":"","overlay-type":"","overlay-color":"","overlay-opacity":"","overlay-gradient":""},"mobile":{"background-color":"var(--ast-global-color-5)","background-image":"","background-repeat":"repeat","background-position":"center center","background-size":"auto","background-attachment":"scroll","background-type":"","background-media":"","overlay-type":"","overlay-color":"","overlay-opacity":"","overlay-gradient":""}}},"product_brand":[],"product_cat":[65,76,77,82,81,80],"product_tag":[492,647,490,648,500,452],"class_list":{"0":"post-8679","1":"product","2":"type-product","3":"status-publish","4":"has-post-thumbnail","6":"product_cat-best-sellers","7":"product_cat-new-arrivels","8":"product_cat-wholesale-womens-shapewear","9":"product_cat-wholesale-shapewear-bodysuit","10":"product_cat-wholesale-slimming-tank-top","11":"product_cat-wholesale-butt-lift-underwear","12":"product_tag-breathable","13":"product_tag-convenience","14":"product_tag-corset","15":"product_tag-lift-chest","16":"product_tag-tummy-control","17":"product_tag-waist-corsets","18":"pa_color-black","19":"pa_color-skin","20":"pa_size-l","21":"pa_size-m","22":"pa_size-s","23":"pa_size-xl","24":"pa_size-xxl","25":"pa_size-xxxl","26":"desktop-align-center","27":"tablet-align-left","28":"mobile-align-left","29":"ast-product-gallery-layout-horizontal-slider","30":"ast-product-single-variable","31":"ast-product-tabs-layout-horizontal","32":"ast-qv-on-image","34":"first","35":"instock","36":"shipping-taxable","37":"product-type-variable"},"tiered_pricing_type":"fixed","tiered_pricing_fixed_rules":{"2":9.95,"50":8.85,"100":7.7},"tiered_pricing_product_settings":{"layout":"default","base_unit_name":{"singular":null,"plural":null},"default_variation":null},"tiered_pricing_minimum_quantity":null,"tiered_pricing_roles_data":[],"tiered_pricing_percentage_rules":[],"_links":{"self":[{"href":"https:\/\/yume-silm.com\/es\/wp-json\/wp\/v2\/product\/8679","targetHints":{"allow":["GET"]}}],"collection":[{"href":"https:\/\/yume-silm.com\/es\/wp-json\/wp\/v2\/product"}],"about":[{"href":"https:\/\/yume-silm.com\/es\/wp-json\/wp\/v2\/types\/product"}],"replies":[{"embeddable":true,"href":"https:\/\/yume-silm.com\/es\/wp-json\/wp\/v2\/comments?post=8679"}],"wp:featuredmedia":[{"embeddable":true,"href":"https:\/\/yume-silm.com\/es\/wp-json\/wp\/v2\/media\/8704"}],"wp:attachment":[{"href":"https:\/\/yume-silm.com\/es\/wp-json\/wp\/v2\/media?parent=8679"}],"wp:term":[{"taxonomy":"product_brand","embeddable":true,"href":"https:\/\/yume-silm.com\/es\/wp-json\/wp\/v2\/product_brand?post=8679"},{"taxonomy":"product_cat","embeddable":true,"href":"https:\/\/yume-silm.com\/es\/wp-json\/wp\/v2\/product_cat?post=8679"},{"taxonomy":"product_tag","embeddable":true,"href":"https:\/\/yume-silm.com\/es\/wp-json\/wp\/v2\/product_tag?post=8679"}],"curies":[{"name":"wp","href":"https:\/\/api.w.org\/{rel}","templated":true}]}}