{"id":8780,"date":"2024-07-04T08:30:44","date_gmt":"2024-07-04T08:30:44","guid":{"rendered":"https:\/\/yume-silm.com\/?post_type=product&#038;p=8780"},"modified":"2024-07-16T01:35:05","modified_gmt":"2024-07-16T01:35:05","slug":"mono-monos-2","status":"publish","type":"product","link":"https:\/\/yume-silm.com\/es\/producto-2\/mono-monos-2\/","title":{"rendered":"Mono sin costuras con control de barriga y levantador de gl\u00fateos para mujer"},"content":{"rendered":"<h5>Caracteristicas de dise\u00f1o<\/h5>\n<ul>\n<li><strong>POTENTE LEVANTAMIENTO DE CADERA:<\/strong> El nuevo mono sin costuras con control de barriga adopta un dise\u00f1o de cintura alta para reducir la circunferencia de la cintura, liberar suavemente la curva de la cadera, dar forma efectiva a la curva C de la cadera y la cintura, y hacer que tus caderas se vean m\u00e1s llenas y sexys.<\/li>\n<li><strong>DISE\u00d1O INCONS\u00daTIL:<\/strong> El mono sin costuras con control de barriga para mujer est\u00e1 hecho de material de mezcla de nailon spandex, que es muy el\u00e1stico, c\u00f3modo y transpirable, y se ajusta c\u00f3modamente a tu cuerpo, lo que te permite mantenerte c\u00f3modo y mostrar tu forma de reloj de arena durante todo el d\u00eda.<\/li>\n<li><strong>OCASI\u00d3N:<\/strong> Nuestro mono corto moldeador adelgazante sin costuras es moderno, simple y vers\u00e1til. Usar este body ajustado, suave y c\u00f3modo puede mostrar lo mejor, ya sea en asistencia o en una fiesta, se puede combinar perfectamente.<\/li>\n<li><strong>SELECCI\u00d3N DE TAMA\u00d1O:<\/strong> Puedes seguir nuestra tabla de tallas para encontrar la talla que mejor resalte tu figura. Cuando tengas la primera reacci\u00f3n, no te sorprendas. Este mono para el vientre puede parecer peque\u00f1o, pero tiene una gran elasticidad, ten confianza y \u00fasalo.<\/li>\n<\/ul>\n<p><a href=\"https:\/\/yume-silm.com\/wp-content\/uploads\/2024\/07\/Women-Seamless-Tummy-Control-Butt-Lifter-Jumpsuit-Bodysuits-1.jpg\"><img fetchpriority=\"high\" decoding=\"async\" class=\"alignnone wp-image-8781 size-medium\" src=\"https:\/\/yume-silm.com\/wp-content\/uploads\/2024\/07\/Women-Seamless-Tummy-Control-Butt-Lifter-Jumpsuit-Bodysuits-1-300x300.jpg\" alt=\"Mono sin costuras con control de barriga y levantador de gl\u00fateos para mujer\" width=\"300\" height=\"300\" title=\"\" srcset=\"https:\/\/yume-silm.com\/wp-content\/uploads\/2024\/07\/Women-Seamless-Tummy-Control-Butt-Lifter-Jumpsuit-Bodysuits-1-300x300.jpg 300w, https:\/\/yume-silm.com\/wp-content\/uploads\/2024\/07\/Women-Seamless-Tummy-Control-Butt-Lifter-Jumpsuit-Bodysuits-1-150x150.jpg 150w, https:\/\/yume-silm.com\/wp-content\/uploads\/2024\/07\/Women-Seamless-Tummy-Control-Butt-Lifter-Jumpsuit-Bodysuits-1-768x768.jpg 768w, https:\/\/yume-silm.com\/wp-content\/uploads\/2024\/07\/Women-Seamless-Tummy-Control-Butt-Lifter-Jumpsuit-Bodysuits-1-12x12.jpg 12w, https:\/\/yume-silm.com\/wp-content\/uploads\/2024\/07\/Women-Seamless-Tummy-Control-Butt-Lifter-Jumpsuit-Bodysuits-1-800x800.jpg 800w, https:\/\/yume-silm.com\/wp-content\/uploads\/2024\/07\/Women-Seamless-Tummy-Control-Butt-Lifter-Jumpsuit-Bodysuits-1-100x100.jpg 100w, https:\/\/yume-silm.com\/wp-content\/uploads\/2024\/07\/Women-Seamless-Tummy-Control-Butt-Lifter-Jumpsuit-Bodysuits-1.jpg 1200w\" sizes=\"(max-width: 300px) 100vw, 300px\" \/><\/a><a href=\"https:\/\/yume-silm.com\/wp-content\/uploads\/2024\/07\/Women-Seamless-Tummy-Control-Butt-Lifter-Jumpsuit-Bodysuits-2.jpg\"><img decoding=\"async\" class=\"alignnone wp-image-8782 size-medium\" src=\"https:\/\/yume-silm.com\/wp-content\/uploads\/2024\/07\/Women-Seamless-Tummy-Control-Butt-Lifter-Jumpsuit-Bodysuits-2-300x300.jpg\" alt=\"Mono sin costuras con control de barriga y levantador de gl\u00fateos para mujer\" width=\"300\" height=\"300\" title=\"\" srcset=\"https:\/\/yume-silm.com\/wp-content\/uploads\/2024\/07\/Women-Seamless-Tummy-Control-Butt-Lifter-Jumpsuit-Bodysuits-2-300x300.jpg 300w, https:\/\/yume-silm.com\/wp-content\/uploads\/2024\/07\/Women-Seamless-Tummy-Control-Butt-Lifter-Jumpsuit-Bodysuits-2-150x150.jpg 150w, https:\/\/yume-silm.com\/wp-content\/uploads\/2024\/07\/Women-Seamless-Tummy-Control-Butt-Lifter-Jumpsuit-Bodysuits-2-768x768.jpg 768w, https:\/\/yume-silm.com\/wp-content\/uploads\/2024\/07\/Women-Seamless-Tummy-Control-Butt-Lifter-Jumpsuit-Bodysuits-2-12x12.jpg 12w, https:\/\/yume-silm.com\/wp-content\/uploads\/2024\/07\/Women-Seamless-Tummy-Control-Butt-Lifter-Jumpsuit-Bodysuits-2-800x800.jpg 800w, https:\/\/yume-silm.com\/wp-content\/uploads\/2024\/07\/Women-Seamless-Tummy-Control-Butt-Lifter-Jumpsuit-Bodysuits-2-100x100.jpg 100w, https:\/\/yume-silm.com\/wp-content\/uploads\/2024\/07\/Women-Seamless-Tummy-Control-Butt-Lifter-Jumpsuit-Bodysuits-2.jpg 1200w\" sizes=\"(max-width: 300px) 100vw, 300px\" \/><\/a><\/p>\n<h6><em>Mono superel\u00e1stico para vientre y cadera de mujer.<\/em><\/h6>\n<ul>\n<li>Nuestro moldeador de abdomen y moldeador de cadera combina un dise\u00f1o de cuello cuadrado y un dise\u00f1o sin costuras con un tono de color simple y moderno; al usarlo, toda la persona se ve delgada y hermosa. Clientes que buscan belleza simulada, vengan y cont\u00e1ctenos.<\/li>\n<\/ul>","protected":false},"excerpt":{"rendered":"<p>Use nuestro nuevo mono sin costuras con control de barriga y levantador de gl\u00fateos, muestre su figura con forma de reloj de arena y podr\u00e1 brillar con confianza en cualquier situaci\u00f3n. Cons\u00edguelo y dale la bienvenida a una mejor versi\u00f3n de ti mismo.<\/p>","protected":false},"featured_media":8783,"comment_status":"open","ping_status":"closed","template":"","meta":{"site-sidebar-layout":"default","site-content-layout":"","ast-site-content-layout":"default","site-content-style":"default","site-sidebar-style":"default","ast-global-header-display":"","ast-banner-title-visibility":"","ast-main-header-display":"","ast-hfb-above-header-display":"","ast-hfb-below-header-display":"","ast-hfb-mobile-header-display":"","site-post-title":"","ast-breadcrumbs-content":"","ast-featured-img":"","footer-sml-layout":"","ast-disable-related-posts":"","theme-transparent-header-meta":"default","adv-header-id-meta":"","stick-header-meta":"default","header-above-stick-meta":"","header-main-stick-meta":"","header-below-stick-meta":"","astra-migrate-meta-layouts":"set","ast-page-background-enabled":"default","ast-page-background-meta":{"desktop":{"background-color":"","background-image":"","background-repeat":"repeat","background-position":"center center","background-size":"auto","background-attachment":"scroll","background-type":"","background-media":"","overlay-type":"","overlay-color":"","overlay-opacity":"","overlay-gradient":""},"tablet":{"background-color":"","background-image":"","background-repeat":"repeat","background-position":"center center","background-size":"auto","background-attachment":"scroll","background-type":"","background-media":"","overlay-type":"","overlay-color":"","overlay-opacity":"","overlay-gradient":""},"mobile":{"background-color":"","background-image":"","background-repeat":"repeat","background-position":"center center","background-size":"auto","background-attachment":"scroll","background-type":"","background-media":"","overlay-type":"","overlay-color":"","overlay-opacity":"","overlay-gradient":""}},"ast-content-background-meta":{"desktop":{"background-color":"var(--ast-global-color-5)","background-image":"","background-repeat":"repeat","background-position":"center center","background-size":"auto","background-attachment":"scroll","background-type":"","background-media":"","overlay-type":"","overlay-color":"","overlay-opacity":"","overlay-gradient":""},"tablet":{"background-color":"var(--ast-global-color-5)","background-image":"","background-repeat":"repeat","background-position":"center center","background-size":"auto","background-attachment":"scroll","background-type":"","background-media":"","overlay-type":"","overlay-color":"","overlay-opacity":"","overlay-gradient":""},"mobile":{"background-color":"var(--ast-global-color-5)","background-image":"","background-repeat":"repeat","background-position":"center center","background-size":"auto","background-attachment":"scroll","background-type":"","background-media":"","overlay-type":"","overlay-color":"","overlay-opacity":"","overlay-gradient":""}}},"product_brand":[],"product_cat":[65,76,77,79,78],"product_tag":[137,423,491,500],"class_list":{"0":"post-8780","1":"product","2":"type-product","3":"status-publish","4":"has-post-thumbnail","6":"product_cat-best-sellers","7":"product_cat-new-arrivels","8":"product_cat-wholesale-womens-shapewear","9":"product_cat-wholesale-seemless-shaperwear","10":"product_cat-wholesale-full-body-shaper","11":"product_tag-butt-lift","12":"product_tag-hip-lifting-panties","13":"product_tag-seamless","14":"product_tag-tummy-control","15":"pa_color-black","16":"pa_color-blue","17":"pa_color-brown","18":"pa_color-pink","19":"pa_color-white","20":"pa_size-l","21":"pa_size-m","22":"pa_size-s","23":"pa_size-xl","24":"pa_size-xs","25":"pa_size-xxl","26":"desktop-align-center","27":"tablet-align-left","28":"mobile-align-left","29":"ast-product-gallery-layout-horizontal-slider","30":"ast-product-single-variable","31":"ast-product-tabs-layout-horizontal","32":"ast-qv-on-image","34":"first","35":"instock","36":"shipping-taxable","37":"purchasable","38":"product-type-variable"},"tiered_pricing_type":"fixed","tiered_pricing_fixed_rules":{"2":7.3,"50":6.5,"100":5.7},"tiered_pricing_product_settings":{"layout":"default","base_unit_name":{"singular":null,"plural":null},"default_variation":null},"tiered_pricing_minimum_quantity":null,"tiered_pricing_roles_data":[],"tiered_pricing_percentage_rules":[],"_links":{"self":[{"href":"https:\/\/yume-silm.com\/es\/wp-json\/wp\/v2\/product\/8780","targetHints":{"allow":["GET"]}}],"collection":[{"href":"https:\/\/yume-silm.com\/es\/wp-json\/wp\/v2\/product"}],"about":[{"href":"https:\/\/yume-silm.com\/es\/wp-json\/wp\/v2\/types\/product"}],"replies":[{"embeddable":true,"href":"https:\/\/yume-silm.com\/es\/wp-json\/wp\/v2\/comments?post=8780"}],"wp:featuredmedia":[{"embeddable":true,"href":"https:\/\/yume-silm.com\/es\/wp-json\/wp\/v2\/media\/8783"}],"wp:attachment":[{"href":"https:\/\/yume-silm.com\/es\/wp-json\/wp\/v2\/media?parent=8780"}],"wp:term":[{"taxonomy":"product_brand","embeddable":true,"href":"https:\/\/yume-silm.com\/es\/wp-json\/wp\/v2\/product_brand?post=8780"},{"taxonomy":"product_cat","embeddable":true,"href":"https:\/\/yume-silm.com\/es\/wp-json\/wp\/v2\/product_cat?post=8780"},{"taxonomy":"product_tag","embeddable":true,"href":"https:\/\/yume-silm.com\/es\/wp-json\/wp\/v2\/product_tag?post=8780"}],"curies":[{"name":"wp","href":"https:\/\/api.w.org\/{rel}","templated":true}]}}