{"id":8877,"date":"2024-07-06T05:34:41","date_gmt":"2024-07-06T05:34:41","guid":{"rendered":"https:\/\/yume-silm.com\/?post_type=product&#038;p=8877"},"modified":"2025-06-24T05:29:52","modified_gmt":"2025-06-24T05:29:52","slug":"faja-moldeadora-de-cuerpo-completo-postoperatoria","status":"publish","type":"product","link":"https:\/\/yume-silm.com\/es\/producto-2\/faja-moldeadora-de-cuerpo-completo-postoperatoria\/","title":{"rendered":"Faja moldeadora de cuerpo completo para despu\u00e9s de la cirug\u00eda"},"content":{"rendered":"<h5>Caracteristicas de dise\u00f1o<\/h5>\n<ul>\n<li><strong>MONO DE RODILLA MOLDEADO POR COMPRESI\u00d3N:<\/strong>Esta faja moldeadora de cuerpo completo para despu\u00e9s de la cirug\u00eda est\u00e1 hecha de tela suave y transpirable que absorbe la humedad, lo que puede acelerar la recuperaci\u00f3n posoperatoria y ayudarlo a recuperarse m\u00e1s r\u00e1pido.<\/li>\n<li><strong>C\u00d3MODO DISE\u00d1O DE ELEVADOR DE PECHO INAL\u00c1MBRICO<\/strong>: Nuestro moldeador hasta la rodilla sin mangas est\u00e1 dise\u00f1ado con soporte inal\u00e1mbrico para el pecho para garantizar un ajuste c\u00f3modo y un tejido de alta elasticidad. El nuevo body abdominal es adecuado para una variedad de formas de pecho, al mismo tiempo que proporciona comodidad y curvas atractivas.<\/li>\n<li><strong>LEVANTAMIENTO DE CADERA Y DISE\u00d1O ABIERTO<\/strong>: Nuestro moldeador de cuerpo abdominal puede levantar instant\u00e1neamente las caderas para ayudarte a conseguir la figura ideal. Con un dise\u00f1o de entrepierna abierta, usa un body sin costuras y esc\u00f3ndete con tu ropa favorita en cualquier momento para abrazar las atractivas curvas de las caderas.<\/li>\n<li><strong>FUNCI\u00d3N<\/strong>: La compresi\u00f3n hasta la rodilla hasta el muslo de estos pantalones adelgazantes hasta la mitad del muslo previene abrasiones, el dise\u00f1o de cadera 3D fortalece naturalmente las caderas y la presi\u00f3n de compresi\u00f3n moderada aprieta la grasa suelta.<\/li>\n<\/ul>\n<p><a href=\"https:\/\/yume-silm.com\/wp-content\/uploads\/2024\/07\/surgery-body-shape-kneen-butt-lifter-shapewear-hourglass-figure-01.jpg\"><img fetchpriority=\"high\" decoding=\"async\" class=\"alignnone wp-image-8880 size-medium\" src=\"https:\/\/yume-silm.com\/wp-content\/uploads\/2024\/07\/surgery-body-shape-kneen-butt-lifter-shapewear-hourglass-figure-01-300x300.jpg\" alt=\"Faja moldeadora de cuerpo completo postoperatoria\" width=\"300\" height=\"300\" title=\"\" srcset=\"https:\/\/yume-silm.com\/wp-content\/uploads\/2024\/07\/surgery-body-shape-kneen-butt-lifter-shapewear-hourglass-figure-01-300x300.jpg 300w, https:\/\/yume-silm.com\/wp-content\/uploads\/2024\/07\/surgery-body-shape-kneen-butt-lifter-shapewear-hourglass-figure-01-150x150.jpg 150w, https:\/\/yume-silm.com\/wp-content\/uploads\/2024\/07\/surgery-body-shape-kneen-butt-lifter-shapewear-hourglass-figure-01-768x768.jpg 768w, https:\/\/yume-silm.com\/wp-content\/uploads\/2024\/07\/surgery-body-shape-kneen-butt-lifter-shapewear-hourglass-figure-01-12x12.jpg 12w, https:\/\/yume-silm.com\/wp-content\/uploads\/2024\/07\/surgery-body-shape-kneen-butt-lifter-shapewear-hourglass-figure-01-100x100.jpg 100w, https:\/\/yume-silm.com\/wp-content\/uploads\/2024\/07\/surgery-body-shape-kneen-butt-lifter-shapewear-hourglass-figure-01.jpg 800w\" sizes=\"(max-width: 300px) 100vw, 300px\" \/><\/a><a href=\"https:\/\/yume-silm.com\/wp-content\/uploads\/2024\/07\/tummy-control-post-surgery-body-shape-kneen-butt-lifter-shapewear-hourglass-figure.jpg\"><img decoding=\"async\" class=\"alignnone wp-image-8881 size-medium\" src=\"https:\/\/yume-silm.com\/wp-content\/uploads\/2024\/07\/tummy-control-post-surgery-body-shape-kneen-butt-lifter-shapewear-hourglass-figure-300x300.jpg\" alt=\"Faja moldeadora de cuerpo completo postoperatoria\" width=\"300\" height=\"300\" title=\"\" srcset=\"https:\/\/yume-silm.com\/wp-content\/uploads\/2024\/07\/tummy-control-post-surgery-body-shape-kneen-butt-lifter-shapewear-hourglass-figure-300x300.jpg 300w, https:\/\/yume-silm.com\/wp-content\/uploads\/2024\/07\/tummy-control-post-surgery-body-shape-kneen-butt-lifter-shapewear-hourglass-figure-150x150.jpg 150w, https:\/\/yume-silm.com\/wp-content\/uploads\/2024\/07\/tummy-control-post-surgery-body-shape-kneen-butt-lifter-shapewear-hourglass-figure-768x768.jpg 768w, https:\/\/yume-silm.com\/wp-content\/uploads\/2024\/07\/tummy-control-post-surgery-body-shape-kneen-butt-lifter-shapewear-hourglass-figure-12x12.jpg 12w, https:\/\/yume-silm.com\/wp-content\/uploads\/2024\/07\/tummy-control-post-surgery-body-shape-kneen-butt-lifter-shapewear-hourglass-figure-100x100.jpg 100w, https:\/\/yume-silm.com\/wp-content\/uploads\/2024\/07\/tummy-control-post-surgery-body-shape-kneen-butt-lifter-shapewear-hourglass-figure.jpg 800w\" sizes=\"(max-width: 300px) 100vw, 300px\" \/><\/a><\/p>\n<h6><em>Body de compresi\u00f3n postoperatoria para levantamiento de gl\u00fateos para mujer<\/em><\/h6>\n<ul>\n<li>El nuevo moldeador de cuerpo para adelgazar abdominal tiene un dise\u00f1o hasta la rodilla y un dise\u00f1o de espalda alta, lo que le permite volver a ponerse en forma c\u00f3modamente mientras mejora la forma de su cuerpo. Use nuestro nuevo moldeador corporal postoperatorio para volver m\u00e1s r\u00e1pido a su cuerpo preoperatorio perfecto.<\/li>\n<\/ul>","protected":false},"excerpt":{"rendered":"<p>La nueva faja moldeadora de alta compresi\u00f3n Fajas con cremallera y ganchos presenta un dise\u00f1o hasta la rodilla y espalda alta, lo que le permite volver a ponerse en forma c\u00f3modamente mientras mejora su f\u00edsico. Lucir\u00e1 genial y se sentir\u00e1 seguro con nuestro nuevo cors\u00e9 abdominal posquir\u00fargico.<\/p>","protected":false},"featured_media":8882,"comment_status":"open","ping_status":"closed","template":"","meta":{"site-sidebar-layout":"default","site-content-layout":"","ast-site-content-layout":"default","site-content-style":"default","site-sidebar-style":"default","ast-global-header-display":"","ast-banner-title-visibility":"","ast-main-header-display":"","ast-hfb-above-header-display":"","ast-hfb-below-header-display":"","ast-hfb-mobile-header-display":"","site-post-title":"","ast-breadcrumbs-content":"","ast-featured-img":"","footer-sml-layout":"","ast-disable-related-posts":"","theme-transparent-header-meta":"default","adv-header-id-meta":"","stick-header-meta":"default","header-above-stick-meta":"","header-main-stick-meta":"","header-below-stick-meta":"","astra-migrate-meta-layouts":"set","ast-page-background-enabled":"default","ast-page-background-meta":{"desktop":{"background-color":"","background-image":"","background-repeat":"repeat","background-position":"center center","background-size":"auto","background-attachment":"scroll","background-type":"","background-media":"","overlay-type":"","overlay-color":"","overlay-opacity":"","overlay-gradient":""},"tablet":{"background-color":"","background-image":"","background-repeat":"repeat","background-position":"center center","background-size":"auto","background-attachment":"scroll","background-type":"","background-media":"","overlay-type":"","overlay-color":"","overlay-opacity":"","overlay-gradient":""},"mobile":{"background-color":"","background-image":"","background-repeat":"repeat","background-position":"center center","background-size":"auto","background-attachment":"scroll","background-type":"","background-media":"","overlay-type":"","overlay-color":"","overlay-opacity":"","overlay-gradient":""}},"ast-content-background-meta":{"desktop":{"background-color":"var(--ast-global-color-5)","background-image":"","background-repeat":"repeat","background-position":"center center","background-size":"auto","background-attachment":"scroll","background-type":"","background-media":"","overlay-type":"","overlay-color":"","overlay-opacity":"","overlay-gradient":""},"tablet":{"background-color":"var(--ast-global-color-5)","background-image":"","background-repeat":"repeat","background-position":"center center","background-size":"auto","background-attachment":"scroll","background-type":"","background-media":"","overlay-type":"","overlay-color":"","overlay-opacity":"","overlay-gradient":""},"mobile":{"background-color":"var(--ast-global-color-5)","background-image":"","background-repeat":"repeat","background-position":"center center","background-size":"auto","background-attachment":"scroll","background-type":"","background-media":"","overlay-type":"","overlay-color":"","overlay-opacity":"","overlay-gradient":""}}},"product_brand":[],"product_cat":[65,77,78,82],"product_tag":[657,658,659,656,655,653,491,213,535,654],"class_list":{"0":"post-8877","1":"product","2":"type-product","3":"status-publish","4":"has-post-thumbnail","6":"product_cat-best-sellers","7":"product_cat-wholesale-womens-shapewear","8":"product_cat-wholesale-full-body-shaper","9":"product_cat-wholesale-shapewear-bodysuit","10":"product_tag-abdominal-shapewear","11":"product_tag-full-body-shaper","12":"product_tag-hip-lift","13":"product_tag-knee-length-shapewear","14":"product_tag-lift-butt","15":"product_tag-post-surgery-shapewear","16":"product_tag-seamless","17":"product_tag-sleeveless","18":"product_tag-slimming","19":"product_tag-tight","20":"pa_color-beige","21":"pa_color-black","22":"pa_size-3xl","23":"pa_size-l","24":"pa_size-m","25":"pa_size-s","26":"pa_size-xl","27":"pa_size-xs","28":"pa_size-xxl","29":"desktop-align-center","30":"tablet-align-left","31":"mobile-align-left","32":"ast-product-gallery-layout-horizontal-slider","33":"ast-product-single-variable","34":"ast-product-tabs-layout-horizontal","35":"ast-qv-on-image","37":"first","38":"instock","39":"shipping-taxable","40":"purchasable","41":"product-type-variable"},"tiered_pricing_type":"fixed","tiered_pricing_fixed_rules":{"2":27,"50":24,"100":21},"tiered_pricing_product_settings":{"layout":"default","base_unit_name":{"singular":null,"plural":null},"default_variation":null},"tiered_pricing_minimum_quantity":null,"tiered_pricing_roles_data":[],"tiered_pricing_percentage_rules":[],"_links":{"self":[{"href":"https:\/\/yume-silm.com\/es\/wp-json\/wp\/v2\/product\/8877","targetHints":{"allow":["GET"]}}],"collection":[{"href":"https:\/\/yume-silm.com\/es\/wp-json\/wp\/v2\/product"}],"about":[{"href":"https:\/\/yume-silm.com\/es\/wp-json\/wp\/v2\/types\/product"}],"replies":[{"embeddable":true,"href":"https:\/\/yume-silm.com\/es\/wp-json\/wp\/v2\/comments?post=8877"}],"wp:featuredmedia":[{"embeddable":true,"href":"https:\/\/yume-silm.com\/es\/wp-json\/wp\/v2\/media\/8882"}],"wp:attachment":[{"href":"https:\/\/yume-silm.com\/es\/wp-json\/wp\/v2\/media?parent=8877"}],"wp:term":[{"taxonomy":"product_brand","embeddable":true,"href":"https:\/\/yume-silm.com\/es\/wp-json\/wp\/v2\/product_brand?post=8877"},{"taxonomy":"product_cat","embeddable":true,"href":"https:\/\/yume-silm.com\/es\/wp-json\/wp\/v2\/product_cat?post=8877"},{"taxonomy":"product_tag","embeddable":true,"href":"https:\/\/yume-silm.com\/es\/wp-json\/wp\/v2\/product_tag?post=8877"}],"curies":[{"name":"wp","href":"https:\/\/api.w.org\/{rel}","templated":true}]}}