{"id":8914,"date":"2024-07-06T06:54:07","date_gmt":"2024-07-06T06:54:07","guid":{"rendered":"https:\/\/yume-silm.com\/?post_type=product&#038;p=8914"},"modified":"2025-11-07T05:51:01","modified_gmt":"2025-11-07T05:51:01","slug":"moldeador-abdominal-de-manga-larga","status":"publish","type":"product","link":"https:\/\/yume-silm.com\/es\/producto-2\/moldeador-abdominal-de-manga-larga\/","title":{"rendered":"Faja moldeadora de cuerpo de manga larga para mujer, moderna y c\u00f3moda"},"content":{"rendered":"<h5>Caracteristicas de dise\u00f1o<\/h5>\n<ul>\n<li><strong>SHAPER ABDOMINAL CON BOTONES<\/strong>: Doble cierre a presi\u00f3n en el refuerzo, aberturas de pierna de corte alto, en la parte posterior del tanga que mantienen invisible el moldeador abdominal de manga larga, la entrepierna est\u00e1 dise\u00f1ada con un gancho para que usar e ir al ba\u00f1o sea m\u00e1s f\u00e1cil y conveniente.<\/li>\n<li><strong>CARACTER\u00cdSTICAS<\/strong>: La faja adelgazante abdominal de manga larga para mujer enfatiza la belleza natural de los senos de las mujeres, eliminando las pesadas almohadillas del pecho y los anillos de acero, encantador cuello redondo, transpirable, dise\u00f1o simple, sin costuras.<\/li>\n<li>\n<div data-slate-node=\"element\"><span data-slate-node=\"text\"><span class=\"00\" data-slate-leaf=\"true\"><strong>DISE\u00d1O DE CUELLO REDONDO<\/strong>: modelador abdominal de manga larga con cuello redondo suave y favorecedor agrega un toque de elegancia a cada ocasi\u00f3n y tambi\u00e9n proporciona un efecto liviano con un gran efecto suavizante.<\/span><\/span><\/div>\n<\/li>\n<li>\n<div data-slate-node=\"element\"><span class=\"\" data-slate-node=\"text\"><span class=\"11\" data-slate-leaf=\"true\"><span data-slate-string=\"true\"><strong>CONTROL DE ABDOMEN Y EFECTO LEVANTAMIENTO DE CADERA<\/strong>: Estas medias de manga larga para control de abdomen y levantamiento de cadera presentan un dise\u00f1o de levantamiento de cadera trasero, que moldea efectivamente las curvas de la cintura y las caderas, formando una hermosa forma de C y realzando su belleza natural.<\/span><\/span><\/span><\/div>\n<\/li>\n<\/ul>\n<p><a href=\"https:\/\/yume-silm.com\/wp-content\/uploads\/2024\/07\/Womens-abdominal-Long-Sleeve-shaper-1.jpg\"><img fetchpriority=\"high\" decoding=\"async\" class=\"alignnone wp-image-8947 size-medium\" src=\"https:\/\/yume-silm.com\/wp-content\/uploads\/2024\/07\/Womens-abdominal-Long-Sleeve-shaper-1-300x300.jpg\" alt=\"Faja abdominal de manga larga para mujer\" width=\"300\" height=\"300\" title=\"\" srcset=\"https:\/\/yume-silm.com\/wp-content\/uploads\/2024\/07\/Womens-abdominal-Long-Sleeve-shaper-1-300x300.jpg 300w, https:\/\/yume-silm.com\/wp-content\/uploads\/2024\/07\/Womens-abdominal-Long-Sleeve-shaper-1-150x150.jpg 150w, https:\/\/yume-silm.com\/wp-content\/uploads\/2024\/07\/Womens-abdominal-Long-Sleeve-shaper-1-768x768.jpg 768w, https:\/\/yume-silm.com\/wp-content\/uploads\/2024\/07\/Womens-abdominal-Long-Sleeve-shaper-1-12x12.jpg 12w, https:\/\/yume-silm.com\/wp-content\/uploads\/2024\/07\/Womens-abdominal-Long-Sleeve-shaper-1-100x100.jpg 100w, https:\/\/yume-silm.com\/wp-content\/uploads\/2024\/07\/Womens-abdominal-Long-Sleeve-shaper-1.jpg 800w\" sizes=\"(max-width: 300px) 100vw, 300px\" \/><\/a><a href=\"https:\/\/yume-silm.com\/wp-content\/uploads\/2024\/07\/Womens-abdominal-Long-Sleeve-shaper-2.jpg\"><img decoding=\"async\" class=\"alignnone wp-image-8948 size-medium\" src=\"https:\/\/yume-silm.com\/wp-content\/uploads\/2024\/07\/Womens-abdominal-Long-Sleeve-shaper-2-300x300.jpg\" alt=\"Faja moldeadora de manga larga, moderna y c\u00f3moda.\" width=\"300\" height=\"300\" title=\"\" srcset=\"https:\/\/yume-silm.com\/wp-content\/uploads\/2024\/07\/Womens-abdominal-Long-Sleeve-shaper-2-300x300.jpg 300w, https:\/\/yume-silm.com\/wp-content\/uploads\/2024\/07\/Womens-abdominal-Long-Sleeve-shaper-2-150x150.jpg 150w, https:\/\/yume-silm.com\/wp-content\/uploads\/2024\/07\/Womens-abdominal-Long-Sleeve-shaper-2-768x768.jpg 768w, https:\/\/yume-silm.com\/wp-content\/uploads\/2024\/07\/Womens-abdominal-Long-Sleeve-shaper-2-12x12.jpg 12w, https:\/\/yume-silm.com\/wp-content\/uploads\/2024\/07\/Womens-abdominal-Long-Sleeve-shaper-2-100x100.jpg 100w, https:\/\/yume-silm.com\/wp-content\/uploads\/2024\/07\/Womens-abdominal-Long-Sleeve-shaper-2.jpg 800w\" sizes=\"(max-width: 300px) 100vw, 300px\" \/><\/a><\/p>\n<p>&nbsp;<\/p>\n<h6><em>Fajas adelgazantes y levantadoras de cadera para mujer.<\/em><\/h6>\n<ul>\n<li><span data-slate-fragment=\"JTVCJTdCJTIydHlwZSUyMiUzQSUyMnBhcmFncmFwaCUyMiUyQyUyMmNoaWxkcmVuJTIyJTNBJTVCJTdCJTIydGV4dCUyMiUzQSUyMlRoZSUyMGNyb3RjaCUyMG9mJTIwdGhpcyUyMGxvbmctc2xlZXZlZCUyMHNsaW1taW5nJTIwYm9keXN1aXQlMjBpcyUyMGRlc2lnbmVkJTIwd2l0aCUyMGhvb2tzJTIwbWludXMlMjB0aGUlMjBoZWF2eSUyMGNoZXN0JTIwcGFkcyUyMGFuZCUyMHN0ZWVsJTIwcmluZ3MlMkMlMjBtYWtpbmclMjBlYXNpZXIlMjBmb3IlMjB5b3UlMjB0byUyMHdlYXIlMjBhbmQlMjB0aGUlMjBjb2xvciUyMGlzJTIwc2ltcGxlJTIwdGhhdCUyMHlvdSUyMGNhbiUyMHdlYXIlMjBkaWZmZXJlbnQlMjBsaWZlLiUyMiUyQyUyMnNlbnRlbmNlJTIyJTNBMCUyQyUyMmNoaWxkU2VudGVuY2UlMjIlM0EwJTdEJTVEJTdEJTVE\">La entrepierna de este moderno y c\u00f3modo moldeador de cuerpo de manga larga est\u00e1 dise\u00f1ada con ganchos sin las pesadas almohadillas para el pecho y los anillos de acero, lo que facilita su uso y el color es simple para que pueda usarlo en diferentes vidas.<\/span><\/li>\n<\/ul>","protected":false},"excerpt":{"rendered":"<p>Use nuestro body adelgazante con control de barriga para aplanar el abdomen, completar la curva de la cintura y rellenar la curva de la cadera. El moldeador de cuerpo de manga larga moderno y c\u00f3modo es esencial para usar nuestra faja<\/p>","protected":false},"featured_media":15913,"comment_status":"open","ping_status":"closed","template":"","meta":{"site-sidebar-layout":"default","site-content-layout":"","ast-site-content-layout":"default","site-content-style":"default","site-sidebar-style":"default","ast-global-header-display":"","ast-banner-title-visibility":"","ast-main-header-display":"","ast-hfb-above-header-display":"","ast-hfb-below-header-display":"","ast-hfb-mobile-header-display":"","site-post-title":"","ast-breadcrumbs-content":"","ast-featured-img":"","footer-sml-layout":"","ast-disable-related-posts":"","theme-transparent-header-meta":"default","adv-header-id-meta":"","stick-header-meta":"default","header-above-stick-meta":"","header-main-stick-meta":"","header-below-stick-meta":"","astra-migrate-meta-layouts":"set","ast-page-background-enabled":"default","ast-page-background-meta":{"desktop":{"background-color":"","background-image":"","background-repeat":"repeat","background-position":"center center","background-size":"auto","background-attachment":"scroll","background-type":"","background-media":"","overlay-type":"","overlay-color":"","overlay-opacity":"","overlay-gradient":""},"tablet":{"background-color":"","background-image":"","background-repeat":"repeat","background-position":"center center","background-size":"auto","background-attachment":"scroll","background-type":"","background-media":"","overlay-type":"","overlay-color":"","overlay-opacity":"","overlay-gradient":""},"mobile":{"background-color":"","background-image":"","background-repeat":"repeat","background-position":"center center","background-size":"auto","background-attachment":"scroll","background-type":"","background-media":"","overlay-type":"","overlay-color":"","overlay-opacity":"","overlay-gradient":""}},"ast-content-background-meta":{"desktop":{"background-color":"var(--ast-global-color-5)","background-image":"","background-repeat":"repeat","background-position":"center center","background-size":"auto","background-attachment":"scroll","background-type":"","background-media":"","overlay-type":"","overlay-color":"","overlay-opacity":"","overlay-gradient":""},"tablet":{"background-color":"var(--ast-global-color-5)","background-image":"","background-repeat":"repeat","background-position":"center center","background-size":"auto","background-attachment":"scroll","background-type":"","background-media":"","overlay-type":"","overlay-color":"","overlay-opacity":"","overlay-gradient":""},"mobile":{"background-color":"var(--ast-global-color-5)","background-image":"","background-repeat":"repeat","background-position":"center center","background-size":"auto","background-attachment":"scroll","background-type":"","background-media":"","overlay-type":"","overlay-color":"","overlay-opacity":"","overlay-gradient":""}}},"product_brand":[],"product_cat":[65,76,77,79,82,81],"product_tag":[662,492,659,183,503,491,661,535,660,500],"class_list":{"0":"post-8914","1":"product","2":"type-product","3":"status-publish","4":"has-post-thumbnail","6":"product_cat-best-sellers","7":"product_cat-new-arrivels","8":"product_cat-wholesale-womens-shapewear","9":"product_cat-wholesale-seemless-shaperwear","10":"product_cat-wholesale-shapewear-bodysuit","11":"product_cat-wholesale-slimming-tank-top","12":"product_tag-abdominal","13":"product_tag-breathable","14":"product_tag-hip-lift","15":"product_tag-long-sleeve","16":"product_tag-round-neck","17":"product_tag-seamless","18":"product_tag-simple","19":"product_tag-slimming","20":"product_tag-smooth","21":"product_tag-tummy-control","22":"pa_color-beige","23":"pa_color-black","24":"pa_color-brown","25":"pa_size-3xl","26":"pa_size-l","27":"pa_size-m","28":"pa_size-s","29":"pa_size-xl","30":"pa_size-xs","31":"pa_size-xxl","32":"desktop-align-center","33":"tablet-align-left","34":"mobile-align-left","35":"ast-product-gallery-layout-horizontal-slider","36":"ast-product-single-variable","37":"ast-product-tabs-layout-horizontal","38":"ast-qv-on-image","40":"first","41":"instock","42":"shipping-taxable","43":"purchasable","44":"product-type-variable"},"tiered_pricing_type":"fixed","tiered_pricing_fixed_rules":{"2":12.05,"50":10.7,"100":9.35},"tiered_pricing_product_settings":{"layout":"default","base_unit_name":{"singular":null,"plural":null},"default_variation":null},"tiered_pricing_minimum_quantity":null,"tiered_pricing_roles_data":[],"tiered_pricing_percentage_rules":[],"_links":{"self":[{"href":"https:\/\/yume-silm.com\/es\/wp-json\/wp\/v2\/product\/8914","targetHints":{"allow":["GET"]}}],"collection":[{"href":"https:\/\/yume-silm.com\/es\/wp-json\/wp\/v2\/product"}],"about":[{"href":"https:\/\/yume-silm.com\/es\/wp-json\/wp\/v2\/types\/product"}],"replies":[{"embeddable":true,"href":"https:\/\/yume-silm.com\/es\/wp-json\/wp\/v2\/comments?post=8914"}],"wp:featuredmedia":[{"embeddable":true,"href":"https:\/\/yume-silm.com\/es\/wp-json\/wp\/v2\/media\/15913"}],"wp:attachment":[{"href":"https:\/\/yume-silm.com\/es\/wp-json\/wp\/v2\/media?parent=8914"}],"wp:term":[{"taxonomy":"product_brand","embeddable":true,"href":"https:\/\/yume-silm.com\/es\/wp-json\/wp\/v2\/product_brand?post=8914"},{"taxonomy":"product_cat","embeddable":true,"href":"https:\/\/yume-silm.com\/es\/wp-json\/wp\/v2\/product_cat?post=8914"},{"taxonomy":"product_tag","embeddable":true,"href":"https:\/\/yume-silm.com\/es\/wp-json\/wp\/v2\/product_tag?post=8914"}],"curies":[{"name":"wp","href":"https:\/\/api.w.org\/{rel}","templated":true}]}}