{"id":9033,"date":"2024-07-06T08:35:07","date_gmt":"2024-07-06T08:35:07","guid":{"rendered":"https:\/\/yume-silm.com\/?post_type=product&#038;p=9033"},"modified":"2025-04-16T00:38:53","modified_gmt":"2025-04-16T00:38:53","slug":"body-entrenador-de-cintura-y-muslo-con-control-de-barriga","status":"publish","type":"product","link":"https:\/\/yume-silm.com\/es\/producto-2\/body-entrenador-de-cintura-y-muslo-con-control-de-barriga\/","title":{"rendered":"Faja de cuerpo completo con cremalleras laterales para mujer"},"content":{"rendered":"<div data-slate-node=\"element\">\n<h5>Caracteristicas de dise\u00f1o<\/h5>\n<\/div>\n<ul>\n<li data-slate-node=\"element\"><strong>MALLAS DE COMPRESI\u00d3N DOBLE:<\/strong> Adecuado para el body entrenador de cintura del muslo con control de barriga, el dise\u00f1o de tela de 2 capas mejora la fuerza de compresi\u00f3n en el abdomen. Fajas de cuerpo completo con cremalleras laterales para mujeres. La fuerza de compresi\u00f3n moderada puede tensar la grasa suelta y ayudar a restaurar mejor la figura.<\/li>\n<li data-slate-node=\"element\"><strong>DISE\u00d1O DE PECHO ABIERTO:<\/strong> Un dise\u00f1o en forma de U y correas anchas para los hombros pueden aliviar eficazmente la presi\u00f3n de los hombros. Despu\u00e9s de quitarse las pesadas almohadillas del pecho, puede usar su propio sost\u00e9n, moldeador de cuerpo completo para abdomen, cadera y busto, enfatizando la belleza natural de las mujeres.<\/li>\n<li data-slate-node=\"element\"><strong>BODY ABDOMINAL APRETADO PARA MUJER:<\/strong> El control de la barriga y la forma del cuerpo del muslo est\u00e1n hechos de tela el\u00e1stica de alta resistencia, y el body sin costuras para todo el cuerpo ayuda a suavizar y modificar su figura, envolvi\u00e9ndola y mostrando a la gente su figura en forma de reloj de arena.<\/li>\n<li data-slate-node=\"element\"><strong>OCASI\u00d3N:<\/strong> Body moldeador de cuerpo completo con control de barriga, levantador de gl\u00fateos y muslos, body m\u00e1s delgado con cremallera lateral adecuado para cualquier ocasi\u00f3n, puedes combinarlo con cualquier color, vers\u00e1til, moderno y simple, puedes usar prendas moldeadoras de vientre para fiestas, asistencia y citas, esconderlas debajo de tu falda. , o pantalones, y muestra lo mejor que puedas.<\/li>\n<\/ul>\n<p><a href=\"https:\/\/yume-silm.com\/wp-content\/uploads\/2024\/07\/tummy-control-thigh-body-shaper-short-waist-trainer-bodysuit-01.jpg\"><img fetchpriority=\"high\" decoding=\"async\" class=\"alignnone wp-image-9051 size-medium\" src=\"https:\/\/yume-silm.com\/wp-content\/uploads\/2024\/07\/tummy-control-thigh-body-shaper-short-waist-trainer-bodysuit-02-300x300.jpg\" alt=\"Body de entrenador de cintura corta moldeador de cuerpo de muslo con control de barriga\" width=\"300\" height=\"300\" title=\"\" srcset=\"https:\/\/yume-silm.com\/wp-content\/uploads\/2024\/07\/tummy-control-thigh-body-shaper-short-waist-trainer-bodysuit-02-300x300.jpg 300w, https:\/\/yume-silm.com\/wp-content\/uploads\/2024\/07\/tummy-control-thigh-body-shaper-short-waist-trainer-bodysuit-02-150x150.jpg 150w, https:\/\/yume-silm.com\/wp-content\/uploads\/2024\/07\/tummy-control-thigh-body-shaper-short-waist-trainer-bodysuit-02-768x768.jpg 768w, https:\/\/yume-silm.com\/wp-content\/uploads\/2024\/07\/tummy-control-thigh-body-shaper-short-waist-trainer-bodysuit-02-12x12.jpg 12w, https:\/\/yume-silm.com\/wp-content\/uploads\/2024\/07\/tummy-control-thigh-body-shaper-short-waist-trainer-bodysuit-02-100x100.jpg 100w, https:\/\/yume-silm.com\/wp-content\/uploads\/2024\/07\/tummy-control-thigh-body-shaper-short-waist-trainer-bodysuit-02.jpg 800w\" sizes=\"(max-width: 300px) 100vw, 300px\" \/><img decoding=\"async\" class=\"alignnone wp-image-9050 size-medium\" src=\"https:\/\/yume-silm.com\/wp-content\/uploads\/2024\/07\/tummy-control-thigh-body-shaper-short-waist-trainer-bodysuit-01-300x300.jpg\" alt=\"Faja de cuerpo completo con cremalleras laterales para mujer\" width=\"300\" height=\"300\" title=\"\" srcset=\"https:\/\/yume-silm.com\/wp-content\/uploads\/2024\/07\/tummy-control-thigh-body-shaper-short-waist-trainer-bodysuit-01-300x300.jpg 300w, https:\/\/yume-silm.com\/wp-content\/uploads\/2024\/07\/tummy-control-thigh-body-shaper-short-waist-trainer-bodysuit-01-150x150.jpg 150w, https:\/\/yume-silm.com\/wp-content\/uploads\/2024\/07\/tummy-control-thigh-body-shaper-short-waist-trainer-bodysuit-01-768x768.jpg 768w, https:\/\/yume-silm.com\/wp-content\/uploads\/2024\/07\/tummy-control-thigh-body-shaper-short-waist-trainer-bodysuit-01-12x12.jpg 12w, https:\/\/yume-silm.com\/wp-content\/uploads\/2024\/07\/tummy-control-thigh-body-shaper-short-waist-trainer-bodysuit-01-100x100.jpg 100w, https:\/\/yume-silm.com\/wp-content\/uploads\/2024\/07\/tummy-control-thigh-body-shaper-short-waist-trainer-bodysuit-01.jpg 800w\" sizes=\"(max-width: 300px) 100vw, 300px\" \/><\/a><\/p>\n<h6><em>Adecuado para fajas de entrenamiento de cintura para mujeres.<\/em><\/h6>\n<ul>\n<li>La faja moldeadora de cuerpo completo con cremalleras laterales para mujer es suave, muy el\u00e1stica, absorbe el sudor, absorbe la humedad y es agradable para la piel, lo que ayuda a crear una figura de reloj de arena hermosa y atractiva.<\/li>\n<\/ul>","protected":false},"excerpt":{"rendered":"<p><span data-slate-fragment=\"JTVCJTdCJTIydHlwZSUyMiUzQSUyMnBhcmFncmFwaCUyMiUyQyUyMmNoaWxkcmVuJTIyJTNBJTVCJTdCJTIydGV4dCUyMiUzQSUyMlRoaXMlMjBCZWxseSUyMFRoaWdoJTIwU2hhcGUlMjBXYWlzdCUyMFRyYWluaW5nJTIwU2hhcGV3ZWFyJTIwaXMlMjBub3QlMjBvbmx5JTIwcHJhY3RpY2FsJTIwYW5kJTIwc3R1cmR5JTJDJTIwYnV0JTIwYWxzbyUyMGVsYXN0aWMlMjBlbm91Z2glMjB0byUyMGxldCUyMHlvdSUyMHdlYXIlMjBhbnklMjBjbG90aGVzJTIwYW5kJTIwaGVscCUyMHlvdSUyMGFjaGlldmUlMjBhbiUyMGhvdXJnbGFzcyUyMHNoYXBlLiUyMiUyQyUyMnNlbnRlbmNlJTIyJTNBNiUyQyUyMmNoaWxkU2VudGVuY2UlMjIlM0ExJTdEJTVEJTdEJTVE\">Esta faja moldeadora de cuerpo completo con control de barriga y cremalleras laterales para mujer no solo es pr\u00e1ctica y resistente, sino tambi\u00e9n lo suficientemente el\u00e1stica como para permitirte usar cualquier ropa y ayudarte a lograr una forma de curvas.<\/span><\/p>","protected":false},"featured_media":9049,"comment_status":"open","ping_status":"closed","template":"","meta":{"site-sidebar-layout":"default","site-content-layout":"","ast-site-content-layout":"default","site-content-style":"default","site-sidebar-style":"default","ast-global-header-display":"","ast-banner-title-visibility":"","ast-main-header-display":"","ast-hfb-above-header-display":"","ast-hfb-below-header-display":"","ast-hfb-mobile-header-display":"","site-post-title":"","ast-breadcrumbs-content":"","ast-featured-img":"","footer-sml-layout":"","ast-disable-related-posts":"","theme-transparent-header-meta":"default","adv-header-id-meta":"","stick-header-meta":"default","header-above-stick-meta":"","header-main-stick-meta":"","header-below-stick-meta":"","astra-migrate-meta-layouts":"set","ast-page-background-enabled":"default","ast-page-background-meta":{"desktop":{"background-color":"","background-image":"","background-repeat":"repeat","background-position":"center center","background-size":"auto","background-attachment":"scroll","background-type":"","background-media":"","overlay-type":"","overlay-color":"","overlay-opacity":"","overlay-gradient":""},"tablet":{"background-color":"","background-image":"","background-repeat":"repeat","background-position":"center center","background-size":"auto","background-attachment":"scroll","background-type":"","background-media":"","overlay-type":"","overlay-color":"","overlay-opacity":"","overlay-gradient":""},"mobile":{"background-color":"","background-image":"","background-repeat":"repeat","background-position":"center center","background-size":"auto","background-attachment":"scroll","background-type":"","background-media":"","overlay-type":"","overlay-color":"","overlay-opacity":"","overlay-gradient":""}},"ast-content-background-meta":{"desktop":{"background-color":"var(--ast-global-color-5)","background-image":"","background-repeat":"repeat","background-position":"center center","background-size":"auto","background-attachment":"scroll","background-type":"","background-media":"","overlay-type":"","overlay-color":"","overlay-opacity":"","overlay-gradient":""},"tablet":{"background-color":"var(--ast-global-color-5)","background-image":"","background-repeat":"repeat","background-position":"center center","background-size":"auto","background-attachment":"scroll","background-type":"","background-media":"","overlay-type":"","overlay-color":"","overlay-opacity":"","overlay-gradient":""},"mobile":{"background-color":"var(--ast-global-color-5)","background-image":"","background-repeat":"repeat","background-position":"center center","background-size":"auto","background-attachment":"scroll","background-type":"","background-media":"","overlay-type":"","overlay-color":"","overlay-opacity":"","overlay-gradient":""}}},"product_brand":[],"product_cat":[65,76,77,78,82],"product_tag":[662,663,419,489,426,491,416,660,654,500,214],"class_list":{"0":"post-9033","1":"product","2":"type-product","3":"status-publish","4":"has-post-thumbnail","6":"product_cat-best-sellers","7":"product_cat-new-arrivels","8":"product_cat-wholesale-womens-shapewear","9":"product_cat-wholesale-full-body-shaper","10":"product_cat-wholesale-shapewear-bodysuit","11":"product_tag-abdominal","12":"product_tag-belly","13":"product_tag-bodysuit","14":"product_tag-compression","15":"product_tag-jumpsuit","16":"product_tag-seamless","17":"product_tag-shapewear","18":"product_tag-smooth","19":"product_tag-tight","20":"product_tag-tummy-control","21":"product_tag-waist-trainer","22":"pa_color-black","23":"pa_size-l","24":"pa_size-m","25":"pa_size-s","26":"pa_size-xl","27":"pa_size-xs","28":"pa_size-xxl","29":"pa_size-xxxl","30":"desktop-align-center","31":"tablet-align-left","32":"mobile-align-left","33":"ast-product-gallery-layout-horizontal-slider","34":"ast-product-single-variable","35":"ast-product-tabs-layout-horizontal","36":"ast-qv-on-image","38":"first","39":"instock","40":"shipping-taxable","41":"purchasable","42":"product-type-variable"},"tiered_pricing_type":"fixed","tiered_pricing_fixed_rules":{"2":20.75,"50":18.45,"100":16.1},"tiered_pricing_product_settings":{"layout":"default","base_unit_name":{"singular":null,"plural":null},"default_variation":null},"tiered_pricing_minimum_quantity":null,"tiered_pricing_roles_data":[],"tiered_pricing_percentage_rules":[],"_links":{"self":[{"href":"https:\/\/yume-silm.com\/es\/wp-json\/wp\/v2\/product\/9033","targetHints":{"allow":["GET"]}}],"collection":[{"href":"https:\/\/yume-silm.com\/es\/wp-json\/wp\/v2\/product"}],"about":[{"href":"https:\/\/yume-silm.com\/es\/wp-json\/wp\/v2\/types\/product"}],"replies":[{"embeddable":true,"href":"https:\/\/yume-silm.com\/es\/wp-json\/wp\/v2\/comments?post=9033"}],"wp:featuredmedia":[{"embeddable":true,"href":"https:\/\/yume-silm.com\/es\/wp-json\/wp\/v2\/media\/9049"}],"wp:attachment":[{"href":"https:\/\/yume-silm.com\/es\/wp-json\/wp\/v2\/media?parent=9033"}],"wp:term":[{"taxonomy":"product_brand","embeddable":true,"href":"https:\/\/yume-silm.com\/es\/wp-json\/wp\/v2\/product_brand?post=9033"},{"taxonomy":"product_cat","embeddable":true,"href":"https:\/\/yume-silm.com\/es\/wp-json\/wp\/v2\/product_cat?post=9033"},{"taxonomy":"product_tag","embeddable":true,"href":"https:\/\/yume-silm.com\/es\/wp-json\/wp\/v2\/product_tag?post=9033"}],"curies":[{"name":"wp","href":"https:\/\/api.w.org\/{rel}","templated":true}]}}