{"id":9143,"date":"2024-07-09T07:23:56","date_gmt":"2024-07-09T07:23:56","guid":{"rendered":"https:\/\/yume-silm.com\/?post_type=product&#038;p=9143"},"modified":"2024-11-06T02:48:41","modified_gmt":"2024-11-06T02:48:41","slug":"pantalones-cortos-moldeadores-de-cuerpo-acolchados-y-antideslizantes-para-la-cadera","status":"publish","type":"product","link":"https:\/\/yume-silm.com\/es\/producto-2\/pantalones-cortos-moldeadores-de-cuerpo-acolchados-y-antideslizantes-para-la-cadera\/","title":{"rendered":"Pantalones cortos moldeadores de cuerpo acolchados de cadera antideslizantes levantamiento de cadera tridimensional"},"content":{"rendered":"<h5>Caracteristicas de dise\u00f1o<\/h5>\n<ul>\n<li><strong>LEVANTAMIENTO DE CADERA TRIDIMENSIONAL<\/strong>:<span data-slate-fragment=\"JTVCJTdCJTIydHlwZSUyMiUzQSUyMnBhcmFncmFwaCUyMiUyQyUyMmNoaWxkcmVuJTIyJTNBJTVCJTdCJTIydGV4dCUyMiUzQSUyMlRoZSUyMGxhdGVzdCUyMHVwZ3JhZGVkJTIwdmVyc2lvbiUyMG9mJTIwbm9uJTIwc2xpcCUyMGhpcCUyMHBhZGRlZCUyMGJvZHklMjBzaGFwaW5nJTIwc2hvcnRzJTIwaGlwJTIwbGlmdGluZyUyMHRocmVlJTIwZGltZW5zaW9uYWwlMjBoYXMlMjBhJTIwbXVsdGktZGlyZWN0aW9uYWwlMjBmaXQlMjBhbmQlMjBjb21mb3J0YWJsZSUyMG1hdGVyaWFsJTJDJTIwdGhlJTIwdXBwZXIlMjBib2R5JTIwZWZmZWN0JTIwaXMlMjB2ZXJ5JTIwdGhpbiUyQyUyMHNleHklMkMlMjBhbmQlMjBjaGFybWluZy4lMjIlN0QlNUQlN0QlNUQ=\">La \u00faltima versi\u00f3n mejorada de pantalones cortos antideslizantes acolchados para la cadera que moldean el cuerpo y levantan la cadera tridimensional tiene un ajuste multidireccional y un material c\u00f3modo y transpirable, el efecto de la parte superior del cuerpo es muy delgado, sexy y encantador.<\/span><\/li>\n<li><strong>LEVANTAMIENTO INMEDIATO DE Gl\u00fateos<\/strong>: Esta ropa interior de encaje est\u00e1 dise\u00f1ada para mejorar los pantalones cortos antideslizantes acolchados para la cadera de las mujeres con gl\u00fateos planos. Las almohadillas transpirables para los gl\u00fateos tienen una forma que a\u00f1ade volumen a los gl\u00fateos, haci\u00e9ndolos m\u00e1s llenos y atractivos.<\/li>\n<li><strong>CINTURA ALTA ANTIDESLIZANTE<\/strong>: La cintura de estos pantalones cortos moldeadores abdominales sin costuras utiliza silicona antideslizante para garantizar que no se resbale f\u00e1cilmente durante el uso prolongado. El dise\u00f1o de cintura alta puede controlar eficazmente la parte inferior del abdomen. Las fajas moldeadoras de abdomen y cadera para mujer pueden ayudar a suavizar el vientre abultado, incluso si desaf\u00edas las medias, \u00a1no tienes que preocuparte por las l\u00edneas abdominales obvias!<\/li>\n<li><strong>ALMOHADILLAS DE CADERA DESMONTABLES<\/strong>: Las almohadillas suaves y gruesas para moldear la cadera garantizan que las caderas se levanten suavemente y permanezcan en su lugar durante mucho tiempo. La apariencia sin costuras de nuestros pantalones cortos moldeadores adelgazantes de cintura alta te hace invisible. Incluso si lo usas, parece que no lo llevas puesto, por lo que puedes disfrutar de tus caderas sexys y hermosas curvas en cualquier momento.<\/li>\n<\/ul>\n<p><a href=\"https:\/\/yume-silm.com\/wp-content\/uploads\/2024\/07\/Non-Slip-Hip-Padded-Body-Shaping-Shorts-Hip-Lifting-Three-Dimensional-back.jpg\"><img fetchpriority=\"high\" decoding=\"async\" class=\"alignnone wp-image-9141 size-medium\" style=\"font-weight: inherit;\" src=\"https:\/\/yume-silm.com\/wp-content\/uploads\/2024\/07\/Non-Slip-Hip-Padded-Body-Shaping-Shorts-Hip-Lifting-Three-Dimensional-back-300x300.jpg\" alt=\"pantalones cortos antideslizantes acolchados para la cadera que moldean el cuerpo levantamiento de cadera tridimensional\" width=\"300\" height=\"300\" title=\"\" srcset=\"https:\/\/yume-silm.com\/wp-content\/uploads\/2024\/07\/Non-Slip-Hip-Padded-Body-Shaping-Shorts-Hip-Lifting-Three-Dimensional-back-300x300.jpg 300w, https:\/\/yume-silm.com\/wp-content\/uploads\/2024\/07\/Non-Slip-Hip-Padded-Body-Shaping-Shorts-Hip-Lifting-Three-Dimensional-back-150x150.jpg 150w, https:\/\/yume-silm.com\/wp-content\/uploads\/2024\/07\/Non-Slip-Hip-Padded-Body-Shaping-Shorts-Hip-Lifting-Three-Dimensional-back-768x768.jpg 768w, https:\/\/yume-silm.com\/wp-content\/uploads\/2024\/07\/Non-Slip-Hip-Padded-Body-Shaping-Shorts-Hip-Lifting-Three-Dimensional-back-12x12.jpg 12w, https:\/\/yume-silm.com\/wp-content\/uploads\/2024\/07\/Non-Slip-Hip-Padded-Body-Shaping-Shorts-Hip-Lifting-Three-Dimensional-back-100x100.jpg 100w, https:\/\/yume-silm.com\/wp-content\/uploads\/2024\/07\/Non-Slip-Hip-Padded-Body-Shaping-Shorts-Hip-Lifting-Three-Dimensional-back.jpg 800w\" sizes=\"(max-width: 300px) 100vw, 300px\" \/><\/a><a href=\"https:\/\/yume-silm.com\/wp-content\/uploads\/2024\/07\/Non-Slip-Hip-Padded-Body-Shaping-Shorts-Hip-Lifting-Three-Dimensional-side.jpg\"><img decoding=\"async\" class=\"alignnone wp-image-9142 size-medium\" src=\"https:\/\/yume-silm.com\/wp-content\/uploads\/2024\/07\/Non-Slip-Hip-Padded-Body-Shaping-Shorts-Hip-Lifting-Three-Dimensional-side-300x300.jpg\" alt=\"pantalones cortos antideslizantes acolchados para la cadera que moldean el cuerpo levantamiento de cadera tridimensional\" width=\"300\" height=\"300\" title=\"\" srcset=\"https:\/\/yume-silm.com\/wp-content\/uploads\/2024\/07\/Non-Slip-Hip-Padded-Body-Shaping-Shorts-Hip-Lifting-Three-Dimensional-side-300x300.jpg 300w, https:\/\/yume-silm.com\/wp-content\/uploads\/2024\/07\/Non-Slip-Hip-Padded-Body-Shaping-Shorts-Hip-Lifting-Three-Dimensional-side-150x150.jpg 150w, https:\/\/yume-silm.com\/wp-content\/uploads\/2024\/07\/Non-Slip-Hip-Padded-Body-Shaping-Shorts-Hip-Lifting-Three-Dimensional-side-768x768.jpg 768w, https:\/\/yume-silm.com\/wp-content\/uploads\/2024\/07\/Non-Slip-Hip-Padded-Body-Shaping-Shorts-Hip-Lifting-Three-Dimensional-side-12x12.jpg 12w, https:\/\/yume-silm.com\/wp-content\/uploads\/2024\/07\/Non-Slip-Hip-Padded-Body-Shaping-Shorts-Hip-Lifting-Three-Dimensional-side-100x100.jpg 100w, https:\/\/yume-silm.com\/wp-content\/uploads\/2024\/07\/Non-Slip-Hip-Padded-Body-Shaping-Shorts-Hip-Lifting-Three-Dimensional-side.jpg 800w\" sizes=\"(max-width: 300px) 100vw, 300px\" \/><\/a><\/p>\n<p>&nbsp;<\/p>\n<h6><em>SOBRIO Y CON ESTILO<\/em><\/h6>\n<ul>\n<li>Este pantal\u00f3n corto con forma de levantador de gl\u00fateos, que comprime el vientre, las caderas y es f\u00e1cil de usar, es adecuado para cualquier ocasi\u00f3n y f\u00e1cil de combinar con cualquier atuendo. Estos pantalones cortos adelgazantes de cintura alta son perfectos para una variedad de conjuntos, como jeans ajustados, vestidos ajustados, trajes, vestidos, etc.<\/li>\n<\/ul>","protected":false},"excerpt":{"rendered":"<p>Los pantalones cortos antideslizantes acolchados para la cadera que moldean el cuerpo y levantan la cadera tridimensionalmente son perfectos para el uso diario, bodas, compras, citas, trabajo, fiestas, viajes, vida nocturna, etc. Todos notar\u00e1n su figura de reloj de arena m\u00e1s hermosa.<\/p>","protected":false},"featured_media":9134,"comment_status":"open","ping_status":"closed","template":"","meta":{"site-sidebar-layout":"default","site-content-layout":"","ast-site-content-layout":"default","site-content-style":"default","site-sidebar-style":"default","ast-global-header-display":"","ast-banner-title-visibility":"","ast-main-header-display":"","ast-hfb-above-header-display":"","ast-hfb-below-header-display":"","ast-hfb-mobile-header-display":"","site-post-title":"","ast-breadcrumbs-content":"","ast-featured-img":"","footer-sml-layout":"","ast-disable-related-posts":"","theme-transparent-header-meta":"default","adv-header-id-meta":"","stick-header-meta":"default","header-above-stick-meta":"","header-main-stick-meta":"","header-below-stick-meta":"","astra-migrate-meta-layouts":"set","ast-page-background-enabled":"default","ast-page-background-meta":{"desktop":{"background-color":"","background-image":"","background-repeat":"repeat","background-position":"center center","background-size":"auto","background-attachment":"scroll","background-type":"","background-media":"","overlay-type":"","overlay-color":"","overlay-opacity":"","overlay-gradient":""},"tablet":{"background-color":"","background-image":"","background-repeat":"repeat","background-position":"center center","background-size":"auto","background-attachment":"scroll","background-type":"","background-media":"","overlay-type":"","overlay-color":"","overlay-opacity":"","overlay-gradient":""},"mobile":{"background-color":"","background-image":"","background-repeat":"repeat","background-position":"center center","background-size":"auto","background-attachment":"scroll","background-type":"","background-media":"","overlay-type":"","overlay-color":"","overlay-opacity":"","overlay-gradient":""}},"ast-content-background-meta":{"desktop":{"background-color":"var(--ast-global-color-5)","background-image":"","background-repeat":"repeat","background-position":"center center","background-size":"auto","background-attachment":"scroll","background-type":"","background-media":"","overlay-type":"","overlay-color":"","overlay-opacity":"","overlay-gradient":""},"tablet":{"background-color":"var(--ast-global-color-5)","background-image":"","background-repeat":"repeat","background-position":"center center","background-size":"auto","background-attachment":"scroll","background-type":"","background-media":"","overlay-type":"","overlay-color":"","overlay-opacity":"","overlay-gradient":""},"mobile":{"background-color":"var(--ast-global-color-5)","background-image":"","background-repeat":"repeat","background-position":"center center","background-size":"auto","background-attachment":"scroll","background-type":"","background-media":"","overlay-type":"","overlay-color":"","overlay-opacity":"","overlay-gradient":""}}},"product_brand":[],"product_cat":[65,76,77,1092,79,80],"product_tag":[662,663,419,492,423,665,491,672,671],"class_list":{"0":"post-9143","1":"product","2":"type-product","3":"status-publish","4":"has-post-thumbnail","6":"product_cat-best-sellers","7":"product_cat-new-arrivels","8":"product_cat-wholesale-womens-shapewear","9":"product_cat-plus-size-shapewear","10":"product_cat-wholesale-seemless-shaperwear","11":"product_cat-wholesale-butt-lift-underwear","12":"product_tag-abdominal","13":"product_tag-belly","14":"product_tag-bodysuit","15":"product_tag-breathable","16":"product_tag-hip-lifting-panties","17":"product_tag-non-slip","18":"product_tag-seamless","19":"product_tag-shape-short","20":"product_tag-three-dimensional","21":"pa_color-beige","22":"pa_color-black","23":"pa_size-3xl","24":"pa_size-4xl","25":"pa_size-5xl","26":"pa_size-6xl","27":"pa_size-l","28":"pa_size-m","29":"pa_size-s","30":"pa_size-xl","31":"pa_size-xxl","32":"desktop-align-center","33":"tablet-align-left","34":"mobile-align-left","35":"ast-product-gallery-layout-horizontal-slider","36":"ast-product-single-variable","37":"ast-product-tabs-layout-horizontal","38":"ast-qv-on-image","40":"first","41":"instock","42":"shipping-taxable","43":"purchasable","44":"product-type-variable"},"tiered_pricing_type":"fixed","tiered_pricing_fixed_rules":{"5":7.25,"50":6.45,"100":5.6},"tiered_pricing_product_settings":{"layout":"default","base_unit_name":{"singular":null,"plural":null},"default_variation":null},"tiered_pricing_minimum_quantity":null,"tiered_pricing_roles_data":[],"tiered_pricing_percentage_rules":[],"_links":{"self":[{"href":"https:\/\/yume-silm.com\/es\/wp-json\/wp\/v2\/product\/9143","targetHints":{"allow":["GET"]}}],"collection":[{"href":"https:\/\/yume-silm.com\/es\/wp-json\/wp\/v2\/product"}],"about":[{"href":"https:\/\/yume-silm.com\/es\/wp-json\/wp\/v2\/types\/product"}],"replies":[{"embeddable":true,"href":"https:\/\/yume-silm.com\/es\/wp-json\/wp\/v2\/comments?post=9143"}],"wp:featuredmedia":[{"embeddable":true,"href":"https:\/\/yume-silm.com\/es\/wp-json\/wp\/v2\/media\/9134"}],"wp:attachment":[{"href":"https:\/\/yume-silm.com\/es\/wp-json\/wp\/v2\/media?parent=9143"}],"wp:term":[{"taxonomy":"product_brand","embeddable":true,"href":"https:\/\/yume-silm.com\/es\/wp-json\/wp\/v2\/product_brand?post=9143"},{"taxonomy":"product_cat","embeddable":true,"href":"https:\/\/yume-silm.com\/es\/wp-json\/wp\/v2\/product_cat?post=9143"},{"taxonomy":"product_tag","embeddable":true,"href":"https:\/\/yume-silm.com\/es\/wp-json\/wp\/v2\/product_tag?post=9143"}],"curies":[{"name":"wp","href":"https:\/\/api.w.org\/{rel}","templated":true}]}}