{"id":9179,"date":"2024-07-09T08:26:16","date_gmt":"2024-07-09T08:26:16","guid":{"rendered":"https:\/\/yume-silm.com\/?post_type=product&#038;p=9179"},"modified":"2024-11-08T08:18:29","modified_gmt":"2024-11-08T08:18:29","slug":"faja-moldeadora-de-cintura-alta-con-tanga-con-control-de-barriga-2","status":"publish","type":"product","link":"https:\/\/yume-silm.com\/es\/producto-2\/faja-moldeadora-de-cintura-alta-con-tanga-con-control-de-barriga-2\/","title":{"rendered":"Faja moldeadora de cintura alta con tanga con control de barriga"},"content":{"rendered":"<div data-slate-node=\"element\">\n<h5>Caracteristicas de dise\u00f1o<\/h5>\n<\/div>\n<ul>\n<li data-slate-node=\"element\"><span class=\"\" data-slate-node=\"text\"><span data-slate-leaf=\"true\"><strong>PANTALONES TANGA ABDOMINALES<\/strong>: Esta faja moldeadora de cintura alta con tanga para control de abdomen es una combinaci\u00f3n de comodidad y plasticidad, que puede ayudarlo a aplanar su abdomen, reducir el exceso de grasa alrededor de su cintura y moldear mejor sus caderas con curva en C.<\/span><\/span><\/li>\n<li data-slate-node=\"element\"><strong>DISE\u00d1O INCONS\u00daTIL<\/strong>: Nuestro moldeador de cintura alta con tanga abdominal ofrece una cubierta trasera en forma de T que elimina la l\u00ednea del pantal\u00f3n y est\u00e1 confeccionado con un tejido suave, liso y transpirable que le permite decir adi\u00f3s a la l\u00ednea obvia del pantal\u00f3n y abrazar la silueta suave.<\/li>\n<li data-slate-node=\"element\"><strong>DISE\u00d1O DE L\u00cdNEA MULTIDIRECCIONAL AJUSTADA<\/strong>: L\u00ednea tridimensional multidireccional ajustada, el efecto de la parte superior del cuerpo es obvio, brind\u00e1ndole una curva m\u00e1s sexy y encantadora.<\/li>\n<li data-slate-node=\"element\"><span data-slate-leaf=\"true\"><strong>OCASI\u00d3N<\/strong>: Este body de cintura alta con tanga para el vientre se puede combinar arbitrariamente y se puede combinar con ropa de asistencia diaria, fiestas y citas. <\/span><span class=\"\" style=\"font-size: 16px;\" data-slate-node=\"text\"><span data-slate-leaf=\"true\">Puedes esconderlo debajo de cualquier ropa para lograr un efecto adelgazante.<\/span><\/span><\/li>\n<\/ul>\n<p><a href=\"https:\/\/yume-silm.com\/wp-content\/uploads\/2024\/07\/High-Waist-Seamless-Smooth-Brown-Thong-Shapewear-for-women.jpg\"><img fetchpriority=\"high\" decoding=\"async\" class=\"alignnone wp-image-9167 size-medium\" src=\"https:\/\/yume-silm.com\/wp-content\/uploads\/2024\/07\/High-Waist-Seamless-Smooth-Brown-Thong-Shapewear-for-women-300x300.jpg\" alt=\"Faja moldeadora de cintura alta con tanga y control de barriga\" width=\"300\" height=\"300\" title=\"\" srcset=\"https:\/\/yume-silm.com\/wp-content\/uploads\/2024\/07\/High-Waist-Seamless-Smooth-Brown-Thong-Shapewear-for-women-300x300.jpg 300w, https:\/\/yume-silm.com\/wp-content\/uploads\/2024\/07\/High-Waist-Seamless-Smooth-Brown-Thong-Shapewear-for-women-150x150.jpg 150w, https:\/\/yume-silm.com\/wp-content\/uploads\/2024\/07\/High-Waist-Seamless-Smooth-Brown-Thong-Shapewear-for-women-768x768.jpg 768w, https:\/\/yume-silm.com\/wp-content\/uploads\/2024\/07\/High-Waist-Seamless-Smooth-Brown-Thong-Shapewear-for-women-12x12.jpg 12w, https:\/\/yume-silm.com\/wp-content\/uploads\/2024\/07\/High-Waist-Seamless-Smooth-Brown-Thong-Shapewear-for-women-100x100.jpg 100w, https:\/\/yume-silm.com\/wp-content\/uploads\/2024\/07\/High-Waist-Seamless-Smooth-Brown-Thong-Shapewear-for-women.jpg 800w\" sizes=\"(max-width: 300px) 100vw, 300px\" \/><\/a><a href=\"https:\/\/yume-silm.com\/wp-content\/uploads\/2024\/07\/High-Waist-Seamless-Smooth-Brown-Thong-Shapewear-for-women-side.jpg\"><img decoding=\"async\" class=\"alignnone wp-image-9168 size-medium\" src=\"https:\/\/yume-silm.com\/wp-content\/uploads\/2024\/07\/High-Waist-Seamless-Smooth-Brown-Thong-Shapewear-for-women-side-300x300.jpg\" alt=\"Faja moldeadora de cintura alta con tanga y control de barriga\" width=\"300\" height=\"300\" title=\"\" srcset=\"https:\/\/yume-silm.com\/wp-content\/uploads\/2024\/07\/High-Waist-Seamless-Smooth-Brown-Thong-Shapewear-for-women-side-300x300.jpg 300w, https:\/\/yume-silm.com\/wp-content\/uploads\/2024\/07\/High-Waist-Seamless-Smooth-Brown-Thong-Shapewear-for-women-side-150x150.jpg 150w, https:\/\/yume-silm.com\/wp-content\/uploads\/2024\/07\/High-Waist-Seamless-Smooth-Brown-Thong-Shapewear-for-women-side-768x768.jpg 768w, https:\/\/yume-silm.com\/wp-content\/uploads\/2024\/07\/High-Waist-Seamless-Smooth-Brown-Thong-Shapewear-for-women-side-12x12.jpg 12w, https:\/\/yume-silm.com\/wp-content\/uploads\/2024\/07\/High-Waist-Seamless-Smooth-Brown-Thong-Shapewear-for-women-side-100x100.jpg 100w, https:\/\/yume-silm.com\/wp-content\/uploads\/2024\/07\/High-Waist-Seamless-Smooth-Brown-Thong-Shapewear-for-women-side.jpg 800w\" sizes=\"(max-width: 300px) 100vw, 300px\" \/><\/a><\/p>\n<div data-slate-node=\"element\"><\/div>\n<h6 data-slate-node=\"element\"><em><span class=\"\" data-slate-node=\"text\">Ropa interior sexy para esculpir el cuerpo sin costuras de mujer<\/span><\/em><\/h6>\n<ul>\n<li data-slate-node=\"element\" data-slate-fragment=\"JTVCJTdCJTIydHlwZSUyMiUzQSUyMnBhcmFncmFwaCUyMiUyQyUyMmNoaWxkcmVuJTIyJTNBJTVCJTdCJTIydGV4dCUyMiUzQSUyMkJvbmRhZ2UlMjB0aG9uZyUzQSUyMFRoaXMlMjB0aG9uZyUyMGlzJTIwYSUyMGNvbWJpbmF0aW9uJTIwb2YlMjBjb21mb3J0JTIwYW5kJTIwcGxhc3RpY2l0eSUyQyUyMHdoaWNoJTIwY2FuJTIwaGVscCUyMHlvdSUyMGZsYXR0ZW4lMjB5b3VyJTIwYWJkb21lbiUyQyUyMHJlZHVjZSUyMGV4Y2VzcyUyMGZhdCUyMGFyb3VuZCUyMHlvdXIlMjB3YWlzdCUyQyUyMGFuZCUyMGJldHRlciUyMHNoYXBlJTIweW91ciUyMEMtY3VydmUlMjBoaXBzLiUyMiUyQyUyMnNlbnRlbmNlJTIyJTNBMCUyQyUyMmNoaWxkU2VudGVuY2UlMjIlM0EwJTdEJTVEJTdEJTJDJTdCJTIydHlwZSUyMiUzQSUyMnBhcmFncmFwaCUyMiUyQyUyMmNoaWxkcmVuJTIyJTNBJTVCJTdCJTIydGV4dCUyMiUzQSUyMlNlYW1sZXNzJTIwRGVzaWduJTNBJTIwT3VyJTIwdGhvbmdzJTIwb2ZmZXIlMjBhJTIwVC1zaGFwZWQlMjBiYWNrJTIwY292ZXIlMjB0aGF0JTIwZWxpbWluYXRlcyUyMHRoZSUyMHRyb3VzZXIlMjBsaW5lJTIwYW5kJTIwaXMlMjBtYWRlJTIwd2l0aCUyMGElMjBzb2Z0JTJDJTIwc21vb3RoJTJDJTIwYnJlYXRoYWJsZSUyMGZhYnJpYyUyMHRoYXQlMjBhbGxvd3MlMjB5b3UlMjB0byUyMHNheSUyMGdvb2RieWUlMjB0byUyMHRoZSUyMG9idmlvdXMlMjB0cm91c2VyJTIwbGluZSUyMGFuZCUyMGVtYnJhY2UlMjB0aGUlMjBzbW9vdGglMjBzaWxob3VldHRlLiUyMiUyQyUyMnNlbnRlbmNlJTIyJTNBMSUyQyUyMmNoaWxkU2VudGVuY2UlMjIlM0ExJTdEJTVEJTdEJTJDJTdCJTIydHlwZSUyMiUzQSUyMnBhcmFncmFwaCUyMiUyQyUyMmNoaWxkcmVuJTIyJTNBJTVCJTdCJTIydGV4dCUyMiUzQSUyMk11bHRpLWRpcmVjdGlvbmFsJTIwY2xvc2UtZml0dGluZyUyMGxpbmUlMjBkZXNpZ24lM0ElMjBNdWx0aS1kaXJlY3Rpb25hbCUyMGNsb3NlLWZpdHRpbmclMjB0aHJlZS1kaW1lbnNpb25hbCUyMGxpbmUlMkMlMjB0aGUlMjB1cHBlciUyMGJvZHklMjBlZmZlY3QlMjBpcyUyMG9idmlvdXMlMkMlMjBnaXZpbmclMjB5b3UlMjBhJTIwbW9yZSUyMHNleHklMjBhbmQlMjBhdHRyYWN0aXZlJTIwY3VydmUuJTIyJTJDJTIyc2VudGVuY2UlMjIlM0EyJTJDJTIyY2hpbGRTZW50ZW5jZSUyMiUzQTElN0QlNUQlN0QlMkMlN0IlMjJ0eXBlJTIyJTNBJTIycGFyYWdyYXBoJTIyJTJDJTIyY2hpbGRyZW4lMjIlM0ElNUIlN0IlMjJ0ZXh0JTIyJTNBJTIyT2NjYXNpb24lM0ElMjBUaGlzJTIwYmVsbHklMjB0aG9uZyUyMGhpZ2gtd2Fpc3RlZCUyMHNoYXBld2VhciUyMGNhbiUyMGJlJTIwbWF0Y2hlZCUyMGFyYml0cmFyaWx5JTJDJTIwYW5kJTIwY2FuJTIwYmUlMjBtYXRjaGVkJTIwd2l0aCUyMGRhaWx5JTIwYXR0ZW5kYW5jZSUyQyUyMHBhcnRpZXMlMkMlMjBhbmQlMjBkYXRpbmclMjBjbG90aGVzLiUyMCUyMiUyQyUyMnNlbnRlbmNlJTIyJTNBMyUyQyUyMmNoaWxkU2VudGVuY2UlMjIlM0ExJTdEJTJDJTdCJTIydGV4dCUyMiUzQSUyMllvdSUyMGNhbiUyMGhpZGUlMjBpdCUyMHVuZGVyJTIwYW55JTIwY2xvdGhlcyUyMHRvJTIwYWNoaWV2ZSUyMGElMjBzbGltbWluZyUyMGVmZmVjdC4lMjIlMkMlMjJzZW50ZW5jZSUyMiUzQTMlMkMlMjJjaGlsZFNlbnRlbmNlJTIyJTNBMiU3RCU1RCU3RCUyQyU3QiUyMnR5cGUlMjIlM0ElMjJwYXJhZ3JhcGglMjIlMkMlMjJjaGlsZHJlbiUyMiUzQSU1QiU3QiUyMnRleHQlMjIlM0ElMjIlMjIlMkMlMjJzZW50ZW5jZSUyMiUzQTQlMkMlMjJjaGlsZFNlbnRlbmNlJTIyJTNBMSU3RCU1RCU3RCUyQyU3QiUyMnR5cGUlMjIlM0ElMjJwYXJhZ3JhcGglMjIlMkMlMjJjaGlsZHJlbiUyMiUzQSU1QiU3QiUyMnRleHQlMjIlM0ElMjJXb21lbidzJTIwc2VhbWxlc3MlMjBib2R5JTIwc2N1bHB0aW5nJTIwc2V4eSUyMHVuZGVyd2VhciUyMiUyQyUyMnNlbnRlbmNlJTIyJTNBNSUyQyUyMmNoaWxkU2VudGVuY2UlMjIlM0ExJTdEJTVEJTdEJTJDJTdCJTIydHlwZSUyMiUzQSUyMnBhcmFncmFwaCUyMiUyQyUyMmNoaWxkcmVuJTIyJTNBJTVCJTdCJTIydGV4dCUyMiUzQSUyMldlYXIlMjBvdXIlMjBzZWFtbGVzcyUyMHdvbWVuJ3MlMjBib2R5JTIwc2N1bHB0aW5nJTIwbGluZ2VyaWUlMjB0byUyMHNob3djYXNlJTIweW91ciUyMGhvdXJnbGFzcyUyMGZpZ3VyZSUyQyUyMHVzaW5nJTIwc2NpZW50aWZpYyUyMGV4dHJ1c2lvbiUyMGFuZCUyMHN1cHBvcnQlMjB0ZWNobmlxdWVzJTJDJTIwbWFkZSUyMG9mJTIwc3VwZXIlMjBlbGFzdGljJTJDJTIwYnJlYXRoYWJsZSUyQyUyMHNvZnQlMjBmYWJyaWMlMkMlMjBhbGxvd2luZyUyMHlvdSUyMHRvJTIwaGF2ZSUyMGElMjBwZXJmZWN0JTIwQy1jdXJ2ZSUyMGJ1dHRvY2tzLiUyMiUyQyUyMnNlbnRlbmNlJTIyJTNBNiUyQyUyMmNoaWxkU2VudGVuY2UlMjIlM0ExJTdEJTVEJTdEJTJDJTdCJTIydHlwZSUyMiUzQSUyMnBhcmFncmFwaCUyMiUyQyUyMmNoaWxkcmVuJTIyJTNBJTVCJTdCJTIydGV4dCUyMiUzQSUyMiUyMiUyQyUyMnNlbnRlbmNlJTIyJTNBNyUyQyUyMmNoaWxkU2VudGVuY2UlMjIlM0ExJTdEJTVEJTdEJTVE\"><span class=\"\" data-slate-node=\"text\"><span data-slate-leaf=\"true\">Use nuestra lencer\u00eda moldeadora de cuerpo para mujer sin costuras para mostrar su figura de curvas, utilizando t\u00e9cnicas cient\u00edficas de extrusi\u00f3n y soporte, hecha de tela s\u00faper el\u00e1stica, transpirable y suave, lo que le permite tener unos gl\u00fateos con curva en C perfecta.<\/span><\/span><\/li>\n<\/ul>\n<div data-slate-node=\"element\"><\/div>","protected":false},"excerpt":{"rendered":"<p><span data-slate-fragment=\"JTVCJTdCJTIydHlwZSUyMiUzQSUyMnBhcmFncmFwaCUyMiUyQyUyMmNoaWxkcmVuJTIyJTNBJTVCJTdCJTIydGV4dCUyMiUzQSUyMlRoaXMlMjB0aG9uZyUyMHNoYXBld2VhciUyMGJveGVyJTIwY2FuJTIwdGFrZSUyMHlvdSUyMHRvJTIwb3BlbiUyMGFub3RoZXIlMjBjb3B5JTJDJTIwcHV0JTIwb24lMjBvdXIlMjBzaGFwZXdlYXIlMkMlMjBlbWJyYWNlJTIweW91ciUyMHRvbW9ycm93JTIwc2VsZiUyQyUyMGFuZCUyMGNvbnRhY3QlMjB1cy4lMjIlMkMlMjJzZW50ZW5jZSUyMiUzQTglMkMlMjJjaGlsZFNlbnRlbmNlJTIyJTNBMSU3RCU1RCU3RCU1RA==\">Este <span class=\"\" data-slate-node=\"text\">Faja moldeadora de cintura alta con tanga y control de barriga <\/span>Podemos llevarte a abrir otra copia, ponerte nuestras fajas, abrazar tu yo del ma\u00f1ana y contactarnos.<\/span><\/p>","protected":false},"featured_media":9174,"comment_status":"open","ping_status":"closed","template":"","meta":{"site-sidebar-layout":"default","site-content-layout":"","ast-site-content-layout":"default","site-content-style":"default","site-sidebar-style":"default","ast-global-header-display":"","ast-banner-title-visibility":"","ast-main-header-display":"","ast-hfb-above-header-display":"","ast-hfb-below-header-display":"","ast-hfb-mobile-header-display":"","site-post-title":"","ast-breadcrumbs-content":"","ast-featured-img":"","footer-sml-layout":"","ast-disable-related-posts":"","theme-transparent-header-meta":"default","adv-header-id-meta":"","stick-header-meta":"default","header-above-stick-meta":"","header-main-stick-meta":"","header-below-stick-meta":"","astra-migrate-meta-layouts":"set","ast-page-background-enabled":"default","ast-page-background-meta":{"desktop":{"background-color":"","background-image":"","background-repeat":"repeat","background-position":"center center","background-size":"auto","background-attachment":"scroll","background-type":"","background-media":"","overlay-type":"","overlay-color":"","overlay-opacity":"","overlay-gradient":""},"tablet":{"background-color":"","background-image":"","background-repeat":"repeat","background-position":"center center","background-size":"auto","background-attachment":"scroll","background-type":"","background-media":"","overlay-type":"","overlay-color":"","overlay-opacity":"","overlay-gradient":""},"mobile":{"background-color":"","background-image":"","background-repeat":"repeat","background-position":"center center","background-size":"auto","background-attachment":"scroll","background-type":"","background-media":"","overlay-type":"","overlay-color":"","overlay-opacity":"","overlay-gradient":""}},"ast-content-background-meta":{"desktop":{"background-color":"var(--ast-global-color-5)","background-image":"","background-repeat":"repeat","background-position":"center center","background-size":"auto","background-attachment":"scroll","background-type":"","background-media":"","overlay-type":"","overlay-color":"","overlay-opacity":"","overlay-gradient":""},"tablet":{"background-color":"var(--ast-global-color-5)","background-image":"","background-repeat":"repeat","background-position":"center center","background-size":"auto","background-attachment":"scroll","background-type":"","background-media":"","overlay-type":"","overlay-color":"","overlay-opacity":"","overlay-gradient":""},"mobile":{"background-color":"var(--ast-global-color-5)","background-image":"","background-repeat":"repeat","background-position":"center center","background-size":"auto","background-attachment":"scroll","background-type":"","background-media":"","overlay-type":"","overlay-color":"","overlay-opacity":"","overlay-gradient":""}}},"product_brand":[],"product_cat":[65,76,77,79,80],"product_tag":[662,492,675,139,674,491,145,416,671,500],"class_list":{"0":"post-9179","1":"product","2":"type-product","3":"status-publish","4":"has-post-thumbnail","6":"product_cat-best-sellers","7":"product_cat-new-arrivels","8":"product_cat-wholesale-womens-shapewear","9":"product_cat-wholesale-seemless-shaperwear","10":"product_cat-wholesale-butt-lift-underwear","11":"product_tag-abdominal","12":"product_tag-breathable","13":"product_tag-charming","14":"product_tag-high-waist","15":"product_tag-multi-directional","16":"product_tag-seamless","17":"product_tag-sexy","18":"product_tag-shapewear","19":"product_tag-three-dimensional","20":"product_tag-tummy-control","21":"pa_color-brown","22":"pa_size-l","23":"pa_size-m","24":"pa_size-s","25":"pa_size-xl","26":"desktop-align-center","27":"tablet-align-left","28":"mobile-align-left","29":"ast-product-gallery-layout-horizontal-slider","30":"ast-product-single-variable","31":"ast-product-tabs-layout-horizontal","32":"ast-qv-on-image","34":"first","35":"instock","36":"shipping-taxable","37":"purchasable","38":"product-type-variable"},"tiered_pricing_type":"fixed","tiered_pricing_fixed_rules":{"5":10.35,"50":9.2,"100":8.05},"tiered_pricing_product_settings":{"layout":"default","base_unit_name":{"singular":null,"plural":null},"default_variation":null},"tiered_pricing_minimum_quantity":null,"tiered_pricing_roles_data":[],"tiered_pricing_percentage_rules":[],"_links":{"self":[{"href":"https:\/\/yume-silm.com\/es\/wp-json\/wp\/v2\/product\/9179","targetHints":{"allow":["GET"]}}],"collection":[{"href":"https:\/\/yume-silm.com\/es\/wp-json\/wp\/v2\/product"}],"about":[{"href":"https:\/\/yume-silm.com\/es\/wp-json\/wp\/v2\/types\/product"}],"replies":[{"embeddable":true,"href":"https:\/\/yume-silm.com\/es\/wp-json\/wp\/v2\/comments?post=9179"}],"wp:featuredmedia":[{"embeddable":true,"href":"https:\/\/yume-silm.com\/es\/wp-json\/wp\/v2\/media\/9174"}],"wp:attachment":[{"href":"https:\/\/yume-silm.com\/es\/wp-json\/wp\/v2\/media?parent=9179"}],"wp:term":[{"taxonomy":"product_brand","embeddable":true,"href":"https:\/\/yume-silm.com\/es\/wp-json\/wp\/v2\/product_brand?post=9179"},{"taxonomy":"product_cat","embeddable":true,"href":"https:\/\/yume-silm.com\/es\/wp-json\/wp\/v2\/product_cat?post=9179"},{"taxonomy":"product_tag","embeddable":true,"href":"https:\/\/yume-silm.com\/es\/wp-json\/wp\/v2\/product_tag?post=9179"}],"curies":[{"name":"wp","href":"https:\/\/api.w.org\/{rel}","templated":true}]}}