{"id":9189,"date":"2024-07-10T01:06:50","date_gmt":"2024-07-10T01:06:50","guid":{"rendered":"https:\/\/yume-silm.com\/?post_type=product&#038;p=9189"},"modified":"2025-04-16T00:38:51","modified_gmt":"2025-04-16T00:38:51","slug":"faja-moldeadora-de-tanga-con-control-de-barriga-y-cintura","status":"publish","type":"product","link":"https:\/\/yume-silm.com\/es\/producto-2\/faja-moldeadora-de-tanga-con-control-de-barriga-y-cintura\/","title":{"rendered":"Faja moldeadora de tanga con control de barriga y cintura para mujer"},"content":{"rendered":"<div data-slate-node=\"element\">\n<h5>Caracteristicas de dise\u00f1o<\/h5>\n<\/div>\n<ul>\n<li data-slate-node=\"element\"><span class=\"\" data-slate-node=\"text\"><span data-slate-leaf=\"true\"><strong>COMBINANDO DISE\u00d1OS DE PANTY DE CINTURA MEDIA Y TANGA<\/strong>: la moldeadora de tanga con control de barriga de cintura media y cintura proporciona m\u00e1xima comodidad y capacidad de estiramiento, ayudando a mejorar la curva natural del cuerpo.<\/span><\/span><\/li>\n<li data-slate-node=\"element\"><strong>UNA FIGURA DE RELOJ DE ARENA FAVORABLE<\/strong>: El dise\u00f1o importante y el dise\u00f1o del tanga crean una figura de reloj de arena favorecedora que no solo aplana el abdomen, sino que tambi\u00e9n acent\u00faa tus gl\u00fateos, haci\u00e9ndote lucir m\u00e1s encantadora.<\/li>\n<li data-slate-node=\"element\"><span data-slate-leaf=\"true\"><strong>TANGA EN FORMA DE T REPARACI\u00d3N POSPARTO<\/strong>: El body abdominal corto sin costuras con dise\u00f1o de cintura media y alta puede ayudar a restaurar r\u00e1pidamente la figura preoperatoria despu\u00e9s de la cirug\u00eda. <\/span><span style=\"font-size: 16px;\" data-slate-node=\"text\">Se adopta el dise\u00f1o de talla grande sin costuras, que no limita la figura.<\/span><\/li>\n<li data-slate-node=\"element\"><strong>NUEVA MODA EL\u00c1STICA, TELA<\/strong>: hecho de tela transpirable, suave, c\u00f3moda, s\u00faper el\u00e1stica y una combinaci\u00f3n de cintur\u00f3n suave, para que lo use suelto, no apretado, no solo libere sus caderas regordetas, sino que tambi\u00e9n evite la flacidez de la cadera.<\/li>\n<\/ul>\n<p><a href=\"https:\/\/yume-silm.com\/wp-content\/uploads\/2024\/07\/Waist-Cincher-Girdle-Shaper-Thong-For-Women-Tummy-Control-Panty-1-1.jpg\"><img fetchpriority=\"high\" decoding=\"async\" class=\"alignnone wp-image-9202 size-medium\" src=\"https:\/\/yume-silm.com\/wp-content\/uploads\/2024\/07\/Waist-Cincher-Girdle-Shaper-Thong-For-Women-Tummy-Control-Panty-1-1-300x300.jpg\" alt=\"Faja moldeadora de tanga con control de barriga para mujer\" width=\"300\" height=\"300\" title=\"\" srcset=\"https:\/\/yume-silm.com\/wp-content\/uploads\/2024\/07\/Waist-Cincher-Girdle-Shaper-Thong-For-Women-Tummy-Control-Panty-1-1-300x300.jpg 300w, https:\/\/yume-silm.com\/wp-content\/uploads\/2024\/07\/Waist-Cincher-Girdle-Shaper-Thong-For-Women-Tummy-Control-Panty-1-1-150x150.jpg 150w, https:\/\/yume-silm.com\/wp-content\/uploads\/2024\/07\/Waist-Cincher-Girdle-Shaper-Thong-For-Women-Tummy-Control-Panty-1-1-768x768.jpg 768w, https:\/\/yume-silm.com\/wp-content\/uploads\/2024\/07\/Waist-Cincher-Girdle-Shaper-Thong-For-Women-Tummy-Control-Panty-1-1-12x12.jpg 12w, https:\/\/yume-silm.com\/wp-content\/uploads\/2024\/07\/Waist-Cincher-Girdle-Shaper-Thong-For-Women-Tummy-Control-Panty-1-1-800x800.jpg 800w, https:\/\/yume-silm.com\/wp-content\/uploads\/2024\/07\/Waist-Cincher-Girdle-Shaper-Thong-For-Women-Tummy-Control-Panty-1-1-100x100.jpg 100w, https:\/\/yume-silm.com\/wp-content\/uploads\/2024\/07\/Waist-Cincher-Girdle-Shaper-Thong-For-Women-Tummy-Control-Panty-1-1.jpg 1200w\" sizes=\"(max-width: 300px) 100vw, 300px\" \/><\/a> <a href=\"https:\/\/yume-silm.com\/wp-content\/uploads\/2024\/07\/Waist-Cincher-Girdle-Shaper-Thong-For-Women-Tummy-Control-Panty-2-1.jpg\"><img decoding=\"async\" class=\"alignnone wp-image-9203 size-medium\" src=\"https:\/\/yume-silm.com\/wp-content\/uploads\/2024\/07\/Waist-Cincher-Girdle-Shaper-Thong-For-Women-Tummy-Control-Panty-2-1-300x300.jpg\" alt=\"Faja-braga-cinturilla-con-control-de-barriga-para-mujer\" width=\"300\" height=\"300\" title=\"\" srcset=\"https:\/\/yume-silm.com\/wp-content\/uploads\/2024\/07\/Waist-Cincher-Girdle-Shaper-Thong-For-Women-Tummy-Control-Panty-2-1-300x300.jpg 300w, https:\/\/yume-silm.com\/wp-content\/uploads\/2024\/07\/Waist-Cincher-Girdle-Shaper-Thong-For-Women-Tummy-Control-Panty-2-1-150x150.jpg 150w, https:\/\/yume-silm.com\/wp-content\/uploads\/2024\/07\/Waist-Cincher-Girdle-Shaper-Thong-For-Women-Tummy-Control-Panty-2-1-768x768.jpg 768w, https:\/\/yume-silm.com\/wp-content\/uploads\/2024\/07\/Waist-Cincher-Girdle-Shaper-Thong-For-Women-Tummy-Control-Panty-2-1-12x12.jpg 12w, https:\/\/yume-silm.com\/wp-content\/uploads\/2024\/07\/Waist-Cincher-Girdle-Shaper-Thong-For-Women-Tummy-Control-Panty-2-1-800x800.jpg 800w, https:\/\/yume-silm.com\/wp-content\/uploads\/2024\/07\/Waist-Cincher-Girdle-Shaper-Thong-For-Women-Tummy-Control-Panty-2-1-100x100.jpg 100w, https:\/\/yume-silm.com\/wp-content\/uploads\/2024\/07\/Waist-Cincher-Girdle-Shaper-Thong-For-Women-Tummy-Control-Panty-2-1.jpg 1200w\" sizes=\"(max-width: 300px) 100vw, 300px\" \/><\/a><\/p>\n<h6 data-slate-node=\"element\"><em><span class=\"\" data-slate-node=\"text\">Faja ajustada sin costuras para mujer<\/span><span style=\"font-size: 16px;\">tanga<\/span><\/em><\/h6>\n<ul>\n<li data-slate-node=\"element\" data-slate-fragment=\"JTVCJTdCJTIydHlwZSUyMiUzQSUyMnBhcmFncmFwaCUyMiUyQyUyMmNoaWxkcmVuJTIyJTNBJTVCJTdCJTIydGV4dCUyMiUzQSUyMldvbWVuJ3MlMjBTZWFtbGVzcyUyMEdpcmRsZSUyMFNsaW1taW5nJTIwVGhvbmclMjIlMkMlMjJzZW50ZW5jZSUyMiUzQTUlMkMlMjJjaGlsZFNlbnRlbmNlJTIyJTNBMSU3RCU1RCU3RCUyQyU3QiUyMnR5cGUlMjIlM0ElMjJwYXJhZ3JhcGglMjIlMkMlMjJjaGlsZHJlbiUyMiUzQSU1QiU3QiUyMnRleHQlMjIlM0ElMjJUaGlzJTIwc2VhbWxlc3MlMjB3YWlzdGJhbmQlMjBzbGltbWluZyUyMHRob25nJTIwZml0cyUyMHlvdXIlMjBib2R5JTJDJTIwc2VhbWxlc3MlMjBhbmQlMjBicmVhdGhhYmxlJTIwZGVzaWduJTIwbWFrZXMlMjB5b3UlMjB3ZWFyJTIwaXQlMjB3aXRob3V0JTIwYmVpbmclMjBzdHVmZnklMkMlMjBhbmQlMjB0aGUlMjB3YWlzdGJhbmQlMjBpcyUyMHN1cGVyJTIwZWxhc3RpYy4lMjAlMjIlMkMlMjJzZW50ZW5jZSUyMiUzQTYlMkMlMjJjaGlsZFNlbnRlbmNlJTIyJTNBMSU3RCUyQyU3QiUyMnRleHQlMjIlM0ElMjJUaGUlMjB0aG9uZyUyMGNhbiUyMGhlbHAlMjB5b3UlMjBzYXklMjBnb29kYnllJTIwdG8lMjB0aGUlMjB2aXNpYmxlJTIwdW5kZXJ3ZWFyJTIwbGluZSUyMGFuZCUyMGNyZWF0ZSUyMGElMjBsZXZlbCUyMDElMjBzbW9vdGglMjBsb29rJTIwZm9yJTIweW91LiUyMiUyQyUyMnNlbnRlbmNlJTIyJTNBNiUyQyUyMmNoaWxkU2VudGVuY2UlMjIlM0EyJTdEJTVEJTdEJTVE\"><span class=\"\" data-slate-node=\"text\"><span data-slate-leaf=\"true\">Esta tanga adelgazante con cintura sin costuras se adapta a tu cuerpo, el dise\u00f1o sin costuras y transpirable te hace usar tanga abdominal ce\u00f1ida en la cintura sin estar congestionada, y la cintura es s\u00faper el\u00e1stica. <\/span><\/span><span class=\"\" data-slate-node=\"text\"><span data-slate-leaf=\"true\">El moldeador de tanga puede ayudarte a decir adi\u00f3s a la l\u00ednea de ropa interior visible y crear una apariencia suave de nivel 1 para ti.<\/span><\/span><\/li>\n<\/ul>","protected":false},"excerpt":{"rendered":"<p><span data-slate-fragment=\"JTVCJTdCJTIydHlwZSUyMiUzQSUyMnBhcmFncmFwaCUyMiUyQyUyMmNoaWxkcmVuJTIyJTNBJTVCJTdCJTIydGV4dCUyMiUzQSUyMldlYXIlMjBvdXIlMjBzaGFwZXdlYXIlMjBhbmQlMjBzYXklMjBnb29kYnllJTIwdG8lMjB0aGUlMjByZWd1bGFyJTIwcGFudHklMjBjdXJ2ZXMlMjBmb3IlMjBhbiUyMGluZWxhc3RpYyUyMGVkZ2UlMkMlMjBzbW9vdGglMkMlMjBhbmQlMjBpbXBlcmNlcHRpYmxlJTIwbGV2ZWwlMjAxJTIwc21vb3RoJTIwbG9vay4lMjIlMkMlMjJzZW50ZW5jZSUyMiUzQTglMkMlMjJjaGlsZFNlbnRlbmNlJTIyJTNBMSU3RCU1RCU3RCU1RA==\">Use nuestra moldeadora de tanga con control de abdomen y cintura y diga adi\u00f3s a las curvas regulares de las bragas para obtener un borde inel\u00e1stico, un aspecto suave e imperceptible de nivel 1. Consiga que acepte lo m\u00e1s nuevo usted mismo.<\/span><\/p>","protected":false},"featured_media":9195,"comment_status":"open","ping_status":"closed","template":"","meta":{"site-sidebar-layout":"default","site-content-layout":"","ast-site-content-layout":"default","site-content-style":"default","site-sidebar-style":"default","ast-global-header-display":"","ast-banner-title-visibility":"","ast-main-header-display":"","ast-hfb-above-header-display":"","ast-hfb-below-header-display":"","ast-hfb-mobile-header-display":"","site-post-title":"","ast-breadcrumbs-content":"","ast-featured-img":"","footer-sml-layout":"","ast-disable-related-posts":"","theme-transparent-header-meta":"default","adv-header-id-meta":"","stick-header-meta":"default","header-above-stick-meta":"","header-main-stick-meta":"","header-below-stick-meta":"","astra-migrate-meta-layouts":"set","ast-page-background-enabled":"default","ast-page-background-meta":{"desktop":{"background-color":"","background-image":"","background-repeat":"repeat","background-position":"center center","background-size":"auto","background-attachment":"scroll","background-type":"","background-media":"","overlay-type":"","overlay-color":"","overlay-opacity":"","overlay-gradient":""},"tablet":{"background-color":"","background-image":"","background-repeat":"repeat","background-position":"center center","background-size":"auto","background-attachment":"scroll","background-type":"","background-media":"","overlay-type":"","overlay-color":"","overlay-opacity":"","overlay-gradient":""},"mobile":{"background-color":"","background-image":"","background-repeat":"repeat","background-position":"center center","background-size":"auto","background-attachment":"scroll","background-type":"","background-media":"","overlay-type":"","overlay-color":"","overlay-opacity":"","overlay-gradient":""}},"ast-content-background-meta":{"desktop":{"background-color":"var(--ast-global-color-5)","background-image":"","background-repeat":"repeat","background-position":"center center","background-size":"auto","background-attachment":"scroll","background-type":"","background-media":"","overlay-type":"","overlay-color":"","overlay-opacity":"","overlay-gradient":""},"tablet":{"background-color":"var(--ast-global-color-5)","background-image":"","background-repeat":"repeat","background-position":"center center","background-size":"auto","background-attachment":"scroll","background-type":"","background-media":"","overlay-type":"","overlay-color":"","overlay-opacity":"","overlay-gradient":""},"mobile":{"background-color":"var(--ast-global-color-5)","background-image":"","background-repeat":"repeat","background-position":"center center","background-size":"auto","background-attachment":"scroll","background-type":"","background-media":"","overlay-type":"","overlay-color":"","overlay-opacity":"","overlay-gradient":""}}},"product_brand":[],"product_cat":[65,76,77,1092,80],"product_tag":[492,675,646,421,678,455,677,141,491,535,660,676,500],"class_list":{"0":"post-9189","1":"product","2":"type-product","3":"status-publish","4":"has-post-thumbnail","6":"product_cat-best-sellers","7":"product_cat-new-arrivels","8":"product_cat-wholesale-womens-shapewear","9":"product_cat-plus-size-shapewear","10":"product_cat-wholesale-butt-lift-underwear","11":"product_tag-breathable","12":"product_tag-charming","13":"product_tag-comfortable","14":"product_tag-fashions","15":"product_tag-flat","16":"product_tag-hourglass-figure","17":"product_tag-mid-waist","18":"product_tag-plus-size","19":"product_tag-seamless","20":"product_tag-slimming","21":"product_tag-smooth","22":"product_tag-thong-panty-shaper","23":"product_tag-tummy-control","24":"pa_color-beige","25":"pa_color-black","26":"pa_size-3xl","27":"pa_size-4xl","28":"pa_size-5xl","29":"pa_size-6xl","30":"pa_size-l","31":"pa_size-m","32":"pa_size-s","33":"pa_size-xl","34":"pa_size-xxl","35":"desktop-align-center","36":"tablet-align-left","37":"mobile-align-left","38":"ast-product-gallery-layout-horizontal-slider","39":"ast-product-single-variable","40":"ast-product-tabs-layout-horizontal","41":"ast-qv-on-image","43":"first","44":"instock","45":"shipping-taxable","46":"purchasable","47":"product-type-variable"},"tiered_pricing_type":"fixed","tiered_pricing_fixed_rules":{"5":3.75,"50":3.3,"100":2.9},"tiered_pricing_product_settings":{"layout":"default","base_unit_name":{"singular":null,"plural":null},"default_variation":null},"tiered_pricing_minimum_quantity":null,"tiered_pricing_roles_data":[],"tiered_pricing_percentage_rules":[],"_links":{"self":[{"href":"https:\/\/yume-silm.com\/es\/wp-json\/wp\/v2\/product\/9189","targetHints":{"allow":["GET"]}}],"collection":[{"href":"https:\/\/yume-silm.com\/es\/wp-json\/wp\/v2\/product"}],"about":[{"href":"https:\/\/yume-silm.com\/es\/wp-json\/wp\/v2\/types\/product"}],"replies":[{"embeddable":true,"href":"https:\/\/yume-silm.com\/es\/wp-json\/wp\/v2\/comments?post=9189"}],"wp:featuredmedia":[{"embeddable":true,"href":"https:\/\/yume-silm.com\/es\/wp-json\/wp\/v2\/media\/9195"}],"wp:attachment":[{"href":"https:\/\/yume-silm.com\/es\/wp-json\/wp\/v2\/media?parent=9189"}],"wp:term":[{"taxonomy":"product_brand","embeddable":true,"href":"https:\/\/yume-silm.com\/es\/wp-json\/wp\/v2\/product_brand?post=9189"},{"taxonomy":"product_cat","embeddable":true,"href":"https:\/\/yume-silm.com\/es\/wp-json\/wp\/v2\/product_cat?post=9189"},{"taxonomy":"product_tag","embeddable":true,"href":"https:\/\/yume-silm.com\/es\/wp-json\/wp\/v2\/product_tag?post=9189"}],"curies":[{"name":"wp","href":"https:\/\/api.w.org\/{rel}","templated":true}]}}