{"id":9272,"date":"2024-07-13T02:22:37","date_gmt":"2024-07-13T02:22:37","guid":{"rendered":"https:\/\/yume-silm.com\/?post_type=product&#038;p=9272"},"modified":"2025-05-29T03:34:32","modified_gmt":"2025-05-29T03:34:32","slug":"pantalones-cortos-de-gimnasia-de-cintura-alta","status":"publish","type":"product","link":"https:\/\/yume-silm.com\/es\/producto-2\/pantalones-cortos-de-gimnasia-de-cintura-alta\/","title":{"rendered":"Pantalones cortos de gimnasio de cintura alta Control de barriga Fajas levantadoras de gl\u00fateos"},"content":{"rendered":"<h5>Caracteristicas de dise\u00f1o<\/h5>\n<ul>\n<li data-slate-node=\"element\"><strong>DISE\u00d1O INCONS\u00daTIL<\/strong>: Estos pantalones cortos de gimnasia de cintura alta con control de barriga y levantador de gl\u00fateos cuentan con un dise\u00f1o sin costuras y est\u00e1n hechos de tela altamente el\u00e1stica para garantizar que su piel se vea suave y se ajuste bien, d\u00e1ndole una curva en C.<\/li>\n<li data-slate-node=\"element\"><strong>TANGA CONTROL ABDOMINAL<\/strong>: la braga tipo tanga de cintura alta est\u00e1 hecha de tela de doble capa, que ayuda a la plasticidad del vientre mediante el uso de extrusi\u00f3n cient\u00edfica y soporte t\u00e9cnico.<\/li>\n<li data-slate-node=\"element\"><strong>JUMPSHORT DE GIMNASIO C\u00d3MODO Y TRANSPIRABLE<\/strong>: Las tangas de mujer se pueden usar para dar forma al cuerpo, cerca de nuestra piel, haciendo que el cuerpo luzca m\u00e1s delgado y suave. Pantalones cortos de gimnasio de cintura alta, moldeador de gl\u00fateos con control de barriga.<\/li>\n<li data-slate-node=\"element\"><strong>OCASI\u00d3N<\/strong>: Estos pantalones cortos deportivos se pueden combinar arbitrariamente. <span style=\"font-size: 16px;\" data-slate-node=\"text\">El dise\u00f1o de cintura alta puede ayudarte a abrigarte mejor. <\/span><span class=\"\" style=\"font-size: 16px;\" data-slate-node=\"text\"><span data-slate-leaf=\"true\">Se puede utilizar para asistencia, citas o fiestas. <\/span><\/span><span class=\"\" style=\"font-size: 16px;\" data-slate-node=\"text\"><span data-slate-leaf=\"true\">Se puede ocultar debajo de la ropa, lo que le permitir\u00e1 hacer florecer su yo m\u00e1s seguro.<\/span><\/span><\/li>\n<\/ul>\n<p><a href=\"https:\/\/yume-silm.com\/wp-content\/uploads\/2024\/07\/High-Waist-Gym-Shorts-Tummy-Control-Butt-Lifter-Shapewear-01.jpg\"><img fetchpriority=\"high\" decoding=\"async\" class=\"alignnone wp-image-9274 size-medium\" src=\"https:\/\/yume-silm.com\/wp-content\/uploads\/2024\/07\/High-Waist-Gym-Shorts-Tummy-Control-Butt-Lifter-Shapewear-01-300x300.jpg\" alt=\"Pantalones cortos de gimnasio de cintura alta, ropa moldeadora para levantar gl\u00fateos con control de barriga\" width=\"300\" height=\"300\" title=\"\" srcset=\"https:\/\/yume-silm.com\/wp-content\/uploads\/2024\/07\/High-Waist-Gym-Shorts-Tummy-Control-Butt-Lifter-Shapewear-01-300x300.jpg 300w, https:\/\/yume-silm.com\/wp-content\/uploads\/2024\/07\/High-Waist-Gym-Shorts-Tummy-Control-Butt-Lifter-Shapewear-01-150x150.jpg 150w, https:\/\/yume-silm.com\/wp-content\/uploads\/2024\/07\/High-Waist-Gym-Shorts-Tummy-Control-Butt-Lifter-Shapewear-01-768x768.jpg 768w, https:\/\/yume-silm.com\/wp-content\/uploads\/2024\/07\/High-Waist-Gym-Shorts-Tummy-Control-Butt-Lifter-Shapewear-01-12x12.jpg 12w, https:\/\/yume-silm.com\/wp-content\/uploads\/2024\/07\/High-Waist-Gym-Shorts-Tummy-Control-Butt-Lifter-Shapewear-01-100x100.jpg 100w, https:\/\/yume-silm.com\/wp-content\/uploads\/2024\/07\/High-Waist-Gym-Shorts-Tummy-Control-Butt-Lifter-Shapewear-01.jpg 800w\" sizes=\"(max-width: 300px) 100vw, 300px\" \/><\/a><a href=\"https:\/\/yume-silm.com\/wp-content\/uploads\/2024\/07\/High-Waist-Gym-Shorts-Tummy-Control-Butt-Lifter-Shapewear-02.jpg\"><img decoding=\"async\" class=\"alignnone wp-image-9275 size-medium\" src=\"https:\/\/yume-silm.com\/wp-content\/uploads\/2024\/07\/High-Waist-Gym-Shorts-Tummy-Control-Butt-Lifter-Shapewear-02-300x300.jpg\" alt=\"Pantalones cortos de gimnasio de cintura alta, ropa moldeadora para levantar gl\u00fateos con control de barriga\" width=\"300\" height=\"300\" title=\"\" srcset=\"https:\/\/yume-silm.com\/wp-content\/uploads\/2024\/07\/High-Waist-Gym-Shorts-Tummy-Control-Butt-Lifter-Shapewear-02-300x300.jpg 300w, https:\/\/yume-silm.com\/wp-content\/uploads\/2024\/07\/High-Waist-Gym-Shorts-Tummy-Control-Butt-Lifter-Shapewear-02-150x150.jpg 150w, https:\/\/yume-silm.com\/wp-content\/uploads\/2024\/07\/High-Waist-Gym-Shorts-Tummy-Control-Butt-Lifter-Shapewear-02-768x768.jpg 768w, https:\/\/yume-silm.com\/wp-content\/uploads\/2024\/07\/High-Waist-Gym-Shorts-Tummy-Control-Butt-Lifter-Shapewear-02-12x12.jpg 12w, https:\/\/yume-silm.com\/wp-content\/uploads\/2024\/07\/High-Waist-Gym-Shorts-Tummy-Control-Butt-Lifter-Shapewear-02-100x100.jpg 100w, https:\/\/yume-silm.com\/wp-content\/uploads\/2024\/07\/High-Waist-Gym-Shorts-Tummy-Control-Butt-Lifter-Shapewear-02.jpg 800w\" sizes=\"(max-width: 300px) 100vw, 300px\" \/><\/a><\/p>\n<h6><em>Pantalones adelgazantes de cintura alta para mujer<\/em><\/h6>\n<ul>\n<li><span data-slate-fragment=\"JTVCJTdCJTIydHlwZSUyMiUzQSUyMnBhcmFncmFwaCUyMiUyQyUyMmNoaWxkcmVuJTIyJTNBJTVCJTdCJTIydGV4dCUyMiUzQSUyMldvbWVuJ3MlMjBzbGltbWluZyUyMGhpZ2gtd2Fpc3RlZCUyMGJvZHklMjBzY3VscHRpbmclMjBwYW50cyUzQSUyMHVzaW5nJTIwdGhlJTIwaGlnaC13YWlzdGVkJTIwZGVzaWduJTIwb2YlMjB0aG9uZ3MlMkMlMjBoaWdoJTIwd2Fpc3RzJTIwY2FuJTIwdGlnaHRlbiUyMHlvdXIlMjBhYmRvbWVuJTJDJTIwdGhvbmdzJTIwY2FuJTIwYmV0dGVyJTIwbW9kaWZ5JTIweW91ciUyMGhpcHMlMkMlMjB3ZWFyJTIwaXQlMkMlMjBhbmQlMjBlbWJyYWNlJTIwYSUyMGJldHRlciUyMHZlcnNpb24lMjBvZiUyMHlvdXJzZWxmLiUyMiUyQyUyMnNlbnRlbmNlJTIyJTNBNSUyQyUyMmNoaWxkU2VudGVuY2UlMjIlM0ExJTdEJTVEJTdEJTVE\">Usando el dise\u00f1o de tangas de cintura alta, las cinturas altas pueden apretar su abdomen, las tangas pueden modificar mejor sus caderas, usarlas y abrazar una mejor versi\u00f3n de usted mismo.<\/span><\/li>\n<\/ul>","protected":false},"excerpt":{"rendered":"<div data-slate-node=\"element\" data-slate-fragment=\"JTVCJTdCJTIydHlwZSUyMiUzQSUyMnBhcmFncmFwaCUyMiUyQyUyMmNoaWxkcmVuJTIyJTNBJTVCJTdCJTIydGV4dCUyMiUzQSUyMndlYXIlMjBpdCUyQyUyMGFuZCUyMGVtYnJhY2UlMjBhJTIwYmV0dGVyJTIwdmVyc2lvbiUyMG9mJTIweW91cnNlbGYuJTIyJTJDJTIyc2VudGVuY2UlMjIlM0E1JTJDJTIyY2hpbGRTZW50ZW5jZSUyMiUzQTElN0QlNUQlN0QlMkMlN0IlMjJ0eXBlJTIyJTNBJTIycGFyYWdyYXBoJTIyJTJDJTIyY2hpbGRyZW4lMjIlM0ElNUIlN0IlMjJ0ZXh0JTIyJTNBJTIyV2VhciUyMHRoZXNlJTIwc2hhcGV3ZWFyJTIwcGFudHMlMjBhbmQlMjBmaXQlMjB5b3VyJTIwYm9keSUyMHNlYW1sZXNzbHkuJTIwJTIyJTJDJTIyc2VudGVuY2UlMjIlM0E2JTJDJTIyY2hpbGRTZW50ZW5jZSUyMiUzQTElN0QlMkMlN0IlMjJ0ZXh0JTIyJTNBJTIyVGhlJTIwaGlnaC13YWlzdGVkJTIwZGVzaWduJTIwY2FuJTIwdGlnaHRlbiUyMHlvdXIlMjBhYmRvbWluYWwlMjBtdXNjbGVzJTIwYW5kJTIwZ2l2ZSUyMHlvdSUyMGFuJTIwaG91cmdsYXNzJTIwZmlndXJlLiUyMiUyQyUyMnNlbnRlbmNlJTIyJTNBNiUyQyUyMmNoaWxkU2VudGVuY2UlMjIlM0EyJTdEJTVEJTdEJTVE\"><span class=\"\" data-slate-node=\"text\"><span data-slate-leaf=\"true\">Use pantalones cortos de gimnasia de cintura alta, un body levantador de cadera abdominal y se ajuste a su cuerpo a la perfecci\u00f3n. <\/span><\/span><span class=\"\" data-slate-node=\"text\"><span data-slate-leaf=\"true\">El dise\u00f1o de cintura alta puede tensar los m\u00fasculos abdominales y darle una figura de curvas y abrazar una mejor versi\u00f3n de usted mismo.<\/span><\/span><\/div>","protected":false},"featured_media":9273,"comment_status":"open","ping_status":"closed","template":"","meta":{"site-sidebar-layout":"default","site-content-layout":"","ast-site-content-layout":"default","site-content-style":"default","site-sidebar-style":"default","ast-global-header-display":"","ast-banner-title-visibility":"","ast-main-header-display":"","ast-hfb-above-header-display":"","ast-hfb-below-header-display":"","ast-hfb-mobile-header-display":"","site-post-title":"","ast-breadcrumbs-content":"","ast-featured-img":"","footer-sml-layout":"","ast-disable-related-posts":"","theme-transparent-header-meta":"default","adv-header-id-meta":"","stick-header-meta":"default","header-above-stick-meta":"","header-main-stick-meta":"","header-below-stick-meta":"","astra-migrate-meta-layouts":"set","ast-page-background-enabled":"default","ast-page-background-meta":{"desktop":{"background-color":"","background-image":"","background-repeat":"repeat","background-position":"center center","background-size":"auto","background-attachment":"scroll","background-type":"","background-media":"","overlay-type":"","overlay-color":"","overlay-opacity":"","overlay-gradient":""},"tablet":{"background-color":"","background-image":"","background-repeat":"repeat","background-position":"center center","background-size":"auto","background-attachment":"scroll","background-type":"","background-media":"","overlay-type":"","overlay-color":"","overlay-opacity":"","overlay-gradient":""},"mobile":{"background-color":"","background-image":"","background-repeat":"repeat","background-position":"center center","background-size":"auto","background-attachment":"scroll","background-type":"","background-media":"","overlay-type":"","overlay-color":"","overlay-opacity":"","overlay-gradient":""}},"ast-content-background-meta":{"desktop":{"background-color":"var(--ast-global-color-5)","background-image":"","background-repeat":"repeat","background-position":"center center","background-size":"auto","background-attachment":"scroll","background-type":"","background-media":"","overlay-type":"","overlay-color":"","overlay-opacity":"","overlay-gradient":""},"tablet":{"background-color":"var(--ast-global-color-5)","background-image":"","background-repeat":"repeat","background-position":"center center","background-size":"auto","background-attachment":"scroll","background-type":"","background-media":"","overlay-type":"","overlay-color":"","overlay-opacity":"","overlay-gradient":""},"mobile":{"background-color":"var(--ast-global-color-5)","background-image":"","background-repeat":"repeat","background-position":"center center","background-size":"auto","background-attachment":"scroll","background-type":"","background-media":"","overlay-type":"","overlay-color":"","overlay-opacity":"","overlay-gradient":""}}},"product_brand":[],"product_cat":[65,76,77,79,80],"product_tag":[662,492,686,684,139,679,198,685,491,654,500],"class_list":{"0":"post-9272","1":"product","2":"type-product","3":"status-publish","4":"has-post-thumbnail","6":"product_cat-best-sellers","7":"product_cat-new-arrivels","8":"product_cat-wholesale-womens-shapewear","9":"product_cat-wholesale-seemless-shaperwear","10":"product_cat-wholesale-butt-lift-underwear","11":"product_tag-abdominal","12":"product_tag-breathable","13":"product_tag-butt-lifter","14":"product_tag-gym-short","15":"product_tag-high-waist","16":"product_tag-hip-lifter","17":"product_tag-hourglass","18":"product_tag-jumpshort","19":"product_tag-seamless","20":"product_tag-tight","21":"product_tag-tummy-control","22":"pa_color-beige","23":"pa_color-black","24":"pa_color-brown","25":"pa_size-3xl","26":"pa_size-4xl","27":"pa_size-l","28":"pa_size-m","29":"pa_size-s","30":"pa_size-xl","31":"pa_size-xxl","32":"desktop-align-center","33":"tablet-align-left","34":"mobile-align-left","35":"ast-product-gallery-layout-horizontal-slider","36":"ast-product-single-variable","37":"ast-product-tabs-layout-horizontal","38":"ast-qv-on-image","40":"first","41":"instock","42":"shipping-taxable","43":"purchasable","44":"product-type-variable"},"tiered_pricing_type":"fixed","tiered_pricing_fixed_rules":{"5":3.7,"50":3.3,"100":2.9},"tiered_pricing_product_settings":{"layout":"default","base_unit_name":{"singular":null,"plural":null},"default_variation":null},"tiered_pricing_minimum_quantity":null,"tiered_pricing_roles_data":[],"tiered_pricing_percentage_rules":[],"_links":{"self":[{"href":"https:\/\/yume-silm.com\/es\/wp-json\/wp\/v2\/product\/9272","targetHints":{"allow":["GET"]}}],"collection":[{"href":"https:\/\/yume-silm.com\/es\/wp-json\/wp\/v2\/product"}],"about":[{"href":"https:\/\/yume-silm.com\/es\/wp-json\/wp\/v2\/types\/product"}],"replies":[{"embeddable":true,"href":"https:\/\/yume-silm.com\/es\/wp-json\/wp\/v2\/comments?post=9272"}],"wp:featuredmedia":[{"embeddable":true,"href":"https:\/\/yume-silm.com\/es\/wp-json\/wp\/v2\/media\/9273"}],"wp:attachment":[{"href":"https:\/\/yume-silm.com\/es\/wp-json\/wp\/v2\/media?parent=9272"}],"wp:term":[{"taxonomy":"product_brand","embeddable":true,"href":"https:\/\/yume-silm.com\/es\/wp-json\/wp\/v2\/product_brand?post=9272"},{"taxonomy":"product_cat","embeddable":true,"href":"https:\/\/yume-silm.com\/es\/wp-json\/wp\/v2\/product_cat?post=9272"},{"taxonomy":"product_tag","embeddable":true,"href":"https:\/\/yume-silm.com\/es\/wp-json\/wp\/v2\/product_tag?post=9272"}],"curies":[{"name":"wp","href":"https:\/\/api.w.org\/{rel}","templated":true}]}}