{"id":9390,"date":"2024-07-13T07:16:20","date_gmt":"2024-07-13T07:16:20","guid":{"rendered":"https:\/\/yume-silm.com\/?post_type=product&#038;p=9390"},"modified":"2025-05-26T00:44:06","modified_gmt":"2025-05-26T00:44:06","slug":"fajas-de-cintura-alta-para-adelgazar-y-levantar-cadera","status":"publish","type":"product","link":"https:\/\/yume-silm.com\/es\/producto-2\/fajas-de-cintura-alta-para-adelgazar-y-levantar-cadera\/","title":{"rendered":"Fajas de cintura alta para mujer, fajas adelgazantes y levantadoras de cadera"},"content":{"rendered":"<div data-slate-node=\"element\">\n<h5>Caracteristicas de dise\u00f1o<\/h5>\n<\/div>\n<ul>\n<li data-slate-node=\"element\"><strong>SHORT LEVANTAMIENTO DE Gl\u00fateos Transpirable<\/strong>: Fajas de cintura alta para adelgazar y levantar la cadera. La faja moldeadora es altamente compresiva para evitar que el cuerpo se hinche debajo de cualquier ropa y est\u00e1 hecha de tela suave y transpirable que se adapta mejor a la piel para usarla durante todo el d\u00eda.<\/li>\n<li data-slate-node=\"element\"><strong>DISE\u00d1O \u00daNICO DE LEVANTAMIENTO DE CADERA<\/strong>: Las fajas de cintura alta adelgazantes y el moldeador de cuerpo para levantar la cadera pueden apretar el abdomen, levantar instant\u00e1neamente las nalgas, la red suave para levantar la cadera se usa para ser liviana y transpirable y levantar las nalgas, haciendo que sus caderas se vean m\u00e1s sexys y regordetas.<\/li>\n<li data-slate-node=\"element\"><strong>PERDER PESO POR GRASA<\/strong>: La resistente tela de malla se extiende por todo el cuerpo, suavizando y dando forma a los muslos, delineando las curvas y haciendo que tu espalda luzca suave y sexy.<\/li>\n<li data-slate-node=\"element\"><strong>OCASI\u00d3N<\/strong>: Esta braga acolchada sin costuras se puede ocultar debajo de cualquier ropa de mujer, los pantalones cortos de cintura alta son como ropa interior de cuerpo completo, estos pantalones cortos que esculpen el cuerpo son adecuados para cualquier ocasi\u00f3n, puedes usarlos en fiestas, citas, trabajo, compras, etc. , para que todos puedan notar tu atractiva figura.<\/li>\n<\/ul>\n<p><a href=\"https:\/\/yume-silm.com\/wp-content\/uploads\/2024\/07\/womens-breathable-high-waist-fajas-slimming-and-hip-lift-shapewear-side-show.jpg\"><img fetchpriority=\"high\" decoding=\"async\" class=\"alignnone wp-image-9356 size-medium\" src=\"https:\/\/yume-silm.com\/wp-content\/uploads\/2024\/07\/womens-breathable-high-waist-fajas-slimming-and-hip-lift-shapewear-side-show-300x300.jpg\" alt=\"Fajas de cintura alta para mujer que adelgazan y levantan la cadera.\" width=\"300\" height=\"300\" title=\"\" srcset=\"https:\/\/yume-silm.com\/wp-content\/uploads\/2024\/07\/womens-breathable-high-waist-fajas-slimming-and-hip-lift-shapewear-side-show-300x300.jpg 300w, https:\/\/yume-silm.com\/wp-content\/uploads\/2024\/07\/womens-breathable-high-waist-fajas-slimming-and-hip-lift-shapewear-side-show-150x150.jpg 150w, https:\/\/yume-silm.com\/wp-content\/uploads\/2024\/07\/womens-breathable-high-waist-fajas-slimming-and-hip-lift-shapewear-side-show-768x768.jpg 768w, https:\/\/yume-silm.com\/wp-content\/uploads\/2024\/07\/womens-breathable-high-waist-fajas-slimming-and-hip-lift-shapewear-side-show-12x12.jpg 12w, https:\/\/yume-silm.com\/wp-content\/uploads\/2024\/07\/womens-breathable-high-waist-fajas-slimming-and-hip-lift-shapewear-side-show-100x100.jpg 100w, https:\/\/yume-silm.com\/wp-content\/uploads\/2024\/07\/womens-breathable-high-waist-fajas-slimming-and-hip-lift-shapewear-side-show.jpg 800w\" sizes=\"(max-width: 300px) 100vw, 300px\" \/><\/a><a href=\"https:\/\/yume-silm.com\/wp-content\/uploads\/2024\/07\/womens-breathable-high-waist-fajas-slimming-and-hip-lift-shapewear-show.jpg\"><img decoding=\"async\" class=\"alignnone wp-image-9355 size-medium\" src=\"https:\/\/yume-silm.com\/wp-content\/uploads\/2024\/07\/womens-breathable-high-waist-fajas-slimming-and-hip-lift-shapewear-show-300x300.jpg\" alt=\"Fajas de cintura alta para mujer que adelgazan y levantan la cadera.\" width=\"300\" height=\"300\" title=\"\" srcset=\"https:\/\/yume-silm.com\/wp-content\/uploads\/2024\/07\/womens-breathable-high-waist-fajas-slimming-and-hip-lift-shapewear-show-300x300.jpg 300w, https:\/\/yume-silm.com\/wp-content\/uploads\/2024\/07\/womens-breathable-high-waist-fajas-slimming-and-hip-lift-shapewear-show-150x150.jpg 150w, https:\/\/yume-silm.com\/wp-content\/uploads\/2024\/07\/womens-breathable-high-waist-fajas-slimming-and-hip-lift-shapewear-show-768x768.jpg 768w, https:\/\/yume-silm.com\/wp-content\/uploads\/2024\/07\/womens-breathable-high-waist-fajas-slimming-and-hip-lift-shapewear-show-12x12.jpg 12w, https:\/\/yume-silm.com\/wp-content\/uploads\/2024\/07\/womens-breathable-high-waist-fajas-slimming-and-hip-lift-shapewear-show-100x100.jpg 100w, https:\/\/yume-silm.com\/wp-content\/uploads\/2024\/07\/womens-breathable-high-waist-fajas-slimming-and-hip-lift-shapewear-show.jpg 800w\" sizes=\"(max-width: 300px) 100vw, 300px\" \/><\/a><\/p>\n<h6 data-slate-node=\"element\"><em><span class=\"\" data-slate-node=\"text\">Body adelgazante con control de barriga para mujer<\/span><\/em><\/h6>\n<ul>\n<li data-slate-node=\"element\" data-slate-fragment=\"JTVCJTdCJTIydHlwZSUyMiUzQSUyMnBhcmFncmFwaCUyMiUyQyUyMmNoaWxkcmVuJTIyJTNBJTVCJTdCJTIydGV4dCUyMiUzQSUyMkJyZWF0aGFibGUlMjBoaXAtbGlmdGluZyUyMHBhbnRpZXMlM0ElMjBoaWdoLWVsYXN0aWNpdHklMjBzZWUtdGhyb3VnaCUyMG1lc2glMjBiZWxseSUyMHBhbnRpZXMlMkMlMjBoaWdoJTIwY29tcHJlc3Npb24lMjBtYWtlcyUyMHlvdXIlMjBib2R5JTIwbm90JTIwYmxvYXRlZCUyMHVuZGVyJTIwYW55JTIwY2xvdGhlcyUyQyUyMG1hZGUlMjBvZiUyMGJyZWF0aGFibGUlMjBzbW9vdGglMjBmYWJyaWMlMkMlMjB3aGljaCUyMGZpdHMlMjB5b3VyJTIwc2tpbiUyMGJldHRlciUyMGFuZCUyMGNhbiUyMGJlJTIwd29ybiUyMGFsbCUyMGRheS4lMjIlMkMlMjJzZW50ZW5jZSUyMiUzQTAlMkMlMjJjaGlsZFNlbnRlbmNlJTIyJTNBMCU3RCU1RCU3RCUyQyU3QiUyMnR5cGUlMjIlM0ElMjJwYXJhZ3JhcGglMjIlMkMlMjJjaGlsZHJlbiUyMiUzQSU1QiU3QiUyMnRleHQlMjIlM0ElMjJVbmlxdWUlMjBoaXAlMjBsaWZ0JTIwZGVzaWduJTNBJTIwaGlwJTIwbGlmdCUyMHNoYXBld2VhciUyMGNhbiUyMHRpZ2h0ZW4lMjB0aGUlMjBhYmRvbWVuJTJDJTIwaW5zdGFudGx5JTIwbGlmdCUyMHRoZSUyMGJ1dHRvY2tzJTJDJTIwc29mdCUyMGhpcCUyMGxpZnQlMjBuZXQlMjB1c2VzJTIwaXRzZWxmJTIwdG8lMjBiZSUyMGxpZ2h0JTIwYW5kJTIwYnJlYXRoYWJsZSUyMGFuZCUyMGxpZnQlMjB0aGUlMjBidXR0b2NrcyUyQyUyMG1ha2luZyUyMHlvdXIlMjBidXR0b2NrcyUyMGxvb2slMjBtb3JlJTIwc2V4eSUyMGFuZCUyMHBsdW1wLiUyMiUyQyUyMnNlbnRlbmNlJTIyJTNBMSUyQyUyMmNoaWxkU2VudGVuY2UlMjIlM0ExJTdEJTVEJTdEJTJDJTdCJTIydHlwZSUyMiUzQSUyMnBhcmFncmFwaCUyMiUyQyUyMmNoaWxkcmVuJTIyJTNBJTVCJTdCJTIydGV4dCUyMiUzQSUyMlBvc3R1cmUlMjBjb3JyZWN0aW9uJTNBJTIwVGhlJTIwaGlnaCUyMHdhaXN0JTIwZGVzaWduJTIwaW5jcmVhc2VzJTIwdGhlJTIwY29tcHJlc3Npb24lMjBvZiUyMHRoZSUyMHdhaXN0JTJDJTIwc3RyYWlnaHRlbnMlMjB0aGUlMjBiYWNrJTIwdG8lMjBjb3JyZWN0JTIwdGhlJTIwaHVuY2hiYWNrJTIwYW5kJTIwcG9yZXMlMkMlMjB0aWdodGVucyUyMHRoZSUyMHdhaXN0JTIwYW5kJTIwYWJkb21lbiUyQyUyMGFuZCUyMHNoYXBlcyUyMHRoZSUyMHNleHklMjBjdXJ2ZS4lMjIlMkMlMjJzZW50ZW5jZSUyMiUzQTIlMkMlMjJjaGlsZFNlbnRlbmNlJTIyJTNBMSU3RCU1RCU3RCUyQyU3QiUyMnR5cGUlMjIlM0ElMjJwYXJhZ3JhcGglMjIlMkMlMjJjaGlsZHJlbiUyMiUzQSU1QiU3QiUyMnRleHQlMjIlM0ElMjJPY2Nhc2lvbiUzQSUyMFRoaXMlMjBzZWFtbGVzcyUyMHBhZGRlZCUyMHBhbnR5JTIwY2FuJTIwYmUlMjBoaWRkZW4lMjB1bmRlciUyMGFueSUyMHdvbWVuJ3MlMjBjbG90aGluZyUyQyUyMGhpZ2gtd2Fpc3RlZCUyMHNob3J0cyUyMGFyZSUyMGxpa2UlMjBmdWxsLWJvZHklMjB1bmRlcndlYXIlMkMlMjB0aGVzZSUyMGJvZHktc2N1bHB0aW5nJTIwc2hvcnRzJTIwYXJlJTIwc3VpdGFibGUlMjBmb3IlMjBhbnklMjBvY2Nhc2lvbiUyQyUyMHlvdSUyMGNhbiUyMHdlYXIlMjB0aGVtJTIwdG8lMjBwYXJ0aWVzJTJDJTIwZGF0ZXMlMkMlMjB3b3JrJTJDJTIwc2hvcHBpbmclMkMlMjBldGMuJTJDJTIwc28lMjB0aGF0JTIwZXZlcnlvbmUlMjBjYW4lMjBub3RpY2UlMjB5b3VyJTIwYXR0cmFjdGl2ZSUyMGZpZ3VyZS4lMjIlMkMlMjJzZW50ZW5jZSUyMiUzQTMlMkMlMjJjaGlsZFNlbnRlbmNlJTIyJTNBMSU3RCU1RCU3RCUyQyU3QiUyMnR5cGUlMjIlM0ElMjJwYXJhZ3JhcGglMjIlMkMlMjJjaGlsZHJlbiUyMiUzQSU1QiU3QiUyMnRleHQlMjIlM0ElMjJXb21lbidzJTIwU2xpbW1pbmclMjBCZWxseSUyMENvbnRyb2wlMjBTaGFwZXdlYXIlMjIlMkMlMjJzZW50ZW5jZSUyMiUzQTQlMkMlMjJjaGlsZFNlbnRlbmNlJTIyJTNBMSU3RCU1RCU3RCUyQyU3QiUyMnR5cGUlMjIlM0ElMjJwYXJhZ3JhcGglMjIlMkMlMjJjaGlsZHJlbiUyMiUzQSU1QiU3QiUyMnRleHQlMjIlM0ElMjJVc2luZyUyMGVsYXN0aWMlMjBkb3VibGUlMjBmYWJyaWMlMjBjb21wcmVzc2lvbiUyMGFuZCUyMGhpZ2glMjB3YWlzdCUyMGRlc2lnbiUyQyUyMGl0JTIwaXMlMjB1c2VkJTIwdG8lMjBjb21wcmVzcyUyMGFiZG9taW5hbCUyMGFuZCUyMHdhaXN0JTIwZmF0JTJDJTIwc28lMjBhcyUyMHRvJTIwYWNoaWV2ZSUyMHNsaW1taW5nJTIwZWZmZWN0JTIwYW5kJTIwYmV0dGVyJTIwc2hhcGUlMjB0aGUlMjBwZXJmZWN0JTIwZmlndXJlJTIwY3VydmUuJTIyJTJDJTIyc2VudGVuY2UlMjIlM0E1JTJDJTIyY2hpbGRTZW50ZW5jZSUyMiUzQTElN0QlNUQlN0QlNUQ=\"><span class=\"\" data-slate-node=\"text\"><span data-slate-leaf=\"true\">Utilizando compresi\u00f3n el\u00e1stica de doble tejido y dise\u00f1o de cintura alta, se utiliza para comprimir la grasa abdominal y de la cintura, a fin de lograr un efecto adelgazante y moldear mejor la curva perfecta de la figura.<\/span><\/span><\/li>\n<\/ul>","protected":false},"excerpt":{"rendered":"<p>La faja adelgazante de cintura alta adopta un dise\u00f1o de cintura alta y doble compresi\u00f3n, que puede aplanar tu vientre bajo un control moderado, la tela suave y transpirable se adapta mejor a la piel, y el dise\u00f1o \u00fanico de levantamiento de gl\u00fateos puede crear curvas sexys y encantadoras para ti.<\/p>","protected":false},"featured_media":9357,"comment_status":"open","ping_status":"closed","template":"","meta":{"site-sidebar-layout":"default","site-content-layout":"","ast-site-content-layout":"default","site-content-style":"default","site-sidebar-style":"default","ast-global-header-display":"","ast-banner-title-visibility":"","ast-main-header-display":"","ast-hfb-above-header-display":"","ast-hfb-below-header-display":"","ast-hfb-mobile-header-display":"","site-post-title":"","ast-breadcrumbs-content":"","ast-featured-img":"","footer-sml-layout":"","ast-disable-related-posts":"","theme-transparent-header-meta":"default","adv-header-id-meta":"","stick-header-meta":"default","header-above-stick-meta":"","header-main-stick-meta":"","header-below-stick-meta":"","astra-migrate-meta-layouts":"set","ast-page-background-enabled":"default","ast-page-background-meta":{"desktop":{"background-color":"","background-image":"","background-repeat":"repeat","background-position":"center center","background-size":"auto","background-attachment":"scroll","background-type":"","background-media":"","overlay-type":"","overlay-color":"","overlay-opacity":"","overlay-gradient":""},"tablet":{"background-color":"","background-image":"","background-repeat":"repeat","background-position":"center center","background-size":"auto","background-attachment":"scroll","background-type":"","background-media":"","overlay-type":"","overlay-color":"","overlay-opacity":"","overlay-gradient":""},"mobile":{"background-color":"","background-image":"","background-repeat":"repeat","background-position":"center center","background-size":"auto","background-attachment":"scroll","background-type":"","background-media":"","overlay-type":"","overlay-color":"","overlay-opacity":"","overlay-gradient":""}},"ast-content-background-meta":{"desktop":{"background-color":"var(--ast-global-color-5)","background-image":"","background-repeat":"repeat","background-position":"center center","background-size":"auto","background-attachment":"scroll","background-type":"","background-media":"","overlay-type":"","overlay-color":"","overlay-opacity":"","overlay-gradient":""},"tablet":{"background-color":"var(--ast-global-color-5)","background-image":"","background-repeat":"repeat","background-position":"center center","background-size":"auto","background-attachment":"scroll","background-type":"","background-media":"","overlay-type":"","overlay-color":"","overlay-opacity":"","overlay-gradient":""},"mobile":{"background-color":"var(--ast-global-color-5)","background-image":"","background-repeat":"repeat","background-position":"center center","background-size":"auto","background-attachment":"scroll","background-type":"","background-media":"","overlay-type":"","overlay-color":"","overlay-opacity":"","overlay-gradient":""}}},"product_brand":[],"product_cat":[65,76,77,79,80],"product_tag":[662,419,492,675,489,695,139,659,415,491,145,694,416,535,660,500],"class_list":{"0":"post-9390","1":"product","2":"type-product","3":"status-publish","4":"has-post-thumbnail","6":"product_cat-best-sellers","7":"product_cat-new-arrivels","8":"product_cat-wholesale-womens-shapewear","9":"product_cat-wholesale-seemless-shaperwear","10":"product_cat-wholesale-butt-lift-underwear","11":"product_tag-abdominal","12":"product_tag-bodysuit","13":"product_tag-breathable","14":"product_tag-charming","15":"product_tag-compression","16":"product_tag-fajas","17":"product_tag-high-waist","18":"product_tag-hip-lift","19":"product_tag-lose-weight","20":"product_tag-seamless","21":"product_tag-sexy","22":"product_tag-shaper","23":"product_tag-shapewear","24":"product_tag-slimming","25":"product_tag-smooth","26":"product_tag-tummy-control","27":"pa_color-beige","28":"pa_color-black","29":"pa_size-l","30":"pa_size-m","31":"pa_size-xl","32":"pa_size-xxl","33":"desktop-align-center","34":"tablet-align-left","35":"mobile-align-left","36":"ast-product-gallery-layout-horizontal-slider","37":"ast-product-single-variable","38":"ast-product-tabs-layout-horizontal","39":"ast-qv-on-image","41":"first","42":"instock","43":"shipping-taxable","44":"purchasable","45":"product-type-variable"},"tiered_pricing_type":"fixed","tiered_pricing_fixed_rules":{"5":9.99,"50":8.88,"100":7.77},"tiered_pricing_product_settings":{"layout":"default","base_unit_name":{"singular":null,"plural":null},"default_variation":null},"tiered_pricing_minimum_quantity":null,"tiered_pricing_roles_data":[],"tiered_pricing_percentage_rules":[],"_links":{"self":[{"href":"https:\/\/yume-silm.com\/es\/wp-json\/wp\/v2\/product\/9390","targetHints":{"allow":["GET"]}}],"collection":[{"href":"https:\/\/yume-silm.com\/es\/wp-json\/wp\/v2\/product"}],"about":[{"href":"https:\/\/yume-silm.com\/es\/wp-json\/wp\/v2\/types\/product"}],"replies":[{"embeddable":true,"href":"https:\/\/yume-silm.com\/es\/wp-json\/wp\/v2\/comments?post=9390"}],"wp:featuredmedia":[{"embeddable":true,"href":"https:\/\/yume-silm.com\/es\/wp-json\/wp\/v2\/media\/9357"}],"wp:attachment":[{"href":"https:\/\/yume-silm.com\/es\/wp-json\/wp\/v2\/media?parent=9390"}],"wp:term":[{"taxonomy":"product_brand","embeddable":true,"href":"https:\/\/yume-silm.com\/es\/wp-json\/wp\/v2\/product_brand?post=9390"},{"taxonomy":"product_cat","embeddable":true,"href":"https:\/\/yume-silm.com\/es\/wp-json\/wp\/v2\/product_cat?post=9390"},{"taxonomy":"product_tag","embeddable":true,"href":"https:\/\/yume-silm.com\/es\/wp-json\/wp\/v2\/product_tag?post=9390"}],"curies":[{"name":"wp","href":"https:\/\/api.w.org\/{rel}","templated":true}]}}